{"id":25961,"date":"2021-11-02T10:53:23","date_gmt":"2021-11-02T10:53:23","guid":{"rendered":"https:\/\/cosyowl.com\/?post_type=product&#038;p=25961"},"modified":"2026-03-03T13:45:30","modified_gmt":"2026-03-03T13:45:30","slug":"kit-para-fundir-cera-de-incienso-y-mirra","status":"publish","type":"product","link":"https:\/\/cosyowl.com\/es\/craft-kits\/wax-melt-making-kits\/frankincense-and-myrrh-wax-melting-kit","title":{"rendered":"Kit para derretir cera de incienso y mirra"},"content":{"rendered":"<p data-start=\"112\" data-end=\"469\">Entra en el mundo de la creatividad <a href=\"https:\/\/cosyowl.com\/es\/guides\/making-a-reed-diffuser\">fragancia para el hogar<\/a> con nuestro <strong data-start=\"247\" data-end=\"284\">Incienso y mirra <a href=\"https:\/\/cosyowl.com\/es\/craft-kits\/wax-melt-making-kits\/lavender-wax-melt-making-kit\">Kit de fusi\u00f3n de cera<\/a><\/strong>. Tanto si es su primera vez como si es un entusiasta de las ceras fundidas, este kit incluye todo lo que necesita para hacer ceras fundidas con formas bonitas, ricas en fragancias y con un toque de <a href=\"https:\/\/cosyowl.com\/es\/craft-supplies\/wax-melt-supplies\/mica-powder-glitter\/light-copper-biodegradable-candle-glitter\">resplandeciente<\/a> de lujo. En <a href=\"https:\/\/cosyowl.com\/es\/craft-kits\/candle-making-kits\/soy-wax-mulled-wine-christmas-candle-making-kit\">caliente<\/a>, <a href=\"https:\/\/cosyowl.com\/es\/candle-making-supplies\/essential-oils\/frankincense-essential-oil\">resinoso<\/a> La fragancia de incienso y mirra combina a la perfecci\u00f3n con un suave color crema y un brillo de mica bronceada. <a href=\"https:\/\/cosyowl.com\/es\/candle-making-kits\/soy-wax-christmas-spice-candle-making-kit\">festivo<\/a> proyectos, regalos o simplemente darse un capricho.<\/p>\n<p><strong>Qu\u00e9 contiene su kit de fusi\u00f3n de cera:<\/strong><\/p>\n<ul>\n<li data-start=\"692\" data-end=\"796\"><span style=\"color: #050000\"><a style=\"color: #050000\" href=\"https:\/\/cosyowl.com\/es\/suministros-para-la-fabricacion-de-velas\/aceites-aromaticos-para-la-fabricacion-de-velas\/aceite-con-fragancia-de-incienso-y-mirra\/?wmc-currency=EUR\">50 ml<span style=\"color: #ff6600\"><strong data-start=\"692\" data-end=\"735\"> Aceite con fragancia de incienso y mirra<\/strong><\/span> - Una mezcla profunda y arom\u00e1tica de especias c\u00e1lidas y notas resinosas<\/a><\/span><\/li>\n<li data-start=\"799\" data-end=\"889\"><span style=\"color: #050000\"><a style=\"color: #050000\" href=\"https:\/\/cosyowl.com\/es\/suministros-para-la-fabricacion-de-velas\/purpurina-en-polvo-de-mica\/polvo-de-mica-bronce-flash\/?wmc-currency=EUR\">25g <span style=\"color: #ff6600\"><strong data-start=\"799\" data-end=\"831\">Polvo de mica Flash Bronze<\/strong> <\/span>- A\u00f1ade un acabado lujoso y brillante a tus ceras fundidas<\/a><\/span><\/li>\n<li data-start=\"892\" data-end=\"984\"><span style=\"color: #050000\"><a style=\"color: #050000\" href=\"https:\/\/cosyowl.com\/es\/tintes-para-velas\/bekro-227-crema-tinte-vela\/?wmc-currency=EUR\">3g <span style=\"color: #ff6600\"><strong data-start=\"892\" data-end=\"914\">Tinte en crema Bekro<\/strong><\/span> - Ofrece un color crema suave y elegante que complementa el rico aroma<\/a><\/span><\/li>\n<li data-start=\"883\" data-end=\"942\"><span style=\"color: #080000\"><a style=\"color: #080000\" href=\"https:\/\/cosyowl.com\/es\/materiales-de-artesania\/materiales-para-fundir-cera\/cera-para-fundir\/ceras-naturales-cera-meltpillar-soyaluna\/?wmc-currency=EUR\">350g - <span style=\"color: #ff6600\"><strong data-start=\"883\" data-end=\"902\">Cera de pilares<\/strong><\/span> - Cera de primera calidad perfecta para moldes<\/a><\/span><\/li>\n<li data-start=\"945\" data-end=\"1023\"><span style=\"color: #080000\"><a style=\"color: #080000\" href=\"https:\/\/cosyowl.com\/es\/cera-fundida\/moldes\/?wmc-currency=EUR\">4<span style=\"color: #ff6600\"><strong> Moldes<\/strong><\/span> - 1x Almeja, 1x Almeja Coraz\u00f3n, 1x Almeja Estrella, 1x Olla Deli<\/a><\/span><\/li>\n<li data-start=\"1026\" data-end=\"1112\"><span style=\"color: #080000\"><a style=\"color: #080000\" href=\"https:\/\/cosyowl.com\/es\/guias\/guia-para-principiantes\/?wmc-currency=EUR\"><span style=\"color: #ff6600\"><strong data-start=\"1026\" data-end=\"1060\">Gu\u00eda de instrucciones paso a paso<\/strong><\/span> - Instrucciones f\u00e1ciles de seguir para crear sus fundidos<\/a><\/span><\/li>\n<\/ul>\n<p>Nuestra <span style=\"color: #050000\"><a style=\"color: #050000\" href=\"https:\/\/cosyowl.com\/es\/suministros-para-la-fabricacion-de-velas\/aceites-aromaticos-para-la-fabricacion-de-velas\/aceite-con-fragancia-de-incienso-y-mirra\/?wmc-currency=EUR\"><span style=\"color: #ff6600\"><strong data-start=\"692\" data-end=\"735\">Aceite con fragancia de incienso y mirra<\/strong><\/span><\/a><\/span>\u00a0proporciona un acorde de fantas\u00eda oriental con notas de salida de\u00a0<strong>c\u00e1scaras de c\u00edtricos, eucalipto, enebro y lavanda<\/strong>\u00a0que conduce a un <a href=\"https:\/\/cosyowl.com\/es\/fragrance-oils\/nutcracker\">picante<\/a> coraz\u00f3n de\u00a0<strong>canela y clavo<\/strong>redondeado por el lirio con notas de fondo orientales de\u00a0<strong>\u00e1mbar c\u00e1lido, s\u00e1ndalo, cedro, pachul\u00ed, almizcle y vainilla.<\/strong><\/p>\n<p>Nos enorgullecemos de ofrecer <a href=\"https:\/\/cosyowl.com\/es\/candle-wicks\/wedo-lx-wick-raw\">calidad<\/a> ingredientes disponibles en el mercado para <a href=\"https:\/\/cosyowl.com\/es\/guides\/sandalwood-vanilla-leaf-wax-melts-guide\">Cera fundida<\/a> en casa. Nuestros kits son perfectos tanto para los que acaban de empezar como para los que ya dominan la t\u00e9cnica, as\u00ed que coge tu delantal y manos a la obra.<\/p>\n<p>&nbsp;<\/p>\n<h3 data-start=\"2493\" data-end=\"2542\">Recursos \u00fatiles para fabricar velas con \u00e9xito<\/h3>\n<ul>\n<li><strong><span style=\"color: #ff6600\"><a style=\"color: #ff6600\" href=\"https:\/\/cosyowl.com\/es\/guias\/guia-para-principiantes\/?wmc-currency=EUR\">Gu\u00eda para principiantes sobre la fabricaci\u00f3n de ceras fundidas<\/a><\/span><br \/>\n<\/strong><\/li>\n<li><span style=\"color: #ff6600\"><strong><a style=\"color: #ff6600\" href=\"https:\/\/cosyowl.com\/es\/guias\/guia-de-uso-de-la-cera-colorante-bekro\/?wmc-currency=EUR\">Gu\u00eda de uso de los tintes de cera Bekro<\/a><\/strong><\/span><\/li>\n<li><strong><span style=\"color: #ff6600\"><a style=\"color: #ff6600\" href=\"https:\/\/cosyowl.com\/es\/guias\/las-6-preguntas-mas-frecuentes-sobre-la-fabricacion-de-cera-fundida\/?wmc-currency=EUR\">Las 6 preguntas m\u00e1s frecuentes - Edici\u00f3n sobre la fabricaci\u00f3n de ceras fundidas<\/a><\/span><\/strong><\/li>\n<li><strong><span style=\"color: #ff6600\"><a style=\"color: #ff6600\" href=\"https:\/\/cosyowl.com\/es\/guias\/como-hacer-cera-fundida-en-casa\/?wmc-currency=EUR\">C\u00f3mo hacer cera fundida en casa<\/a><\/span><\/strong><\/li>\n<li><strong><span style=\"color: #ff6600\"><a style=\"color: #ff6600\" href=\"https:\/\/cosyowl.com\/es\/guias\/?wmc-currency=EUR\">Gu\u00edas y recetas<\/a><\/span><\/strong><\/li>\n<\/ul>","protected":false},"excerpt":{"rendered":"<p>Step into the world of creative home fragrance with our Frankincense &amp; Myrrh Wax Melt Kit. Whether you&#8217;re a first-time crafter or a wax melt enthusiast, this kit includes everything you need to make beautifully shaped, richly scented melts with a touch of shimmering luxury.\u00a0The warm, resinous scent of frankincense and myrrh pairs perfectly with [&hellip;]<\/p>\n","protected":false},"featured_media":53813,"comment_status":"open","ping_status":"closed","template":"","meta":{"_acf_changed":false},"product_brand":[],"product_cat":[655,653,727],"product_tag":[927],"class_list":{"0":"post-25961","1":"product","2":"type-product","3":"status-publish","4":"has-post-thumbnail","6":"product_cat-wax-melt-making-kits","7":"product_cat-craft-kits","8":"product_cat-wax-melt-making-kits-wax-melts","9":"product_tag-wax-melt-making-kit","10":"product_shipping_class-royal_mail_kits","12":"first","13":"instock","14":"taxable","15":"shipping-taxable","16":"purchasable","17":"product-type-simple"},"acf":[],"_links":{"self":[{"href":"https:\/\/cosyowl.com\/es\/wp-json\/wp\/v2\/product\/25961","targetHints":{"allow":["GET"]}}],"collection":[{"href":"https:\/\/cosyowl.com\/es\/wp-json\/wp\/v2\/product"}],"about":[{"href":"https:\/\/cosyowl.com\/es\/wp-json\/wp\/v2\/types\/product"}],"replies":[{"embeddable":true,"href":"https:\/\/cosyowl.com\/es\/wp-json\/wp\/v2\/comments?post=25961"}],"wp:featuredmedia":[{"embeddable":true,"href":"https:\/\/cosyowl.com\/es\/wp-json\/wp\/v2\/media\/53813"}],"wp:attachment":[{"href":"https:\/\/cosyowl.com\/es\/wp-json\/wp\/v2\/media?parent=25961"}],"wp:term":[{"taxonomy":"product_brand","embeddable":true,"href":"https:\/\/cosyowl.com\/es\/wp-json\/wp\/v2\/product_brand?post=25961"},{"taxonomy":"product_cat","embeddable":true,"href":"https:\/\/cosyowl.com\/es\/wp-json\/wp\/v2\/product_cat?post=25961"},{"taxonomy":"product_tag","embeddable":true,"href":"https:\/\/cosyowl.com\/es\/wp-json\/wp\/v2\/product_tag?post=25961"}],"curies":[{"name":"wp","href":"https:\/\/api.w.org\/{rel}","templated":true}]}}