{"id":25944,"date":"2021-11-02T10:25:29","date_gmt":"2021-11-02T10:25:29","guid":{"rendered":"https:\/\/cosyowl.com\/?post_type=product&#038;p=25944"},"modified":"2026-04-28T17:23:15","modified_gmt":"2026-04-28T16:23:15","slug":"kit-de-fabricacion-de-difusores-de-salvia-y-sal-marina","status":"publish","type":"product","link":"https:\/\/cosyowl.com\/es\/craft-kits\/diffuser-making-kits\/sage-and-sea-salt-diffuser-making-kit","title":{"rendered":"Kit para hacer difusores de salvia y sal marina"},"content":{"rendered":"<p>\u00bfQuiere crear su propia fragancia para el hogar? Nuestra <strong data-start=\"305\" data-end=\"325\"><a href=\"https:\/\/cosyowl.com\/es\/guides\/making-a-reed-diffuser\">Difusor DIY<\/a> Kit<\/strong> es la soluci\u00f3n \"todo en uno\" perfecta tanto para principiantes como para artesanos experimentados. Con este completo set, podr\u00e1 hacer <strong data-start=\"444\" data-end=\"478\">tres hermosas <a href=\"https:\/\/cosyowl.com\/es\/guides\/a-beginners-guide-to-making-reed-diffusers\">difusores carrizo<\/a><\/strong> desde cero, en casa.<\/p>\n<h3>\u00bfQu\u00e9 contiene su kit de fabricaci\u00f3n de difusores?<\/h3>\n<ul>\n<li><span style=\"color: #080000\"><a href=\"https:\/\/cosyowl.com\/es\/candle-containers\/candle-tins\/rose-gold-round-candle-tin-with-welded-side-seam-100ml-single\">100 ml<\/a> <a style=\"color: #080000\" href=\"https:\/\/cosyowl.com\/es\/suministros-para-la-fabricacion-de-velas\/aceites-aromaticos-para-la-fabricacion-de-velas\/aceites-aromaticos-premium\/cosy-owl-premium-wood-sage-seasalt-aceite-con-fragancia\/?wmc-currency=EUR\"><strong>Aceite con fragancia de sal marina y salvia amaderada <\/strong><\/a>- Este <a href=\"https:\/\/cosyowl.com\/es\/fragrance-oils\/coffee\">arom\u00e1tico<\/a> y almizclada fragancia presenta un <a href=\"https:\/\/cosyowl.com\/es\/candle-making-supplies\/fragrance-oils-for-candle-making\/all-fragrances\/ocean-fragrance-oil\">marina<\/a> base con sutiles <a href=\"https:\/\/cosyowl.com\/es\/candle-making-supplies\/fragrance-oils-for-candle-making\/all-fragrances\/pink-grapefruit-fragrance-oil\">c\u00edtricos<\/a> notas de cabeza. Equilibrado con madera, sal, especias y dulzor, ofrece un aroma en capas que evoluciona maravillosamente con el tiempo.<\/span><\/li>\n<li><span style=\"color: #080000\">500g <a href=\"https:\/\/cosyowl.com\/es\/difusores-carrizo\/aceite-base-para-difusores-de-carrizo\/?wmc-currency=EUR\"><strong>Aceite base difusor m\u00faltiple limpio Augeo<\/strong><\/a> - Especialmente formulado para mezclarse con <a href=\"https:\/\/cosyowl.com\/es\/candle-making-supplies\/fragrance-oils-for-candle-making\/premium-fragrance-oils\/cosy-owl-premium-1-million-type-fragrance-oil\">aceite con fragancia<\/a> para garantizar una <a href=\"https:\/\/cosyowl.com\/es\/candle-making-supplies\/glitters\/pure-white-biodegradable\">limpiar<\/a>Aroma de larga duraci\u00f3n.<\/span><\/li>\n<li><span style=\"color: #080000\"><a href=\"https:\/\/cosyowl.com\/es\/candle-making-supplies\/candle-containers\/other-containers\/wax-melt-christmas-tree-mould-3\">3<\/a> Elegante <a href=\"https:\/\/cosyowl.com\/es\/craft-supplies\/reed-diffuser-supplies\/reed-diffuser-bottles\/14mm-clear-glass-marble-balls-for-diffuser-bottles\">Botellas difusoras<\/a>:\u00a0<strong><a style=\"color: #080000\" href=\"https:\/\/cosyowl.com\/es\/materiales-de-artesania\/suministros-para-difusores-de-carrizo\/frascos-difusores-de-carrizo\/recipiente-de-vidrio-100ml-cubo-difusor\/?wmc-currency=EUR\">Difusor en cubo de cristal de 100 ml<\/a>,<a style=\"color: #080000\" href=\"https:\/\/cosyowl.com\/es\/materiales-de-artesania\/suministros-para-difusores-de-carrizo\/frascos-difusores-de-carrizo\/recipiente-de-vidrio-200ml-botella-difusora-karen\/?wmc-currency=EUR\"> 2x <\/a><\/strong><strong><a style=\"color: #080000\" href=\"https:\/\/cosyowl.com\/es\/materiales-de-artesania\/suministros-para-difusores-de-carrizo\/frascos-difusores-de-carrizo\/recipiente-de-vidrio-200ml-botella-difusora-karen\/?wmc-currency=EUR\">Botellas de vidrio Karen de 100 ml<\/a><\/strong><\/span><\/li>\n<li data-start=\"975\" data-end=\"1019\"><span style=\"color: #080000\">3 <a style=\"color: #080000\" href=\"https:\/\/cosyowl.com\/es\/materiales-de-artesania\/suministros-para-difusores-de-carrizo\/frascos-difusores-de-carrizo\/tapa-difusora-de-concha-metalica-oro-brillante\/?wmc-currency=EUR\"><strong data-start=\"975\" data-end=\"1000\">Tapas de difusor met\u00e1licas<\/strong><\/a> (1 oro, 2 plata)<\/span><\/li>\n<li data-start=\"1022\" data-end=\"1064\"><span style=\"color: #080000\">30 <a style=\"color: #080000\" href=\"https:\/\/cosyowl.com\/es\/difusores-carrizo\/canas\/?wmc-currency=EUR\"><strong data-start=\"1022\" data-end=\"1043\">Juncos difusores<\/strong><\/a> (20 negros, 10 blancos)<\/span><\/li>\n<li data-start=\"1067\" data-end=\"1087\"><span style=\"color: #080000\">3 <a style=\"color: #080000\" href=\"https:\/\/cosyowl.com\/es\/materiales-de-artesania\/suministros-para-difusores-de-carrizo\/frascos-difusores-de-carrizo\/difusor-botella-tapon\/?wmc-currency=EUR\"><strong data-start=\"1067\" data-end=\"1087\">Tapones difusores<\/strong><\/a><\/span><\/li>\n<li data-start=\"1067\" data-end=\"1087\"><span style=\"color: #080000\"><a style=\"color: #080000\" href=\"https:\/\/cosyowl.com\/es\/guias\/guia-para-principiantes-sobre-la-fabricacion-de-difusores-de-carrizo\/?wmc-currency=EUR\"><strong data-start=\"1090\" data-end=\"1124\">Gu\u00eda de instrucciones paso a paso<\/strong><\/a><\/span><\/li>\n<\/ul>\n<p>Una fragancia arom\u00e1tica y almizclada inspirada en la famosa fragancia de Jo Malone.  Con la riqueza y profundidad que caracterizan a nuestra gama de fragancias premium, esta fragancia de base marina tiene toques c\u00edtricos y ofrece una excelente mezcla de madera, sal, especias y dulzura.  Sin ser abrumadora, pero con un verdadero poder de permanencia, esta fragancia realmente evoluciona y madura cuanto m\u00e1s tiempo est\u00e1 en el aire.<\/p>\n<p>Como uno de los\u00a0<a href=\"https:\/\/cosyowl.com\/es\/guias\/nuevas-fragancias-de-velas-cosy-owl-premium\/?wmc-currency=EUR\">B\u00faho Premium<\/a>\u00a0fragancias, estamos seguros de que est\u00e1 muy por encima de todo lo que existe actualmente en el mercado.\u00a0<a href=\"https:\/\/cosyowl.com\/es\/guides\/how-to-make-a-candle\">fabricaci\u00f3n de velas<\/a> actualmente en el mercado.  Hemos pasado meses trabajando con expertos del sector para desarrollar una nueva gama de fragancias con mayor fuerza, profundidad, redondez y proyecci\u00f3n de aroma.  Hemos utilizado los\u00a0<a href=\"https:\/\/cosyowl.com\/es\/candle-wicks\/wedo-lx-wick-raw\">calidad<\/a>\u00a0e ingredientes m\u00e1s caros, mezclas m\u00e1s complejas de ingredientes y una mezcla mucho m\u00e1s concentrada, lo que significa que ser\u00e1n fragancias mucho m\u00e1s fuertes y redondas.<\/p>\n<p>Nos enorgullecemos de ofrecer los ingredientes de mayor calidad disponibles en el mercado para hacer los difusores perfectos en casa. Nuestros kits son perfectos tanto para los que acaban de empezar como para los que ya dominan la t\u00e9cnica, as\u00ed que coge tu delantal y manos a la obra.<\/p>\n<p>&nbsp;<\/p>\n<h3 data-start=\"2493\" data-end=\"2542\">Recursos \u00fatiles para fabricar velas con \u00e9xito<\/h3>\n<ul>\n<li><a href=\"https:\/\/cosyowl.com\/es\/guias\/guia-para-principiantes-sobre-la-fabricacion-de-difusores-de-carrizo\/?wmc-currency=EUR\"><strong><span style=\"color: #ff6600\">Gu\u00eda para principiantes sobre la fabricaci\u00f3n de difusores de carrizo<\/span><\/strong><\/a><\/li>\n<li><a href=\"https:\/\/cosyowl.com\/es\/guias\/fabricacion-de-un-difusor-de-juncos\/?wmc-currency=EUR\"><strong><span style=\"color: #ff6600\">C\u00f3mo hacer tus propios difusores de carrizo<\/span><\/strong><\/a><\/li>\n<li class=\"entry-title\"><a href=\"https:\/\/cosyowl.com\/es\/guias\/como-utilizar-los-aceites-aromaticos\/?wmc-currency=EUR\"><strong><span style=\"color: #ff6600\">C\u00f3mo utilizar los aceites arom\u00e1ticos<\/span><\/strong><\/a><\/li>\n<li><strong><span style=\"color: #ff6600\"><a style=\"color: #ff6600\" href=\"https:\/\/cosyowl.com\/es\/guias\/cmrs-y-ftalatos-en-aceites-de-fragancia\/?wmc-currency=EUR\">CMRs, Ftalatos, Parabenos, PEG y Silicona en Aceites de Fragancia - Nuestra Gu\u00eda Libre de.<\/a><\/span><\/strong><\/li>\n<li><a href=\"https:\/\/cosyowl.com\/es\/guias\/?wmc-currency=EUR\"><span style=\"color: #ff6600\"><strong>Gu\u00edas y recetas<\/strong><\/span><\/a><\/li>\n<\/ul>","protected":false},"excerpt":{"rendered":"<p>Looking to create your own signature home fragrance? Our DIY Diffuser Kit is the perfect all-in-one solution for beginners and experienced crafters alike. With this complete set, you can make three beautiful reed diffusers from scratch, right at home. What\u2019s Inside Your Diffuser Making Kit? 100ml Wood Sage &amp; Sea Salt Fragrance Oil &#8211; This [&hellip;]<\/p>\n","protected":false},"featured_media":53786,"comment_status":"open","ping_status":"closed","template":"","meta":{"_acf_changed":false},"product_brand":[],"product_cat":[654,653,726],"product_tag":[929],"class_list":{"0":"post-25944","1":"product","2":"type-product","3":"status-publish","4":"has-post-thumbnail","6":"product_cat-diffuser-making-kits","7":"product_cat-craft-kits","8":"product_cat-reed-diffuser-kits","9":"product_tag-diffuser-making-kit","10":"product_shipping_class-royal_mail_kits","12":"first","13":"instock","14":"taxable","15":"shipping-taxable","16":"purchasable","17":"product-type-simple"},"acf":[],"_links":{"self":[{"href":"https:\/\/cosyowl.com\/es\/wp-json\/wp\/v2\/product\/25944","targetHints":{"allow":["GET"]}}],"collection":[{"href":"https:\/\/cosyowl.com\/es\/wp-json\/wp\/v2\/product"}],"about":[{"href":"https:\/\/cosyowl.com\/es\/wp-json\/wp\/v2\/types\/product"}],"replies":[{"embeddable":true,"href":"https:\/\/cosyowl.com\/es\/wp-json\/wp\/v2\/comments?post=25944"}],"wp:featuredmedia":[{"embeddable":true,"href":"https:\/\/cosyowl.com\/es\/wp-json\/wp\/v2\/media\/53786"}],"wp:attachment":[{"href":"https:\/\/cosyowl.com\/es\/wp-json\/wp\/v2\/media?parent=25944"}],"wp:term":[{"taxonomy":"product_brand","embeddable":true,"href":"https:\/\/cosyowl.com\/es\/wp-json\/wp\/v2\/product_brand?post=25944"},{"taxonomy":"product_cat","embeddable":true,"href":"https:\/\/cosyowl.com\/es\/wp-json\/wp\/v2\/product_cat?post=25944"},{"taxonomy":"product_tag","embeddable":true,"href":"https:\/\/cosyowl.com\/es\/wp-json\/wp\/v2\/product_tag?post=25944"}],"curies":[{"name":"wp","href":"https:\/\/api.w.org\/{rel}","templated":true}]}}