{"id":20173,"date":"2021-08-23T10:17:49","date_gmt":"2021-08-23T09:17:49","guid":{"rendered":"https:\/\/cosyowl.com\/?post_type=product&#038;p=20173"},"modified":"2026-03-03T13:45:30","modified_gmt":"2026-03-03T13:45:30","slug":"termometro-de-cera-esencial-200mm","status":"publish","type":"product","link":"https:\/\/cosyowl.com\/es\/candle-making-supplies\/tools-equipment\/essential-wax-thermometer-200mm-stem","title":{"rendered":"Term\u00f3metro de cera Essential con v\u00e1stago de 200 mm"},"content":{"rendered":"<p>Este term\u00f3metro suministrado exclusivamente por <a href=\"https:\/\/cosyowl.com\/es\/\">B\u00faho acogedor<\/a> puede medir la temperatura de su cera fundida entre 0\u00b0C y 100\u00b0C (hasta 212F). Este term\u00f3metro de gran durabilidad se ha fabricado espec\u00edficamente para <a href=\"https:\/\/cosyowl.com\/es\/guides\/how-to-make-a-candle\">fabricaci\u00f3n de velas<\/a>. Esta es una parte importante de su <a href=\"https:\/\/cosyowl.com\/es\/guides\/a-summers-beach-gel-votive-candle\">vela<\/a> La temperatura de la cera no debe ser demasiado baja ni superar la temperatura a la que la cera fundida podr\u00eda resultar peligrosa. En general, la temperatura debe oscilar entre 55 \u00b0C y 65 \u00b0C, en funci\u00f3n del tipo de cera utilizado. Para obtener informaci\u00f3n m\u00e1s precisa, consulte la <strong>Directrices de temperatura<\/strong> bajo nuestro <strong>INFORMACI\u00d3N Y GU\u00cdAS<\/strong> de este sitio web.<\/p>\n<p><strong>La longitud total de la sonda es de 200 mm y es la m\u00e1s adecuada para su uso con nuestras calderas de jarra de 1,5 l y de doble pared.<\/strong><\/p>","protected":false},"excerpt":{"rendered":"<p>This thermometer provided exclusively by Cosy Owl can measure the temperature of your melting wax between 0\u00b0C and 100\u00b0C (up to 212F). This highly durable thermometer has been specifically manufactured for candle making. This is an important part of your candle making kit, ensuring the wax temperature is not too low and does not exceed [&hellip;]<\/p>\n","protected":false},"featured_media":12010,"comment_status":"open","ping_status":"closed","template":"","meta":{"_acf_changed":false},"product_brand":[],"product_cat":[532,638,641,643,645,667],"product_tag":[912],"class_list":{"0":"post-20173","1":"product","2":"type-product","3":"status-publish","4":"has-post-thumbnail","6":"product_cat-tools-equipment","7":"product_cat-body-care-equipment","8":"product_cat-hair-care-equipment","9":"product_cat-wax-melts-equipment","10":"product_cat-lip-balm-equipment","11":"product_cat-soap-making-supplies-equipment","12":"product_tag-thermometer","13":"product_shipping_class-royal_mail","15":"first","16":"outofstock","17":"taxable","18":"shipping-taxable","19":"purchasable","20":"product-type-simple"},"acf":[],"_links":{"self":[{"href":"https:\/\/cosyowl.com\/es\/wp-json\/wp\/v2\/product\/20173","targetHints":{"allow":["GET"]}}],"collection":[{"href":"https:\/\/cosyowl.com\/es\/wp-json\/wp\/v2\/product"}],"about":[{"href":"https:\/\/cosyowl.com\/es\/wp-json\/wp\/v2\/types\/product"}],"replies":[{"embeddable":true,"href":"https:\/\/cosyowl.com\/es\/wp-json\/wp\/v2\/comments?post=20173"}],"wp:featuredmedia":[{"embeddable":true,"href":"https:\/\/cosyowl.com\/es\/wp-json\/wp\/v2\/media\/12010"}],"wp:attachment":[{"href":"https:\/\/cosyowl.com\/es\/wp-json\/wp\/v2\/media?parent=20173"}],"wp:term":[{"taxonomy":"product_brand","embeddable":true,"href":"https:\/\/cosyowl.com\/es\/wp-json\/wp\/v2\/product_brand?post=20173"},{"taxonomy":"product_cat","embeddable":true,"href":"https:\/\/cosyowl.com\/es\/wp-json\/wp\/v2\/product_cat?post=20173"},{"taxonomy":"product_tag","embeddable":true,"href":"https:\/\/cosyowl.com\/es\/wp-json\/wp\/v2\/product_tag?post=20173"}],"curies":[{"name":"wp","href":"https:\/\/api.w.org\/{rel}","templated":true}]}}