{"id":18163,"date":"1970-01-01T00:00:00","date_gmt":"1969-12-31T23:00:00","guid":{"rendered":"https:\/\/cosyowl.com\/?post_type=product&#038;p=18163"},"modified":"2026-04-30T16:39:38","modified_gmt":"2026-04-30T15:39:38","slug":"recipiente-de-vidrio-30cl-karen-redondo-negro-mate-pack-de-12","status":"publish","type":"product","link":"https:\/\/cosyowl.com\/es\/candle-making-supplies\/candle-containers\/candle-glasses\/karen-30cl-candle-glass-matt-black-pack-of-12","title":{"rendered":"Vaso para Velas Karen 30cl - Negro Mate - Pack De 12"},"content":{"rendered":"<p>Se trata de un paquete de recipientes de vidrio resistentes al calor, adecuados para fabricar velas de gran tama\u00f1o. Utilice nuestros <a href=\"https:\/\/cosyowl.com\/es\/guides\/2023-spring-fragrance-oil-trends\">aceites arom\u00e1ticos<\/a> para crear un tremendo aroma que aumente la sensaci\u00f3n.<\/p>\n<p><strong>Tama\u00f1o - <\/strong> Di\u00e1metro: 81 mm Altura: 93 mm<\/p>\n<p>En <a href=\"https:\/\/cosyowl.com\/es\/candle-making-supplies\/candle-containers\/candle-glasses\/karen-30cl-candle-glass-frosted-amber-pack-of-12\">30Cl<\/a> Karen contiene aproximadamente 240 g de cera*.<\/p>\n<p>Tenga en cuenta que el precalentamiento de su <a href=\"https:\/\/cosyowl.com\/es\/craft-supplies\/reed-diffuser-supplies\/reed-diffuser-bottles\/glass-container-200ml-karen-diffuser-bottle\">recipiente de vidrio<\/a> a unos 45\u00b0C puede ayudar a reducir la posibilidad de que se produzcan desperfectos en su <a href=\"https:\/\/cosyowl.com\/es\/guides\/a-summers-beach-gel-votive-candle\">vela<\/a> mientras se solidifica.<\/p>\n<p><a href=\"https:\/\/cosyowl.com\/es\/candle-making-supplies\/candle-containers\/metal-containers\/flora-30cl-candle-container-matt-black-pack-of-6\">Negro mate<\/a> es el color exterior del recipiente de vidrio.<\/p>\n<h3>Recomendaciones de mechas**<\/h3>\n<p><strong>Haga clic en el siguiente enlace para explorar nuestra mecha <a href=\"https:\/\/cosyowl.com\/es\/guides\/using-cotton-wicks-with-soyaluna-container-wax-recommendations\">recomendaciones<\/a> a la medida de sus necesidades de fabricaci\u00f3n de velas.<\/strong><\/p>\n<p><a href=\"https:\/\/cosyowl.com\/es\/guias\/porcentajes-y-medidas\/?wmc-currency=EUR\">Recomendaciones para mechas de b\u00faho<\/a><\/p>\n<p>*Tenga en cuenta que la cantidad de cera recomendada es una <a href=\"https:\/\/cosyowl.com\/es\/guides\/a-guide-to-creating-your-own-soap-products\">gu\u00eda<\/a> y se basa en la capacidad m\u00e1xima de ese recipiente espec\u00edfico. Por lo tanto, es posible utilizar menos cera, pero no recomendamos superar la capacidad m\u00e1xima. Aconsejamos utilizar las cantidades de cera indicadas s\u00f3lo como punto de partida y ajustarlas en funci\u00f3n de las necesidades. <a href=\"https:\/\/cosyowl.com\/es\/guides\/weighing-fragrance\">medidas<\/a> seg\u00fan sus preferencias.<\/p>\n<p>**Tenga en cuenta que todas las recomendaciones de mechas se basan \u00fanicamente en el uso con nuestra cera. La m\u00e1s peque\u00f1a <a href=\"https:\/\/cosyowl.com\/es\/guides\/candle-wick-size-chart\">Tama\u00f1o de la mecha<\/a> recomendada es s\u00f3lo para uso con Cera. El tama\u00f1o de mecha m\u00e1s grande recomendado es para usar cuando <a href=\"https:\/\/cosyowl.com\/es\/candle-making-supplies\/fragrance-oils-for-candle-making\/premium-fragrance-oils\/cosy-owl-premium-1-million-type-fragrance-oil\">Aceite con fragancia<\/a> y\/o colorante. Toda la informaci\u00f3n proporcionada debe utilizarse \u00fanicamente como gu\u00eda para ayudar a encontrar un punto de partida al experimentar con mechas, ya que las diferentes temperaturas y aceites de fragancia influir\u00e1n en el \u00e9xito de una mecha.<\/p>","protected":false},"excerpt":{"rendered":"<p>This is a pack of strong heat-resistant glass containers suitable for making large sized candles. Make use of our fragrance oils to create a tremendous aroma to augment the sensation. Size &#8211; Diameter: 81mm Height: 93mm The 30Cl Karen will hold approx. 240g of wax* Note, pre-heating your glass container to about 45\u00b0C can help [&hellip;]<\/p>\n","protected":false},"featured_media":96508,"comment_status":"open","ping_status":"closed","template":"","meta":{"_acf_changed":false},"product_brand":[],"product_cat":[527,843],"product_tag":[921,1593],"class_list":{"0":"post-18163","1":"product","2":"type-product","3":"status-publish","4":"has-post-thumbnail","6":"product_cat-candle-glasses","7":"product_cat-halloween","8":"product_tag-glass-container","9":"product_tag-halloween","10":"product_shipping_class-royal_mail","12":"first","13":"instock","14":"taxable","15":"shipping-taxable","16":"purchasable","17":"product-type-simple"},"acf":[],"_links":{"self":[{"href":"https:\/\/cosyowl.com\/es\/wp-json\/wp\/v2\/product\/18163","targetHints":{"allow":["GET"]}}],"collection":[{"href":"https:\/\/cosyowl.com\/es\/wp-json\/wp\/v2\/product"}],"about":[{"href":"https:\/\/cosyowl.com\/es\/wp-json\/wp\/v2\/types\/product"}],"replies":[{"embeddable":true,"href":"https:\/\/cosyowl.com\/es\/wp-json\/wp\/v2\/comments?post=18163"}],"wp:featuredmedia":[{"embeddable":true,"href":"https:\/\/cosyowl.com\/es\/wp-json\/wp\/v2\/media\/96508"}],"wp:attachment":[{"href":"https:\/\/cosyowl.com\/es\/wp-json\/wp\/v2\/media?parent=18163"}],"wp:term":[{"taxonomy":"product_brand","embeddable":true,"href":"https:\/\/cosyowl.com\/es\/wp-json\/wp\/v2\/product_brand?post=18163"},{"taxonomy":"product_cat","embeddable":true,"href":"https:\/\/cosyowl.com\/es\/wp-json\/wp\/v2\/product_cat?post=18163"},{"taxonomy":"product_tag","embeddable":true,"href":"https:\/\/cosyowl.com\/es\/wp-json\/wp\/v2\/product_tag?post=18163"}],"curies":[{"name":"wp","href":"https:\/\/api.w.org\/{rel}","templated":true}]}}