{"id":17568,"date":"1970-01-01T00:00:00","date_gmt":"1969-12-31T23:00:00","guid":{"rendered":"https:\/\/cosyowl.com\/?post_type=product&#038;p=17568"},"modified":"2026-03-03T13:45:28","modified_gmt":"2026-03-03T13:45:28","slug":"lata-redonda-plateada-para-velas-con-costura-lateral-soldada-100ml-individual","status":"publish","type":"product","link":"https:\/\/cosyowl.com\/es\/candle-making-supplies\/candle-containers\/metal-containers\/silver-round-candle-tin-with-welded-side-seam-100ml-single","title":{"rendered":"Lata redonda plateada para velas con costura lateral soldada - 100 ml - individual"},"content":{"rendered":"<p>Este producto es un redondo acabado en plata mate <a href=\"https:\/\/cosyowl.com\/es\/guides\/a-summers-beach-gel-votive-candle\">vela<\/a> con bordes plateados brillantes en la base y alrededor de la parte superior e inferior de la tapa. La lata de velas tiene una base escalonada, una s\u00f3lida tapa deslizante y est\u00e1 reforzada por un fuerte cierre oculto. <a href=\"https:\/\/cosyowl.com\/es\/candle-containers\/candle-tins\/rose-gold-round-candle-tin-with-welded-side-seam-100ml-single\">costura lateral soldada<\/a>. Nuestros botes de velas tienen un precio muy competitivo y realmente pueden aportar un toque de clase a cualquier habitaci\u00f3n.<\/p>\n<p>Nuestra <a href=\"https:\/\/cosyowl.com\/es\/\">B\u00faho acogedor<\/a> Las latas para velas est\u00e1n disponibles en varios tama\u00f1os y tambi\u00e9n en blanco y rosa con bordes dorados.<\/p>\n<p>Esta lata puede adquirirse como lata individual para muestras y en paquetes de 10 o 50 latas.<\/p>\n<p>Tama\u00f1o y volumen:<\/p>\n<ul>\n<li style=\"list-style-type: none\">\n<ul>\n<li>Esta lata de 100 ml contiene aproximadamente 80 g de cera*.<\/li>\n<li>Tama\u00f1o: 61 mm (di\u00e1metro) x 48 mm (altura)<\/li>\n<\/ul>\n<\/li>\n<\/ul>\n<h3>Recomendaciones de mechas**<\/h3>\n<table class=\"notesTableBorder\">\n<tbody>\n<tr>\n<th>Cera Kerasoy (Soja)<\/th>\n<th>Kerawax (Parafina)<\/th>\n<th>Tanto soja como parafina<\/th>\n<th>Mecha m\u00faltiple <a href=\"https:\/\/cosyowl.com\/es\/guides\/using-cotton-wicks-with-soyaluna-container-wax-recommendations\">recomendaciones<\/a><\/th>\n<\/tr>\n<tr>\n<td>ECO 2<\/td>\n<td>LX 16<\/td>\n<td>TCR 24\/14<\/td>\n<td>N\/A<\/td>\n<\/tr>\n<tr>\n<td>ECO 4<\/td>\n<td>LX 18<\/td>\n<td>TCR 27\/16<\/td>\n<td>N\/A<\/td>\n<\/tr>\n<\/tbody>\n<\/table>\n<p>*Tenga en cuenta que la cantidad de cera recomendada es una <a href=\"https:\/\/cosyowl.com\/es\/guides\/a-guide-to-creating-your-own-soap-products\">gu\u00eda<\/a> y se basa en la capacidad m\u00e1xima de ese recipiente espec\u00edfico. Por lo tanto, es posible utilizar menos cera, pero no recomendamos superar la capacidad m\u00e1xima. Aconsejamos utilizar las cantidades de cera indicadas s\u00f3lo como punto de partida y ajustarlas en funci\u00f3n de las necesidades. <a href=\"https:\/\/cosyowl.com\/es\/guides\/weighing-fragrance\">medidas<\/a> seg\u00fan sus preferencias.<\/p>\n<p>**Tenga en cuenta que todas las recomendaciones de mechas se basan \u00fanicamente en el uso con nuestra cera. La m\u00e1s peque\u00f1a <a href=\"https:\/\/cosyowl.com\/es\/guides\/candle-wick-size-chart\">Tama\u00f1o de la mecha<\/a> recomendada es s\u00f3lo para uso con Cera. El tama\u00f1o de mecha m\u00e1s grande recomendado es para usar cuando <a href=\"https:\/\/cosyowl.com\/es\/candle-making-supplies\/fragrance-oils-for-candle-making\/premium-fragrance-oils\/cosy-owl-premium-1-million-type-fragrance-oil\">Aceite con fragancia<\/a> y\/o Tinte. Toda la informaci\u00f3n proporcionada debe ser utilizada s\u00f3lo como una gu\u00eda para ayudar a encontrar un punto de partida cuando se experimenta con mechas como las temperaturas variables y <a href=\"https:\/\/cosyowl.com\/es\/guides\/2023-spring-fragrance-oil-trends\">Aceites arom\u00e1ticos<\/a> influir\u00e1 en el \u00e9xito de una mecha.<\/p>","protected":false},"excerpt":{"rendered":"<p>This product is a round matt silver finished candle tin featuring shiny silver coloured rims at the base and around the top and bottom of the lid. The candle tin has a stepped base, a solid slip on lid and is strengthened by a concealed strong welded side seam. Our candle tins are very competitively [&hellip;]<\/p>\n","protected":false},"featured_media":18381,"comment_status":"open","ping_status":"closed","template":"","meta":{"_acf_changed":false},"product_brand":[],"product_cat":[501,639,500,490,642],"product_tag":[918],"class_list":{"0":"post-17568","1":"product","2":"type-product","3":"status-publish","4":"has-post-thumbnail","6":"product_cat-metal-containers","7":"product_cat-body-care-containers","8":"product_cat-candle-containers","9":"product_cat-candle-making-supplies","10":"product_cat-hair-care-containers","11":"product_tag-candle-tin","12":"product_shipping_class-royal_mail","14":"first","15":"instock","16":"sold-individually","17":"taxable","18":"shipping-taxable","19":"purchasable","20":"product-type-simple"},"acf":[],"_links":{"self":[{"href":"https:\/\/cosyowl.com\/es\/wp-json\/wp\/v2\/product\/17568","targetHints":{"allow":["GET"]}}],"collection":[{"href":"https:\/\/cosyowl.com\/es\/wp-json\/wp\/v2\/product"}],"about":[{"href":"https:\/\/cosyowl.com\/es\/wp-json\/wp\/v2\/types\/product"}],"replies":[{"embeddable":true,"href":"https:\/\/cosyowl.com\/es\/wp-json\/wp\/v2\/comments?post=17568"}],"wp:featuredmedia":[{"embeddable":true,"href":"https:\/\/cosyowl.com\/es\/wp-json\/wp\/v2\/media\/18381"}],"wp:attachment":[{"href":"https:\/\/cosyowl.com\/es\/wp-json\/wp\/v2\/media?parent=17568"}],"wp:term":[{"taxonomy":"product_brand","embeddable":true,"href":"https:\/\/cosyowl.com\/es\/wp-json\/wp\/v2\/product_brand?post=17568"},{"taxonomy":"product_cat","embeddable":true,"href":"https:\/\/cosyowl.com\/es\/wp-json\/wp\/v2\/product_cat?post=17568"},{"taxonomy":"product_tag","embeddable":true,"href":"https:\/\/cosyowl.com\/es\/wp-json\/wp\/v2\/product_tag?post=17568"}],"curies":[{"name":"wp","href":"https:\/\/api.w.org\/{rel}","templated":true}]}}