{"id":17438,"date":"2021-12-08T15:01:00","date_gmt":"2021-12-08T15:01:00","guid":{"rendered":"https:\/\/cosyowl.com\/?post_type=product&#038;p=17438"},"modified":"2026-03-03T13:45:28","modified_gmt":"2026-03-03T13:45:28","slug":"etiqueta-de-seguridad-para-velas-de-35-mm-texto-blanco-negro","status":"publish","type":"product","link":"https:\/\/cosyowl.com\/es\/candle-making-supplies\/candle-making-extras\/35mm-candle-safety-label-white-black-text","title":{"rendered":"Etiqueta de seguridad para velas de 35 mm - BLANCO \/ Texto negro"},"content":{"rendered":"<p>Nuestro blanco <a href=\"https:\/\/cosyowl.com\/es\/guides\/a-summers-beach-gel-votive-candle\">vela<\/a> Las etiquetas de seguridad se imprimen en una etiqueta circular blanca con tinta negra.  Quedan muy bien en la mayor\u00eda de los colores de velas, son profesionales y discretas.  Tienen un di\u00e1metro de 35 mm, perfecto para la mayor\u00eda de las aplicaciones.<\/p>\n<p><strong>\u00bfPara qu\u00e9 sirven las etiquetas de seguridad de las velas?<\/strong><\/p>\n<p>Si vende sus velas, debe incluir esta etiqueta de advertencia para cumplir el Reglamento general de seguridad de los productos de 2005.  Estas etiquetas est\u00e1n dise\u00f1adas para adherirse a la parte inferior de su envase o caja para demostrar su cumplimiento y diligencia debida con la normativa y para proporcionar informaci\u00f3n pr\u00e1ctica y de seguridad valiosa para el usuario final.<\/p>\n<p>Nuestras etiquetas de seguridad para velas son profesionales, de alta <a href=\"https:\/\/cosyowl.com\/es\/candle-wicks\/wedo-lx-wick-raw\">calidad<\/a>, de larga duraci\u00f3n, antigoteo, impermeables y que no se manchan ni se rayan.  Dise\u00f1adas para durar y a la vez econ\u00f3micas, hemos seleccionado estas etiquetas por su rendimiento a largo plazo.<\/p>\n<p><a href=\"http:\/\/www.legislation.gov.uk\/uksi\/2005\/1803\/contents\/made\" target=\"_blank\" rel=\"noopener\">M\u00e1s informaci\u00f3n sobre el Reglamento general de seguridad de los productos<\/a> para conocer mejor sus obligaciones como fabricante de velas.<\/p>\n<p>Nuestras etiquetas blancas de seguridad para velas se suministran en rollos de 10, 50, 100 o 100 unidades. <a href=\"https:\/\/cosyowl.com\/es\/candle-making-supplies\/tools-equipment\/glue-dots-pack-of-1000\">1000<\/a> y son f\u00e1ciles de pelar y aplicar.<\/p>","protected":false},"excerpt":{"rendered":"<p>Our white candle safety labels are printed on to a white circular label with black ink. \u00a0They look great on most colours of candles, professional and unobtrusive. \u00a0They are 35mm in diameter, perfect for most applications. What are Candle Safety Labels for? If you are selling your candles you need to include this warning label [&hellip;]<\/p>\n","protected":false},"featured_media":17453,"comment_status":"open","ping_status":"closed","template":"","meta":{"_acf_changed":false},"product_brand":[],"product_cat":[532,717],"product_tag":[939],"class_list":{"0":"post-17438","1":"product","2":"type-product","3":"status-publish","4":"has-post-thumbnail","6":"product_cat-tools-equipment","7":"product_cat-sale","8":"product_tag-safety-label","9":"pa_pack-size-569","10":"pa_pack-size-571","11":"pa_pack-size-572","12":"pa_pack-size-570","14":"first","15":"outofstock","16":"taxable","17":"shipping-taxable","18":"purchasable","19":"product-type-variable"},"acf":[],"_links":{"self":[{"href":"https:\/\/cosyowl.com\/es\/wp-json\/wp\/v2\/product\/17438","targetHints":{"allow":["GET"]}}],"collection":[{"href":"https:\/\/cosyowl.com\/es\/wp-json\/wp\/v2\/product"}],"about":[{"href":"https:\/\/cosyowl.com\/es\/wp-json\/wp\/v2\/types\/product"}],"replies":[{"embeddable":true,"href":"https:\/\/cosyowl.com\/es\/wp-json\/wp\/v2\/comments?post=17438"}],"wp:featuredmedia":[{"embeddable":true,"href":"https:\/\/cosyowl.com\/es\/wp-json\/wp\/v2\/media\/17453"}],"wp:attachment":[{"href":"https:\/\/cosyowl.com\/es\/wp-json\/wp\/v2\/media?parent=17438"}],"wp:term":[{"taxonomy":"product_brand","embeddable":true,"href":"https:\/\/cosyowl.com\/es\/wp-json\/wp\/v2\/product_brand?post=17438"},{"taxonomy":"product_cat","embeddable":true,"href":"https:\/\/cosyowl.com\/es\/wp-json\/wp\/v2\/product_cat?post=17438"},{"taxonomy":"product_tag","embeddable":true,"href":"https:\/\/cosyowl.com\/es\/wp-json\/wp\/v2\/product_tag?post=17438"}],"curies":[{"name":"wp","href":"https:\/\/api.w.org\/{rel}","templated":true}]}}