{"id":17414,"date":"2021-12-08T14:16:00","date_gmt":"2021-12-08T14:16:00","guid":{"rendered":"https:\/\/cosyowl.com\/?post_type=product&#038;p=17414"},"modified":"2026-03-03T13:45:28","modified_gmt":"2026-03-03T13:45:28","slug":"50mm-reed-difusor-etiqueta-de-seguridad-negro-texto-blanco","status":"publish","type":"product","link":"https:\/\/cosyowl.com\/es\/candle-making-supplies\/candle-making-extras\/reed-diffuser-safety-label-50mm-back-white-text","title":{"rendered":"50mm - Etiqueta de seguridad difusor - Negro \/ Texto blanco"},"content":{"rendered":"<p>Nuestro negro <a href=\"https:\/\/cosyowl.com\/es\/guides\/making-a-reed-diffuser\">Difusor Carrizo<\/a> Las etiquetas de seguridad se imprimen en una etiqueta circular negra con tinta blanca. Tienen un di\u00e1metro de 50 mm, perfecto para la mayor\u00eda de las aplicaciones. Nuestra etiqueta de advertencia para difusores de l\u00e1minas contiene toda la informaci\u00f3n relevante y las advertencias que sus clientes necesitan saber sobre el uso seguro de su difusor de l\u00e1minas.<\/p>\n<p><strong>\u00bfPara qu\u00e9 sirven las etiquetas de seguridad Reed?<\/strong><\/p>\n<p>Si vende su <a href=\"https:\/\/cosyowl.com\/es\/guides\/a-beginners-guide-to-making-reed-diffusers\">Difusores Reed<\/a> debe incluir esta etiqueta de advertencia para cumplir el Reglamento general de seguridad de los productos de 2005. Estas etiquetas est\u00e1n dise\u00f1adas para adherirse a la parte inferior de su contenedor o caja para demostrar su cumplimiento y diligencia debida con la normativa y proporcionar informaci\u00f3n pr\u00e1ctica y de seguridad valiosa para el usuario final.<br \/>\nNuestras etiquetas de seguridad para difusores Carrizo son profesionales, de alta <a href=\"https:\/\/cosyowl.com\/es\/candle-wicks\/wedo-lx-wick-raw\">calidad<\/a>, de larga duraci\u00f3n, antigoteo, impermeables y que no se manchan ni se rayan. Dise\u00f1adas para durar y a la vez econ\u00f3micas, hemos seleccionado estas etiquetas por su rendimiento a largo plazo.<br \/>\nLea el Reglamento sobre seguridad general de los productos para conocer mejor sus obligaciones como fabricante. <a href=\"https:\/\/cosyowl.com\/es\/guides\/a-summers-beach-gel-votive-candle\">vela<\/a> fabricante.<br \/>\nNuestras etiquetas de seguridad para difusores Carrizo se suministran en rollos de 10, 100 o <a href=\"https:\/\/cosyowl.com\/es\/candle-making-supplies\/tools-equipment\/glue-dots-pack-of-1000\">1000<\/a> y son f\u00e1ciles de pelar y aplicar.<\/p>","protected":false},"excerpt":{"rendered":"<p>Our Black Reed Diffuser safety labels are printed on to a Black circular label with white ink. They are 50mm in diameter, perfect for most applications. Our Reed Diffuser Warning Label contains all the relevant information and warnings your customers need to know about safely using your reed diffuser What are Reed Safety Labels for? [&hellip;]<\/p>\n","protected":false},"featured_media":17420,"comment_status":"open","ping_status":"closed","template":"","meta":{"_acf_changed":false},"product_brand":[],"product_cat":[532,729,717],"product_tag":[939],"class_list":{"0":"post-17414","1":"product","2":"type-product","3":"status-publish","4":"has-post-thumbnail","6":"product_cat-tools-equipment","7":"product_cat-equipment","8":"product_cat-sale","9":"product_tag-safety-label","10":"pa_pack-size-569","11":"pa_pack-size-571","12":"pa_pack-size-572","13":"pa_pack-size-570","15":"first","16":"instock","17":"taxable","18":"shipping-taxable","19":"purchasable","20":"product-type-variable"},"acf":[],"_links":{"self":[{"href":"https:\/\/cosyowl.com\/es\/wp-json\/wp\/v2\/product\/17414","targetHints":{"allow":["GET"]}}],"collection":[{"href":"https:\/\/cosyowl.com\/es\/wp-json\/wp\/v2\/product"}],"about":[{"href":"https:\/\/cosyowl.com\/es\/wp-json\/wp\/v2\/types\/product"}],"replies":[{"embeddable":true,"href":"https:\/\/cosyowl.com\/es\/wp-json\/wp\/v2\/comments?post=17414"}],"wp:featuredmedia":[{"embeddable":true,"href":"https:\/\/cosyowl.com\/es\/wp-json\/wp\/v2\/media\/17420"}],"wp:attachment":[{"href":"https:\/\/cosyowl.com\/es\/wp-json\/wp\/v2\/media?parent=17414"}],"wp:term":[{"taxonomy":"product_brand","embeddable":true,"href":"https:\/\/cosyowl.com\/es\/wp-json\/wp\/v2\/product_brand?post=17414"},{"taxonomy":"product_cat","embeddable":true,"href":"https:\/\/cosyowl.com\/es\/wp-json\/wp\/v2\/product_cat?post=17414"},{"taxonomy":"product_tag","embeddable":true,"href":"https:\/\/cosyowl.com\/es\/wp-json\/wp\/v2\/product_tag?post=17414"}],"curies":[{"name":"wp","href":"https:\/\/api.w.org\/{rel}","templated":true}]}}