{"id":17382,"date":"2021-12-08T13:16:00","date_gmt":"2021-12-08T13:16:00","guid":{"rendered":"https:\/\/cosyowl.com\/?post_type=product&#038;p=17382"},"modified":"2026-03-03T13:45:26","modified_gmt":"2026-03-03T13:45:26","slug":"50mm-wax-melt-safety-label-clear-black-text","status":"publish","type":"product","link":"https:\/\/cosyowl.com\/es\/candle-making-supplies\/candle-making-extras\/50mm-wax-melt-safety-label-clear-black-text","title":{"rendered":"50mm - Etiqueta de seguridad de fusi\u00f3n de cera - Transparente \/ Texto negro"},"content":{"rendered":"<p>Nuestra <a href=\"https:\/\/cosyowl.com\/es\/candle-making-extras\/50mm-candle-safety-label-white-black-text\">Claro<\/a> Las etiquetas de seguridad Wax Melt se imprimen en una etiqueta circular transparente con tinta negra. Tienen un di\u00e1metro de 50 mm, perfecto para la mayor\u00eda de las aplicaciones.<\/p>\n<p><strong>\u00bfPara qu\u00e9 sirven las etiquetas de seguridad de fusi\u00f3n de cera?<\/strong><\/p>\n<p>Si vende su <a href=\"https:\/\/cosyowl.com\/es\/guides\/sandalwood-vanilla-leaf-wax-melts-guide\">Cera fundida<\/a> debe incluir esta etiqueta de advertencia para cumplir el Reglamento general de seguridad de los productos de 2005. Estas etiquetas est\u00e1n dise\u00f1adas para adherirse a la parte inferior de su contenedor o caja para demostrar su cumplimiento y diligencia debida con la normativa y proporcionar informaci\u00f3n pr\u00e1ctica y de seguridad valiosa para el usuario final.<\/p>\n<p>Nuestras etiquetas de seguridad Wax Melt son profesionales, de alta <a href=\"https:\/\/cosyowl.com\/es\/candle-wicks\/wedo-lx-wick-raw\">calidad<\/a>, de larga duraci\u00f3n, antigoteo, impermeables y que no se manchan ni se rayan. Dise\u00f1adas para durar y a la vez econ\u00f3micas, hemos seleccionado estas etiquetas por su rendimiento a largo plazo.<\/p>\n<p>Lea el Reglamento sobre seguridad general de los productos para conocer mejor sus obligaciones como fabricante. <a href=\"https:\/\/cosyowl.com\/es\/guides\/a-summers-beach-gel-votive-candle\">vela<\/a> fabricante.<\/p>\n<p>Nuestras etiquetas de seguridad Wax Melt se suministran en rollos de 10, 50, 100 \u00f3 100 unidades. <a href=\"https:\/\/cosyowl.com\/es\/candle-making-supplies\/tools-equipment\/glue-dots-pack-of-1000\">1000<\/a> y son f\u00e1ciles de pelar y aplicar.<\/p>","protected":false},"excerpt":{"rendered":"<p>Our Clear Wax Melt safety labels are printed on to a Clear Transparent circular label with Black ink. They are 50mm in diameter, perfect for most applications. What are Wax Melt Safety Labels for? If you are selling your Wax Melts you need to include this warning label to comply with the General Product Safety [&hellip;]<\/p>\n","protected":false},"featured_media":17459,"comment_status":"open","ping_status":"closed","template":"","meta":{"_acf_changed":false},"product_brand":[],"product_cat":[532,643,717],"product_tag":[939],"class_list":{"0":"post-17382","1":"product","2":"type-product","3":"status-publish","4":"has-post-thumbnail","6":"product_cat-tools-equipment","7":"product_cat-wax-melts-equipment","8":"product_cat-sale","9":"product_tag-safety-label","10":"pa_pack-size-569","11":"pa_pack-size-571","12":"pa_pack-size-572","13":"pa_pack-size-570","15":"first","16":"instock","17":"taxable","18":"shipping-taxable","19":"purchasable","20":"product-type-variable"},"acf":[],"_links":{"self":[{"href":"https:\/\/cosyowl.com\/es\/wp-json\/wp\/v2\/product\/17382","targetHints":{"allow":["GET"]}}],"collection":[{"href":"https:\/\/cosyowl.com\/es\/wp-json\/wp\/v2\/product"}],"about":[{"href":"https:\/\/cosyowl.com\/es\/wp-json\/wp\/v2\/types\/product"}],"replies":[{"embeddable":true,"href":"https:\/\/cosyowl.com\/es\/wp-json\/wp\/v2\/comments?post=17382"}],"wp:featuredmedia":[{"embeddable":true,"href":"https:\/\/cosyowl.com\/es\/wp-json\/wp\/v2\/media\/17459"}],"wp:attachment":[{"href":"https:\/\/cosyowl.com\/es\/wp-json\/wp\/v2\/media?parent=17382"}],"wp:term":[{"taxonomy":"product_brand","embeddable":true,"href":"https:\/\/cosyowl.com\/es\/wp-json\/wp\/v2\/product_brand?post=17382"},{"taxonomy":"product_cat","embeddable":true,"href":"https:\/\/cosyowl.com\/es\/wp-json\/wp\/v2\/product_cat?post=17382"},{"taxonomy":"product_tag","embeddable":true,"href":"https:\/\/cosyowl.com\/es\/wp-json\/wp\/v2\/product_tag?post=17382"}],"curies":[{"name":"wp","href":"https:\/\/api.w.org\/{rel}","templated":true}]}}