{"id":126579,"date":"2026-03-23T09:22:42","date_gmt":"2026-03-23T09:22:42","guid":{"rendered":"https:\/\/cosyowl.com\/?post_type=product&#038;p=126579"},"modified":"2026-05-01T13:09:03","modified_gmt":"2026-05-01T12:09:03","slug":"kit-para-hacer-velas-haz-5-velas-perfumadas-en-casa-con-aromas-amaderados","status":"publish","type":"product","link":"https:\/\/cosyowl.com\/es\/craft-kits\/candle-making-kits\/soy-candle-making-kit-make-5-scented-candles-at-home-woody-scents","title":{"rendered":"Kit para hacer velas \u2013 Haz 5 velas perfumadas en casa | Aromas amaderados"},"content":{"rendered":"<h4 style=\"text-align: left\"><strong>Nuestro Kit para Hacer Velas facilita la creaci\u00f3n de velas de soja bellamente perfumadas en casa. Ideal tanto para principiantes como para artesanos experimentados, este kit todo en uno incluye todo lo que necesitas para hacer hasta cinco velas perfumadas utilizando materiales de alta calidad. Perfecto como regalo o como un divertido proyecto de manualidades en casa, cada kit incluye una fragancia para que puedas crear velas que se adapten a tu estilo y espacio. Con todo incluido para empezar de inmediato, es una forma sencilla y gratificante de disfrutar de la fabricaci\u00f3n de velas en casa.<\/strong><\/h4>\n<p>&nbsp;<\/p>\n<h3 style=\"text-align: left\"><strong>\u00bfQu\u00e9 contiene su kit de fabricaci\u00f3n de velas?<\/strong><\/h3>\n<p>800g de <strong>Alta calidad <a href=\"https:\/\/cosyowl.com\/es\/candle-making-supplies\/candle-wax\/soy-wax\/kerasoy-4130-container-wax\">KeraSoy 4130<\/a> Cera de soja para contenedores<\/strong> Para A <a href=\"https:\/\/cosyowl.com\/es\/candle-making-supplies\/glitters\/pure-white-biodegradable\">Limpia<\/a>, Even Burn<\/p>\n<p><a href=\"https:\/\/cosyowl.com\/es\/candle-tins\/silver-round-candle-tin-with-window-lid-50ml\">50 ml<\/a> <strong><a href=\"https:\/\/cosyowl.com\/es\/candle-making-supplies\/fragrance-oils-for-candle-making\/premium-fragrance-oils\/cosy-owl-premium-1-million-type-fragrance-oil\">Aceite con fragancia<\/a><\/strong><\/p>\n<p>5 <strong>Eco 10 Mechas<\/strong> Para un rendimiento \u00f3ptimo de la llama<\/p>\n<p>5 <strong>Espaciadores de centrado de madera<\/strong><\/p>\n<p>5 G<strong>Puntos azules<\/strong><\/p>\n<p>5 <strong><a href=\"https:\/\/cosyowl.com\/es\/candle-making-supplies\/candle-containers\/candle-glasses\/glass-candle-containers-20cl-karen-round-pack-of-12\">20 cl<\/a> <a href=\"https:\/\/cosyowl.com\/es\/candle-making-supplies\/candle-containers\/candle-glasses\/glass-candle-container-30cl-karen-round\">Karen Round<\/a> Gafas<\/strong> Envases perfectos para uso dom\u00e9stico o para regalo<\/p>\n<p>F\u00e1cil de seguir, <strong>Paso a paso <a href=\"https:\/\/cosyowl.com\/es\/guides\/how-to-make-a-candle\">Fabricaci\u00f3n de velas<\/a> <a href=\"https:\/\/cosyowl.com\/es\/guides\/a-guide-to-creating-your-own-soap-products\">Gu\u00eda<\/a><\/strong> Perfecto para principiantes<\/p>\n<h3><strong>Elige tu fragancia de vela favorita<\/strong><\/h3>\n<p>La fragancia es una de las partes m\u00e1s importantes de cualquier <a href=\"https:\/\/cosyowl.com\/es\/guides\/a-summers-beach-gel-votive-candle\">vela<\/a>. Ayuda a crear ambiente, trae recuerdos y a\u00f1ade un toque personal a cada vela que haces. Por eso, este kit para hacer velas con aceite arom\u00e1tico le permite elegir su aroma preferido en el men\u00fa desplegable. Nuestra colecci\u00f3n de <a href=\"https:\/\/cosyowl.com\/es\/guides\/2023-spring-fragrance-oil-trends\">aceites arom\u00e1ticos<\/a> incluye una amplia variedad de aromas para todos los gustos, desde <a href=\"https:\/\/cosyowl.com\/es\/candle-making-supplies\/essential-oils\/eucalyptus-globulus-essential-oil\">fresco<\/a> y aromas limpios a <a href=\"https:\/\/cosyowl.com\/es\/craft-kits\/candle-making-kits\/soy-wax-mulled-wine-christmas-candle-making-kit\">caliente<\/a>, <a href=\"https:\/\/cosyowl.com\/es\/fragrance-oils\/chocolate-orange\">rico<\/a>, y reconfortantes. Cada aceite con fragancia est\u00e1 altamente concentrado, por lo que un poco rinde mucho, d\u00e1ndole un control total sobre la intensidad del aroma de sus velas terminadas. Estos aceites con fragancia est\u00e1n especialmente formulados para mezclarse suavemente con la cera, proporcionando un excelente rendimiento arom\u00e1tico sin afectar a la calidad de la cera. <a href=\"https:\/\/cosyowl.com\/es\/candle-wicks\/wedo-lx-wick-raw\">calidad<\/a> o quema de tu vela.<\/p>\n<p><strong><a href=\"https:\/\/cosyowl.com\/es\/aceites-aromaticos\/ambar-baltico-clavo\/?wmc-currency=EUR\">\u00c1mbar b\u00e1ltico y clavo<\/a> <\/strong>- Una c\u00e1lida, <a href=\"https:\/\/cosyowl.com\/es\/candle-making-supplies\/essential-oils\/frankincense-essential-oil\">resinoso<\/a> apertura de fragancia con <a href=\"https:\/\/cosyowl.com\/es\/candle-making-supplies\/glitters\/fluorescent-peach\">brillante<\/a> <a href=\"https:\/\/cosyowl.com\/es\/candle-making-supplies\/fragrance-oils-for-candle-making\/all-fragrances\/lemon-lavender-fragrance-oil\">c\u00e1scara de lim\u00f3n<\/a> y piel de naranja, suavizada por cachemira y brote de clavo, y terminada con una rica base de vainilla, \u00e1mbar negro, s\u00e1ndalo y almizcle.<\/p>\n<p><strong><a href=\"https:\/\/cosyowl.com\/es\/suministros-para-la-fabricacion-de-velas\/aceites-aromaticos-para-la-fabricacion-de-velas\/todas-las-fragancias\/aceite-con-fragancia-de-madera-de-cedro-y-jazmin\/?wmc-currency=EUR\">Madera de cedro y jazm\u00edn<\/a> <\/strong>- Una fragancia fresca, floral y amaderada que se abre con <a href=\"https:\/\/cosyowl.com\/es\/candle-making-supplies\/fragrance-oils-for-candle-making\/all-fragrances\/jasmine-fragrance-oil\">jazm\u00edn<\/a> y c\u00e1scara de naranja, con suaves notas de lirio de los valles, muguet y ciclamen, y terminada con un suave fondo de almizcle, cedro blanco y tonka.<\/p>\n<p><strong><a href=\"https:\/\/cosyowl.com\/es\/suministros-para-la-fabricacion-de-velas\/aceites-aromaticos-para-la-fabricacion-de-velas\/todas-las-fragancias\/aceite-con-fragancia-de-tabaco-y-miel-oscura\/?wmc-currency=EUR\">Miel oscura y tabaco<\/a> <\/strong>- Una fragancia rica y seductora que se abre con <a href=\"https:\/\/cosyowl.com\/es\/candle-making-supplies\/fragrance-oils-for-candle-making\/all-fragrances\/pink-grapefruit-fragrance-oil\">c\u00edtricos<\/a> naranja, bergamota y miel, que conducen a un c\u00e1lido coraz\u00f3n especiado de canela, clavo y jazm\u00edn, <a href=\"https:\/\/cosyowl.com\/es\/fragrance-oils\/gardenia\">gardenia<\/a>, y muguet, y se asienta en una profunda base de \u00e1mbar, cedro, pachul\u00ed, s\u00e1ndalo, vainilla y almizcle.<\/p>\n<p><strong><a href=\"https:\/\/cosyowl.com\/es\/suministros-para-la-fabricacion-de-velas\/aceites-aromaticos-para-la-fabricacion-de-velas\/todas-las-fragancias\/aceite-con-fragancia-de-oud\/?wmc-currency=EUR\">Oud<\/a> <\/strong>- Una fragancia profunda y lujosa que se abre con c\u00edtricos, bayas de enebro, grosella negra, ciruela, cereza y toques de <a href=\"https:\/\/cosyowl.com\/es\/candle-making-kits\/winter-pine-candle-making-kit\">pino<\/a>, La fragancia se compone de un coraz\u00f3n floral de rosa, jazm\u00edn e ylang, con c\u00e1lidas especias, y un intenso fondo de oud, maderas preciosas, pachul\u00ed, \u00e1mbar y almizcle.<\/p>\n<p><a href=\"https:\/\/cosyowl.com\/es\/suministros-para-la-fabricacion-de-velas\/aceites-aromaticos-para-la-fabricacion-de-velas\/todas-las-fragancias\/aceite-con-fragancia-de-mirra-y-sandalo\/?wmc-currency=EUR\"><strong>S\u00e1ndalo y mirra<\/strong><\/a> - Una c\u00e1lida, <a href=\"https:\/\/cosyowl.com\/es\/fragrance-oils\/teakwood\">woody<\/a> fragancia con <a href=\"https:\/\/cosyowl.com\/es\/candle-making-supplies\/candle-containers\/candle-glasses\/glass-candle-container-50cl-classic-jar-with-lid\">elegante<\/a> notas de geranio, cedro, s\u00e1ndalo e ylang ylang, suavizadas por <a href=\"https:\/\/cosyowl.com\/es\/candle-making-supplies\/fragrance-oils-for-candle-making\/all-fragrances\/blueberry-vanilla-fragrance-oil\">vainilla cremosa<\/a> y suave almizcle para un acabado refinado y atemporal.<\/p>\n<p><strong><a href=\"https:\/\/cosyowl.com\/es\/suministros-para-la-fabricacion-de-velas\/aceites-aromaticos-para-la-fabricacion-de-velas\/todas-las-fragancias\/aceite-con-fragancia-de-sandalo-y-vainilla\/?wmc-currency=EUR\">S\u00e1ndalo Vainilla<\/a> <\/strong>- Una fragancia suave, amaderada y dulce que se abre con bergamota y fresia, y se combina con <a href=\"https:\/\/cosyowl.com\/es\/fragrance-oils\/lilac\">lila<\/a>, clavo y madera de cedro, y terminado con un <a href=\"https:\/\/cosyowl.com\/es\/candle-making-supplies\/fragrance-oils-for-candle-making\/all-fragrances\/french-vanilla-fragrance-oil\">cremoso<\/a> base de s\u00e1ndalo, vaina de vainilla y pachul\u00ed blanco.<\/p>\n<p><strong><a href=\"https:\/\/cosyowl.com\/es\/suministros-para-la-fabricacion-de-velas\/aceites-aromaticos-para-la-fabricacion-de-velas\/todas-las-fragancias\/aceite-con-fragancia-de-haba-tonka-y-mirra\/?wmc-currency=EUR\">Haba tonka y mirra<\/a><\/strong> - A <a href=\"https:\/\/cosyowl.com\/es\/fragrance-oils\/candy-floss\">dulce<\/a> fragancia oriental que se abre con frescas notas c\u00edtricas de <a href=\"https:\/\/cosyowl.com\/es\/fragrance-oils\/lemon\">lim\u00f3n<\/a>, pomelo y bergamota, lo que lleva a una <a href=\"https:\/\/cosyowl.com\/es\/candle-making-supplies\/fragrance-oils-for-candle-making\/all-fragrances\/velvet-rose-oud-fragrance-oil\">floral<\/a> coraz\u00f3n de magnolia, heliotropo, rosa, iris, lirio, jazm\u00edn y ciruela, y se asienta en un profundo fondo de cedro, \u00e1mbar, pachul\u00ed, mirra, haba tonka, orqu\u00eddea, madera de guayaco, vainilla y almizcle.<\/p>\n<p><strong><a href=\"https:\/\/cosyowl.com\/es\/suministros-para-la-fabricacion-de-velas\/aceites-aromaticos-para-la-fabricacion-de-velas\/aceites-aromaticos-premium\/cosy-owl-premium-aceite-con-fragancia-de-flor-de-tabaco-tonka\/?wmc-currency=EUR\">Tonka y flor de tabaco<\/a> <\/strong>- Una fragancia c\u00e1lida y rica con dulces notas de salida de vainilla y canela, un coraz\u00f3n especiado de canela, almendra y clavo, y un suave fondo de tonka y tabaco para un final profundo y ligeramente masculino.<\/p>\n<p><a href=\"https:\/\/cosyowl.com\/es\/suministros-para-la-fabricacion-de-velas\/aceites-aromaticos-para-la-fabricacion-de-velas\/todas-las-fragancias\/aceite-con-fragancia-velvet-rose-oud\/?wmc-currency=EUR\"><strong>Rosa de terciopelo y oud<\/strong><\/a><strong> -<\/strong> Una rica fragancia floral oriental que se abre con oud, rosa, geranio, jazm\u00edn y un toque de clavo, endulzada por el pralin\u00e9, y que se asienta en una base aterciopelada de cedro, s\u00e1ndalo, vetiver, \u00e1mbar, almizcle, vainilla, pachul\u00ed y <a href=\"https:\/\/cosyowl.com\/es\/fragrance-oils\/raspberry\">frambuesa<\/a>.<\/p>\n<p><strong><a href=\"https:\/\/cosyowl.com\/es\/aceites-aromaticos\/aceite-con-fragancia-vintage-y-vetiver\/?wmc-currency=EUR\">Vintage y Vetiver<\/a> <\/strong>- A <a href=\"https:\/\/cosyowl.com\/es\/candle-making-supplies\/candle-wax\/paraffin-wax\/kerawax-4600-paraffin-pillar-wax\">cl\u00e1sico<\/a>, <a href=\"https:\/\/cosyowl.com\/es\/candle-making-supplies\/fragrance-oils-for-candle-making\/all-fragrances\/pomegranate-noir-fragrance-oil\">sofisticado<\/a> Fragancia amaderada que se abre con lim\u00f3n fresco, conduce a un refinado coraz\u00f3n de tabaco y vetiver, y se asienta en una base c\u00e1lida y especiada de nuez moscada, tabaco y pimienta.<\/p>\n<p><strong><a href=\"https:\/\/cosyowl.com\/es\/suministros-para-la-fabricacion-de-velas\/aceites-aromaticos-para-la-fabricacion-de-velas\/aceites-aromaticos-premium\/cosy-owl-premium-wood-sage-seasalt-aceite-con-fragancia\/?wmc-currency=EUR\">Salvia marina<\/a> -<\/strong> Un fresco, <a href=\"https:\/\/cosyowl.com\/es\/fragrance-oils\/coffee\">arom\u00e1tico<\/a> <a href=\"https:\/\/cosyowl.com\/es\/candle-making-supplies\/fragrance-oils-for-candle-making\/all-fragrances\/ocean-fragrance-oil\">marina<\/a> fragancia con sutiles notas c\u00edtricas, que mezcla acordes salados con maderas suaves, especias suaves y un toque de dulzura para un acabado suave y duradero.<\/p>\n<p>&nbsp;<\/p>\n<h3><strong>\u00bfPor qu\u00e9 elegir nuestro kit para hacer velas de soja?<\/strong><\/h3>\n<p>Nos enorgullecemos de suministrar solo los ingredientes de la m\u00e1s alta calidad para la elaboraci\u00f3n de velas arom\u00e1ticas caseras. A diferencia de muchos kits de inicio, nuestros productos son cuidadosamente seleccionados por su calidad profesional, ayud\u00e1ndote a crear velas con una excelente combusti\u00f3n, un fuerte aroma y un hermoso acabado.<\/p>\n<p><strong>Nuestra <a href=\"https:\/\/cosyowl.com\/es\/guides\/how-to-make-bleeding-heart-wax-melts\">BRICOLAJE<\/a> El kit para hacer velas de soja es ideal para:<\/strong><\/p>\n<ul>\n<li>Principiantes aprendiendo a hacer velas en casa<\/li>\n<li>Los aficionados que quieran un <a href=\"https:\/\/cosyowl.com\/es\/guides\/how-to-make-marbled-wax-melts\">artesan\u00eda con velas<\/a> kit<\/li>\n<li>Los compradores de regalos que buscan un <a href=\"https:\/\/cosyowl.com\/es\/guides\/ideas-and-creativity\">fabricaci\u00f3n creativa de velas<\/a> regalo<\/li>\n<li>Cualquiera que ame <a href=\"https:\/\/cosyowl.com\/es\/guides\/making-a-reed-diffuser\">fragancia para el hogar<\/a> y velas artesanales<\/li>\n<\/ul>\n<p>&nbsp;<\/p>\n<h3><strong>Suministros para la elaboraci\u00f3n de velas de calidad profesional<\/strong><\/h3>\n<p>Todos los art\u00edculos de este <a href=\"https:\/\/cosyowl.com\/es\/guides\/vegan-candle-making-supplies\">suministros para la fabricaci\u00f3n de velas<\/a> ha sido elegido para ayudarle a conseguir grandes resultados en casa. No utilizamos materiales de iniciaci\u00f3n de baja calidad, porque creemos que aprender con mejores ingredientes conduce a mejores velas.<\/p>\n<p><strong>Todos los materiales incluidos en este kit son:<\/strong><\/p>\n<ul>\n<li>De origen sostenible<\/li>\n<li>Ecol\u00f3gico<\/li>\n<li>Amigable con veganos<\/li>\n<li>Libre de crueldad<\/li>\n<li><a href=\"https:\/\/cosyowl.com\/es\/guides\/cmrs-and-phthalates-in-fragrance-oils\">Libre de<\/a> CMR y ftalatos<\/li>\n<li>Perfecto para principiantes y amantes de las velas<\/li>\n<\/ul>\n<p>Si est\u00e1 buscando un kit de inicio para hacer velas, un kit para hacer velas de soja o un kit completo para hacer sus propias velas, \u00e9ste es un lugar excelente para empezar. Con <a href=\"https:\/\/cosyowl.com\/es\/guides\/temperature-guidelines\">instrucciones<\/a>, Con ingredientes de primera calidad y la fragancia que elija, nuestro kit le permite disfrutar del proceso creativo de la fabricaci\u00f3n de velas desde la comodidad de su hogar.<\/p>\n<h3 data-start=\"2493\" data-end=\"2542\"><\/h3>\n<h3 data-start=\"2493\" data-end=\"2542\"><strong>Recursos \u00fatiles para fabricar velas con \u00e9xito<\/strong><\/h3>\n<ul>\n<li><strong><span style=\"color: #ff6600\"><a style=\"color: #ff6600\" href=\"https:\/\/cosyowl.com\/es\/guias\/como-hacer-una-vela\/?wmc-currency=EUR\">C\u00f3mo hacer una vela\u00a0<\/a><\/span><\/strong><\/li>\n<li><strong><span style=\"color: #ff6600\"><a style=\"color: #ff6600\" href=\"https:\/\/cosyowl.com\/es\/guias\/guia-de-velas-contenedoras\/?wmc-currency=EUR\">Gu\u00eda para hacer velas en recipientes<\/a><\/span><\/strong><\/li>\n<li><strong><span style=\"color: #ff6600\"><a style=\"color: #ff6600\" href=\"https:\/\/cosyowl.com\/es\/guias\/guia-para-principiantes-sobre-la-fabricacion-de-velas\/?wmc-currency=EUR\">Gu\u00eda para principiantes sobre la fabricaci\u00f3n de velas<\/a><\/span><\/strong><strong><br \/>\n<\/strong><\/li>\n<li class=\"entry-title\"><strong><span style=\"color: #ff6600\"><a style=\"color: #ff6600\" href=\"https:\/\/cosyowl.com\/es\/guias\/como-utilizar-los-aceites-aromaticos\/?wmc-currency=EUR\">C\u00f3mo utilizar los aceites arom\u00e1ticos<\/a><\/span><\/strong><\/li>\n<li><strong><span style=\"color: #ff6600\"><a style=\"color: #ff6600\" href=\"https:\/\/cosyowl.com\/es\/guias\/solucion-de-problemas\/?wmc-currency=EUR\">Soluci\u00f3n de problemas en la fabricaci\u00f3n de velas<\/a><\/span><\/strong><\/li>\n<li><strong><span style=\"color: #ff6600\"><a style=\"color: #ff6600\" href=\"https:\/\/cosyowl.com\/es\/guias\/faq\/?wmc-currency=EUR\">Preguntas frecuentes sobre la fabricaci\u00f3n de velas<\/a><\/span><\/strong><\/li>\n<li><strong><span style=\"color: #ff6600\"><a style=\"color: #ff6600\" href=\"https:\/\/cosyowl.com\/es\/guias\/?wmc-currency=EUR\">Gu\u00edas y recetas<\/a><\/span><\/strong><\/li>\n<\/ul>","protected":false},"excerpt":{"rendered":"<p>Our Candle Making Kit makes it easy to create beautifully scented soy candles at home. Ideal for beginners and experienced makers alike, this all-in-one kit includes everything you need to make up to five fragranced candles using high-quality materials.\u00a0Perfect as a gift or a fun home craft project, each kit includes one fragrance so you [&hellip;]<\/p>\n","protected":false},"featured_media":126805,"comment_status":"open","ping_status":"closed","template":"","meta":{"_acf_changed":false},"product_brand":[],"product_cat":[530,720,653],"product_tag":[917],"class_list":{"0":"post-126579","1":"product","2":"type-product","3":"status-publish","4":"has-post-thumbnail","6":"product_cat-candle-making-kits","7":"product_cat-candle-making-kits-candle-making-supplies","8":"product_cat-craft-kits","9":"product_tag-candle-making-kit","10":"product_shipping_class-royal_mail_kits","12":"first","13":"instock","14":"taxable","15":"shipping-taxable","16":"purchasable","17":"product-type-variable"},"acf":[],"_links":{"self":[{"href":"https:\/\/cosyowl.com\/es\/wp-json\/wp\/v2\/product\/126579","targetHints":{"allow":["GET"]}}],"collection":[{"href":"https:\/\/cosyowl.com\/es\/wp-json\/wp\/v2\/product"}],"about":[{"href":"https:\/\/cosyowl.com\/es\/wp-json\/wp\/v2\/types\/product"}],"replies":[{"embeddable":true,"href":"https:\/\/cosyowl.com\/es\/wp-json\/wp\/v2\/comments?post=126579"}],"wp:featuredmedia":[{"embeddable":true,"href":"https:\/\/cosyowl.com\/es\/wp-json\/wp\/v2\/media\/126805"}],"wp:attachment":[{"href":"https:\/\/cosyowl.com\/es\/wp-json\/wp\/v2\/media?parent=126579"}],"wp:term":[{"taxonomy":"product_brand","embeddable":true,"href":"https:\/\/cosyowl.com\/es\/wp-json\/wp\/v2\/product_brand?post=126579"},{"taxonomy":"product_cat","embeddable":true,"href":"https:\/\/cosyowl.com\/es\/wp-json\/wp\/v2\/product_cat?post=126579"},{"taxonomy":"product_tag","embeddable":true,"href":"https:\/\/cosyowl.com\/es\/wp-json\/wp\/v2\/product_tag?post=126579"}],"curies":[{"name":"wp","href":"https:\/\/api.w.org\/{rel}","templated":true}]}}