{"id":126537,"date":"2026-03-23T09:22:47","date_gmt":"2026-03-23T09:22:47","guid":{"rendered":"https:\/\/cosyowl.com\/?post_type=product&#038;p=126537"},"modified":"2026-05-01T13:09:03","modified_gmt":"2026-05-01T12:09:03","slug":"kit-para-hacer-velas-haz-5-velas-perfumadas-en-casa-aromas-masculinos","status":"publish","type":"product","link":"https:\/\/cosyowl.com\/es\/craft-kits\/candle-making-kits\/soy-candle-making-kit-make-5-scented-candles-at-home-masculine-scents","title":{"rendered":"Kit para hacer velas \u2013 Haz 5 velas perfumadas en casa | Aromas masculinos"},"content":{"rendered":"<h4 style=\"text-align: left\"><strong>Nuestro Kit para Hacer Velas facilita la creaci\u00f3n de velas de soja bellamente perfumadas en casa. Ideal tanto para principiantes como para artesanos experimentados, este kit todo en uno incluye todo lo que necesitas para hacer hasta cinco velas perfumadas utilizando materiales de alta calidad. Perfecto como regalo o como un divertido proyecto de manualidades en casa, cada kit incluye una fragancia para que puedas crear velas que se adapten a tu estilo y espacio. Con todo incluido para empezar de inmediato, es una forma sencilla y gratificante de disfrutar de la fabricaci\u00f3n de velas en casa.<\/strong><\/h4>\n<p>&nbsp;<\/p>\n<h3 style=\"text-align: left\"><strong>\u00bfQu\u00e9 contiene su kit de fabricaci\u00f3n de velas?<\/strong><\/h3>\n<p>800g de <strong>Alta calidad <a href=\"https:\/\/cosyowl.com\/es\/candle-making-supplies\/candle-wax\/soy-wax\/kerasoy-4130-container-wax\">KeraSoy 4130<\/a> Cera de soja para contenedores<\/strong> Para A <a href=\"https:\/\/cosyowl.com\/es\/candle-making-supplies\/glitters\/pure-white-biodegradable\">Limpia<\/a>, Even Burn<\/p>\n<p><a href=\"https:\/\/cosyowl.com\/es\/candle-tins\/silver-round-candle-tin-with-window-lid-50ml\">50 ml<\/a> <strong><a href=\"https:\/\/cosyowl.com\/es\/candle-making-supplies\/fragrance-oils-for-candle-making\/premium-fragrance-oils\/cosy-owl-premium-1-million-type-fragrance-oil\">Aceite con fragancia<\/a><\/strong><\/p>\n<p>5 <strong>Eco 10 Mechas<\/strong> Para un rendimiento \u00f3ptimo de la llama<\/p>\n<p>5 <strong>Espaciadores de centrado de madera<\/strong><\/p>\n<p>5 G<strong>Puntos azules<\/strong><\/p>\n<p>5 <strong><a href=\"https:\/\/cosyowl.com\/es\/candle-making-supplies\/candle-containers\/candle-glasses\/glass-candle-containers-20cl-karen-round-pack-of-12\">20 cl<\/a> <a href=\"https:\/\/cosyowl.com\/es\/candle-making-supplies\/candle-containers\/candle-glasses\/glass-candle-container-30cl-karen-round\">Karen Round<\/a> Gafas<\/strong> Envases perfectos para uso dom\u00e9stico o para regalo<\/p>\n<p>F\u00e1cil de seguir, <strong>Paso a paso <a href=\"https:\/\/cosyowl.com\/es\/guides\/how-to-make-a-candle\">Fabricaci\u00f3n de velas<\/a> <a href=\"https:\/\/cosyowl.com\/es\/guides\/a-guide-to-creating-your-own-soap-products\">Gu\u00eda<\/a><\/strong> Perfecto para principiantes<\/p>\n<h3><strong>Elige tu fragancia de vela favorita<\/strong><\/h3>\n<p>La fragancia es una de las partes m\u00e1s importantes de cualquier <a href=\"https:\/\/cosyowl.com\/es\/guides\/a-summers-beach-gel-votive-candle\">vela<\/a>. Ayuda a crear ambiente, trae recuerdos y a\u00f1ade un toque personal a cada vela que haces. Por eso, este kit para hacer velas con aceite arom\u00e1tico le permite elegir su aroma preferido en el men\u00fa desplegable. Nuestra colecci\u00f3n de <a href=\"https:\/\/cosyowl.com\/es\/guides\/2023-spring-fragrance-oil-trends\">aceites arom\u00e1ticos<\/a> incluye una amplia variedad de aromas para todos los gustos, desde <a href=\"https:\/\/cosyowl.com\/es\/candle-making-supplies\/essential-oils\/eucalyptus-globulus-essential-oil\">fresco<\/a> y aromas limpios a <a href=\"https:\/\/cosyowl.com\/es\/craft-kits\/candle-making-kits\/soy-wax-mulled-wine-christmas-candle-making-kit\">caliente<\/a>, <a href=\"https:\/\/cosyowl.com\/es\/fragrance-oils\/chocolate-orange\">rico<\/a>, y reconfortantes. Cada aceite con fragancia est\u00e1 altamente concentrado, por lo que un poco rinde mucho, d\u00e1ndole un control total sobre la intensidad del aroma de sus velas terminadas. Estos aceites con fragancia est\u00e1n especialmente formulados para mezclarse suavemente con la cera, proporcionando un excelente rendimiento arom\u00e1tico sin afectar a la calidad de la cera. <a href=\"https:\/\/cosyowl.com\/es\/candle-wicks\/wedo-lx-wick-raw\">calidad<\/a> o quema de tu vela.<\/p>\n<p><strong><a href=\"https:\/\/cosyowl.com\/es\/suministros-para-la-fabricacion-de-velas\/aceites-aromaticos-para-la-fabricacion-de-velas\/aceites-aromaticos-premium\/aceite-con-fragancia-cosy-owl-premium-tipo-1-millon\/?wmc-currency=EUR\">1 mill\u00f3n<\/a> <\/strong>- A <a href=\"https:\/\/cosyowl.com\/es\/candle-making-supplies\/glitters\/fluorescent-green\">negrita<\/a>, perfume masculino que se abre con toronja fresca, menta y naranja sanguina, realzado por sutiles <a href=\"https:\/\/cosyowl.com\/es\/craft-supplies\/wax-melt-supplies\/mica-powder-glitter\/bright-peach-biodegradable-candle-glitter\">espumoso<\/a> especias, y arraigado en una base suave de maderas blancas y \u00e1mbar.<\/p>\n<p><strong><a href=\"https:\/\/cosyowl.com\/es\/aceites-aromaticos\/todas-las-fragancias\/aceite-con-fragancia-bibliotheque\/?wmc-currency=EUR\">Biblioteca<\/a> -<\/strong> Una fragancia profunda y masculina con un car\u00e1cter c\u00e1lido y rancio, que evoca libros antiguos y madera envejecida, enriquecida con complejas notas medias y de fondo para un acabado rico, redondeado y atmosf\u00e9rico.<\/p>\n<p><strong><a href=\"https:\/\/cosyowl.com\/es\/suministros-para-la-fabricacion-de-velas\/aceites-aromaticos-para-la-fabricacion-de-velas\/todas-las-fragancias\/aceite-con-fragancia-mr-boss\/?wmc-currency=EUR\">Sr. Jefe<\/a> <\/strong>\u2013 Una fragancia refinada y masculina que se abre con manzana crujiente y <a href=\"https:\/\/cosyowl.com\/es\/candle-making-supplies\/fragrance-oils-for-candle-making\/all-fragrances\/lime-basil-mandarin-fragrance-oil\">picante<\/a> <a href=\"https:\/\/cosyowl.com\/es\/fragrance-oils\/lemon\">lim\u00f3n<\/a>, lo que lleva a un c\u00e1lido coraz\u00f3n de canela y clavo con notas ambarinas y bals\u00e1micas, y con una base de cedro con un suave toque de vainilla.<\/p>\n<p><strong><a href=\"https:\/\/cosyowl.com\/es\/suministros-para-la-fabricacion-de-velas\/aceites-aromaticos-para-la-fabricacion-de-velas\/todas-las-fragancias\/aceite-con-fragancia-tipo-creed\/?wmc-currency=EUR\">Tipo de Credo<\/a><\/strong> - Un fresco, <a href=\"https:\/\/cosyowl.com\/es\/fragrance-oils\/coffee\">arom\u00e1tico<\/a> fragancia que se abre con c\u00e1scara de lim\u00f3n, menta salvaje y eucalipto, en capas con romero, ciclamen, geranio y muguet, y rematada con una base refinada de \u00e1mbar, s\u00e1ndalo blanco, musgo de roble y pachul\u00ed.<\/p>\n<p><strong><a href=\"https:\/\/cosyowl.com\/es\/suministros-para-la-fabricacion-de-velas\/aceites-aromaticos-para-la-fabricacion-de-velas\/todas-las-fragancias\/aceite-con-fragancia-de-tabaco-y-miel-oscura\/?wmc-currency=EUR\">Miel oscura y tabaco<\/a> <\/strong>- Una fragancia rica y plena que se abre con <a href=\"https:\/\/cosyowl.com\/es\/candle-making-supplies\/fragrance-oils-for-candle-making\/all-fragrances\/pink-grapefruit-fragrance-oil\">c\u00edtricos<\/a> naranja, bergamota y miel, que conducen a un c\u00e1lido coraz\u00f3n especiado de canela, clavo, <a href=\"https:\/\/cosyowl.com\/es\/candle-making-supplies\/fragrance-oils-for-candle-making\/all-fragrances\/jasmine-fragrance-oil\">jazm\u00edn<\/a>, <a href=\"https:\/\/cosyowl.com\/es\/fragrance-oils\/gardenia\">gardenia<\/a>, y muguet, y se asienta en una profunda base de \u00e1mbar, cedro, pachul\u00ed, s\u00e1ndalo, vainilla y almizcle.<\/p>\n<p><strong><a href=\"https:\/\/cosyowl.com\/es\/suministros-para-la-fabricacion-de-velas\/aceites-aromaticos-para-la-fabricacion-de-velas\/todas-las-fragancias\/aceite-con-fragancia-de-ambar-egipcio\/?wmc-currency=EUR\">\u00c1mbar egipcio<\/a><\/strong> \u2013 Una fragancia rica y seductora con \u00e1mbar marroqu\u00ed, <a href=\"https:\/\/cosyowl.com\/es\/candle-making-kits\/soy-wax-christmas-spice-candle-making-kit\">picante<\/a> canela, naranja amarga y cilantro, profundizado por una base suave de vainilla, s\u00e1ndalo, pachul\u00ed e ylang ylang.<\/p>\n<p><strong><a href=\"https:\/\/cosyowl.com\/es\/suministros-para-la-fabricacion-de-velas\/aceites-aromaticos-para-la-fabricacion-de-velas\/todas-las-fragancias\/aceite-con-fragancia-midnight-passion\/?wmc-currency=EUR\">Pasi\u00f3n de medianoche<\/a> <\/strong>\u2013 Un rico, <a href=\"https:\/\/cosyowl.com\/es\/candle-making-supplies\/fragrance-oils-for-candle-making\/all-fragrances\/black-coconut-fragrance-oil\">ex\u00f3tico<\/a> fragancia floral que se abre con gardenia, ylang e <a href=\"https:\/\/cosyowl.com\/es\/fragrance-oils\/fresh-cut-grass\">verde<\/a> notas, llevando a un coraz\u00f3n suave de orqu\u00eddea, rosa, jazm\u00edn y flor de naranjo, y asent\u00e1ndose en una base c\u00e1lida de s\u00e1ndalo, cedro, \u00e1mbar y vainilla.<\/p>\n<p><strong><a href=\"https:\/\/cosyowl.com\/es\/suministros-para-la-fabricacion-de-velas\/aceites-aromaticos-para-la-fabricacion-de-velas\/todas-las-fragancias\/aceite-con-fragancia-red-flare\/?wmc-currency=EUR\">Bengala roja<\/a> <\/strong>- A <a href=\"https:\/\/cosyowl.com\/es\/candle-making-supplies\/fragrance-oils-for-candle-making\/all-fragrances\/pomegranate-noir-fragrance-oil\">sofisticado<\/a> fragancia que abre con fresca bergamota y lim\u00f3n, que conducen a un c\u00e1lido coraz\u00f3n de \u00e1mbar y flor de naranjo, asent\u00e1ndose en una rica base de haba tonka, vainilla, s\u00e1ndalo y almizcle.<\/p>\n<p><strong><a href=\"https:\/\/cosyowl.com\/es\/suministros-para-la-fabricacion-de-velas\/aceites-aromaticos-para-la-fabricacion-de-velas\/todas-las-fragancias\/aceite-con-fragancia-sauvage\/?wmc-currency=EUR\">Sauvage<\/a> <\/strong>- A <a href=\"https:\/\/cosyowl.com\/es\/candle-making-supplies\/glitters\/lake-blue-biodegradable\">genial<\/a>, fragancia sofisticada con una apertura de bergamota y mandarina crujientes, en capas con geranio, ol\u00edbano y lavanda fresca, y anclada en pachul\u00ed, musgo, \u00e1mbar y almizcle para un acabado refinado y duradero.<\/p>\n<p><strong><a href=\"https:\/\/cosyowl.com\/es\/suministros-para-la-fabricacion-de-velas\/aceites-aromaticos-para-la-fabricacion-de-velas\/aceites-aromaticos-premium\/cosy-owl-premium-aceite-con-fragancia-de-flor-de-tabaco-tonka\/?wmc-currency=EUR\">Tabaco Tonka<\/a> <\/strong>\u2013 Una fragancia c\u00e1lida y rica con <a href=\"https:\/\/cosyowl.com\/es\/fragrance-oils\/candy-floss\">dulce<\/a> notas superiores de vainilla y canela, un coraz\u00f3n especiado de canela, almendra y clavo, y una base suave de haba tonka y tabaco para un acabado profundo y masculino.<\/p>\n<p><strong><a href=\"https:\/\/cosyowl.com\/es\/suministros-para-la-fabricacion-de-velas\/aceites-aromaticos-para-la-fabricacion-de-velas\/todas-las-fragancias\/aceite-con-fragancia-de-libreria-vintage\/?wmc-currency=EUR\">Librer\u00eda Vintage<\/a><\/strong> \u2013 Una fragancia c\u00e1lida y atmosf\u00e9rica con <a href=\"https:\/\/cosyowl.com\/es\/fragrance-oils\/teakwood\">woody<\/a> notas chipres, cuero, bergamota y hojas verdes, que conducen a un coraz\u00f3n especiado de nuez moscada, pachul\u00ed, clavel y pimienta negra, y se asientan en una rica base de \u00e1mbar, tabaco y s\u00e1ndalo.<\/p>\n<p><strong><a href=\"https:\/\/cosyowl.com\/es\/aceites-aromaticos\/aceite-con-fragancia-vintage-y-vetiver\/?wmc-currency=EUR\">Vintage y Vetiver<\/a> <\/strong>- A <a href=\"https:\/\/cosyowl.com\/es\/candle-making-supplies\/candle-wax\/paraffin-wax\/kerawax-4600-paraffin-pillar-wax\">cl\u00e1sico<\/a>, fragancia le\u00f1osa sofisticada con una apertura de lim\u00f3n fresco, que conduce a un coraz\u00f3n refinado de tabaco y vetiver, y se asienta en una base c\u00e1lida y especiada de nuez moscada, tabaco y pimienta.<\/p>\n<p><strong><a href=\"https:\/\/cosyowl.com\/es\/suministros-para-la-fabricacion-de-velas\/aceites-aromaticos-para-la-fabricacion-de-velas\/aceites-aromaticos-premium\/cosy-owl-premium-wood-sage-seasalt-aceite-con-fragancia\/?wmc-currency=EUR\">Salvia marina<\/a> <\/strong>\u2013 Un suave y arom\u00e1tico <a href=\"https:\/\/cosyowl.com\/es\/candle-making-supplies\/fragrance-oils-for-candle-making\/all-fragrances\/ocean-fragrance-oil\">marina<\/a> fragancia con notas c\u00edtricas frescas, combinando acordes salados con maderas suaves, especias delicadas y un toque dulce para un acabado refinado y duradero.<\/p>\n<p><strong><a href=\"https:\/\/cosyowl.com\/es\/aceites-aromaticos\/aceite-con-fragancia-wood-smoke-vainilla\/?wmc-currency=EUR\">Madera Humo Vainilla<\/a> <\/strong>- Una fragancia compleja y delicada que se abre con madera de siam, mandarina amarilla, azafr\u00e1n y vainilla, y descansa sobre una refinada base de t\u00e9 lapsang souchong, cumarina y \u00e1mbar gris para un final suave y equilibrado.<\/p>\n<h3><strong>\u00bfPor qu\u00e9 elegir nuestro kit para hacer velas de soja?<\/strong><\/h3>\n<p>Nos enorgullecemos de suministrar solo los ingredientes de la m\u00e1s alta calidad para la elaboraci\u00f3n de velas arom\u00e1ticas caseras. A diferencia de muchos kits de inicio, nuestros productos son cuidadosamente seleccionados por su calidad profesional, ayud\u00e1ndote a crear velas con una excelente combusti\u00f3n, un fuerte aroma y un hermoso acabado.<\/p>\n<p><strong>Nuestra <a href=\"https:\/\/cosyowl.com\/es\/guides\/how-to-make-bleeding-heart-wax-melts\">BRICOLAJE<\/a> El kit para hacer velas de soja es ideal para:<\/strong><\/p>\n<ul>\n<li>Principiantes aprendiendo a hacer velas en casa<\/li>\n<li>Los aficionados que quieran un <a href=\"https:\/\/cosyowl.com\/es\/guides\/how-to-make-marbled-wax-melts\">artesan\u00eda con velas<\/a> kit<\/li>\n<li>Los compradores de regalos que buscan un <a href=\"https:\/\/cosyowl.com\/es\/guides\/ideas-and-creativity\">fabricaci\u00f3n creativa de velas<\/a> regalo<\/li>\n<li>Cualquiera que ame <a href=\"https:\/\/cosyowl.com\/es\/guides\/making-a-reed-diffuser\">fragancia para el hogar<\/a> y velas artesanales<\/li>\n<\/ul>\n<h4><\/h4>\n<h3><strong>Suministros para la elaboraci\u00f3n de velas de calidad profesional<\/strong><\/h3>\n<p>Todos los art\u00edculos de este <a href=\"https:\/\/cosyowl.com\/es\/guides\/vegan-candle-making-supplies\">suministros para la fabricaci\u00f3n de velas<\/a> ha sido elegido para ayudarle a conseguir grandes resultados en casa. No utilizamos materiales de iniciaci\u00f3n de baja calidad, porque creemos que aprender con mejores ingredientes conduce a mejores velas.<\/p>\n<p><strong>Todos los materiales incluidos en este kit son:<\/strong><\/p>\n<ul>\n<li>De origen sostenible<\/li>\n<li>Ecol\u00f3gico<\/li>\n<li>Amigable con veganos<\/li>\n<li>Libre de crueldad<\/li>\n<li><a href=\"https:\/\/cosyowl.com\/es\/guides\/cmrs-and-phthalates-in-fragrance-oils\">Libre de<\/a> CMR y ftalatos<\/li>\n<li>Perfecto para principiantes y amantes de las velas<\/li>\n<\/ul>\n<p>Si est\u00e1 buscando un kit de inicio para hacer velas, un kit para hacer velas de soja o un kit completo para hacer sus propias velas, \u00e9ste es un lugar excelente para empezar. Con <a href=\"https:\/\/cosyowl.com\/es\/guides\/temperature-guidelines\">instrucciones<\/a>, Con ingredientes de primera calidad y la fragancia que elija, nuestro kit le permite disfrutar del proceso creativo de la fabricaci\u00f3n de velas desde la comodidad de su hogar.<\/p>\n<h3 data-start=\"2493\" data-end=\"2542\"><\/h3>\n<h3 data-start=\"2493\" data-end=\"2542\"><strong>Recursos \u00fatiles para fabricar velas con \u00e9xito<\/strong><\/h3>\n<ul>\n<li><strong><span style=\"color: #ff6600\"><a style=\"color: #ff6600\" href=\"https:\/\/cosyowl.com\/es\/guias\/como-hacer-una-vela\/?wmc-currency=EUR\">C\u00f3mo hacer una vela\u00a0<\/a><\/span><\/strong><\/li>\n<li><strong><span style=\"color: #ff6600\"><a style=\"color: #ff6600\" href=\"https:\/\/cosyowl.com\/es\/guias\/guia-de-velas-contenedoras\/?wmc-currency=EUR\">Gu\u00eda para hacer velas en recipientes<\/a><\/span><\/strong><\/li>\n<li><strong><span style=\"color: #ff6600\"><a style=\"color: #ff6600\" href=\"https:\/\/cosyowl.com\/es\/guias\/guia-para-principiantes-sobre-la-fabricacion-de-velas\/?wmc-currency=EUR\">Gu\u00eda para principiantes sobre la fabricaci\u00f3n de velas<\/a><\/span><\/strong><strong><br \/>\n<\/strong><\/li>\n<li class=\"entry-title\"><strong><span style=\"color: #ff6600\"><a style=\"color: #ff6600\" href=\"https:\/\/cosyowl.com\/es\/guias\/como-utilizar-los-aceites-aromaticos\/?wmc-currency=EUR\">C\u00f3mo utilizar los aceites arom\u00e1ticos<\/a><\/span><\/strong><\/li>\n<li><strong><span style=\"color: #ff6600\"><a style=\"color: #ff6600\" href=\"https:\/\/cosyowl.com\/es\/guias\/solucion-de-problemas\/?wmc-currency=EUR\">Soluci\u00f3n de problemas en la fabricaci\u00f3n de velas<\/a><\/span><\/strong><\/li>\n<li><strong><span style=\"color: #ff6600\"><a style=\"color: #ff6600\" href=\"https:\/\/cosyowl.com\/es\/guias\/faq\/?wmc-currency=EUR\">Preguntas frecuentes sobre la fabricaci\u00f3n de velas<\/a><\/span><\/strong><\/li>\n<li><strong><span style=\"color: #ff6600\"><a style=\"color: #ff6600\" href=\"https:\/\/cosyowl.com\/es\/guias\/?wmc-currency=EUR\">Gu\u00edas y recetas<\/a><\/span><\/strong><\/li>\n<\/ul>","protected":false},"excerpt":{"rendered":"<p>Our Candle Making Kit makes it easy to create beautifully scented soy candles at home. Ideal for beginners and experienced makers alike, this all-in-one kit includes everything you need to make up to five fragranced candles using high-quality materials.\u00a0Perfect as a gift or a fun home craft project, each kit includes one fragrance so you [&hellip;]<\/p>\n","protected":false},"featured_media":126805,"comment_status":"open","ping_status":"closed","template":"","meta":{"_acf_changed":false},"product_brand":[],"product_cat":[530,720,653],"product_tag":[917],"class_list":{"0":"post-126537","1":"product","2":"type-product","3":"status-publish","4":"has-post-thumbnail","6":"product_cat-candle-making-kits","7":"product_cat-candle-making-kits-candle-making-supplies","8":"product_cat-craft-kits","9":"product_tag-candle-making-kit","10":"product_shipping_class-royal_mail_kits","12":"first","13":"instock","14":"taxable","15":"shipping-taxable","16":"purchasable","17":"product-type-variable"},"acf":[],"_links":{"self":[{"href":"https:\/\/cosyowl.com\/es\/wp-json\/wp\/v2\/product\/126537","targetHints":{"allow":["GET"]}}],"collection":[{"href":"https:\/\/cosyowl.com\/es\/wp-json\/wp\/v2\/product"}],"about":[{"href":"https:\/\/cosyowl.com\/es\/wp-json\/wp\/v2\/types\/product"}],"replies":[{"embeddable":true,"href":"https:\/\/cosyowl.com\/es\/wp-json\/wp\/v2\/comments?post=126537"}],"wp:featuredmedia":[{"embeddable":true,"href":"https:\/\/cosyowl.com\/es\/wp-json\/wp\/v2\/media\/126805"}],"wp:attachment":[{"href":"https:\/\/cosyowl.com\/es\/wp-json\/wp\/v2\/media?parent=126537"}],"wp:term":[{"taxonomy":"product_brand","embeddable":true,"href":"https:\/\/cosyowl.com\/es\/wp-json\/wp\/v2\/product_brand?post=126537"},{"taxonomy":"product_cat","embeddable":true,"href":"https:\/\/cosyowl.com\/es\/wp-json\/wp\/v2\/product_cat?post=126537"},{"taxonomy":"product_tag","embeddable":true,"href":"https:\/\/cosyowl.com\/es\/wp-json\/wp\/v2\/product_tag?post=126537"}],"curies":[{"name":"wp","href":"https:\/\/api.w.org\/{rel}","templated":true}]}}