{"id":126498,"date":"2026-03-23T09:22:51","date_gmt":"2026-03-23T09:22:51","guid":{"rendered":"https:\/\/cosyowl.com\/?post_type=product&#038;p=126498"},"modified":"2026-05-01T13:08:58","modified_gmt":"2026-05-01T12:08:58","slug":"kit-para-hacer-velas-haz-5-velas-perfumadas-en-casa-inspiradas-en-aromas","status":"publish","type":"product","link":"https:\/\/cosyowl.com\/es\/craft-kits\/candle-making-kits\/soy-candle-making-kit-make-5-scented-candles-at-home-inspired-by-scents","title":{"rendered":"Kit para Hacer Velas \u2013 Haz 5 Velas Arom\u00e1ticas en Casa | Inspirado en Aromas"},"content":{"rendered":"<h4 style=\"text-align: left\"><strong>Nuestro Kit para Hacer Velas facilita la creaci\u00f3n de velas de soja bellamente perfumadas en casa. Ideal tanto para principiantes como para artesanos experimentados, este kit todo en uno incluye todo lo que necesitas para hacer hasta cinco velas perfumadas utilizando materiales de alta calidad. Perfecto como regalo o como un divertido proyecto de manualidades en casa, cada kit incluye una fragancia para que puedas crear velas que se adapten a tu estilo y espacio. Con todo incluido para empezar de inmediato, es una forma sencilla y gratificante de disfrutar de la fabricaci\u00f3n de velas en casa.<\/strong><\/h4>\n<p>&nbsp;<\/p>\n<h3 style=\"text-align: left\"><strong>\u00bfQu\u00e9 contiene su kit de fabricaci\u00f3n de velas?<\/strong><\/h3>\n<p>800g de <strong>Alta calidad <a href=\"https:\/\/cosyowl.com\/es\/candle-making-supplies\/candle-wax\/soy-wax\/kerasoy-4130-container-wax\">KeraSoy 4130<\/a> Cera de soja para contenedores<\/strong> Para A <a href=\"https:\/\/cosyowl.com\/es\/candle-making-supplies\/glitters\/pure-white-biodegradable\">Limpia<\/a>, Even Burn<\/p>\n<p><a href=\"https:\/\/cosyowl.com\/es\/candle-tins\/silver-round-candle-tin-with-window-lid-50ml\">50 ml<\/a> <strong><a href=\"https:\/\/cosyowl.com\/es\/candle-making-supplies\/fragrance-oils-for-candle-making\/premium-fragrance-oils\/cosy-owl-premium-1-million-type-fragrance-oil\">Aceite con fragancia<\/a><\/strong><\/p>\n<p>5 <strong>Eco 10 Mechas<\/strong> Para un rendimiento \u00f3ptimo de la llama<\/p>\n<p>5 <strong>Espaciadores de centrado de madera<\/strong><\/p>\n<p>5 G<strong>Puntos azules<\/strong><\/p>\n<p>5 <strong><a href=\"https:\/\/cosyowl.com\/es\/candle-making-supplies\/candle-containers\/candle-glasses\/glass-candle-containers-20cl-karen-round-pack-of-12\">20 cl<\/a> <a href=\"https:\/\/cosyowl.com\/es\/candle-making-supplies\/candle-containers\/candle-glasses\/glass-candle-container-30cl-karen-round\">Karen Round<\/a> Gafas<\/strong> Envases perfectos para uso dom\u00e9stico o para regalo<\/p>\n<p>F\u00e1cil de seguir, <strong>Paso a paso <a href=\"https:\/\/cosyowl.com\/es\/guides\/how-to-make-a-candle\">Fabricaci\u00f3n de velas<\/a> <a href=\"https:\/\/cosyowl.com\/es\/guides\/a-guide-to-creating-your-own-soap-products\">Gu\u00eda<\/a><\/strong> Perfecto para principiantes<\/p>\n<h3><strong>Elige tu fragancia de vela favorita<\/strong><\/h3>\n<p>La fragancia es una de las partes m\u00e1s importantes de cualquier <a href=\"https:\/\/cosyowl.com\/es\/guides\/a-summers-beach-gel-votive-candle\">vela<\/a>. Ayuda a crear ambiente, trae recuerdos y a\u00f1ade un toque personal a cada vela que haces. Por eso, este kit para hacer velas con aceite arom\u00e1tico le permite elegir su aroma preferido en el men\u00fa desplegable. Nuestra colecci\u00f3n de <a href=\"https:\/\/cosyowl.com\/es\/guides\/2023-spring-fragrance-oil-trends\">aceites arom\u00e1ticos<\/a> incluye una amplia variedad de aromas para todos los gustos, desde <a href=\"https:\/\/cosyowl.com\/es\/candle-making-supplies\/essential-oils\/eucalyptus-globulus-essential-oil\">fresco<\/a> y aromas limpios a <a href=\"https:\/\/cosyowl.com\/es\/craft-kits\/candle-making-kits\/soy-wax-mulled-wine-christmas-candle-making-kit\">caliente<\/a>, <a href=\"https:\/\/cosyowl.com\/es\/fragrance-oils\/chocolate-orange\">rico<\/a>, y reconfortantes. Cada aceite con fragancia est\u00e1 altamente concentrado, por lo que un poco rinde mucho, d\u00e1ndole un control total sobre la intensidad del aroma de sus velas terminadas. Estos aceites con fragancia est\u00e1n especialmente formulados para mezclarse suavemente con la cera, proporcionando un excelente rendimiento arom\u00e1tico sin afectar a la calidad de la cera. <a href=\"https:\/\/cosyowl.com\/es\/candle-wicks\/wedo-lx-wick-raw\">calidad<\/a> o quema de tu vela.<\/p>\n<p><strong><a href=\"https:\/\/cosyowl.com\/es\/suministros-para-la-fabricacion-de-velas\/aceites-aromaticos-para-la-fabricacion-de-velas\/aceites-aromaticos-premium\/aceite-con-fragancia-cosy-owl-premium-tipo-1-millon\/?wmc-currency=EUR\">1 mill\u00f3n<\/a><\/strong> - A <a href=\"https:\/\/cosyowl.com\/es\/candle-making-supplies\/glitters\/fluorescent-green\">negrita<\/a>, aroma masculino que se abre con toronja, menta y naranja sanguina, realzado por sutiles <a href=\"https:\/\/cosyowl.com\/es\/craft-supplies\/wax-melt-supplies\/mica-powder-glitter\/bright-peach-biodegradable-candle-glitter\">espumoso<\/a> especias, y arraigado en una base suave de maderas blancas y \u00e1mbar.<\/p>\n<p><strong><a href=\"https:\/\/cosyowl.com\/es\/suministros-para-la-fabricacion-de-velas\/aceites-aromaticos-para-la-fabricacion-de-velas\/todas-las-fragancias\/aceite-de-fragancia-tipo-alien\/?wmc-currency=EUR\">Tipo Alien<\/a><\/strong> \u2013 Una fragancia rica y floral-dulce que se abre con bergamota, cassis y <a href=\"https:\/\/cosyowl.com\/es\/candle-making-supplies\/fragrance-oils-for-candle-making\/all-fragrances\/strawberry-fragrance-oil\">fresa<\/a>, lo que lleva a un coraz\u00f3n exuberante de <a href=\"https:\/\/cosyowl.com\/es\/candle-making-supplies\/fragrance-oils-for-candle-making\/all-fragrances\/jasmine-fragrance-oil\">jazm\u00edn<\/a>, lirio, orqu\u00eddea, rosa y miel, y se asienta en una c\u00e1lida base de vainilla, caramelo, haba tonka, pachul\u00ed, s\u00e1ndalo, almizcle y \u00e1mbar.<\/p>\n<p><strong><a href=\"https:\/\/cosyowl.com\/es\/suministros-para-la-fabricacion-de-velas\/aceites-aromaticos-para-la-fabricacion-de-velas\/todas-las-fragancias\/aceite-con-fragancia-tipo-angel\/?wmc-currency=EUR\">Tipo \u00c1ngel<\/a> <\/strong>- A <a href=\"https:\/\/cosyowl.com\/es\/candle-making-supplies\/glitters\/lake-blue-biodegradable\">vibrante<\/a> apertura de fragancia con <a href=\"https:\/\/cosyowl.com\/es\/fragrance-oils\/lemon\">lim\u00f3n<\/a>, bergamota y ralladura de naranja, que conducen a un coraz\u00f3n suave de jazm\u00edn, cacao y <a href=\"https:\/\/cosyowl.com\/es\/fragrance-oils\/lilac\">lila<\/a>, y asent\u00e1ndose en una c\u00e1lida base de <a href=\"https:\/\/cosyowl.com\/es\/candle-making-supplies\/fragrance-oils-for-candle-making\/all-fragrances\/french-vanilla-fragrance-oil\">cremoso<\/a> \u00e1mbar, pachul\u00ed, musgo, vainilla y haba tonka.<\/p>\n<p><strong><a href=\"https:\/\/cosyowl.com\/es\/suministros-para-la-fabricacion-de-velas\/aceites-aromaticos-para-la-fabricacion-de-velas\/aceites-aromaticos-premium\/aceite-con-fragancia-cosy-owl-premium-baies\/?wmc-currency=EUR\">Baies<\/a> <\/strong>\u2013 Un rom\u00e1ntico, <a href=\"https:\/\/cosyowl.com\/es\/candle-making-supplies\/fragrance-oils-for-candle-making\/all-fragrances\/pomegranate-noir-fragrance-oil\">sofisticado<\/a> fragancia con jugosas bayas de verano y hojas de grosella, suavizada por <a href=\"https:\/\/cosyowl.com\/es\/candle-making-supplies\/candle-containers\/candle-glasses\/glass-candle-container-50cl-classic-jar-with-lid\">elegante<\/a> notas de rosa y fresia.<\/p>\n<p><strong><a href=\"https:\/\/cosyowl.com\/es\/aceites-aromaticos\/todas-las-fragancias\/aceite-con-fragancia-bibliotheque\/?wmc-currency=EUR\">Biblioteca<\/a> <\/strong>- Una fragancia profunda y masculina con notas c\u00e1lidas y rancias de madera envejecida y libros viejos, enriquecida con complejos acordes medios y de fondo para un acabado rico, redondo y atmosf\u00e9rico.<\/p>\n<p><strong><a href=\"https:\/\/cosyowl.com\/es\/suministros-para-la-fabricacion-de-velas\/aceites-aromaticos-para-la-fabricacion-de-velas\/todas-las-fragancias\/aceite-con-fragancia-mr-boss\/?wmc-currency=EUR\">Sr. Jefe<\/a> <\/strong>\u2013 Una fragancia refinada y masculina que se abre con manzana crujiente y <a href=\"https:\/\/cosyowl.com\/es\/candle-making-supplies\/fragrance-oils-for-candle-making\/all-fragrances\/lime-basil-mandarin-fragrance-oil\">picante<\/a> lim\u00f3n, que conduce a un c\u00e1lido coraz\u00f3n de canela y clavo con notas ambarinas y bals\u00e1micas, y arraigado en madera de cedro con un suave toque de vainilla.<\/p>\n<p><strong><a href=\"https:\/\/cosyowl.com\/es\/suministros-para-la-fabricacion-de-velas\/aceites-aromaticos-para-la-fabricacion-de-velas\/todas-las-fragancias\/aceite-con-fragancia-belleza-brasilena\/?wmc-currency=EUR\">Belleza brasile\u00f1a<\/a><\/strong> \u2013 Una fragancia rica y reconfortante que se abre con lavanda, mandarina y <a href=\"https:\/\/cosyowl.com\/es\/fragrance-oils\/candy-floss\">dulce<\/a> naranja, lo que lleva a un <a href=\"https:\/\/cosyowl.com\/es\/candle-making-supplies\/fragrance-oils-for-candle-making\/all-fragrances\/parma-violets-fragrance-oil\">floral suave<\/a> coraz\u00f3n de lirio e iris, y asent\u00e1ndose en una c\u00e1lida base de <a href=\"https:\/\/cosyowl.com\/es\/fragrance-oils\/coconut\">coco<\/a>, <a href=\"https:\/\/cosyowl.com\/es\/candle-making-supplies\/fragrance-oils-for-candle-making\/all-fragrances\/blueberry-vanilla-fragrance-oil\">vainilla cremosa<\/a>, manteca de karit\u00e9, y maderas suaves.<\/p>\n<p><strong><a href=\"https:\/\/cosyowl.com\/es\/suministros-para-la-fabricacion-de-velas\/aceites-aromaticos-para-la-fabricacion-de-velas\/todas-las-fragancias\/aceite-con-fragancia-brazilian-crush\/?wmc-currency=EUR\">Crush brasile\u00f1o<\/a> <\/strong>- Una c\u00e1lida, <a href=\"https:\/\/cosyowl.com\/es\/candle-making-supplies\/fragrance-oils-for-candle-making\/all-fragrances\/fudge-fragrance-oil\">indulgente<\/a> mezcla de fragancias de almendra, <a href=\"https:\/\/cosyowl.com\/es\/candle-making-supplies\/fragrance-oils-for-candle-making\/all-fragrances\/chocolate-fragrance-oil\">chocolate<\/a>, coco y caf\u00e9, endulzado con vainilla y caramelo, y rematado con un suave toque de almizcle.<\/p>\n<p><strong><a href=\"https:\/\/cosyowl.com\/es\/suministros-para-la-fabricacion-de-velas\/aceites-aromaticos-para-la-fabricacion-de-velas\/todas-las-fragancias\/aceite-con-fragancia-charming-love\/?wmc-currency=EUR\">Amor con encanto<\/a><\/strong> - Una fragancia suave y rom\u00e1ntica que se abre con melocot\u00f3n maduro y naranja, conduce a un delicado coraz\u00f3n de flor de cerezo y aloe vera, y se asienta en una reconfortante base de almizcle y manzanilla.<\/p>\n<p><strong><a href=\"https:\/\/cosyowl.com\/es\/suministros-para-la-fabricacion-de-velas\/aceites-aromaticos-para-la-fabricacion-de-velas\/todas-las-fragancias\/aceite-con-fragancia-tipo-creed\/?wmc-currency=EUR\">Tipo de Credo<\/a> <\/strong>- Un fresco, <a href=\"https:\/\/cosyowl.com\/es\/fragrance-oils\/coffee\">arom\u00e1tico<\/a> fragancia que se abre con c\u00e1scara de lim\u00f3n, menta salvaje y eucalipto, en capas con romero, ciclamen, geranio y muguet, y rematada con una base refinada de \u00e1mbar, s\u00e1ndalo blanco, musgo de roble y pachul\u00ed.<\/p>\n<p><strong><a href=\"https:\/\/cosyowl.com\/es\/suministros-para-la-fabricacion-de-velas\/aceites-aromaticos-para-la-fabricacion-de-velas\/aceites-aromaticos-premium\/aceite-con-fragancia-cosy-owl-premium-english-pear-freesia\/?wmc-currency=EUR\">Pera inglesa y fresia<\/a> <\/strong>- Una fragancia fresca y elegante con jugosas notas de salida de pera, un suave coraz\u00f3n de fresia y un suave fondo de pachul\u00ed.<\/p>\n<p><strong><a href=\"https:\/\/cosyowl.com\/es\/suministros-para-la-fabricacion-de-velas\/aceites-aromaticos-para-la-fabricacion-de-velas\/todas-las-fragancias\/aceite-con-fragancia-fresh-unstoppables\/?wmc-currency=EUR\">Imparables frescos<\/a> <\/strong>\u2013 Una fragancia fresca, afrutada-floral que se abre con notas oz\u00f3nicas, <a href=\"https:\/\/cosyowl.com\/es\/candle-making-supplies\/fragrance-oils-for-candle-making\/all-fragrances\/pink-grapefruit-fragrance-oil\">c\u00edtricos<\/a> naranja, melocot\u00f3n y <a href=\"https:\/\/cosyowl.com\/es\/fragrance-oils\/fresh-cut-grass\">verde<\/a> manzana, que conduce a un delicado coraz\u00f3n de jazm\u00edn, rosa, nerol\u00ed, an\u00eds y eucalipto, y se asienta en una suave base de pachul\u00ed y vainilla.<\/p>\n<p><strong><a href=\"https:\/\/cosyowl.com\/es\/suministros-para-la-fabricacion-de-velas\/aceites-aromaticos-para-la-fabricacion-de-velas\/todas-las-fragancias\/aceite-con-fragancia-tipo-lady-million\/?wmc-currency=EUR\">Tipo Lady Million<\/a> <\/strong>- Una fragancia vibrante y elegante que se abre con naranja, neroli y manzana, conduce a un suave coraz\u00f3n floral de jazm\u00edn, violeta y peon\u00eda, y se asienta en una c\u00e1lida base de \u00e1mbar, pachul\u00ed, s\u00e1ndalo, vainilla y almizcle.<\/p>\n<p><strong><a href=\"https:\/\/cosyowl.com\/es\/suministros-para-la-fabricacion-de-velas\/aceites-aromaticos-para-la-fabricacion-de-velas\/todas-las-fragancias\/aceite-con-fragancia-lenora-blue\/?wmc-currency=EUR\">Lenora Azul<\/a> <\/strong>\u2013 Una fragancia floral aldeh\u00eddica fresca y limpia que se abre con clavel, que conduce a un coraz\u00f3n suave de rosa, jazm\u00edn, lirio y <a href=\"https:\/\/cosyowl.com\/es\/candle-making-supplies\/fragrance-oils-for-candle-making\/all-fragrances\/ocean-fragrance-oil\">marina<\/a> notas, y asent\u00e1ndose en una reconfortante base de almizcle y s\u00e1ndalo que recuerda a la ropa reci\u00e9n lavada.<\/p>\n<p><strong><a href=\"https:\/\/cosyowl.com\/es\/suministros-para-la-fabricacion-de-velas\/aceites-aromaticos-para-la-fabricacion-de-velas\/todas-las-fragancias\/aceite-con-fragancia-de-lima-albahaca-y-mandarina\/?wmc-currency=EUR\">Lima, albahaca y mandarina<\/a><\/strong> \u2013 Una fragancia fresca y c\u00edtrica que se abre con lima, albahaca, mandarina y ralladura de naranja, con capas de pimienta negra, geranio, lila y tomillo, y termina con un <a href=\"https:\/\/cosyowl.com\/es\/candle-making-supplies\/fragrance-oils-for-candle-making\/all-fragrances\/honey-fragrance-oil\">natural<\/a> Base de musgo, pachul\u00ed, almizcle y cedro blanco.<\/p>\n<p><strong><a href=\"https:\/\/cosyowl.com\/es\/suministros-para-la-fabricacion-de-velas\/aceites-aromaticos-para-la-fabricacion-de-velas\/aceites-aromaticos-premium\/aceite-con-fragancia-cosy-owl-premium-tipo-cereza-perdida\/?wmc-currency=EUR\">Cereza Perdida<\/a><\/strong> - Una fragancia rica y dulce que se abre con cereza, licor y almendra, da paso a suaves notas medias perfumadas y se asienta en una suave <a href=\"https:\/\/cosyowl.com\/es\/fragrance-oils\/teakwood\">woody<\/a> base para un acabado profundo y redondo.<\/p>\n<p><strong><a href=\"https:\/\/cosyowl.com\/es\/suministros-para-la-fabricacion-de-velas\/aceites-aromaticos-para-la-fabricacion-de-velas\/todas-las-fragancias\/aceite-con-fragancia-de-opio\/?wmc-currency=EUR\">Opio<\/a> <\/strong>- Una fragancia sensual y sofisticada que mezcla \u00e1mbar y dulzura golosa con almizcle, flor de azahar y membrillo, sobre una c\u00e1lida base de s\u00e1ndalo y vainilla para un acabado rico y placentero.<\/p>\n<p><strong><a href=\"https:\/\/cosyowl.com\/es\/suministros-para-la-fabricacion-de-velas\/aceites-aromaticos-para-la-fabricacion-de-velas\/todas-las-fragancias\/aceite-con-fragancia-de-granada-negra\/?wmc-currency=EUR\">Granada negra<\/a> <\/strong>- A <a href=\"https:\/\/cosyowl.com\/es\/candle-making-supplies\/glitters\/fluorescent-peach\">brillante<\/a>, <a href=\"https:\/\/cosyowl.com\/es\/craft-kits\/candle-making-kits\/soy-wax-cheeky-cherry-candle-making-kit\">afrutado<\/a> fragancia con apertura c\u00edtrica y <a href=\"https:\/\/cosyowl.com\/es\/candle-making-supplies\/fragrance-oils-for-candle-making\/all-fragrances\/lemon-lavender-fragrance-oil\">c\u00e1scara de lim\u00f3n<\/a>, llevando a un jugoso coraz\u00f3n de granada, <a href=\"https:\/\/cosyowl.com\/es\/fragrance-oils\/raspberry\">frambuesa<\/a>, y ciruela, y asent\u00e1ndose en una suave base de vainilla, almizcle dulce y musgo.<\/p>\n<p><strong><a href=\"https:\/\/cosyowl.com\/es\/suministros-para-la-fabricacion-de-velas\/aceites-aromaticos-para-la-fabricacion-de-velas\/todas-las-fragancias\/aceite-con-fragancia-sauvage\/?wmc-currency=EUR\">Sauvage<\/a> <\/strong>- Del\u00e9itese con el lujoso aroma de Sauvage, creado para cautivar sus sentidos y dejar una impresi\u00f3n duradera. La fresca bergamota y la mandarina se combinan con p\u00e9talos de geranio, aceite de ol\u00edbano, frescas ramitas de lavanda, pachul\u00ed, musgo y c\u00e1lidos matices de precioso \u00e1mbar y almizcle.<\/p>\n<p><strong><a href=\"https:\/\/cosyowl.com\/es\/suministros-para-la-fabricacion-de-velas\/aceites-aromaticos-para-la-fabricacion-de-velas\/aceites-aromaticos-premium\/cosy-owl-premium-sun-drenched-apricot-rose-aceite-con-fragancia\/?wmc-currency=EUR\">Rosa albaricoque ba\u00f1ada por el sol<\/a> <\/strong>- Una fragancia rica e intensa que se abre con la flor del albaricoque y la nectarina, para desembocar en un coraz\u00f3n floral de rosa y <a href=\"https:\/\/cosyowl.com\/es\/fragrance-oils\/gardenia\">gardenia<\/a>, asent\u00e1ndose en una base profunda y almizclada para un audaz, <a href=\"https:\/\/cosyowl.com\/es\/candle-making-supplies\/candle-containers\/metal-containers\/rose-gold-round-candle-tin-with-welded-side-seam-250ml-single\">acabado de lujo<\/a>.<\/p>\n<p><strong><a href=\"https:\/\/cosyowl.com\/es\/aceites-aromaticos\/aceite-de-fragancia-tipo-grace\/?wmc-currency=EUR\">Tipo Sweet Grace<\/a> <\/strong>- Una fragancia fresca y con cuerpo que se abre con c\u00edtricos picantes, conduce a un coraz\u00f3n floral de rosa y jazm\u00edn, y se asienta en una base c\u00e1lida y almizclada para un final rico y adictivo.<\/p>\n<p><strong><a href=\"https:\/\/cosyowl.com\/es\/suministros-para-la-fabricacion-de-velas\/aceites-aromaticos-para-la-fabricacion-de-velas\/todas-las-fragancias\/twc-aceite-con-fragancia-de-ruibarbo-silvestre\/?wmc-currency=EUR\">TWC Ruibarbo<\/a> -<\/strong> Una fragancia vibrante y fresca que mezcla manzana verde y pera jugosa con ruibarbo, peon\u00eda y rosa, anclada en una base suave de almizcle y pachul\u00ed.<\/p>\n<p><strong><a href=\"https:\/\/cosyowl.com\/es\/suministros-para-la-fabricacion-de-velas\/aceites-aromaticos-para-la-fabricacion-de-velas\/todas-las-fragancias\/aceite-con-fragancia-twc-seasalt\/?wmc-currency=EUR\">TWC Seasalt<\/a> <\/strong>\u2013 Una fragancia fresca y costera, con <a href=\"https:\/\/cosyowl.com\/es\/candle-making-supplies\/essential-oils\/rosemary-essential-oil\">tonificante<\/a> lim\u00f3n, menta y lavanda, capas de cedro y cuero para un acabado crujiente y fresco.<\/p>\n<p><strong><a href=\"https:\/\/cosyowl.com\/es\/suministros-para-la-fabricacion-de-velas\/aceites-aromaticos-para-la-fabricacion-de-velas\/todas-las-fragancias\/aceite-con-fragancia-twc-verbena\/?wmc-currency=EUR\">TWC Verbena<\/a><\/strong> \u2013 Una fragancia fresca y c\u00edtrica con notas aldeh\u00eddicas, lim\u00f3n, mandarina y acordes nitr\u00edlicos, creando un brillo., <a href=\"https:\/\/cosyowl.com\/es\/candle-making-supplies\/essential-oils\/grapefruit-essential-oil\">aroma vigorizante<\/a> recordatorio de una fresca ma\u00f1ana de verano.<\/p>\n<p><strong><a href=\"https:\/\/cosyowl.com\/es\/aceites-aromaticos\/v-r-tipo-flowerbomb\/?wmc-currency=EUR\">V&amp;R Flowerbomb<\/a><\/strong> - Una fragancia potente y elegante que se abre con b\u00e1lsamo de naranja y bergamota, conduce a un suave coraz\u00f3n floral de lirio de los valles, jazm\u00edn y muguet, y se asienta en una c\u00e1lida base de s\u00e1ndalo, pachul\u00ed, almizcle y \u00e1mbar.<\/p>\n<p><strong><a href=\"https:\/\/cosyowl.com\/es\/suministros-para-la-fabricacion-de-velas\/aceites-aromaticos-para-la-fabricacion-de-velas\/todas-las-fragancias\/aceite-con-fragancia-winter-fae\/?wmc-currency=EUR\">Fae de invierno<\/a> -<\/strong> Una fragancia juguetona y dulce que estalla con <a href=\"https:\/\/cosyowl.com\/es\/fragrance-oils\/all-fragrances\/bubblegum-fragrance-oil\">chicle<\/a>, banana y pera, suavizados con toques de almizcle y vainilla, y rematados con un giro azucarado de algod\u00f3n de az\u00facar.<\/p>\n<p><a href=\"https:\/\/cosyowl.com\/es\/suministros-para-la-fabricacion-de-velas\/aceites-aromaticos-para-la-fabricacion-de-velas\/aceites-aromaticos-premium\/cosy-owl-premium-wood-sage-seasalt-aceite-con-fragancia\/?wmc-currency=EUR\"><strong>Salvia marina<\/strong><\/a> - Una suave y arom\u00e1tica fragancia marina con frescas notas c\u00edtricas, que mezcla acordes salados con suaves maderas, suaves especias y un toque de dulzura para un acabado refinado y duradero.<\/p>\n<p>&nbsp;<\/p>\n<h3><strong>\u00bfPor qu\u00e9 elegir nuestro kit para hacer velas de soja?<\/strong><\/h3>\n<p>Nos enorgullecemos de suministrar solo los ingredientes de la m\u00e1s alta calidad para la elaboraci\u00f3n de velas arom\u00e1ticas caseras. A diferencia de muchos kits de inicio, nuestros productos son cuidadosamente seleccionados por su calidad profesional, ayud\u00e1ndote a crear velas con una excelente combusti\u00f3n, un fuerte aroma y un hermoso acabado.<\/p>\n<p><strong>Nuestra <a href=\"https:\/\/cosyowl.com\/es\/guides\/how-to-make-bleeding-heart-wax-melts\">BRICOLAJE<\/a> El kit para hacer velas de soja es ideal para:<\/strong><\/p>\n<ul>\n<li>Principiantes aprendiendo a hacer velas en casa<\/li>\n<li>Los aficionados que quieran un <a href=\"https:\/\/cosyowl.com\/es\/guides\/how-to-make-marbled-wax-melts\">artesan\u00eda con velas<\/a> kit<\/li>\n<li>Los compradores de regalos que buscan un <a href=\"https:\/\/cosyowl.com\/es\/guides\/ideas-and-creativity\">fabricaci\u00f3n creativa de velas<\/a> regalo<\/li>\n<li>Cualquiera que ame <a href=\"https:\/\/cosyowl.com\/es\/guides\/making-a-reed-diffuser\">fragancia para el hogar<\/a> y velas artesanales<\/li>\n<\/ul>\n<h4><\/h4>\n<h3><strong>Suministros para la elaboraci\u00f3n de velas de calidad profesional<\/strong><\/h3>\n<p>Todos los art\u00edculos de este <a href=\"https:\/\/cosyowl.com\/es\/guides\/vegan-candle-making-supplies\">suministros para la fabricaci\u00f3n de velas<\/a> ha sido elegido para ayudarle a conseguir grandes resultados en casa. No utilizamos materiales de iniciaci\u00f3n de baja calidad, porque creemos que aprender con mejores ingredientes conduce a mejores velas.<\/p>\n<p><strong>Todos los materiales incluidos en este kit son:<\/strong><\/p>\n<ul>\n<li>De origen sostenible<\/li>\n<li>Ecol\u00f3gico<\/li>\n<li>Amigable con veganos<\/li>\n<li>Libre de crueldad<\/li>\n<li><a href=\"https:\/\/cosyowl.com\/es\/guides\/cmrs-and-phthalates-in-fragrance-oils\">Libre de<\/a> CMR y ftalatos<\/li>\n<li>Perfecto para principiantes y amantes de las velas<\/li>\n<\/ul>\n<p>Si est\u00e1 buscando un kit de inicio para hacer velas, un kit para hacer velas de soja o un kit completo para hacer sus propias velas, \u00e9ste es un lugar excelente para empezar. Con <a href=\"https:\/\/cosyowl.com\/es\/guides\/temperature-guidelines\">instrucciones<\/a>, Con ingredientes de primera calidad y la fragancia que elija, nuestro kit le permite disfrutar del proceso creativo de la fabricaci\u00f3n de velas desde la comodidad de su hogar.<\/p>\n<h3 data-start=\"2493\" data-end=\"2542\"><\/h3>\n<h3 data-start=\"2493\" data-end=\"2542\"><strong>Recursos \u00fatiles para fabricar velas con \u00e9xito<\/strong><\/h3>\n<ul>\n<li><strong><span style=\"color: #ff6600\"><a style=\"color: #ff6600\" href=\"https:\/\/cosyowl.com\/es\/guias\/como-hacer-una-vela\/?wmc-currency=EUR\">C\u00f3mo hacer una vela\u00a0<\/a><\/span><\/strong><\/li>\n<li><strong><span style=\"color: #ff6600\"><a style=\"color: #ff6600\" href=\"https:\/\/cosyowl.com\/es\/guias\/guia-de-velas-contenedoras\/?wmc-currency=EUR\">Gu\u00eda para hacer velas en recipientes<\/a><\/span><\/strong><\/li>\n<li><strong><span style=\"color: #ff6600\"><a style=\"color: #ff6600\" href=\"https:\/\/cosyowl.com\/es\/guias\/guia-para-principiantes-sobre-la-fabricacion-de-velas\/?wmc-currency=EUR\">Gu\u00eda para principiantes sobre la fabricaci\u00f3n de velas<\/a><\/span><\/strong><strong><br \/>\n<\/strong><\/li>\n<li class=\"entry-title\"><strong><span style=\"color: #ff6600\"><a style=\"color: #ff6600\" href=\"https:\/\/cosyowl.com\/es\/guias\/como-utilizar-los-aceites-aromaticos\/?wmc-currency=EUR\">C\u00f3mo utilizar los aceites arom\u00e1ticos<\/a><\/span><\/strong><\/li>\n<li><strong><span style=\"color: #ff6600\"><a style=\"color: #ff6600\" href=\"https:\/\/cosyowl.com\/es\/guias\/solucion-de-problemas\/?wmc-currency=EUR\">Soluci\u00f3n de problemas en la fabricaci\u00f3n de velas<\/a><\/span><\/strong><\/li>\n<li><strong><span style=\"color: #ff6600\"><a style=\"color: #ff6600\" href=\"https:\/\/cosyowl.com\/es\/guias\/faq\/?wmc-currency=EUR\">Preguntas frecuentes sobre la fabricaci\u00f3n de velas<\/a><\/span><\/strong><\/li>\n<li><strong><span style=\"color: #ff6600\"><a style=\"color: #ff6600\" href=\"https:\/\/cosyowl.com\/es\/guias\/?wmc-currency=EUR\">Gu\u00edas y recetas<\/a><\/span><\/strong><\/li>\n<\/ul>","protected":false},"excerpt":{"rendered":"<p>Our Candle Making Kit makes it easy to create beautifully scented soy candles at home. Ideal for beginners and experienced makers alike, this all-in-one kit includes everything you need to make up to five fragranced candles using high-quality materials.\u00a0Perfect as a gift or a fun home craft project, each kit includes one fragrance so you [&hellip;]<\/p>\n","protected":false},"featured_media":126805,"comment_status":"open","ping_status":"closed","template":"","meta":{"_acf_changed":false},"product_brand":[],"product_cat":[530,720,653],"product_tag":[917],"class_list":{"0":"post-126498","1":"product","2":"type-product","3":"status-publish","4":"has-post-thumbnail","6":"product_cat-candle-making-kits","7":"product_cat-candle-making-kits-candle-making-supplies","8":"product_cat-craft-kits","9":"product_tag-candle-making-kit","10":"product_shipping_class-royal_mail_kits","12":"first","13":"instock","14":"taxable","15":"shipping-taxable","16":"purchasable","17":"product-type-variable"},"acf":[],"_links":{"self":[{"href":"https:\/\/cosyowl.com\/es\/wp-json\/wp\/v2\/product\/126498","targetHints":{"allow":["GET"]}}],"collection":[{"href":"https:\/\/cosyowl.com\/es\/wp-json\/wp\/v2\/product"}],"about":[{"href":"https:\/\/cosyowl.com\/es\/wp-json\/wp\/v2\/types\/product"}],"replies":[{"embeddable":true,"href":"https:\/\/cosyowl.com\/es\/wp-json\/wp\/v2\/comments?post=126498"}],"wp:featuredmedia":[{"embeddable":true,"href":"https:\/\/cosyowl.com\/es\/wp-json\/wp\/v2\/media\/126805"}],"wp:attachment":[{"href":"https:\/\/cosyowl.com\/es\/wp-json\/wp\/v2\/media?parent=126498"}],"wp:term":[{"taxonomy":"product_brand","embeddable":true,"href":"https:\/\/cosyowl.com\/es\/wp-json\/wp\/v2\/product_brand?post=126498"},{"taxonomy":"product_cat","embeddable":true,"href":"https:\/\/cosyowl.com\/es\/wp-json\/wp\/v2\/product_cat?post=126498"},{"taxonomy":"product_tag","embeddable":true,"href":"https:\/\/cosyowl.com\/es\/wp-json\/wp\/v2\/product_tag?post=126498"}],"curies":[{"name":"wp","href":"https:\/\/api.w.org\/{rel}","templated":true}]}}