{"id":126474,"date":"2026-03-23T09:22:55","date_gmt":"2026-03-23T09:22:55","guid":{"rendered":"https:\/\/cosyowl.com\/?post_type=product&#038;p=126474"},"modified":"2026-05-01T13:08:56","modified_gmt":"2026-05-01T12:08:56","slug":"kit-para-hacer-velas-haz-5-velas-perfumadas-en-casa-aromas-gourmand","status":"publish","type":"product","link":"https:\/\/cosyowl.com\/es\/craft-kits\/candle-making-kits\/soy-candle-making-kit-make-5-scented-candles-at-home-gourmand-scents","title":{"rendered":"Kit para hacer velas \u2013 Haz 5 velas perfumadas en casa | Aromas Gourmand"},"content":{"rendered":"<h4 style=\"text-align: left\"><strong>Nuestro Kit para Hacer Velas facilita la creaci\u00f3n de velas de soja bellamente perfumadas en casa. Ideal tanto para principiantes como para artesanos experimentados, este kit todo en uno incluye todo lo que necesitas para hacer hasta cinco velas perfumadas utilizando materiales de alta calidad. Perfecto como regalo o como un divertido proyecto de manualidades en casa, cada kit incluye una fragancia para que puedas crear velas que se adapten a tu estilo y espacio. Con todo incluido para empezar de inmediato, es una forma sencilla y gratificante de disfrutar de la fabricaci\u00f3n de velas en casa.<\/strong><\/h4>\n<p>&nbsp;<\/p>\n<h3 style=\"text-align: left\"><strong>\u00bfQu\u00e9 contiene su kit de fabricaci\u00f3n de velas?<\/strong><\/h3>\n<p>800g de <strong>Alta calidad <a href=\"https:\/\/cosyowl.com\/es\/candle-making-supplies\/candle-wax\/soy-wax\/kerasoy-4130-container-wax\">KeraSoy 4130<\/a> Cera de soja para contenedores<\/strong> Para A <a href=\"https:\/\/cosyowl.com\/es\/candle-making-supplies\/glitters\/pure-white-biodegradable\">Limpia<\/a>, Even Burn<\/p>\n<p><a href=\"https:\/\/cosyowl.com\/es\/candle-tins\/silver-round-candle-tin-with-window-lid-50ml\">50 ml<\/a> <strong><a href=\"https:\/\/cosyowl.com\/es\/candle-making-supplies\/fragrance-oils-for-candle-making\/premium-fragrance-oils\/cosy-owl-premium-1-million-type-fragrance-oil\">Aceite con fragancia<\/a><\/strong><\/p>\n<p>5 <strong>Eco 10 Mechas<\/strong> Para un rendimiento \u00f3ptimo de la llama<\/p>\n<p>5 <strong>Espaciadores de centrado de madera<\/strong><\/p>\n<p>5 G<strong>Puntos azules<\/strong><\/p>\n<p>5 <strong><a href=\"https:\/\/cosyowl.com\/es\/candle-making-supplies\/candle-containers\/candle-glasses\/glass-candle-containers-20cl-karen-round-pack-of-12\">20 cl<\/a> <a href=\"https:\/\/cosyowl.com\/es\/candle-making-supplies\/candle-containers\/candle-glasses\/glass-candle-container-30cl-karen-round\">Karen Round<\/a> Gafas<\/strong> Envases perfectos para uso dom\u00e9stico o para regalo<\/p>\n<p>F\u00e1cil de seguir, <strong>Paso a paso <a href=\"https:\/\/cosyowl.com\/es\/guides\/how-to-make-a-candle\">Fabricaci\u00f3n de velas<\/a> <a href=\"https:\/\/cosyowl.com\/es\/guides\/a-guide-to-creating-your-own-soap-products\">Gu\u00eda<\/a><\/strong> Perfecto para principiantes<\/p>\n<h3><strong>Elige tu fragancia de vela favorita<\/strong><\/h3>\n<p>La fragancia es una de las partes m\u00e1s importantes de cualquier <a href=\"https:\/\/cosyowl.com\/es\/guides\/a-summers-beach-gel-votive-candle\">vela<\/a>. Ayuda a crear ambiente, trae recuerdos y a\u00f1ade un toque personal a cada vela que haces. Por eso, este kit para hacer velas con aceite arom\u00e1tico le permite elegir su aroma preferido en el men\u00fa desplegable. Nuestra colecci\u00f3n de <a href=\"https:\/\/cosyowl.com\/es\/guides\/2023-spring-fragrance-oil-trends\">aceites arom\u00e1ticos<\/a> incluye una amplia variedad de aromas para todos los gustos, desde <a href=\"https:\/\/cosyowl.com\/es\/candle-making-supplies\/essential-oils\/eucalyptus-globulus-essential-oil\">fresco<\/a> y aromas limpios a <a href=\"https:\/\/cosyowl.com\/es\/craft-kits\/candle-making-kits\/soy-wax-mulled-wine-christmas-candle-making-kit\">caliente<\/a>, <a href=\"https:\/\/cosyowl.com\/es\/fragrance-oils\/chocolate-orange\">rico<\/a>, y reconfortantes. Cada aceite con fragancia est\u00e1 altamente concentrado, por lo que un poco rinde mucho, d\u00e1ndole un control total sobre la intensidad del aroma de sus velas terminadas. Estos aceites con fragancia est\u00e1n especialmente formulados para mezclarse suavemente con la cera, proporcionando un excelente rendimiento arom\u00e1tico sin afectar a la calidad de la cera. <a href=\"https:\/\/cosyowl.com\/es\/candle-wicks\/wedo-lx-wick-raw\">calidad<\/a> o quema de tu vela.<\/p>\n<p><a href=\"https:\/\/cosyowl.com\/es\/suministros-para-la-fabricacion-de-velas\/aceites-aromaticos-para-la-fabricacion-de-velas\/todas-las-fragancias\/aceite-con-fragancia-birthday-cake\/?wmc-currency=EUR\">Tarta de cumplea\u00f1os<\/a> - A <a href=\"https:\/\/cosyowl.com\/es\/fragrance-oils\/candy-floss\">dulce<\/a>, <a href=\"https:\/\/cosyowl.com\/es\/candle-making-supplies\/fragrance-oils-for-candle-making\/all-fragrances\/fudge-fragrance-oil\">indulgente<\/a> fragancia con bizcocho esponjoso, crema batida, y <a href=\"https:\/\/cosyowl.com\/es\/candle-making-supplies\/fragrance-oils-for-candle-making\/all-fragrances\/strawberry-fragrance-oil\">fresa<\/a> mermelada, cubierta con suave glaseado rosa y una pizca de az\u00facar glas.<\/p>\n<p><a href=\"https:\/\/cosyowl.com\/es\/suministros-para-la-fabricacion-de-velas\/aceites-aromaticos-para-la-fabricacion-de-velas\/todas-las-fragancias\/aceite-con-fragancia-de-grosella-negra-y-regaliz\/?wmc-currency=EUR\">Grosella negra y regaliz<\/a> \u2013 Un rico, <a href=\"https:\/\/cosyowl.com\/es\/craft-kits\/candle-making-kits\/soy-wax-cheeky-cherry-candle-making-kit\">afrutado<\/a> fragancia que mezcla ar\u00e1ndano \u00e1cido con grosella negra jugosa y <a href=\"https:\/\/cosyowl.com\/es\/fragrance-oils\/raspberry\">frambuesa<\/a>, profundizado por una base decadente de fondant, regaliz y an\u00eds.<\/p>\n<p><a href=\"https:\/\/cosyowl.com\/es\/aceites-aromaticos\/chocolate-naranja\/?wmc-currency=EUR\">Chocolate y naranja<\/a> \u2013 Una fragancia dulce e indulgente que se abre con <a href=\"https:\/\/cosyowl.com\/es\/candle-making-supplies\/fragrance-oils-for-candle-making\/all-fragrances\/lemon-lavender-fragrance-oil\">c\u00e1scara de lim\u00f3n<\/a>, az\u00facar hilado, y <a href=\"https:\/\/cosyowl.com\/es\/fragrance-oils\/juicy-orange\">naranja jugosa<\/a>, cubierto con crema de mantequilla y vainilla, y rematado con una rica base de vainilla de Madagascar, benju\u00ed, almendra y cacao.<\/p>\n<p><a href=\"https:\/\/cosyowl.com\/es\/aceites-aromaticos\/cafe\/?wmc-currency=EUR\">Caf\u00e9<\/a> \u2013 Un rico, <a href=\"https:\/\/cosyowl.com\/es\/fragrance-oils\/coffee\">arom\u00e1tico<\/a> fragancia con <a href=\"https:\/\/cosyowl.com\/es\/candle-making-supplies\/glitters\/fluorescent-green\">negrita<\/a> notas de caf\u00e9 ar\u00e1bica, espresso y cardamomo, suavizadas por avellana y cedro, y rematadas con una c\u00e1lida base de vainilla y haba tonka.<\/p>\n<p><a href=\"https:\/\/cosyowl.com\/es\/suministros-para-la-fabricacion-de-velas\/aceites-aromaticos-para-la-fabricacion-de-velas\/todas-las-fragancias\/aceite-con-fragancia-de-vainilla-francesa\/?wmc-currency=EUR\">Vainilla francesa<\/a> \u2013 Una fragancia cremosa y reconfortante que se abre con <a href=\"https:\/\/cosyowl.com\/es\/fragrance-oils\/lemon\">lim\u00f3n<\/a> crema y delicada flor, en capas con <a href=\"https:\/\/cosyowl.com\/es\/candle-wicks\/tcr-series-wick-raw\">en bruto<\/a> vainilla y haba tonka, y rematado con una base rica de <a href=\"https:\/\/cosyowl.com\/es\/candle-making-supplies\/fragrance-oils-for-candle-making\/all-fragrances\/french-vanilla-fragrance-oil\">Vainilla francesa<\/a> y \u00e1mbar.<\/p>\n<p><a href=\"https:\/\/cosyowl.com\/es\/suministros-para-la-fabricacion-de-velas\/aceites-aromaticos-para-la-fabricacion-de-velas\/todas-las-fragancias\/aceite-con-fragancia-de-pistacho-verde-y-malvavisco\/?wmc-currency=EUR\">Pistacho verde y malvavisco<\/a> \u2013 Una fragancia dulce y golosa que mezcla pistacho, avellana tostada y ron con malvavisco esponjoso y algod\u00f3n de az\u00facar, suavizada por un <a href=\"https:\/\/cosyowl.com\/es\/candle-making-supplies\/fragrance-oils-for-candle-making\/all-fragrances\/peony-petals-fragrance-oil\">delicado floral<\/a> tacto.<\/p>\n<p><a href=\"https:\/\/cosyowl.com\/es\/suministros-para-la-fabricacion-de-velas\/aceites-aromaticos-para-la-fabricacion-de-velas\/todas-las-fragancias\/aceite-con-fragancia-iron-brew\/?wmc-currency=EUR\">Cerveza de hierro<\/a> - A <a href=\"https:\/\/cosyowl.com\/es\/candle-making-supplies\/glitters\/fluorescent-peach\">brillante<\/a>, fragancia frutal con una salida efervescente de naranja y pi\u00f1a con un toque de almendra, que da paso a un coraz\u00f3n jugoso de cereza y frambuesa, y se asienta en una base suave de <a href=\"https:\/\/cosyowl.com\/es\/candle-making-supplies\/fragrance-oils-for-candle-making\/all-fragrances\/blueberry-vanilla-fragrance-oil\">vainilla cremosa<\/a>.<\/p>\n<p><a href=\"https:\/\/cosyowl.com\/es\/suministros-para-la-fabricacion-de-velas\/aceites-aromaticos-para-la-fabricacion-de-velas\/todas-las-fragancias\/aceite-con-fragancia-de-limonada-rosa\/?wmc-currency=EUR\">Limonada rosa<\/a> \u2013 Experimenta el chispeante encanto de <a href=\"https:\/\/cosyowl.com\/es\/candle-making-supplies\/fragrance-oils-for-candle-making\/all-fragrances\/pink-lemonade-fragrance-oil\">Limonada rosa<\/a> con nuestro aceite de fragancia. A <a href=\"https:\/\/cosyowl.com\/es\/fragrance-oils\/strawberry-bon-bon\">delicioso<\/a> mezcla de lim\u00f3n, lima y toronja burbujeantes baila sobre un coraz\u00f3n crujiente <a href=\"https:\/\/cosyowl.com\/es\/candle-making-supplies\/fragrance-oils-for-candle-making\/all-fragrances\/pink-grapefruit-fragrance-oil\">c\u00edtricos<\/a>, manzana y frambuesa. Anclada en una base de vainilla y az\u00facar, esta fragancia capta la esencia de un <a href=\"https:\/\/cosyowl.com\/es\/candle-making-supplies\/glitters\/turquoise-blue-candle-glitter\">refrescante<\/a> un capricho de verano.<\/p>\n<p>&nbsp;<\/p>\n<h3><strong>\u00bfPor qu\u00e9 elegir nuestro kit para hacer velas de soja?<\/strong><\/h3>\n<p>Nos enorgullecemos de suministrar solo los ingredientes de la m\u00e1s alta calidad para la elaboraci\u00f3n de velas arom\u00e1ticas caseras. A diferencia de muchos kits de inicio, nuestros productos son cuidadosamente seleccionados por su calidad profesional, ayud\u00e1ndote a crear velas con una excelente combusti\u00f3n, un fuerte aroma y un hermoso acabado.<\/p>\n<p><strong>Nuestra <a href=\"https:\/\/cosyowl.com\/es\/guides\/how-to-make-bleeding-heart-wax-melts\">BRICOLAJE<\/a> El kit para hacer velas de soja es ideal para:<\/strong><\/p>\n<ul>\n<li>Principiantes aprendiendo a hacer velas en casa<\/li>\n<li>Los aficionados que quieran un <a href=\"https:\/\/cosyowl.com\/es\/guides\/how-to-make-marbled-wax-melts\">artesan\u00eda con velas<\/a> kit<\/li>\n<li>Los compradores de regalos que buscan un <a href=\"https:\/\/cosyowl.com\/es\/guides\/ideas-and-creativity\">fabricaci\u00f3n creativa de velas<\/a> regalo<\/li>\n<li>Cualquiera que ame <a href=\"https:\/\/cosyowl.com\/es\/guides\/making-a-reed-diffuser\">fragancia para el hogar<\/a> y velas artesanales<\/li>\n<\/ul>\n<h4><\/h4>\n<h3><strong>Suministros para la elaboraci\u00f3n de velas de calidad profesional<\/strong><\/h3>\n<p>Todos los art\u00edculos de este <a href=\"https:\/\/cosyowl.com\/es\/guides\/vegan-candle-making-supplies\">suministros para la fabricaci\u00f3n de velas<\/a> ha sido elegido para ayudarle a conseguir grandes resultados en casa. No utilizamos materiales de iniciaci\u00f3n de baja calidad, porque creemos que aprender con mejores ingredientes conduce a mejores velas.<\/p>\n<p><strong>Todos los materiales incluidos en este kit son:<\/strong><\/p>\n<ul>\n<li>De origen sostenible<\/li>\n<li>Ecol\u00f3gico<\/li>\n<li>Amigable con veganos<\/li>\n<li>Libre de crueldad<\/li>\n<li><a href=\"https:\/\/cosyowl.com\/es\/guides\/cmrs-and-phthalates-in-fragrance-oils\">Libre de<\/a> CMR y ftalatos<\/li>\n<li>Perfecto para principiantes y amantes de las velas<\/li>\n<\/ul>\n<p>Si est\u00e1 buscando un kit de inicio para hacer velas, un kit para hacer velas de soja o un kit completo para hacer sus propias velas, \u00e9ste es un lugar excelente para empezar. Con <a href=\"https:\/\/cosyowl.com\/es\/guides\/temperature-guidelines\">instrucciones<\/a>, Con ingredientes de primera calidad y la fragancia que elija, nuestro kit le permite disfrutar del proceso creativo de la fabricaci\u00f3n de velas desde la comodidad de su hogar.<\/p>\n<h3 data-start=\"2493\" data-end=\"2542\"><\/h3>\n<h3 data-start=\"2493\" data-end=\"2542\"><strong>Recursos \u00fatiles para fabricar velas con \u00e9xito<\/strong><\/h3>\n<ul>\n<li><strong><span style=\"color: #ff6600\"><a style=\"color: #ff6600\" href=\"https:\/\/cosyowl.com\/es\/guias\/como-hacer-una-vela\/?wmc-currency=EUR\">C\u00f3mo hacer una vela\u00a0<\/a><\/span><\/strong><\/li>\n<li><strong><span style=\"color: #ff6600\"><a style=\"color: #ff6600\" href=\"https:\/\/cosyowl.com\/es\/guias\/guia-de-velas-contenedoras\/?wmc-currency=EUR\">Gu\u00eda para hacer velas en recipientes<\/a><\/span><\/strong><\/li>\n<li><strong><span style=\"color: #ff6600\"><a style=\"color: #ff6600\" href=\"https:\/\/cosyowl.com\/es\/guias\/guia-para-principiantes-sobre-la-fabricacion-de-velas\/?wmc-currency=EUR\">Gu\u00eda para principiantes sobre la fabricaci\u00f3n de velas<\/a><\/span><\/strong><strong><br \/>\n<\/strong><\/li>\n<li class=\"entry-title\"><strong><span style=\"color: #ff6600\"><a style=\"color: #ff6600\" href=\"https:\/\/cosyowl.com\/es\/guias\/como-utilizar-los-aceites-aromaticos\/?wmc-currency=EUR\">C\u00f3mo utilizar los aceites arom\u00e1ticos<\/a><\/span><\/strong><\/li>\n<li><strong><span style=\"color: #ff6600\"><a style=\"color: #ff6600\" href=\"https:\/\/cosyowl.com\/es\/guias\/solucion-de-problemas\/?wmc-currency=EUR\">Soluci\u00f3n de problemas en la fabricaci\u00f3n de velas<\/a><\/span><\/strong><\/li>\n<li><strong><span style=\"color: #ff6600\"><a style=\"color: #ff6600\" href=\"https:\/\/cosyowl.com\/es\/guias\/faq\/?wmc-currency=EUR\">Preguntas frecuentes sobre la fabricaci\u00f3n de velas<\/a><\/span><\/strong><\/li>\n<li><strong><span style=\"color: #ff6600\"><a style=\"color: #ff6600\" href=\"https:\/\/cosyowl.com\/es\/guias\/?wmc-currency=EUR\">Gu\u00edas y recetas<\/a><\/span><\/strong><\/li>\n<\/ul>","protected":false},"excerpt":{"rendered":"<p>Our Candle Making Kit makes it easy to create beautifully scented soy candles at home. Ideal for beginners and experienced makers alike, this all-in-one kit includes everything you need to make up to five fragranced candles using high-quality materials.\u00a0Perfect as a gift or a fun home craft project, each kit includes one fragrance so you [&hellip;]<\/p>\n","protected":false},"featured_media":126805,"comment_status":"open","ping_status":"closed","template":"","meta":{"_acf_changed":false},"product_brand":[],"product_cat":[530,720,653],"product_tag":[917],"class_list":{"0":"post-126474","1":"product","2":"type-product","3":"status-publish","4":"has-post-thumbnail","6":"product_cat-candle-making-kits","7":"product_cat-candle-making-kits-candle-making-supplies","8":"product_cat-craft-kits","9":"product_tag-candle-making-kit","10":"product_shipping_class-royal_mail_kits","12":"first","13":"instock","14":"taxable","15":"shipping-taxable","16":"purchasable","17":"product-type-variable"},"acf":[],"_links":{"self":[{"href":"https:\/\/cosyowl.com\/es\/wp-json\/wp\/v2\/product\/126474","targetHints":{"allow":["GET"]}}],"collection":[{"href":"https:\/\/cosyowl.com\/es\/wp-json\/wp\/v2\/product"}],"about":[{"href":"https:\/\/cosyowl.com\/es\/wp-json\/wp\/v2\/types\/product"}],"replies":[{"embeddable":true,"href":"https:\/\/cosyowl.com\/es\/wp-json\/wp\/v2\/comments?post=126474"}],"wp:featuredmedia":[{"embeddable":true,"href":"https:\/\/cosyowl.com\/es\/wp-json\/wp\/v2\/media\/126805"}],"wp:attachment":[{"href":"https:\/\/cosyowl.com\/es\/wp-json\/wp\/v2\/media?parent=126474"}],"wp:term":[{"taxonomy":"product_brand","embeddable":true,"href":"https:\/\/cosyowl.com\/es\/wp-json\/wp\/v2\/product_brand?post=126474"},{"taxonomy":"product_cat","embeddable":true,"href":"https:\/\/cosyowl.com\/es\/wp-json\/wp\/v2\/product_cat?post=126474"},{"taxonomy":"product_tag","embeddable":true,"href":"https:\/\/cosyowl.com\/es\/wp-json\/wp\/v2\/product_tag?post=126474"}],"curies":[{"name":"wp","href":"https:\/\/api.w.org\/{rel}","templated":true}]}}