{"id":126420,"date":"2026-03-23T09:22:59","date_gmt":"2026-03-23T09:22:59","guid":{"rendered":"https:\/\/cosyowl.com\/?post_type=product&#038;p=126420"},"modified":"2026-05-01T13:08:56","modified_gmt":"2026-05-01T12:08:56","slug":"kit-para-hacer-velas-haz-5-velas-perfumadas-en-casa-aromas-afrutados","status":"publish","type":"product","link":"https:\/\/cosyowl.com\/es\/craft-kits\/candle-making-kits\/soy-candle-making-kit-make-5-scented-candles-at-home-fruity-scents","title":{"rendered":"Kit para hacer velas \u2013 Haz 5 velas arom\u00e1ticas en casa | Aromas frutales"},"content":{"rendered":"<h4 style=\"text-align: left\"><strong>Nuestro Kit para Hacer Velas facilita la creaci\u00f3n de velas de soja bellamente perfumadas en casa. Ideal tanto para principiantes como para artesanos experimentados, este kit todo en uno incluye todo lo que necesitas para hacer hasta cinco velas perfumadas utilizando materiales de alta calidad. Perfecto como regalo o como un divertido proyecto de manualidades en casa, cada kit incluye una fragancia para que puedas crear velas que se adapten a tu estilo y espacio. Con todo incluido para empezar de inmediato, es una forma sencilla y gratificante de disfrutar de la fabricaci\u00f3n de velas en casa.<\/strong><\/h4>\n<p>&nbsp;<\/p>\n<h3 style=\"text-align: left\"><strong>\u00bfQu\u00e9 contiene su kit de fabricaci\u00f3n de velas?<\/strong><\/h3>\n<p>800g de <strong>Alta calidad <a href=\"https:\/\/cosyowl.com\/es\/candle-making-supplies\/candle-wax\/soy-wax\/kerasoy-4130-container-wax\">KeraSoy 4130<\/a> Cera de soja para contenedores<\/strong> Para A <a href=\"https:\/\/cosyowl.com\/es\/candle-making-supplies\/glitters\/pure-white-biodegradable\">Limpia<\/a>, Even Burn<\/p>\n<p><a href=\"https:\/\/cosyowl.com\/es\/candle-tins\/silver-round-candle-tin-with-window-lid-50ml\">50 ml<\/a> <strong><a href=\"https:\/\/cosyowl.com\/es\/candle-making-supplies\/fragrance-oils-for-candle-making\/premium-fragrance-oils\/cosy-owl-premium-1-million-type-fragrance-oil\">Aceite con fragancia<\/a><\/strong><\/p>\n<p>5 <strong>Eco 10 Mechas<\/strong> Para un rendimiento \u00f3ptimo de la llama<\/p>\n<p>5 <strong>Espaciadores de centrado de madera<\/strong><\/p>\n<p>5 G<strong>Puntos azules<\/strong><\/p>\n<p>5 <strong><a href=\"https:\/\/cosyowl.com\/es\/candle-making-supplies\/candle-containers\/candle-glasses\/glass-candle-containers-20cl-karen-round-pack-of-12\">20 cl<\/a> <a href=\"https:\/\/cosyowl.com\/es\/candle-making-supplies\/candle-containers\/candle-glasses\/glass-candle-container-30cl-karen-round\">Karen Round<\/a> Gafas<\/strong> Envases perfectos para uso dom\u00e9stico o para regalo<\/p>\n<p>F\u00e1cil de seguir, <strong>Paso a paso <a href=\"https:\/\/cosyowl.com\/es\/guides\/how-to-make-a-candle\">Fabricaci\u00f3n de velas<\/a> <a href=\"https:\/\/cosyowl.com\/es\/guides\/a-guide-to-creating-your-own-soap-products\">Gu\u00eda<\/a><\/strong> Perfecto para principiantes<\/p>\n<h3><strong>Elige tu fragancia de vela favorita<\/strong><\/h3>\n<p>La fragancia es una de las partes m\u00e1s importantes de cualquier <a href=\"https:\/\/cosyowl.com\/es\/guides\/a-summers-beach-gel-votive-candle\">vela<\/a>. Ayuda a crear ambiente, trae recuerdos y a\u00f1ade un toque personal a cada vela que haces. Por eso, este kit para hacer velas con aceite arom\u00e1tico le permite elegir su aroma preferido en el men\u00fa desplegable. Nuestra colecci\u00f3n de <a href=\"https:\/\/cosyowl.com\/es\/guides\/2023-spring-fragrance-oil-trends\">aceites arom\u00e1ticos<\/a> incluye una amplia variedad de aromas para todos los gustos, desde <a href=\"https:\/\/cosyowl.com\/es\/candle-making-supplies\/essential-oils\/eucalyptus-globulus-essential-oil\">fresco<\/a> y aromas limpios a <a href=\"https:\/\/cosyowl.com\/es\/craft-kits\/candle-making-kits\/soy-wax-mulled-wine-christmas-candle-making-kit\">caliente<\/a>, <a href=\"https:\/\/cosyowl.com\/es\/fragrance-oils\/chocolate-orange\">rico<\/a>, y reconfortantes. Cada aceite con fragancia est\u00e1 altamente concentrado, por lo que un poco rinde mucho, d\u00e1ndole un control total sobre la intensidad del aroma de sus velas terminadas. Estos aceites con fragancia est\u00e1n especialmente formulados para mezclarse suavemente con la cera, proporcionando un excelente rendimiento arom\u00e1tico sin afectar a la calidad de la cera. <a href=\"https:\/\/cosyowl.com\/es\/candle-wicks\/wedo-lx-wick-raw\">calidad<\/a> o quema de tu vela.<\/p>\n<p><strong><a href=\"https:\/\/cosyowl.com\/es\/aceites-aromaticos\/aceite-con-fragancia-de-mora-y-laurel\/?wmc-currency=EUR\">Mora y laurel<\/a> <\/strong>- Una fragancia fresca, afrutada y floral que se abre con mora y pomelo, para dar paso a un <a href=\"https:\/\/cosyowl.com\/es\/candle-making-supplies\/fragrance-oils-for-candle-making\/all-fragrances\/parma-violets-fragrance-oil\">floral suave<\/a> y se asienta en una refinada base de vetiver, cedro y laurel.<\/p>\n<p><a href=\"https:\/\/cosyowl.com\/es\/suministros-para-la-fabricacion-de-velas\/aceites-aromaticos-para-la-fabricacion-de-velas\/todas-las-fragancias\/aceite-con-fragancia-de-cereza-negra\/?wmc-currency=EUR\"><strong>Cerezo negro<\/strong><\/a> - Una fragancia rica y con cuerpo que se abre con cereza y granada y desemboca en un jugoso coraz\u00f3n de ciruela azucarada, <a href=\"https:\/\/cosyowl.com\/es\/fragrance-oils\/raspberry\">frambuesa<\/a>y <a href=\"https:\/\/cosyowl.com\/es\/candle-making-supplies\/fragrance-oils-for-candle-making\/all-fragrances\/black-cherry-fragrance-oil\">cereza negra<\/a>, y se asienta en una suave base de t\u00e9 negro, notas met\u00e1licas y almizcle de cachemira.<\/p>\n<p><strong><a href=\"https:\/\/cosyowl.com\/es\/suministros-para-la-fabricacion-de-velas\/aceites-aromaticos-para-la-fabricacion-de-velas\/todas-las-fragancias\/aceite-con-fragancia-de-vainilla-y-arandanos\/?wmc-currency=EUR\">Ar\u00e1ndanos y vainilla<\/a><\/strong> - A <a href=\"https:\/\/cosyowl.com\/es\/fragrance-oils\/candy-floss\">dulce<\/a>, <a href=\"https:\/\/cosyowl.com\/es\/craft-kits\/candle-making-kits\/soy-wax-cheeky-cherry-candle-making-kit\">afrutado<\/a> fragancia que combina el jugoso ar\u00e1ndano con el crujiente <a href=\"https:\/\/cosyowl.com\/es\/fragrance-oils\/fresh-cut-grass\">verde<\/a> manzana y un toque de melocot\u00f3n, acabados con un rico y suave fondo de vainilla.<\/p>\n<p><strong><a href=\"https:\/\/cosyowl.com\/es\/suministros-para-la-fabricacion-de-velas\/aceites-aromaticos-para-la-fabricacion-de-velas\/todas-las-fragancias\/aceite-con-fragancia-de-canela-y-naranja\/?wmc-currency=EUR\">Canela Naranja<\/a> <\/strong>- A <a href=\"https:\/\/cosyowl.com\/es\/candle-making-supplies\/glitters\/lake-blue-biodegradable\">vibrante<\/a>, <a href=\"https:\/\/cosyowl.com\/es\/fragrance-oils\/coffee\">arom\u00e1tico<\/a> apertura de fragancia con <a href=\"https:\/\/cosyowl.com\/es\/candle-making-supplies\/fragrance-oils-for-candle-making\/all-fragrances\/cinnamon-orange-fragrance-oil\">naranja picante<\/a> y mandarina, dando paso a un c\u00e1lido coraz\u00f3n especiado de canela, jengibre y clavo, y terminando con un suave, <a href=\"https:\/\/cosyowl.com\/es\/candle-making-supplies\/fragrance-oils-for-candle-making\/all-fragrances\/french-vanilla-fragrance-oil\">cremoso<\/a> base de vainilla.<\/p>\n<p><strong><a href=\"https:\/\/cosyowl.com\/es\/aceites-aromaticos\/coco\/?wmc-currency=EUR\">Coco<\/a> <\/strong>- A <a href=\"https:\/\/cosyowl.com\/es\/candle-making-supplies\/fragrance-oils-for-candle-making\/all-fragrances\/black-coconut-fragrance-oil\">tropical<\/a>, Fragancia cremosa que se abre con mandarina verde, jengibre y ron blanco, mezclados con hibisco, <a href=\"https:\/\/cosyowl.com\/es\/fragrance-oils\/coconut\">coco<\/a>, La fragancia se compone de almizcle, ca\u00f1a de az\u00facar y frangipani, y termina con una suave base de almizcle, vainilla y s\u00e1ndalo.<\/p>\n<p><strong><a href=\"https:\/\/cosyowl.com\/es\/aceites-aromaticos\/coco-lima\/?wmc-currency=EUR\">Coco Lima<\/a> <\/strong>- Un fresco, <a href=\"https:\/\/cosyowl.com\/es\/craft-kits\/wax-melt-making-kits\/coconut-lime-wax-melt-making-kit\">fragancia tropical<\/a> abriendo con cal, <a href=\"https:\/\/cosyowl.com\/es\/fragrance-oils\/lemon\">lim\u00f3n<\/a> palma, fresia y bergamota, que conduce a un jugoso coraz\u00f3n de agua de coco, ca\u00f1a de az\u00facar y fruta del drag\u00f3n, y se asienta en una suave base de vetiver y vainilla bourbon.<\/p>\n<p><a href=\"https:\/\/cosyowl.com\/es\/aceites-aromaticos\/pepino-melon\/?wmc-currency=EUR\"><strong>Pepino Mel\u00f3n<\/strong><\/a> - Una fragancia fresca y jugosa que se abre con mel\u00f3n cantalupo, mel\u00f3n dulce y pepino crujiente, para dar paso a suaves notas de fresia, flores blancas y n\u00e9ctar de melocot\u00f3n, y asentarse en una suave base de <a href=\"https:\/\/cosyowl.com\/es\/candle-making-supplies\/fragrance-oils-for-candle-making\/all-fragrances\/jasmine-fragrance-oil\">jazm\u00edn<\/a>vainilla y almizcle ligero.<\/p>\n<p><a href=\"https:\/\/cosyowl.com\/es\/suministros-para-la-fabricacion-de-velas\/aceites-aromaticos-para-la-fabricacion-de-velas\/aceites-aromaticos-premium\/aceite-con-fragancia-cosy-owl-premium-english-pear-freesia\/?wmc-currency=EUR\"><strong>Pera inglesa y fresia<\/strong><\/a> - Un fresco, <a href=\"https:\/\/cosyowl.com\/es\/candle-making-supplies\/candle-containers\/candle-glasses\/glass-candle-container-50cl-classic-jar-with-lid\">elegante<\/a> fragancia con jugosas notas de salida de pera, un suave coraz\u00f3n de fresia y una suave base de pachul\u00ed.<\/p>\n<p><strong><a href=\"https:\/\/cosyowl.com\/es\/suministros-para-la-fabricacion-de-velas\/aceites-aromaticos-para-la-fabricacion-de-velas\/todas-las-fragancias\/aceite-con-fragancia-de-higo\/?wmc-currency=EUR\">Figura<\/a> <\/strong>- Una fragancia rica, afrutada y verde que se abre con fresia rosa, tonka y eucalipto, para desembocar en un jugoso coraz\u00f3n de <a href=\"https:\/\/cosyowl.com\/es\/candle-making-supplies\/fragrance-oils-for-candle-making\/all-fragrances\/fig-fragrance-oil\">fig<\/a>, y hojas verdes, y se asienta en una suave base de s\u00e1ndalo, almizcle, cedro y \u00e1mbar negro.<\/p>\n<p><strong><a href=\"https:\/\/cosyowl.com\/es\/aceites-aromaticos\/pera-francesa\/?wmc-currency=EUR\">Pera francesa<\/a><\/strong> - Una fragancia fresca y afrutada que se abre con manzana verde, lirio blanco y osmanthus, conduce a un coraz\u00f3n suave de jazm\u00edn y pera nashi, y se asienta en una base c\u00e1lida y cremosa de tonka, canela, vainilla, nata montada y miel.<\/p>\n<p><a href=\"https:\/\/cosyowl.com\/es\/suministros-para-la-fabricacion-de-velas\/aceites-aromaticos-para-la-fabricacion-de-velas\/todas-las-fragancias\/aceite-con-fragancia-de-menta-fresca-y-ruibarbo\/?wmc-currency=EUR\">F<strong>Menta y Ruibarbo<\/strong><\/a> - Un fresco, <a href=\"https:\/\/cosyowl.com\/es\/candle-making-supplies\/fragrance-oils-for-candle-making\/all-fragrances\/lime-basil-mandarin-fragrance-oil\">picante<\/a> una fragancia que combina el crujiente ruibarbo con la pera y la manzana, endulzada con az\u00facar caramelizado y realzada con menta de jard\u00edn y un toque de lim\u00f3n.<\/p>\n<p><strong><a href=\"https:\/\/cosyowl.com\/es\/aceites-aromaticos\/naranja-jugosa\/?wmc-currency=EUR\">Naranja jugosa<\/a><\/strong> - A <a href=\"https:\/\/cosyowl.com\/es\/candle-making-supplies\/glitters\/fluorescent-peach\">brillante<\/a>, Fragancia c\u00edtrica que se abre con ralladura de naranja, lim\u00f3n y jengibre, y que da paso a suaves notas de <a href=\"https:\/\/cosyowl.com\/es\/candle-making-supplies\/fragrance-oils-for-candle-making\/all-fragrances\/pink-grapefruit-fragrance-oil\">c\u00edtricos<\/a> az\u00facar y flor de azahar, y asent\u00e1ndose en una base ligeramente especiada de ca\u00f1a de az\u00facar y pimienta rosa.<\/p>\n<p><strong><a href=\"https:\/\/cosyowl.com\/es\/aceites-aromaticos\/limon\/?wmc-currency=EUR\">Lim\u00f3n<\/a> <\/strong>- Una fragancia fresca y picante que se abre con <a href=\"https:\/\/cosyowl.com\/es\/candle-making-supplies\/fragrance-oils-for-candle-making\/all-fragrances\/lemon-lavender-fragrance-oil\">c\u00e1scara de lim\u00f3n<\/a>, La fragancia se compone de notas de lim\u00f3n, az\u00facar de lim\u00f3n y bergamota, que dan paso a sutiles notas de cidra y hojas verdes, para terminar con un suave fondo de almizcle ligero.<\/p>\n<p><strong><a href=\"https:\/\/cosyowl.com\/es\/suministros-para-la-fabricacion-de-velas\/aceites-aromaticos-para-la-fabricacion-de-velas\/todas-las-fragancias\/aceite-con-fragancia-de-lavanda-y-limon\/?wmc-currency=EUR\">Lim\u00f3n y lavanda<\/a><\/strong> - Una fragancia fresca y estimulante que combina el lim\u00f3n picante con la lavanda calmante, realzada por el eucalipto fresco y las notas verdes y afrutadas de la hoja de tomate y la lima.<\/p>\n<p><a href=\"https:\/\/cosyowl.com\/es\/suministros-para-la-fabricacion-de-velas\/aceites-aromaticos-para-la-fabricacion-de-velas\/todas-las-fragancias\/aceite-con-fragancia-de-lima-albahaca-y-mandarina\/?wmc-currency=EUR\"><strong>Lima, albahaca y mandarina<\/strong><\/a> - Una fragancia fresca y picante que se abre con lima, albahaca, mandarina y ralladura de naranja, mezclada con pimienta negra y geranio, <a href=\"https:\/\/cosyowl.com\/es\/fragrance-oils\/lilac\">lila<\/a>, y tomillo, y terminado con un <a href=\"https:\/\/cosyowl.com\/es\/candle-making-supplies\/fragrance-oils-for-candle-making\/all-fragrances\/honey-fragrance-oil\">natural<\/a> Base de musgo, pachul\u00ed, almizcle y cedro blanco.<\/p>\n<p><a href=\"https:\/\/cosyowl.com\/es\/suministros-para-la-fabricacion-de-velas\/aceites-aromaticos-para-la-fabricacion-de-velas\/aceites-aromaticos-premium\/aceite-con-fragancia-cosy-owl-premium-tipo-cereza-perdida\/?wmc-currency=EUR\"><strong>Tipo Cereza Perdida<\/strong><\/a> - Una fragancia rica y dulce que se abre con cereza, licor y almendra, da paso a suaves notas medias perfumadas y se asienta en una suave <a href=\"https:\/\/cosyowl.com\/es\/fragrance-oils\/teakwood\">woody<\/a> base para un acabado profundo y redondo.<\/p>\n<p><strong><a href=\"https:\/\/cosyowl.com\/es\/suministros-para-la-fabricacion-de-velas\/aceites-aromaticos-para-la-fabricacion-de-velas\/todas-las-fragancias\/aceite-con-fragancia-de-mandarina\/?wmc-currency=EUR\">Naranja mandarina<\/a><\/strong> - Una fragancia brillante y c\u00edtrica que se abre con mandarina, pomelo, naranja, lim\u00f3n y lima, que conduce a un coraz\u00f3n fresco de hoja verde y lichi, y se asienta en una c\u00e1lida base de frutos secos.<\/p>\n<p><strong><a href=\"https:\/\/cosyowl.com\/es\/aceites-aromaticos\/pina-mango\/?wmc-currency=EUR\">Pi\u00f1a Mango<\/a><\/strong> - Una fragancia vibrante y tropical que se abre con pi\u00f1a, mel\u00f3n dulce, pomelo rosa y ralladura de naranja, para dar paso a un jugoso coraz\u00f3n de mango, guayaba, ciclamen y \u00f3xido de rosa, y asentarse en una suave base de almizcle afrutado, vaina de vainilla y cremosa nuez moscada.<\/p>\n<p><strong><a href=\"https:\/\/cosyowl.com\/es\/suministros-para-la-fabricacion-de-velas\/aceites-aromaticos-para-la-fabricacion-de-velas\/todas-las-fragancias\/aceite-con-fragancia-de-pomelo-rosa\/?wmc-currency=EUR\">Pomelo rosa<\/a><\/strong> - Un fresco, <a href=\"https:\/\/cosyowl.com\/es\/craft-supplies\/wax-melt-supplies\/mica-powder-glitter\/bright-peach-biodegradable-candle-glitter\">espumoso<\/a> fragancia con notas crujientes de pomelo rosa, m\u00e9dula, aldeh\u00eddos, lim\u00f3n y sutiles toques verdes.<\/p>\n<p><a href=\"https:\/\/cosyowl.com\/es\/suministros-para-la-fabricacion-de-velas\/aceites-aromaticos-para-la-fabricacion-de-velas\/todas-las-fragancias\/aceite-con-fragancia-de-ciruela-mora\/?wmc-currency=EUR\"><strong>Ciruela y morera<\/strong><\/a> - Una fragancia rica y afrutada repleta de bayas rojas, manzana, pera, lichi, ciruela, mora, cassis y melocot\u00f3n, suavizada por un <a href=\"https:\/\/cosyowl.com\/es\/candle-making-supplies\/fragrance-oils-for-candle-making\/all-fragrances\/peony-petals-fragrance-oil\">delicado floral<\/a> <a href=\"https:\/\/cosyowl.com\/es\/about\">fondo<\/a>.<\/p>\n<p><a href=\"https:\/\/cosyowl.com\/es\/suministros-para-la-fabricacion-de-velas\/aceites-aromaticos-para-la-fabricacion-de-velas\/todas-las-fragancias\/aceite-con-fragancia-de-granada-negra\/?wmc-currency=EUR\"><strong>Granada negra<\/strong><\/a> - Una fragancia brillante y afrutada que se abre con ralladura de lima y lim\u00f3n, conduce a un jugoso coraz\u00f3n de granada, frambuesa y ciruela, y se asienta en una suave base de vainilla, almizcle dulce y musgo.<\/p>\n<p><strong><a href=\"https:\/\/cosyowl.com\/es\/suministros-para-la-fabricacion-de-velas\/aceites-aromaticos-para-la-fabricacion-de-velas\/todas-las-fragancias\/aceite-con-fragancia-de-fresa\/?wmc-currency=EUR\">Fresa<\/a> <\/strong>- Una fragancia dulce y afrutada que se abre con <a href=\"https:\/\/cosyowl.com\/es\/candle-making-supplies\/fragrance-oils-for-candle-making\/all-fragrances\/strawberry-fragrance-oil\">fresa<\/a>, El aroma de la vainilla, el mel\u00f3n y el kumquat da paso a suaves notas de ar\u00e1ndano y ca\u00f1a de az\u00facar, y termina con un fondo cremoso de vainas de vainilla y crema.<\/p>\n<p><a href=\"https:\/\/cosyowl.com\/es\/suministros-para-la-fabricacion-de-velas\/aceites-aromaticos-para-la-fabricacion-de-velas\/todas-las-fragancias\/aceite-con-fragancia-de-fresa-y-vainilla\/?wmc-currency=EUR\"><strong>Fresa Vainilla<\/strong><\/a> - Una fragancia dulce y afrutada que se abre con melocot\u00f3n, ralladura de naranja, fresa y ciruela, para desembocar en un coraz\u00f3n suave de frambuesa, acorde l\u00e1cteo, mora y nuez moscada, y asentarse en una base cremosa de vainilla, almizcle afrutado y haba tonka.<\/p>\n<p><a href=\"https:\/\/cosyowl.com\/es\/suministros-para-la-fabricacion-de-velas\/aceites-aromaticos-para-la-fabricacion-de-velas\/aceites-aromaticos-premium\/aceite-con-fragancia-de-bayas-azucaradas-cosy-owl-premium\/?wmc-currency=EUR\"><strong>Baya azucarada<\/strong><\/a> - Una fragancia dulce y femenina con jugosas notas afrutadas, suaves florales de fresia y frambuesa, y una suave base de vainilla, que crean un acabado ligero pero complejo y a\u00e9reo.<\/p>\n<p><strong><a href=\"https:\/\/cosyowl.com\/es\/suministros-para-la-fabricacion-de-velas\/aceites-aromaticos-para-la-fabricacion-de-velas\/aceites-aromaticos-premium\/cosy-owl-premium-sun-drenched-apricot-rose-aceite-con-fragancia\/?wmc-currency=EUR\">Rosa albaricoque ba\u00f1ada por el sol<\/a><\/strong> - Una fragancia rica e intensa que se abre con la flor del albaricoque y la nectarina, para desembocar en un coraz\u00f3n floral de rosa y <a href=\"https:\/\/cosyowl.com\/es\/fragrance-oils\/gardenia\">gardenia<\/a>, y se asienta en una base profunda y almizclada para un <a href=\"https:\/\/cosyowl.com\/es\/candle-making-supplies\/glitters\/fluorescent-green\">negrita<\/a>, <a href=\"https:\/\/cosyowl.com\/es\/candle-making-supplies\/candle-containers\/metal-containers\/rose-gold-round-candle-tin-with-welded-side-seam-250ml-single\">acabado de lujo<\/a>.<\/p>\n<p><a href=\"https:\/\/cosyowl.com\/es\/aceites-aromaticos\/higo-dulce\/?wmc-currency=EUR\"><strong>Higo dulce<\/strong><\/a> - Una fragancia rica y afrutada que se abre con uva blanca, higo negro y bergamota, da paso a suaves notas de clavo, zarzamora y flores blancas, y se asienta en una c\u00e1lida base de vetiver, canela, vainilla, ajenjo y cedro.<\/p>\n<p><strong><a href=\"https:\/\/cosyowl.com\/es\/suministros-para-la-fabricacion-de-velas\/aceites-aromaticos-para-la-fabricacion-de-velas\/todas-las-fragancias\/aceite-con-fragancia-tropics\/?wmc-currency=EUR\">Tr\u00f3picos<\/a> <\/strong>- Una fragancia vibrante y tropical que se abre con pi\u00f1a, melocot\u00f3n, fruta de la pasi\u00f3n y pomelo, para desembocar en un jugoso coraz\u00f3n de mango y <a href=\"https:\/\/cosyowl.com\/es\/all-fragrances\/sumptious-fruits-fragrance-oil\">frutas ex\u00f3ticas<\/a>, y se asienta en una base suave y c\u00e1lida de almizcle.<\/p>\n<p><strong><a href=\"https:\/\/cosyowl.com\/es\/suministros-para-la-fabricacion-de-velas\/aceites-aromaticos-para-la-fabricacion-de-velas\/todas-las-fragancias\/aceite-con-fragancia-de-bayas\/?wmc-currency=EUR\">Muy Berry<\/a> <\/strong>- Una fragancia rica y afrutada repleta de ciruela, higo, flor de sa\u00faco, ar\u00e1ndano y frambuesa, sobre una suave base de pachul\u00ed, vetiver y almizcle.<\/p>\n<p>&nbsp;<\/p>\n<h3><strong>\u00bfPor qu\u00e9 elegir nuestro kit para hacer velas de soja?<\/strong><\/h3>\n<p>Nos enorgullecemos de suministrar solo los ingredientes de la m\u00e1s alta calidad para la elaboraci\u00f3n de velas arom\u00e1ticas caseras. A diferencia de muchos kits de inicio, nuestros productos son cuidadosamente seleccionados por su calidad profesional, ayud\u00e1ndote a crear velas con una excelente combusti\u00f3n, un fuerte aroma y un hermoso acabado.<\/p>\n<p><strong>Nuestra <a href=\"https:\/\/cosyowl.com\/es\/guides\/how-to-make-bleeding-heart-wax-melts\">BRICOLAJE<\/a> El kit para hacer velas de soja es ideal para:<\/strong><\/p>\n<ul>\n<li>Principiantes aprendiendo a hacer velas en casa<\/li>\n<li>Los aficionados que quieran un <a href=\"https:\/\/cosyowl.com\/es\/guides\/how-to-make-marbled-wax-melts\">artesan\u00eda con velas<\/a> kit<\/li>\n<li>Los compradores de regalos que buscan un <a href=\"https:\/\/cosyowl.com\/es\/guides\/ideas-and-creativity\">fabricaci\u00f3n creativa de velas<\/a> regalo<\/li>\n<li>Cualquiera que ame <a href=\"https:\/\/cosyowl.com\/es\/guides\/making-a-reed-diffuser\">fragancia para el hogar<\/a> y velas artesanales<\/li>\n<\/ul>\n<h4><\/h4>\n<h3><strong>Suministros para la elaboraci\u00f3n de velas de calidad profesional<\/strong><\/h3>\n<p>Todos los art\u00edculos de este <a href=\"https:\/\/cosyowl.com\/es\/guides\/vegan-candle-making-supplies\">suministros para la fabricaci\u00f3n de velas<\/a> ha sido elegido para ayudarle a conseguir grandes resultados en casa. No utilizamos materiales de iniciaci\u00f3n de baja calidad, porque creemos que aprender con mejores ingredientes conduce a mejores velas.<\/p>\n<p><strong>Todos los materiales incluidos en este kit son:<\/strong><\/p>\n<ul>\n<li>De origen sostenible<\/li>\n<li>Ecol\u00f3gico<\/li>\n<li>Amigable con veganos<\/li>\n<li>Libre de crueldad<\/li>\n<li><a href=\"https:\/\/cosyowl.com\/es\/guides\/cmrs-and-phthalates-in-fragrance-oils\">Libre de<\/a> CMR y ftalatos<\/li>\n<li>Perfecto para principiantes y amantes de las velas<\/li>\n<\/ul>\n<p>Si est\u00e1 buscando un kit de inicio para hacer velas, un kit para hacer velas de soja o un kit completo para hacer sus propias velas, \u00e9ste es un lugar excelente para empezar. Con <a href=\"https:\/\/cosyowl.com\/es\/guides\/temperature-guidelines\">instrucciones<\/a>, Con ingredientes de primera calidad y la fragancia que elija, nuestro kit le permite disfrutar del proceso creativo de la fabricaci\u00f3n de velas desde la comodidad de su hogar.<\/p>\n<h3 data-start=\"2493\" data-end=\"2542\"><\/h3>\n<h3 data-start=\"2493\" data-end=\"2542\"><strong>Recursos \u00fatiles para fabricar velas con \u00e9xito<\/strong><\/h3>\n<ul>\n<li><strong><span style=\"color: #ff6600\"><a style=\"color: #ff6600\" href=\"https:\/\/cosyowl.com\/es\/guias\/como-hacer-una-vela\/?wmc-currency=EUR\">C\u00f3mo hacer una vela\u00a0<\/a><\/span><\/strong><\/li>\n<li><strong><span style=\"color: #ff6600\"><a style=\"color: #ff6600\" href=\"https:\/\/cosyowl.com\/es\/guias\/guia-de-velas-contenedoras\/?wmc-currency=EUR\">Gu\u00eda para hacer velas en recipientes<\/a><\/span><\/strong><\/li>\n<li><strong><span style=\"color: #ff6600\"><a style=\"color: #ff6600\" href=\"https:\/\/cosyowl.com\/es\/guias\/guia-para-principiantes-sobre-la-fabricacion-de-velas\/?wmc-currency=EUR\">Gu\u00eda para principiantes sobre la fabricaci\u00f3n de velas<\/a><\/span><\/strong><strong><br \/>\n<\/strong><\/li>\n<li class=\"entry-title\"><strong><span style=\"color: #ff6600\"><a style=\"color: #ff6600\" href=\"https:\/\/cosyowl.com\/es\/guias\/como-utilizar-los-aceites-aromaticos\/?wmc-currency=EUR\">C\u00f3mo utilizar los aceites arom\u00e1ticos<\/a><\/span><\/strong><\/li>\n<li><strong><span style=\"color: #ff6600\"><a style=\"color: #ff6600\" href=\"https:\/\/cosyowl.com\/es\/guias\/solucion-de-problemas\/?wmc-currency=EUR\">Soluci\u00f3n de problemas en la fabricaci\u00f3n de velas<\/a><\/span><\/strong><\/li>\n<li><strong><span style=\"color: #ff6600\"><a style=\"color: #ff6600\" href=\"https:\/\/cosyowl.com\/es\/guias\/faq\/?wmc-currency=EUR\">Preguntas frecuentes sobre la fabricaci\u00f3n de velas<\/a><\/span><\/strong><\/li>\n<li><strong><span style=\"color: #ff6600\"><a style=\"color: #ff6600\" href=\"https:\/\/cosyowl.com\/es\/guias\/?wmc-currency=EUR\">Gu\u00edas y recetas<\/a><\/span><\/strong><\/li>\n<\/ul>","protected":false},"excerpt":{"rendered":"<p>Our Candle Making Kit makes it easy to create beautifully scented soy candles at home. Ideal for beginners and experienced makers alike, this all-in-one kit includes everything you need to make up to five fragranced candles using high-quality materials.\u00a0Perfect as a gift or a fun home craft project, each kit includes one fragrance so you [&hellip;]<\/p>\n","protected":false},"featured_media":126805,"comment_status":"open","ping_status":"closed","template":"","meta":{"_acf_changed":false},"product_brand":[],"product_cat":[530,720,653],"product_tag":[917],"class_list":{"0":"post-126420","1":"product","2":"type-product","3":"status-publish","4":"has-post-thumbnail","6":"product_cat-candle-making-kits","7":"product_cat-candle-making-kits-candle-making-supplies","8":"product_cat-craft-kits","9":"product_tag-candle-making-kit","10":"product_shipping_class-royal_mail_kits","12":"first","13":"instock","14":"taxable","15":"shipping-taxable","16":"purchasable","17":"product-type-variable"},"acf":[],"_links":{"self":[{"href":"https:\/\/cosyowl.com\/es\/wp-json\/wp\/v2\/product\/126420","targetHints":{"allow":["GET"]}}],"collection":[{"href":"https:\/\/cosyowl.com\/es\/wp-json\/wp\/v2\/product"}],"about":[{"href":"https:\/\/cosyowl.com\/es\/wp-json\/wp\/v2\/types\/product"}],"replies":[{"embeddable":true,"href":"https:\/\/cosyowl.com\/es\/wp-json\/wp\/v2\/comments?post=126420"}],"wp:featuredmedia":[{"embeddable":true,"href":"https:\/\/cosyowl.com\/es\/wp-json\/wp\/v2\/media\/126805"}],"wp:attachment":[{"href":"https:\/\/cosyowl.com\/es\/wp-json\/wp\/v2\/media?parent=126420"}],"wp:term":[{"taxonomy":"product_brand","embeddable":true,"href":"https:\/\/cosyowl.com\/es\/wp-json\/wp\/v2\/product_brand?post=126420"},{"taxonomy":"product_cat","embeddable":true,"href":"https:\/\/cosyowl.com\/es\/wp-json\/wp\/v2\/product_cat?post=126420"},{"taxonomy":"product_tag","embeddable":true,"href":"https:\/\/cosyowl.com\/es\/wp-json\/wp\/v2\/product_tag?post=126420"}],"curies":[{"name":"wp","href":"https:\/\/api.w.org\/{rel}","templated":true}]}}