{"id":11382,"date":"2021-07-01T06:14:00","date_gmt":"2021-07-01T05:14:00","guid":{"rendered":"https:\/\/cosyowl.com\/product\/uncategorized\/import-placeholder-for-tcdl-cess-bowl-ncro-520"},"modified":"2026-04-05T13:27:37","modified_gmt":"2026-04-05T12:27:37","slug":"aceite-esencial-de-manzanilla-romana","status":"publish","type":"product","link":"https:\/\/cosyowl.com\/es\/candle-making-supplies\/essential-oils\/chamomile-roman-essential-oil","title":{"rendered":"Aceite esencial de manzanilla romana"},"content":{"rendered":"<p>Este <strong>Manzanilla romana calmante <a href=\"https:\/\/cosyowl.com\/es\/craft-supplies\/body-care-supplies\/fragrance-oils-for-body-care\/tea-tree-fragrance-oil\">aceite esencial<\/a><\/strong> es <strong>frutal y <a href=\"https:\/\/cosyowl.com\/es\/fragrance-oils\/coffee\">arom\u00e1tico<\/a> <\/strong>con un <strong>relajante <a href=\"https:\/\/cosyowl.com\/es\/candle-making-supplies\/essential-oils\/marjoram-essential-oil\">herb\u00e1ceas<\/a> aroma<\/strong> y un <strong>matiz intensamente dulce<\/strong>. Puede utilizarse individualmente o como parte de una mezcla de fragancias a medida, combinando a la perfecci\u00f3n con otras fragancias. <a href=\"https:\/\/cosyowl.com\/es\/guides\/essential-oil-benefits\">aceites esenciales<\/a> como: <strong>\u00c1rbol del t\u00e9 <\/strong>y <strong>Bergamota<\/strong>. Este aceite esencial puede utilizarse en velas, jabones y difusores.<\/p>\n<p>Todos nuestros aceites esenciales son exclusivos de <a href=\"https:\/\/cosyowl.com\/es\/\">B\u00faho acogedor<\/a> y han sido desarrollados por nuestros expertos para un lanzamiento de olor superior y notables propiedades aromaterap\u00e9uticas. Nuestros aceites concentrados 100% son compatibles con todas nuestras ceras, <a href=\"https:\/\/cosyowl.com\/es\/guides\/how-to-melt-wax-soap-bases\">bases de jab\u00f3n<\/a> y aceites de augeo.<\/p>\n<p>Los aceites esenciales deben almacenarse en un <a href=\"https:\/\/cosyowl.com\/es\/candle-making-supplies\/glitters\/lake-blue-biodegradable\">genial<\/a>En un lugar oscuro para evitar la oxidaci\u00f3n. El lugar ideal para guardarlos es el frigor\u00edfico, pero si no es as\u00ed, aseg\u00farese de mantenerlos alejados de la luz directa y de las altas temperaturas.<\/p>\n<p><strong>\u00bfQu\u00e9 cantidad de aceite esencial debo a\u00f1adir?<\/strong><\/p>\n<p>Todos nuestros aceites esenciales son de alta <a href=\"https:\/\/cosyowl.com\/es\/candle-wicks\/wedo-lx-wick-raw\">calidad<\/a> y dise\u00f1ados por expertos para que desprendan un aroma sorprendente y tengan propiedades aromaterap\u00e9uticas, por lo que generalmente menos es m\u00e1s. Los aceites esenciales deben diluirse en una peque\u00f1a concentraci\u00f3n como:<\/p>\n<ul>\n<li>2% para diluir en un aceite portador<\/li>\n<li>3% para diluci\u00f3n en base de jab\u00f3n<\/li>\n<li>3% para diluci\u00f3n en <a href=\"https:\/\/cosyowl.com\/es\/guides\/a-summers-beach-gel-votive-candle\">vela<\/a> cera<\/li>\n<li>25% para diluci\u00f3n en aceite de augeo<\/li>\n<\/ul>\n<p>Todos los aceites esenciales tienen lo que se conoce como punto de inflamaci\u00f3n, es decir, la temperatura m\u00e1s baja a la que el aceite empieza a combustionar y se liberan tanto su fragancia como sus propiedades curativas.<\/p>\n<p>El punto de inflamaci\u00f3n de la manzanilla romana es <strong>30\u00b0c<\/strong> para m\u00e1s informaci\u00f3n sobre Flash Points <a href=\"https:\/\/cosyowl.com\/es\/guias\/?p=770&wmc-currency=EUR\">siga este enlace<\/a><\/p>\n<p><strong><em>Tenga en cuenta que nuestros aceites esenciales no son ecol\u00f3gicos.\u00a0<\/em><\/strong><\/p>","protected":false},"excerpt":{"rendered":"<p>This calming Chamomile Roman essential oil is fruity and aromatic with a relaxing herbaceous aroma and an intensely sweet undertone. It can be used individually or as part of a bespoke fragrance medley, pairing brilliantly well with other essential oils such as: Tea Tree and Bergamot. This essential oil can be used in candles, soaps [&hellip;]<\/p>\n","protected":false},"featured_media":12098,"comment_status":"open","ping_status":"closed","template":"","meta":{"_acf_changed":false},"product_brand":[],"product_cat":[542,753,717],"product_tag":[938],"class_list":{"0":"post-11382","1":"product","2":"type-product","3":"status-publish","4":"has-post-thumbnail","6":"product_cat-candle-making-supplies-essential-oils","7":"product_cat-sale-fragrance-oils","8":"product_cat-sale","9":"product_tag-essential-oil","10":"pa_bottle-size-10ml","11":"pa_bottle-size-30ml","12":"pa_bottle-size-50ml","14":"first","15":"instock","16":"sale","17":"taxable","18":"shipping-taxable","19":"purchasable","20":"product-type-variable"},"acf":[],"_links":{"self":[{"href":"https:\/\/cosyowl.com\/es\/wp-json\/wp\/v2\/product\/11382","targetHints":{"allow":["GET"]}}],"collection":[{"href":"https:\/\/cosyowl.com\/es\/wp-json\/wp\/v2\/product"}],"about":[{"href":"https:\/\/cosyowl.com\/es\/wp-json\/wp\/v2\/types\/product"}],"replies":[{"embeddable":true,"href":"https:\/\/cosyowl.com\/es\/wp-json\/wp\/v2\/comments?post=11382"}],"wp:featuredmedia":[{"embeddable":true,"href":"https:\/\/cosyowl.com\/es\/wp-json\/wp\/v2\/media\/12098"}],"wp:attachment":[{"href":"https:\/\/cosyowl.com\/es\/wp-json\/wp\/v2\/media?parent=11382"}],"wp:term":[{"taxonomy":"product_brand","embeddable":true,"href":"https:\/\/cosyowl.com\/es\/wp-json\/wp\/v2\/product_brand?post=11382"},{"taxonomy":"product_cat","embeddable":true,"href":"https:\/\/cosyowl.com\/es\/wp-json\/wp\/v2\/product_cat?post=11382"},{"taxonomy":"product_tag","embeddable":true,"href":"https:\/\/cosyowl.com\/es\/wp-json\/wp\/v2\/product_tag?post=11382"}],"curies":[{"name":"wp","href":"https:\/\/api.w.org\/{rel}","templated":true}]}}