{"id":11348,"date":"2021-07-01T06:14:00","date_gmt":"2021-07-01T05:14:00","guid":{"rendered":"https:\/\/cosyowl.com\/product\/uncategorized\/import-placeholder-for-tcdl-cess-bowl-nrse-508"},"modified":"2026-03-03T13:45:22","modified_gmt":"2026-03-03T13:45:22","slug":"aceite-esencial-de-romero","status":"publish","type":"product","link":"https:\/\/cosyowl.com\/es\/candle-making-supplies\/essential-oils\/rosemary-essential-oil","title":{"rendered":"Aceite esencial de romero"},"content":{"rendered":"<p>Este <strong>romero edificante <a href=\"https:\/\/cosyowl.com\/es\/craft-supplies\/body-care-supplies\/fragrance-oils-for-body-care\/tea-tree-fragrance-oil\">aceite esencial<\/a><\/strong> es <strong><a href=\"https:\/\/cosyowl.com\/es\/craft-kits\/candle-making-kits\/soy-wax-mulled-wine-christmas-candle-making-kit\">caliente<\/a> y energizante <\/strong>con un <strong><a href=\"https:\/\/cosyowl.com\/es\/candle-making-supplies\/essential-oils\/marjoram-essential-oil\">herb\u00e1ceas<\/a> aroma<\/strong> y un <strong>matiz c\u00edtrico<\/strong>. Puede utilizarse individualmente o como parte de una mezcla de fragancias a medida, combinando a la perfecci\u00f3n con otras fragancias. <a href=\"https:\/\/cosyowl.com\/es\/guides\/essential-oil-benefits\">aceites esenciales<\/a> como: <strong>Hierba lim\u00f3n<\/strong> y <strong>Menta<\/strong>. Este aceite esencial puede utilizarse en velas, jabones y difusores.<\/p>\n<p>Todos nuestros aceites esenciales son exclusivos de <a href=\"https:\/\/cosyowl.com\/es\/\">B\u00faho acogedor<\/a> y han sido desarrollados por nuestros expertos para un lanzamiento de olor superior y notables propiedades aromaterap\u00e9uticas. Nuestros aceites concentrados 100% son compatibles con todas nuestras ceras, <a href=\"https:\/\/cosyowl.com\/es\/guides\/how-to-melt-wax-soap-bases\">bases de jab\u00f3n<\/a> y aceites de augeo.<\/p>\n<p>Los aceites esenciales deben almacenarse en un <a href=\"https:\/\/cosyowl.com\/es\/candle-making-supplies\/glitters\/lake-blue-biodegradable\">genial<\/a>En un lugar oscuro para evitar la oxidaci\u00f3n. El lugar ideal para guardarlos es el frigor\u00edfico, pero si no es as\u00ed, aseg\u00farese de mantenerlos alejados de la luz directa y de las altas temperaturas.<\/p>\n<p><strong>\u00bfQu\u00e9 cantidad de aceite esencial debo a\u00f1adir?<\/strong><\/p>\n<p>Todos nuestros aceites esenciales son de alta <a href=\"https:\/\/cosyowl.com\/es\/candle-wicks\/wedo-lx-wick-raw\">calidad<\/a> y dise\u00f1ados por expertos para que desprendan un aroma sorprendente y tengan propiedades aromaterap\u00e9uticas, por lo que generalmente menos es m\u00e1s. Los aceites esenciales deben diluirse en una peque\u00f1a concentraci\u00f3n como:<\/p>\n<ul>\n<li>2% para diluir en un aceite portador<\/li>\n<li>3% para diluci\u00f3n en base de jab\u00f3n<\/li>\n<li>3% para diluci\u00f3n en <a href=\"https:\/\/cosyowl.com\/es\/guides\/a-summers-beach-gel-votive-candle\">vela<\/a> cera<\/li>\n<li>25% para diluci\u00f3n en aceite de augeo<\/li>\n<\/ul>\n<p>Todos los aceites esenciales tienen lo que se conoce como punto de inflamaci\u00f3n, es decir, la temperatura m\u00e1s baja a la que el aceite empieza a combustionar y se liberan tanto su fragancia como sus propiedades curativas.<\/p>\n<p>En<strong> el punto de inflamaci\u00f3n del romero es de 43\u00b0c<\/strong> para m\u00e1s informaci\u00f3n sobre Flash Points <a href=\"https:\/\/cosyowl.com\/es\/guias\/?p=770&wmc-currency=EUR\">siga este enlace<\/a><\/p>\n<p><strong>Densidad relativa @ 20\u00b0C<\/strong> - 0.890-0.912<br \/>\n<strong>\u00cdndice de refracci\u00f3n @ 20\u00b0C<\/strong> - 1.464-1.476<br \/>\n<strong>Rotaci\u00f3n \u00f3ptica (\u00b0C)<\/strong> -6,0 a 12,0<\/p>\n<p><strong><em>Tenga en cuenta que nuestro aceite esencial de romero no es org\u00e1nico.<\/em><\/strong><\/p>","protected":false},"excerpt":{"rendered":"<p>This uplifting Rosemary essential oil is warm and energizing with an herbaceous aroma and a citrus-like undertone. It can be used individually or as part of a bespoke fragrance medley, pairing brilliantly well with other essential oils such as: Lemongrass and Peppermint. This essential oil can be used in candles, soaps and diffusers. All our [&hellip;]<\/p>\n","protected":false},"featured_media":12086,"comment_status":"open","ping_status":"closed","template":"","meta":{"_acf_changed":false},"product_brand":[],"product_cat":[542,544,585,582,649,543,545,637,753,717],"product_tag":[938],"class_list":{"0":"post-11348","1":"product","2":"type-product","3":"status-publish","4":"has-post-thumbnail","6":"product_cat-candle-making-supplies-essential-oils","7":"product_cat-beard-oil-essential-oils","8":"product_cat-hair-care-essential-oils","9":"product_cat-lip-balm-essential-oils","10":"product_cat-reed-diffusers-essential-oils","11":"product_cat-soap-making-supplies-essential-oils","12":"product_cat-wax-melts-essential-oils","13":"product_cat-body-care-essential-oils","14":"product_cat-sale-fragrance-oils","15":"product_cat-sale","16":"product_tag-essential-oil","17":"pa_bottle-size-10ml","18":"pa_bottle-size-30ml","19":"pa_bottle-size-50ml","21":"first","22":"instock","23":"sale","24":"taxable","25":"shipping-taxable","26":"purchasable","27":"product-type-variable"},"acf":[],"_links":{"self":[{"href":"https:\/\/cosyowl.com\/es\/wp-json\/wp\/v2\/product\/11348","targetHints":{"allow":["GET"]}}],"collection":[{"href":"https:\/\/cosyowl.com\/es\/wp-json\/wp\/v2\/product"}],"about":[{"href":"https:\/\/cosyowl.com\/es\/wp-json\/wp\/v2\/types\/product"}],"replies":[{"embeddable":true,"href":"https:\/\/cosyowl.com\/es\/wp-json\/wp\/v2\/comments?post=11348"}],"wp:featuredmedia":[{"embeddable":true,"href":"https:\/\/cosyowl.com\/es\/wp-json\/wp\/v2\/media\/12086"}],"wp:attachment":[{"href":"https:\/\/cosyowl.com\/es\/wp-json\/wp\/v2\/media?parent=11348"}],"wp:term":[{"taxonomy":"product_brand","embeddable":true,"href":"https:\/\/cosyowl.com\/es\/wp-json\/wp\/v2\/product_brand?post=11348"},{"taxonomy":"product_cat","embeddable":true,"href":"https:\/\/cosyowl.com\/es\/wp-json\/wp\/v2\/product_cat?post=11348"},{"taxonomy":"product_tag","embeddable":true,"href":"https:\/\/cosyowl.com\/es\/wp-json\/wp\/v2\/product_tag?post=11348"}],"curies":[{"name":"wp","href":"https:\/\/api.w.org\/{rel}","templated":true}]}}