{"id":11311,"date":"2021-01-10T06:13:00","date_gmt":"2021-01-10T06:13:00","guid":{"rendered":"https:\/\/cosyowl.com\/product\/uncategorized\/import-placeholder-for-tcdl-cmca-bowl-lbrp-500"},"modified":"2026-03-03T13:45:40","modified_gmt":"2026-03-03T13:45:40","slug":"brillo-para-velas-biodegradables-melocoton-brillante","status":"publish","type":"product","link":"https:\/\/cosyowl.com\/es\/craft-supplies\/wax-melt-supplies\/mica-powder-glitter\/bright-peach-biodegradable-candle-glitter","title":{"rendered":"Brillantina Biodegradable Melocot\u00f3n para Velas"},"content":{"rendered":"<p>Este excepcional melocot\u00f3n brillante <a href=\"https:\/\/cosyowl.com\/es\/candle-making-supplies\/glitters\/apple-green-biodegradable\">biodegradable<\/a> La purpurina es un gran aditivo para <a href=\"https:\/\/cosyowl.com\/es\/guides\/sandalwood-vanilla-leaf-wax-melts-guide\">cera fundida<\/a>. Este tono de melocot\u00f3n acompa\u00f1ar\u00eda maravillosamente a los rosas y a los tonos nacarados. Esta purpurina puede utilizarse en cosm\u00e9ticos, sombras de ojos, jabones, decoraci\u00f3n de u\u00f1as y manualidades.<\/p>\n<p>Este producto se utiliza mejor en ceras fundidas, si se utiliza en velas puede obstruir la mecha.<\/p>","protected":false},"excerpt":{"rendered":"<p>This outstanding bright peach biodegradable glitter is a great additive to your wax melts. This hue of peach would accompany pinks and pearlescent shades beautifully. This glitter can be used in cosmetics, eyeshadow, soaps, nail art and crafts. This product is best used in wax melts, if used in candles it can clog up the [&hellip;]<\/p>\n","protected":false},"featured_media":12078,"comment_status":"open","ping_status":"closed","template":"","meta":{"_acf_changed":false},"product_brand":[],"product_cat":[541,540,750],"product_tag":[909,914,1596],"class_list":{"0":"post-11311","1":"product","2":"type-product","3":"status-publish","4":"has-post-thumbnail","6":"product_cat-wax-melts-mica-powder-and-glitter","7":"product_cat-candle-making-supplies-mica-powder-glitter","8":"product_cat-valentines-day","9":"product_tag-black-friday","10":"product_tag-glitter","11":"product_tag-valentines","13":"first","14":"instock","15":"taxable","16":"shipping-taxable","17":"purchasable","18":"product-type-variable"},"acf":[],"_links":{"self":[{"href":"https:\/\/cosyowl.com\/es\/wp-json\/wp\/v2\/product\/11311","targetHints":{"allow":["GET"]}}],"collection":[{"href":"https:\/\/cosyowl.com\/es\/wp-json\/wp\/v2\/product"}],"about":[{"href":"https:\/\/cosyowl.com\/es\/wp-json\/wp\/v2\/types\/product"}],"replies":[{"embeddable":true,"href":"https:\/\/cosyowl.com\/es\/wp-json\/wp\/v2\/comments?post=11311"}],"wp:featuredmedia":[{"embeddable":true,"href":"https:\/\/cosyowl.com\/es\/wp-json\/wp\/v2\/media\/12078"}],"wp:attachment":[{"href":"https:\/\/cosyowl.com\/es\/wp-json\/wp\/v2\/media?parent=11311"}],"wp:term":[{"taxonomy":"product_brand","embeddable":true,"href":"https:\/\/cosyowl.com\/es\/wp-json\/wp\/v2\/product_brand?post=11311"},{"taxonomy":"product_cat","embeddable":true,"href":"https:\/\/cosyowl.com\/es\/wp-json\/wp\/v2\/product_cat?post=11311"},{"taxonomy":"product_tag","embeddable":true,"href":"https:\/\/cosyowl.com\/es\/wp-json\/wp\/v2\/product_tag?post=11311"}],"curies":[{"name":"wp","href":"https:\/\/api.w.org\/{rel}","templated":true}]}}