{"id":11308,"date":"2021-01-10T06:13:20","date_gmt":"2021-01-10T06:13:20","guid":{"rendered":"https:\/\/cosyowl.com\/product\/uncategorized\/pure-white-biodegradable-candle-glitter"},"modified":"2026-03-03T13:45:40","modified_gmt":"2026-03-03T13:45:40","slug":"purpurina-blanca-biodegradable-para-velas","status":"publish","type":"product","link":"https:\/\/cosyowl.com\/es\/candle-making-supplies\/glitters\/pure-white-biodegradable","title":{"rendered":"Purpurina Biodegradable Blanca para Velas"},"content":{"rendered":"<p>Este impresionante blanco puro <a href=\"https:\/\/cosyowl.com\/es\/candle-making-supplies\/glitters\/apple-green-biodegradable\">biodegradable<\/a> La purpurina es un gran aditivo para <a href=\"https:\/\/cosyowl.com\/es\/guides\/sandalwood-vanilla-leaf-wax-melts-guide\">cera fundida<\/a>. Al ser una purpurina tan sutil, puede mezclarse con todas las opciones de color para a\u00f1adir otro nivel de brillo y clase. Esta purpurina puede utilizarse en cosm\u00e9ticos, sombras de ojos, jabones, decoraci\u00f3n de u\u00f1as y manualidades.<\/p>\n<p>Este producto se utiliza mejor en ceras fundidas, si se utiliza en velas puede obstruir la mecha.<\/p>","protected":false},"excerpt":{"rendered":"<p>This stunning pure white biodegradable glitter is a great additive to your wax melts. Being such a subtle glitter, this can be mixed with all colour options to add another level of shimmer and class. This glitter can be used in cosmetics, eyeshadow, soaps, nail art and crafts. This product is best used in wax [&hellip;]<\/p>\n","protected":false},"featured_media":12075,"comment_status":"open","ping_status":"closed","template":"","meta":{"_acf_changed":false},"product_brand":[],"product_cat":[541,540],"product_tag":[909,914],"class_list":{"0":"post-11308","1":"product","2":"type-product","3":"status-publish","4":"has-post-thumbnail","6":"product_cat-wax-melts-mica-powder-and-glitter","7":"product_cat-candle-making-supplies-mica-powder-glitter","8":"product_tag-black-friday","9":"product_tag-glitter","11":"first","12":"instock","13":"taxable","14":"shipping-taxable","15":"purchasable","16":"product-type-variable"},"acf":[],"_links":{"self":[{"href":"https:\/\/cosyowl.com\/es\/wp-json\/wp\/v2\/product\/11308","targetHints":{"allow":["GET"]}}],"collection":[{"href":"https:\/\/cosyowl.com\/es\/wp-json\/wp\/v2\/product"}],"about":[{"href":"https:\/\/cosyowl.com\/es\/wp-json\/wp\/v2\/types\/product"}],"replies":[{"embeddable":true,"href":"https:\/\/cosyowl.com\/es\/wp-json\/wp\/v2\/comments?post=11308"}],"wp:featuredmedia":[{"embeddable":true,"href":"https:\/\/cosyowl.com\/es\/wp-json\/wp\/v2\/media\/12075"}],"wp:attachment":[{"href":"https:\/\/cosyowl.com\/es\/wp-json\/wp\/v2\/media?parent=11308"}],"wp:term":[{"taxonomy":"product_brand","embeddable":true,"href":"https:\/\/cosyowl.com\/es\/wp-json\/wp\/v2\/product_brand?post=11308"},{"taxonomy":"product_cat","embeddable":true,"href":"https:\/\/cosyowl.com\/es\/wp-json\/wp\/v2\/product_cat?post=11308"},{"taxonomy":"product_tag","embeddable":true,"href":"https:\/\/cosyowl.com\/es\/wp-json\/wp\/v2\/product_tag?post=11308"}],"curies":[{"name":"wp","href":"https:\/\/api.w.org\/{rel}","templated":true}]}}