{"id":11282,"date":"2021-01-10T06:13:00","date_gmt":"2021-01-10T06:13:00","guid":{"rendered":"https:\/\/cosyowl.com\/product\/uncategorized\/import-placeholder-for-tcdl-cmca-bowl-lpgo-493"},"modified":"2026-03-03T13:45:40","modified_gmt":"2026-03-03T13:45:40","slug":"purpurina-biodegradable-para-velas-oro-platino","status":"publish","type":"product","link":"https:\/\/cosyowl.com\/es\/craft-supplies\/wax-melt-supplies\/mica-powder-glitter\/platinum-gold-biodegradable-candle-glitter","title":{"rendered":"Purpurina Biodegradable Oro Platino para Velas"},"content":{"rendered":"<p>Este <a href=\"https:\/\/cosyowl.com\/es\/candle-making-supplies\/glitters\/pure-white-biodegradable\">elegante<\/a> oro platino <a href=\"https:\/\/cosyowl.com\/es\/candle-making-supplies\/glitters\/apple-green-biodegradable\">biodegradable<\/a> La purpurina es un acompa\u00f1amiento deslumbrante para su <a href=\"https:\/\/cosyowl.com\/es\/guides\/sandalwood-vanilla-leaf-wax-melts-guide\">cera fundida<\/a>. Con el tono de esta purpurina, a\u00f1ade otro nivel de clase y sofisticaci\u00f3n a su cera. Esta purpurina puede utilizarse en cosm\u00e9ticos, sombras de ojos, jabones, decoraci\u00f3n de u\u00f1as y manualidades.<\/p>\n<p>Este producto se utiliza mejor en ceras fundidas, si se utiliza en velas puede obstruir la mecha.<\/p>","protected":false},"excerpt":{"rendered":"<p>This elegant platinum gold biodegradable glitter is a dazzling accompaniment to your wax melts. With the hue of this glitter, it adds another level of class and sophistication to your wax. This glitter can be used in cosmetics, eyeshadow, soaps, nail art and crafts. This product is best used in wax melts, if used in [&hellip;]<\/p>\n","protected":false},"featured_media":12071,"comment_status":"open","ping_status":"closed","template":"","meta":{"_acf_changed":false},"product_brand":[],"product_cat":[541,498,540],"product_tag":[909,1594,914],"class_list":{"0":"post-11282","1":"product","2":"type-product","3":"status-publish","4":"has-post-thumbnail","6":"product_cat-wax-melts-mica-powder-and-glitter","7":"product_cat-christmas","8":"product_cat-candle-making-supplies-mica-powder-glitter","9":"product_tag-black-friday","10":"product_tag-christmas","11":"product_tag-glitter","13":"first","14":"instock","15":"taxable","16":"shipping-taxable","17":"purchasable","18":"product-type-variable"},"acf":[],"_links":{"self":[{"href":"https:\/\/cosyowl.com\/es\/wp-json\/wp\/v2\/product\/11282","targetHints":{"allow":["GET"]}}],"collection":[{"href":"https:\/\/cosyowl.com\/es\/wp-json\/wp\/v2\/product"}],"about":[{"href":"https:\/\/cosyowl.com\/es\/wp-json\/wp\/v2\/types\/product"}],"replies":[{"embeddable":true,"href":"https:\/\/cosyowl.com\/es\/wp-json\/wp\/v2\/comments?post=11282"}],"wp:featuredmedia":[{"embeddable":true,"href":"https:\/\/cosyowl.com\/es\/wp-json\/wp\/v2\/media\/12071"}],"wp:attachment":[{"href":"https:\/\/cosyowl.com\/es\/wp-json\/wp\/v2\/media?parent=11282"}],"wp:term":[{"taxonomy":"product_brand","embeddable":true,"href":"https:\/\/cosyowl.com\/es\/wp-json\/wp\/v2\/product_brand?post=11282"},{"taxonomy":"product_cat","embeddable":true,"href":"https:\/\/cosyowl.com\/es\/wp-json\/wp\/v2\/product_cat?post=11282"},{"taxonomy":"product_tag","embeddable":true,"href":"https:\/\/cosyowl.com\/es\/wp-json\/wp\/v2\/product_tag?post=11282"}],"curies":[{"name":"wp","href":"https:\/\/api.w.org\/{rel}","templated":true}]}}