{"id":11281,"date":"2021-01-10T06:13:15","date_gmt":"2021-01-10T06:13:15","guid":{"rendered":"https:\/\/cosyowl.com\/product\/uncategorized\/import-placeholder-for-tcdl-cmca-bowl-lsil-492"},"modified":"2026-03-03T13:45:40","modified_gmt":"2026-03-03T13:45:40","slug":"purpurina-plateada-biodegradable-para-velas","status":"publish","type":"product","link":"https:\/\/cosyowl.com\/es\/candle-making-supplies\/glitters\/silver-biodegradable","title":{"rendered":"Purpurina biodegradable plateada para velas"},"content":{"rendered":"<p>Este encantador <a href=\"https:\/\/cosyowl.com\/es\/candle-making-supplies\/glitters\/apple-green-biodegradable\">biodegradable<\/a> La purpurina es un magn\u00edfico complemento para sus ronchas de cera. La purpurina refleja y refleja la luz a trav\u00e9s de la cera, haci\u00e9ndola muy atractiva a la vista. Esta purpurina puede utilizarse en cosm\u00e9ticos, sombras de ojos, jabones, decoraci\u00f3n de u\u00f1as y manualidades.<\/p>\n<p>Este producto se utiliza mejor en <a href=\"https:\/\/cosyowl.com\/es\/guides\/sandalwood-vanilla-leaf-wax-melts-guide\">cera fundida<\/a>Si se utiliza en velas, puede obstruir la mecha.<\/p>","protected":false},"excerpt":{"rendered":"<p>This charming silver biodegradable glitter is a gorgeous accompaniment to your wax welts. The glitter reflects and mirrors light through the wax, making it very visually appealing. This glitter can be used in cosmetics, eyeshadow, soaps, nail art and crafts. This product is best used in wax melts, if used in candles it can clog [&hellip;]<\/p>\n","protected":false},"featured_media":12070,"comment_status":"open","ping_status":"closed","template":"","meta":{"_acf_changed":false},"product_brand":[],"product_cat":[541,498,540],"product_tag":[909,1594,914],"class_list":{"0":"post-11281","1":"product","2":"type-product","3":"status-publish","4":"has-post-thumbnail","6":"product_cat-wax-melts-mica-powder-and-glitter","7":"product_cat-christmas","8":"product_cat-candle-making-supplies-mica-powder-glitter","9":"product_tag-black-friday","10":"product_tag-christmas","11":"product_tag-glitter","13":"first","14":"instock","15":"taxable","16":"shipping-taxable","17":"purchasable","18":"product-type-variable"},"acf":[],"_links":{"self":[{"href":"https:\/\/cosyowl.com\/es\/wp-json\/wp\/v2\/product\/11281","targetHints":{"allow":["GET"]}}],"collection":[{"href":"https:\/\/cosyowl.com\/es\/wp-json\/wp\/v2\/product"}],"about":[{"href":"https:\/\/cosyowl.com\/es\/wp-json\/wp\/v2\/types\/product"}],"replies":[{"embeddable":true,"href":"https:\/\/cosyowl.com\/es\/wp-json\/wp\/v2\/comments?post=11281"}],"wp:featuredmedia":[{"embeddable":true,"href":"https:\/\/cosyowl.com\/es\/wp-json\/wp\/v2\/media\/12070"}],"wp:attachment":[{"href":"https:\/\/cosyowl.com\/es\/wp-json\/wp\/v2\/media?parent=11281"}],"wp:term":[{"taxonomy":"product_brand","embeddable":true,"href":"https:\/\/cosyowl.com\/es\/wp-json\/wp\/v2\/product_brand?post=11281"},{"taxonomy":"product_cat","embeddable":true,"href":"https:\/\/cosyowl.com\/es\/wp-json\/wp\/v2\/product_cat?post=11281"},{"taxonomy":"product_tag","embeddable":true,"href":"https:\/\/cosyowl.com\/es\/wp-json\/wp\/v2\/product_tag?post=11281"}],"curies":[{"name":"wp","href":"https:\/\/api.w.org\/{rel}","templated":true}]}}