{"id":11254,"date":"2021-01-10T06:13:06","date_gmt":"2021-01-10T06:13:06","guid":{"rendered":"https:\/\/cosyowl.com\/product\/uncategorized\/import-placeholder-for-tcdl-cmca-bowl-lmpu-488"},"modified":"2026-03-03T13:45:40","modified_gmt":"2026-03-03T13:45:40","slug":"purpurina-magica-para-velas","status":"publish","type":"product","link":"https:\/\/cosyowl.com\/es\/candle-making-supplies\/glitters\/magic-purple-candle-glitter","title":{"rendered":"Purpurina m\u00e1gica para velas"},"content":{"rendered":"<p>M\u00e1gico por su nombre y por su naturaleza. En su forma de purpurina, se confunde f\u00e1cilmente con el blanco. Pero cuando se suspende en cera, los sutiles colores amatista y <a href=\"https:\/\/cosyowl.com\/es\/fragrance-oils\/lilac\">lila<\/a> Las tonalidades se hacen evidentes cuando gira alrededor de la cera. Esta purpurina puede utilizarse en jabones, esmaltes de u\u00f1as, manualidades, pinturas y revestimientos y artes gr\u00e1ficas.<\/p>\n<p>Este producto se utiliza mejor en <a href=\"https:\/\/cosyowl.com\/es\/guides\/sandalwood-vanilla-leaf-wax-melts-guide\">cera fundida<\/a>Si se utiliza en velas, puede obstruir la mecha.<\/p>","protected":false},"excerpt":{"rendered":"<p>Magic by name and magic by nature! In its glitter form, it is easily mistaken as white. But when suspended in wax, the subtle amethyst and lilac hues become apparent as it whirls around the wax. This glitter can be used in soaps, nail polish, crafts, paints and coatings and graphic arts. This product is [&hellip;]<\/p>\n","protected":false},"featured_media":12066,"comment_status":"open","ping_status":"closed","template":"","meta":{"_acf_changed":false},"product_brand":[],"product_cat":[541,540],"product_tag":[909,914],"class_list":{"0":"post-11254","1":"product","2":"type-product","3":"status-publish","4":"has-post-thumbnail","6":"product_cat-wax-melts-mica-powder-and-glitter","7":"product_cat-candle-making-supplies-mica-powder-glitter","8":"product_tag-black-friday","9":"product_tag-glitter","11":"first","12":"instock","13":"taxable","14":"shipping-taxable","15":"purchasable","16":"product-type-variable"},"acf":[],"_links":{"self":[{"href":"https:\/\/cosyowl.com\/es\/wp-json\/wp\/v2\/product\/11254","targetHints":{"allow":["GET"]}}],"collection":[{"href":"https:\/\/cosyowl.com\/es\/wp-json\/wp\/v2\/product"}],"about":[{"href":"https:\/\/cosyowl.com\/es\/wp-json\/wp\/v2\/types\/product"}],"replies":[{"embeddable":true,"href":"https:\/\/cosyowl.com\/es\/wp-json\/wp\/v2\/comments?post=11254"}],"wp:featuredmedia":[{"embeddable":true,"href":"https:\/\/cosyowl.com\/es\/wp-json\/wp\/v2\/media\/12066"}],"wp:attachment":[{"href":"https:\/\/cosyowl.com\/es\/wp-json\/wp\/v2\/media?parent=11254"}],"wp:term":[{"taxonomy":"product_brand","embeddable":true,"href":"https:\/\/cosyowl.com\/es\/wp-json\/wp\/v2\/product_brand?post=11254"},{"taxonomy":"product_cat","embeddable":true,"href":"https:\/\/cosyowl.com\/es\/wp-json\/wp\/v2\/product_cat?post=11254"},{"taxonomy":"product_tag","embeddable":true,"href":"https:\/\/cosyowl.com\/es\/wp-json\/wp\/v2\/product_tag?post=11254"}],"curies":[{"name":"wp","href":"https:\/\/api.w.org\/{rel}","templated":true}]}}