{"id":11248,"date":"2021-01-10T06:13:00","date_gmt":"2021-01-10T06:13:00","guid":{"rendered":"https:\/\/cosyowl.com\/product\/uncategorized\/red-candle-glitter"},"modified":"2026-03-03T13:45:37","modified_gmt":"2026-03-03T13:45:37","slug":"vela-roja-purpurina","status":"publish","type":"product","link":"https:\/\/cosyowl.com\/es\/candle-making-supplies\/glitters\/red-candle-glitter","title":{"rendered":"Purpurina roja para velas"},"content":{"rendered":"<p>Esta impresionante purpurina carmes\u00ed es un hermoso aditivo para su cera. Cuando la cera se funde, la purpurina baila alrededor del recipiente. Esta purpurina puede utilizarse en cosm\u00e9ticos, cuidado personal, jabones, esmaltes de u\u00f1as, manualidades, pinturas y revestimientos y artes gr\u00e1ficas.<\/p>\n<p>Este producto se utiliza mejor en <a href=\"https:\/\/cosyowl.com\/es\/guides\/sandalwood-vanilla-leaf-wax-melts-guide\">cera fundida<\/a>Si se utiliza en velas, puede obstruir la mecha.<\/p>","protected":false},"excerpt":{"rendered":"<p>This stunning crimson glitter is a beautiful additive to your wax. When the wax is melted, the glitter dances around the container. This glitter can be used in cosmetics, personal care, soaps, nail polish, crafts, paints and coatings and graphic arts. This product is best used in wax melts, if used in candles it can [&hellip;]<\/p>\n","protected":false},"featured_media":12060,"comment_status":"open","ping_status":"closed","template":"","meta":{"_acf_changed":false},"product_brand":[],"product_cat":[541,498,540],"product_tag":[909,1594,914],"class_list":{"0":"post-11248","1":"product","2":"type-product","3":"status-publish","4":"has-post-thumbnail","6":"product_cat-wax-melts-mica-powder-and-glitter","7":"product_cat-christmas","8":"product_cat-candle-making-supplies-mica-powder-glitter","9":"product_tag-black-friday","10":"product_tag-christmas","11":"product_tag-glitter","13":"first","14":"instock","15":"taxable","16":"shipping-taxable","17":"purchasable","18":"product-type-variable"},"acf":[],"_links":{"self":[{"href":"https:\/\/cosyowl.com\/es\/wp-json\/wp\/v2\/product\/11248","targetHints":{"allow":["GET"]}}],"collection":[{"href":"https:\/\/cosyowl.com\/es\/wp-json\/wp\/v2\/product"}],"about":[{"href":"https:\/\/cosyowl.com\/es\/wp-json\/wp\/v2\/types\/product"}],"replies":[{"embeddable":true,"href":"https:\/\/cosyowl.com\/es\/wp-json\/wp\/v2\/comments?post=11248"}],"wp:featuredmedia":[{"embeddable":true,"href":"https:\/\/cosyowl.com\/es\/wp-json\/wp\/v2\/media\/12060"}],"wp:attachment":[{"href":"https:\/\/cosyowl.com\/es\/wp-json\/wp\/v2\/media?parent=11248"}],"wp:term":[{"taxonomy":"product_brand","embeddable":true,"href":"https:\/\/cosyowl.com\/es\/wp-json\/wp\/v2\/product_brand?post=11248"},{"taxonomy":"product_cat","embeddable":true,"href":"https:\/\/cosyowl.com\/es\/wp-json\/wp\/v2\/product_cat?post=11248"},{"taxonomy":"product_tag","embeddable":true,"href":"https:\/\/cosyowl.com\/es\/wp-json\/wp\/v2\/product_tag?post=11248"}],"curies":[{"name":"wp","href":"https:\/\/api.w.org\/{rel}","templated":true}]}}