{"id":11225,"date":"2021-07-01T06:12:00","date_gmt":"2021-07-01T05:12:00","guid":{"rendered":"https:\/\/cosyowl.com\/product\/uncategorized\/import-placeholder-for-tcdl-cmca-bowl-lflb-481"},"modified":"2026-03-03T13:45:37","modified_gmt":"2026-03-03T13:45:37","slug":"polvo-de-mica-azul-flash","status":"publish","type":"product","link":"https:\/\/cosyowl.com\/es\/candle-making-supplies\/mica-powders\/flash-blue","title":{"rendered":"Flash Blue Mica Polvo"},"content":{"rendered":"<p>Este impresionante tono cobalto <a href=\"https:\/\/cosyowl.com\/es\/candle-making-supplies\/glitters\/fluorescent-green\">negrita<\/a> <a href=\"https:\/\/cosyowl.com\/es\/candle-making-supplies\/candle-containers\/candle-glasses\/glass-candle-container-100cl-classic-jar-with-lid\">declaraci\u00f3n<\/a>. Cuando se suspende en cera, este azul resplandeciente resulta irresistible al arremolinarse en la cera.  Este polvo de mica puede utilizarse en cosm\u00e9tica, cuidado personal, jabones, esmaltes de u\u00f1as, artesan\u00eda, pinturas y revestimientos y artes gr\u00e1ficas. Los ingredientes de este polvo de mica son: Fluorflogopita, di\u00f3xido de titanio, \u00f3xido de esta\u00f1o y azul ultramar.<br \/>\nEste producto se utiliza mejor en <a href=\"https:\/\/cosyowl.com\/es\/guides\/sandalwood-vanilla-leaf-wax-melts-guide\">cera fundida<\/a>Si se utiliza en velas, puede obstruir la mecha.<\/p>","protected":false},"excerpt":{"rendered":"<p>This impressive cobalt hue makes a bold statement. When suspended in wax, this beaming blue is compelling as it whirls around in the wax.\u00a0 This mica powder can be used in cosmetics, personal care, soaps, nail polish, crafts, paints and coatings and graphic arts. The ingredients of this mica powder are: Fluorphlogopite, Titanium Dioxide, Tin [&hellip;]<\/p>\n","protected":false},"featured_media":12059,"comment_status":"open","ping_status":"closed","template":"","meta":{"_acf_changed":false},"product_brand":[],"product_cat":[541,583,540,580],"product_tag":[909,915],"class_list":{"0":"post-11225","1":"product","2":"type-product","3":"status-publish","4":"has-post-thumbnail","6":"product_cat-wax-melts-mica-powder-and-glitter","7":"product_cat-lip-balm-tints","8":"product_cat-candle-making-supplies-mica-powder-glitter","9":"product_cat-soap-making-supplies-mica-powder-glitter","10":"product_tag-black-friday","11":"product_tag-mica-powder","13":"first","14":"instock","15":"taxable","16":"shipping-taxable","17":"purchasable","18":"product-type-variable"},"acf":[],"_links":{"self":[{"href":"https:\/\/cosyowl.com\/es\/wp-json\/wp\/v2\/product\/11225","targetHints":{"allow":["GET"]}}],"collection":[{"href":"https:\/\/cosyowl.com\/es\/wp-json\/wp\/v2\/product"}],"about":[{"href":"https:\/\/cosyowl.com\/es\/wp-json\/wp\/v2\/types\/product"}],"replies":[{"embeddable":true,"href":"https:\/\/cosyowl.com\/es\/wp-json\/wp\/v2\/comments?post=11225"}],"wp:featuredmedia":[{"embeddable":true,"href":"https:\/\/cosyowl.com\/es\/wp-json\/wp\/v2\/media\/12059"}],"wp:attachment":[{"href":"https:\/\/cosyowl.com\/es\/wp-json\/wp\/v2\/media?parent=11225"}],"wp:term":[{"taxonomy":"product_brand","embeddable":true,"href":"https:\/\/cosyowl.com\/es\/wp-json\/wp\/v2\/product_brand?post=11225"},{"taxonomy":"product_cat","embeddable":true,"href":"https:\/\/cosyowl.com\/es\/wp-json\/wp\/v2\/product_cat?post=11225"},{"taxonomy":"product_tag","embeddable":true,"href":"https:\/\/cosyowl.com\/es\/wp-json\/wp\/v2\/product_tag?post=11225"}],"curies":[{"name":"wp","href":"https:\/\/api.w.org\/{rel}","templated":true}]}}