{"id":11191,"date":"2021-01-10T06:12:00","date_gmt":"2021-01-10T06:12:00","guid":{"rendered":"https:\/\/cosyowl.com\/product\/uncategorized\/import-placeholder-for-marbles-473"},"modified":"2026-04-30T16:22:52","modified_gmt":"2026-04-30T15:22:52","slug":"bolas-de-marmol-de-cristal-transparente-de-14-mm-para-frascos-difusores","status":"publish","type":"product","link":"https:\/\/cosyowl.com\/es\/craft-supplies\/reed-diffuser-supplies\/reed-diffuser-bottles\/14mm-clear-glass-marble-balls-for-diffuser-bottles","title":{"rendered":"Bolas de m\u00e1rmol de cristal transparente de 14 mm para botellas difusoras"},"content":{"rendered":"<p>A\u00f1ade un poco m\u00e1s de inter\u00e9s a tus frascos difusores a\u00f1adiendo esto <a href=\"https:\/\/cosyowl.com\/es\/candle-making-supplies\/glitters\/heart-candle-glitter\">decorativo<\/a> <a href=\"https:\/\/cosyowl.com\/es\/candle-making-extras\/50mm-candle-safety-label-white-black-text\">borrar<\/a> bolas de vidrio. Est\u00e1n hechas de vidrio reciclado y se a\u00f1aden f\u00e1cilmente a una botella difusora a trav\u00e9s del cuello y se pueden reutilizar una y otra vez. A\u00f1ada a la botella tantas bolas como desee para conseguir el efecto deseado. 14 mm de di\u00e1metro.<\/p>\n<p>Los vendemos en paquetes de 50, 100 y 500 unidades.<\/p>\n<p>Tenga en cuenta que este producto es s\u00f3lo para canicas - las botellas difusoras se venden por separado y se muestran en la imagen con fines ilustrativos.<\/p>","protected":false},"excerpt":{"rendered":"<p>Add some more interest to your diffuser bottles by adding these decorative clear glass balls. These are made from recycled glass and are easily added to a diffuser bottle through the neck and can be re-used time and again. Add as few or as many as you like to bottle to achieve the desired effect.They [&hellip;]<\/p>\n","protected":false},"featured_media":12036,"comment_status":"open","ping_status":"closed","template":"","meta":{"_acf_changed":false},"product_brand":[],"product_cat":[650,717],"product_tag":[933],"class_list":{"0":"post-11191","1":"product","2":"type-product","3":"status-publish","4":"has-post-thumbnail","6":"product_cat-reed-diffusers-bottles","7":"product_cat-sale","8":"product_tag-marbles","10":"first","11":"instock","12":"sale","13":"taxable","14":"shipping-taxable","15":"purchasable","16":"product-type-variable"},"acf":[],"_links":{"self":[{"href":"https:\/\/cosyowl.com\/es\/wp-json\/wp\/v2\/product\/11191","targetHints":{"allow":["GET"]}}],"collection":[{"href":"https:\/\/cosyowl.com\/es\/wp-json\/wp\/v2\/product"}],"about":[{"href":"https:\/\/cosyowl.com\/es\/wp-json\/wp\/v2\/types\/product"}],"replies":[{"embeddable":true,"href":"https:\/\/cosyowl.com\/es\/wp-json\/wp\/v2\/comments?post=11191"}],"wp:featuredmedia":[{"embeddable":true,"href":"https:\/\/cosyowl.com\/es\/wp-json\/wp\/v2\/media\/12036"}],"wp:attachment":[{"href":"https:\/\/cosyowl.com\/es\/wp-json\/wp\/v2\/media?parent=11191"}],"wp:term":[{"taxonomy":"product_brand","embeddable":true,"href":"https:\/\/cosyowl.com\/es\/wp-json\/wp\/v2\/product_brand?post=11191"},{"taxonomy":"product_cat","embeddable":true,"href":"https:\/\/cosyowl.com\/es\/wp-json\/wp\/v2\/product_cat?post=11191"},{"taxonomy":"product_tag","embeddable":true,"href":"https:\/\/cosyowl.com\/es\/wp-json\/wp\/v2\/product_tag?post=11191"}],"curies":[{"name":"wp","href":"https:\/\/api.w.org\/{rel}","templated":true}]}}