{"id":11169,"date":"2021-01-10T06:11:22","date_gmt":"2021-01-10T06:11:22","guid":{"rendered":"https:\/\/cosyowl.com\/product\/uncategorized\/segment-deli-pots-and-lids-mould"},"modified":"2026-03-03T13:45:12","modified_gmt":"2026-03-03T13:45:12","slug":"molde-para-tarros-y-tapas-de-delicatessen","status":"publish","type":"product","link":"https:\/\/cosyowl.com\/es\/candle-making-supplies\/candle-containers\/other-containers\/segment-deli-pots-and-lids-mould","title":{"rendered":"Segment Deli Pots Molde (Sin Tapa)"},"content":{"rendered":"<p>(Nota: la tapa no est\u00e1 incluida porque est\u00e1 agotada)<\/p>\n<p>Este molde es ideal para hacer segmentos de fiambres que pueden dividirse f\u00e1cilmente en 6 fiambres individuales.<\/p>\n<p>Las dimensiones de este recipiente son: Di\u00e1metro (65mm), Profundidad del molde (22mm).<\/p>\n<p>Este molde es totalmente reciclable.<\/p>","protected":false},"excerpt":{"rendered":"<p>(Nota - La tapa no est\u00e1 incluida por estar agotada) Este molde es ideal para hacer segmentos de tarrinas que se pueden dividir f\u00e1cilmente en 6 fundidos individuales. Las dimensiones de este recipiente son: Di\u00e1metro (65mm), Profundidad del Molde (22mm). Este molde es totalmente reciclable.<\/p>","protected":false},"featured_media":71401,"comment_status":"open","ping_status":"closed","template":"","meta":{"_acf_changed":false},"product_brand":[],"product_cat":[502,535],"product_tag":[926],"class_list":{"0":"post-11169","1":"product","2":"type-product","3":"status-publish","4":"has-post-thumbnail","6":"product_cat-candle-containers-other-containers","7":"product_cat-wax-melts-moulds","8":"product_tag-mould","10":"first","11":"instock","12":"taxable","13":"shipping-taxable","14":"purchasable","15":"product-type-variable"},"acf":[],"_links":{"self":[{"href":"https:\/\/cosyowl.com\/es\/wp-json\/wp\/v2\/product\/11169","targetHints":{"allow":["GET"]}}],"collection":[{"href":"https:\/\/cosyowl.com\/es\/wp-json\/wp\/v2\/product"}],"about":[{"href":"https:\/\/cosyowl.com\/es\/wp-json\/wp\/v2\/types\/product"}],"replies":[{"embeddable":true,"href":"https:\/\/cosyowl.com\/es\/wp-json\/wp\/v2\/comments?post=11169"}],"wp:featuredmedia":[{"embeddable":true,"href":"https:\/\/cosyowl.com\/es\/wp-json\/wp\/v2\/media\/71401"}],"wp:attachment":[{"href":"https:\/\/cosyowl.com\/es\/wp-json\/wp\/v2\/media?parent=11169"}],"wp:term":[{"taxonomy":"product_brand","embeddable":true,"href":"https:\/\/cosyowl.com\/es\/wp-json\/wp\/v2\/product_brand?post=11169"},{"taxonomy":"product_cat","embeddable":true,"href":"https:\/\/cosyowl.com\/es\/wp-json\/wp\/v2\/product_cat?post=11169"},{"taxonomy":"product_tag","embeddable":true,"href":"https:\/\/cosyowl.com\/es\/wp-json\/wp\/v2\/product_tag?post=11169"}],"curies":[{"name":"wp","href":"https:\/\/api.w.org\/{rel}","templated":true}]}}