{"id":11144,"date":"2021-01-10T06:11:00","date_gmt":"2021-01-10T06:11:00","guid":{"rendered":"https:\/\/cosyowl.com\/product\/uncategorized\/import-placeholder-for-tcdl-ccon-bowl-cscs-448"},"modified":"2026-03-03T13:45:12","modified_gmt":"2026-03-03T13:45:12","slug":"molde-de-concha-de-estrella","status":"publish","type":"product","link":"https:\/\/cosyowl.com\/es\/candle-making-supplies\/candle-containers\/other-containers\/star-wax-melt-clamshell-mould","title":{"rendered":"Molde bivalvo para fusi\u00f3n de cera en estrella"},"content":{"rendered":"<p>Este molde es ideal para hacer un bloque de estrellas de cera que puede dividirse f\u00e1cilmente en 6 fundidos individuales. Tenga en cuenta que el molde no viene con cera.<\/p>\n<p>Sugerencias para elaborar sus conchas de almeja estrella<\/p>\n<ul>\n<li>Derrita la cera y d\u00e9jela <a href=\"https:\/\/cosyowl.com\/es\/candle-making-supplies\/glitters\/lake-blue-biodegradable\">genial<\/a> a 55\u00b0C antes de verterlo con cuidado en los moldes (si se vierte en los moldes a una temperatura m\u00e1s alta, los fundidos podr\u00edan da\u00f1arse y gotear) - utilice siempre una superficie plana resistente al calor (la mayor\u00eda de las superficies de las encimeras de las cocinas lo son)<\/li>\n<li>Para las estrellas de un solo color, basta con verter la cera en el molde hasta el nivel m\u00e1ximo<\/li>\n<li>Si desea combinar colores, vierta inicialmente en la cavidad una peque\u00f1a cantidad de la cera que desee que aparezca en la superficie superior de la estrella y deje que se endurezca ligeramente; a continuaci\u00f3n, a\u00f1ada los colores adicionales que desee (sugerimos no m\u00e1s de tres colores por estrella).<\/li>\n<li>Deje que la cera se enfr\u00ede para que <a href=\"https:\/\/cosyowl.com\/es\/candle-making-extras\/50mm-candle-safety-label-white-black-text\">borrar<\/a> ver que se solidifica antes de cerrar la tapa y dejar curar hasta que se endurezca<\/li>\n<li>La cera de pilares es la preferida por la mayor\u00eda de nuestros clientes, ya que este tipo de cera es m\u00e1s dura y permite desmoldar f\u00e1cilmente las estrellas solidificadas.<\/li>\n<\/ul>\n<p>No olvide incluir su fragancia favorita para crear el aroma deseado.<\/p>\n<p>Este molde es totalmente reciclable.<\/p>","protected":false},"excerpt":{"rendered":"<p>This mould is ideal for making a block of wax stars that can easily be broken down in to 6 individual melts. Please note, the mold does not come with wax. Suggestions for making your Star Clam Shells Melt the wax and allow it to cool to 55\u00b0C before pouring it carefully into the moulds [&hellip;]<\/p>\n","protected":false},"featured_media":12026,"comment_status":"open","ping_status":"closed","template":"","meta":{"_acf_changed":false},"product_brand":[],"product_cat":[502,498,752,535,717],"product_tag":[1594,926],"class_list":{"0":"post-11144","1":"product","2":"type-product","3":"status-publish","4":"has-post-thumbnail","6":"product_cat-candle-containers-other-containers","7":"product_cat-christmas","8":"product_cat-sale-containers","9":"product_cat-wax-melts-moulds","10":"product_cat-sale","11":"product_tag-christmas","12":"product_tag-mould","14":"first","15":"instock","16":"taxable","17":"shipping-taxable","18":"purchasable","19":"product-type-variable"},"acf":[],"_links":{"self":[{"href":"https:\/\/cosyowl.com\/es\/wp-json\/wp\/v2\/product\/11144","targetHints":{"allow":["GET"]}}],"collection":[{"href":"https:\/\/cosyowl.com\/es\/wp-json\/wp\/v2\/product"}],"about":[{"href":"https:\/\/cosyowl.com\/es\/wp-json\/wp\/v2\/types\/product"}],"replies":[{"embeddable":true,"href":"https:\/\/cosyowl.com\/es\/wp-json\/wp\/v2\/comments?post=11144"}],"wp:featuredmedia":[{"embeddable":true,"href":"https:\/\/cosyowl.com\/es\/wp-json\/wp\/v2\/media\/12026"}],"wp:attachment":[{"href":"https:\/\/cosyowl.com\/es\/wp-json\/wp\/v2\/media?parent=11144"}],"wp:term":[{"taxonomy":"product_brand","embeddable":true,"href":"https:\/\/cosyowl.com\/es\/wp-json\/wp\/v2\/product_brand?post=11144"},{"taxonomy":"product_cat","embeddable":true,"href":"https:\/\/cosyowl.com\/es\/wp-json\/wp\/v2\/product_cat?post=11144"},{"taxonomy":"product_tag","embeddable":true,"href":"https:\/\/cosyowl.com\/es\/wp-json\/wp\/v2\/product_tag?post=11144"}],"curies":[{"name":"wp","href":"https:\/\/api.w.org\/{rel}","templated":true}]}}