{"id":11025,"date":"2021-10-01T06:10:00","date_gmt":"2021-10-01T05:10:00","guid":{"rendered":"https:\/\/cosyowl.com\/product\/uncategorized\/import-placeholder-for-tcdl-cfra-bowl-nsas-427"},"modified":"2026-03-24T16:27:34","modified_gmt":"2026-03-24T16:27:34","slug":"cosy-owl-premium-wood-sage-seasalt-aceite-con-fragancia","status":"publish","type":"product","link":"https:\/\/cosyowl.com\/es\/candle-making-supplies\/fragrance-oils-for-candle-making\/premium-fragrance-oils\/cosy-owl-premium-wood-sage-seasalt-fragrance-oil","title":{"rendered":"Aceite con fragancia B\u00faho Cosy Premium Maderas, Sal y Sal marina"},"content":{"rendered":"<p><strong>Nota: todos los modelos de 5, 10 y 25 kg. <a href=\"https:\/\/cosyowl.com\/es\/guides\/2023-spring-fragrance-oil-trends\">Aceites arom\u00e1ticos<\/a> son art\u00edculos hechos a medida y tienen un plazo de entrega de hasta 6 semanas que no se refleja en las opciones de env\u00edo presentadas en <a href=\"https:\/\/cosyowl.com\/es\/checkout\">checkout<\/a>. Si su <a href=\"https:\/\/cosyowl.com\/es\/basket\">pedir<\/a> incluye cualquier Aceite con Fragancia de 5kg, 10kg o 25kg, el plazo de entrega para la totalidad del pedido ser\u00e1 de hasta 6 semanas. Los aceites con fragancia de 5 kg, 10 kg o 25 kg hechos a medida tampoco son reembolsables.<\/strong><\/p>\n<p>Fabricado con <a href=\"https:\/\/cosyowl.com\/es\/candle-making-supplies\/fragrance-oils-for-candle-making\/all-fragrances\/honey-fragrance-oil\">natural<\/a> ingredientes y aceites esenciales*.<\/p>\n<p>En <a href=\"https:\/\/cosyowl.com\/es\/fragrance-oils\/coffee\">arom\u00e1tico<\/a> y almizclada fragancia inspirada en la famosa fragancia Jo malone.  Con la riqueza y profundidad que caracterizan a nuestra gama de fragancias premium, esta <a href=\"https:\/\/cosyowl.com\/es\/candle-making-supplies\/fragrance-oils-for-candle-making\/all-fragrances\/ocean-fragrance-oil\">marina<\/a> tiene toques c\u00edtricos y ofrece una excelente mezcla de madera, sal, especias y dulzura.  Esta fragancia, que no es abrumadora pero s\u00ed muy duradera, evoluciona y madura con el paso del tiempo.<\/p>\n<p>Como uno de los <a href=\"https:\/\/cosyowl.com\/es\/guides\/new-cosy-owl-premium-candle-fragrances\">B\u00faho Premium<\/a> fragancias, estamos seguros de que est\u00e1 muy por encima de todo lo que existe actualmente en el mercado. <a href=\"https:\/\/cosyowl.com\/es\/guides\/how-to-make-a-candle\">fabricaci\u00f3n de velas<\/a> actualmente en el mercado.  Hemos pasado meses trabajando con expertos del sector para desarrollar una nueva gama de fragancias con mayor fuerza, profundidad, redondez y alcance olfativo.  Hemos utilizado los <a href=\"https:\/\/cosyowl.com\/es\/candle-wicks\/wedo-lx-wick-raw\">calidad<\/a> e ingredientes m\u00e1s caros, mezclas m\u00e1s complejas de ingredientes y una mezcla mucho m\u00e1s concentrada, lo que significa que ser\u00e1n fragancias mucho m\u00e1s fuertes y redondas.<\/p>\n<p>Lo mejor de todo es que, aunque al principio son m\u00e1s caros, pueden ahorrarle dinero en comparaci\u00f3n con las fragancias est\u00e1ndar, ya que necesitar\u00e1 menos cantidad para obtener la misma intensidad, lo que tambi\u00e9n se traduce en productos finales de mejor calidad.<\/p>\n<p>Descubra nuestra lujosa selecci\u00f3n de imitaciones de fragancias de alta gama: haga clic en el enlace para obtener m\u00e1s informaci\u00f3n y encontrar su fragancia perfecta.\u00a0<a href=\"https:\/\/cosyowl.com\/es\/guias\/nuestros-imitadores-de-fragancias-fragancias-de-lujo-sin-el-precio-de-lujo\/?wmc-currency=EUR\">Lista de imitaciones de aceites con fragancia<\/a><\/p>\n<p>Todos los aceites con fragancia tienen lo que se denomina punto de inflamaci\u00f3n, es decir, la temperatura a la que el aceite empieza a combustionar y se libera la fragancia.<\/p>\n<p>En <strong>punto de inflamaci\u00f3n para Wood Sage y <a href=\"https:\/\/cosyowl.com\/es\/candle-making-supplies\/fragrance-oils-for-candle-making\/all-fragrances\/twc-seasalt-fragrance-oil\">Sal marina<\/a> es de 93\u00b0C<\/strong>Si desea m\u00e1s informaci\u00f3n sobre los Flash Points, siga este enlace <a href=\"https:\/\/cosyowl.com\/es\/guias\/como-utilizar-los-aceites-aromaticos\/?wmc-currency=EUR\">https:\/\/www.cosyowl.com\/guides\/how-to-use-fragrance-oils\/<\/a><\/p>\n<p>Para m\u00e1s informaci\u00f3n sobre nuestro nuevo <a href=\"https:\/\/cosyowl.com\/es\/\">B\u00faho acogedor<\/a> Premium Range, c\u00f3mo y por qu\u00e9 son fragancias superiores y cu\u00e1les son las ventajas de utilizarlas, <a href=\"https:\/\/cosyowl.com\/es\/guias\/nuevas-fragancias-de-velas-cosy-owl-premium\/?wmc-currency=EUR\" target=\"_blank\" rel=\"noopener\">consulte nuestro art\u00edculo<\/a>.<\/p>\n<p>Consulte tambi\u00e9n nuestra nota informativa CLP sobre el uso de aceites con fragancia en velas antes de comprar. Esta informaci\u00f3n se refiere a la composici\u00f3n qu\u00edmica del aceite y a las advertencias sobre posibles reacciones al\u00e9rgicas.<\/p>\n<p><strong> Aconsejamos a todos los clientes que prueben las fragancias con nuestros frascos de prueba de 10 ml antes de realizar un pedido de mayor tama\u00f1o o cantidad, en el improbable caso de que no queden satisfechos con una fragancia. <a href=\"https:\/\/cosyowl.com\/es\/candle-making-supplies\/fragrance-oils-for-candle-making\/premium-fragrance-oils\/cosy-owl-premium-1-million-type-fragrance-oil\">Aceite con fragancia<\/a>. Consulte nuestro <a href=\"\/index.php?main_page=shippinginfo\">Entregas y devoluciones<\/a> p\u00e1gina para <a href=\"https:\/\/cosyowl.com\/es\/privacy\">t\u00e9rminos<\/a> y condiciones.<\/strong><\/p>\n<p>*Esta fragancia contiene elementos naturales (<a href=\"https:\/\/cosyowl.com\/es\/guides\/essential-oil-benefits\">aceites esenciales<\/a>(extractos, resinas, aislados), pero no es totalmente natural. Nuestros aceites de fragancia han sido dise\u00f1ados para ser tan simples, <a href=\"https:\/\/cosyowl.com\/es\/candle-making-supplies\/glitters\/pure-white-biodegradable\">limpiar<\/a> y natural posible, ofreciendo al mismo tiempo la mejor difusi\u00f3n y la mejor gama de notas olfativas. Los compuestos que no proceden directamente de la naturaleza son qu\u00edmicamente id\u00e9nticos a los naturales, se crean artificialmente o se modifican ligeramente, por lo general para conseguir un aroma m\u00e1s intenso. En ocasiones, se utilizan fragancias que no se encuentran en la naturaleza para dar el aroma distintivo que requieren algunas fragancias de tipo m\u00e1s artificial. Esto es lo mismo que ocurre con todos los aceites con fragancia del mercado actual.<\/p>\n<p>Los aceites con fragancia suelen tener una caducidad de un a\u00f1o a partir de la fecha de fabricaci\u00f3n; sin embargo, muchos aceites con fragancia pueden durar meses o incluso a\u00f1os despu\u00e9s de esta fecha si se almacenan correctamente. Se pueden realizar pruebas (no ofrecemos este servicio) en los aceites de fragancia para determinar su idoneidad m\u00e1s all\u00e1 de su fecha de caducidad.<\/p>","protected":false},"excerpt":{"rendered":"<p>Please note &#8211; all 5kg, 10kg and 25kg Fragrance Oils are bespoke made-to-order items and have an up to 6-week delivery lead time which isn\u2019t reflected in the shipping options presented at checkout. If your order includes any 5kg, 10kg or 25kg Fragrance Oils, lead time for the entirety of the order will be up [&hellip;]<\/p>\n","protected":false},"featured_media":11848,"comment_status":"open","ping_status":"closed","template":"","meta":{"_acf_changed":false},"product_brand":[],"product_cat":[536,759,505,504,636,586,509,512,511,730,515,506,521],"product_tag":[909,908],"class_list":{"0":"post-11025","1":"product","2":"type-product","3":"status-publish","4":"has-post-thumbnail","6":"product_cat-fragrance-oils-premium-fragrances","7":"product_cat-best-of-british-fragrance-oils","8":"product_cat-fragrance-oils-designer","9":"product_cat-fragrance-oils-all-fragrances","10":"product_cat-body-care-fragrance-oils","11":"product_cat-hair-care-fragrance-oils","12":"product_cat-soap-making-supplies-fragrances","13":"product_cat-wax-melts-fragrances","14":"product_cat-beard-oil-fragrances","15":"product_cat-fragrances-for-reed-diffusers","16":"product_cat-fragrance-oils-herbal","17":"product_cat-fragrance-oils-masculine-fragrances","18":"product_cat-fragrance-oils-wood","19":"product_tag-black-friday","20":"product_tag-fragrance-oil","21":"pa_bottle-size-100ml","22":"pa_bottle-size-10kg","23":"pa_bottle-size-250ml","24":"pa_bottle-size-25kg","25":"pa_bottle-size-500ml","26":"pa_bottle-size-50ml","27":"pa_bottle-size-5kg","28":"pa_bottle-size-950ml","29":"pa_bottle-size-sample","31":"first","32":"instock","33":"featured","34":"taxable","35":"shipping-taxable","36":"purchasable","37":"product-type-variable"},"acf":[],"_links":{"self":[{"href":"https:\/\/cosyowl.com\/es\/wp-json\/wp\/v2\/product\/11025","targetHints":{"allow":["GET"]}}],"collection":[{"href":"https:\/\/cosyowl.com\/es\/wp-json\/wp\/v2\/product"}],"about":[{"href":"https:\/\/cosyowl.com\/es\/wp-json\/wp\/v2\/types\/product"}],"replies":[{"embeddable":true,"href":"https:\/\/cosyowl.com\/es\/wp-json\/wp\/v2\/comments?post=11025"}],"wp:featuredmedia":[{"embeddable":true,"href":"https:\/\/cosyowl.com\/es\/wp-json\/wp\/v2\/media\/11848"}],"wp:attachment":[{"href":"https:\/\/cosyowl.com\/es\/wp-json\/wp\/v2\/media?parent=11025"}],"wp:term":[{"taxonomy":"product_brand","embeddable":true,"href":"https:\/\/cosyowl.com\/es\/wp-json\/wp\/v2\/product_brand?post=11025"},{"taxonomy":"product_cat","embeddable":true,"href":"https:\/\/cosyowl.com\/es\/wp-json\/wp\/v2\/product_cat?post=11025"},{"taxonomy":"product_tag","embeddable":true,"href":"https:\/\/cosyowl.com\/es\/wp-json\/wp\/v2\/product_tag?post=11025"}],"curies":[{"name":"wp","href":"https:\/\/api.w.org\/{rel}","templated":true}]}}