{"id":10852,"date":"2021-10-01T06:08:00","date_gmt":"2021-10-01T05:08:00","guid":{"rendered":"https:\/\/cosyowl.com\/product\/uncategorized\/import-placeholder-for-tcdl-ccmk-bowl-ncsp-cscw-381"},"modified":"2026-04-20T08:58:46","modified_gmt":"2026-04-20T07:58:46","slug":"kit-para-hacer-velas-navidenas-de-cera-de-soja-y-especias","status":"publish","type":"product","link":"https:\/\/cosyowl.com\/es\/candle-making-kits\/soy-wax-christmas-spice-candle-making-kit","title":{"rendered":"Kit para hacer velas navide\u00f1as de cera de soja y especias"},"content":{"rendered":"<p data-start=\"130\" data-end=\"386\">Nuestros kits son perfectos para cualquier persona con ganas de ser creativa y sumergirse en <a href=\"https:\/\/cosyowl.com\/es\/guides\/how-to-make-a-candle\">fabricaci\u00f3n de velas<\/a>. Este <strong data-start=\"218\" data-end=\"255\"><a href=\"https:\/\/cosyowl.com\/es\/fragrance-oils\/christmas-spice\">Especias navide\u00f1as<\/a> <a href=\"https:\/\/cosyowl.com\/es\/guides\/a-summers-beach-gel-votive-candle\">Vela<\/a> Kit de fabricaci\u00f3n<\/strong> le ofrece todo lo que necesita para <a href=\"https:\/\/cosyowl.com\/es\/guides\/how-to-make-wax-melts-at-home\">artesan\u00eda<\/a> <strong data-start=\"294\" data-end=\"324\">hasta cinco velas festivas<\/strong> lleno de <a href=\"https:\/\/cosyowl.com\/es\/craft-kits\/candle-making-kits\/soy-wax-mulled-wine-christmas-candle-making-kit\">caliente<\/a>aroma reconfortante de <strong data-start=\"367\" data-end=\"385\"><a href=\"https:\/\/cosyowl.com\/es\/candle-making-kits\/winter-pine-candle-making-kit\">vacaciones<\/a> especias<\/strong>. Cada vela tiene un rico <strong data-start=\"416\" data-end=\"447\">color naranja \u00f3xido estacional<\/strong>El esp\u00edritu de las fiestas se traslada a tu hogar. Ya sea para ti o para regalar, este kit hace que crear velas sea sencillo, divertido y muy satisfactorio.<\/p>\n<h3>\u00bfQu\u00e9 contiene su kit de fabricaci\u00f3n de velas?<\/h3>\n<ul>\n<li><span style=\"color: #0a0101\"><a style=\"color: #0a0000\" href=\"https:\/\/cosyowl.com\/es\/suministros-para-la-fabricacion-de-velas\/cera-para-velas\/cera-de-soja\/cera-para-contenedores-kerasoy-4130\/?wmc-currency=EUR\">800 g de<\/a> <\/span><span style=\"color: #ff6600\"><strong><a style=\"color: #ff6600\" href=\"https:\/\/cosyowl.com\/es\/suministros-para-la-fabricacion-de-velas\/cera-para-velas\/cera-de-soja\/ceras-naturales-cera-para-envases-soyaluna\/?wmc-currency=EUR\">Cera de soja para contenedores<\/a><\/strong><\/span> <span style=\"color: #0a0000\"><a style=\"color: #0a0000\" href=\"https:\/\/cosyowl.com\/es\/suministros-para-la-fabricacion-de-velas\/cera-para-velas\/cera-de-soja\/cera-para-contenedores-kerasoy-4130\/?wmc-currency=EUR\">para una combusti\u00f3n limpia y uniforme<\/a><\/span><\/li>\n<li><span style=\"color: #080000\"><a style=\"color: #080000\" href=\"https:\/\/cosyowl.com\/es\/aceites-aromaticos\/especias-navidenas\/?wmc-currency=EUR\">50 ml de<\/a><span style=\"color: #ff6600\"><strong><a style=\"color: #ff6600\" href=\"https:\/\/cosyowl.com\/es\/aceites-aromaticos\/especias-navidenas\/?wmc-currency=EUR\">\u00a0Aceite con fragancia de especias navide\u00f1as <\/a><\/strong><\/span><a style=\"color: #080000\" href=\"https:\/\/cosyowl.com\/es\/aceites-aromaticos\/especias-navidenas\/?wmc-currency=EUR\">(punto de inflamaci\u00f3n de 76\u00b0C) que ofrece un aroma c\u00e1lido y festivo con notas de canela, clavo y ralladura de naranja.<\/a><\/span><\/li>\n<li><span style=\"color: #080000\">1g de <a style=\"color: #080000\" href=\"https:\/\/cosyowl.com\/es\/tintes-para-velas\/bekro-5024-27-tinte-naranja-para-velas\/?wmc-currency=EUR\"><span style=\"color: #ff6600\"><strong>Tinte Bekro Naranja \u00d3xido <\/strong><\/span>(5024\/27) para dar a tus velas una tonalidad rica y estacional<\/a><\/span><\/li>\n<li><span style=\"color: #0a0101\">5 <span style=\"color: #ff6600\"><strong><a style=\"color: #ff6600\" href=\"https:\/\/cosyowl.com\/es\/mechas-de-vela\/wedo-eco-mecha-120mm\/?wmc-currency=EUR\">Mechas ecol\u00f3gicas <\/a><\/strong><\/span><a style=\"color: #0a0101\" href=\"https:\/\/cosyowl.com\/es\/mechas-de-vela\/wedo-eco-mecha-120mm\/?wmc-currency=EUR\"><span style=\"color: #0a0000\">para un rendimiento \u00f3ptimo de la llama<\/span><\/a><\/span><\/li>\n<li><span style=\"color: #0a0101\">5 <span style=\"color: #ff6600\"><strong><a style=\"color: #ff6600\" href=\"https:\/\/cosyowl.com\/es\/suministros-para-la-fabricacion-de-velas\/recipientes-para-velas\/vasos-para-velas\/recipiente-de-cristal-para-velas-20cl-karen-round\/?wmc-currency=EUR\">20cl Karen Vasos Redondos Recipientes <\/a><\/strong><\/span><a style=\"color: #0a0101\" href=\"https:\/\/cosyowl.com\/es\/suministros-para-la-fabricacion-de-velas\/recipientes-para-velas\/vasos-para-velas\/recipiente-de-cristal-para-velas-20cl-karen-round\/?wmc-currency=EUR\">perfecto para uso dom\u00e9stico o para regalar<\/a><\/span><\/li>\n<li><span style=\"color: #0a0000\">F\u00e1cil de seguir, <span style=\"color: #ff6600\"><strong><a style=\"color: #ff6600\" href=\"https:\/\/cosyowl.com\/es\/guias\/como-hacer-una-vela\/?wmc-currency=EUR\">Gu\u00eda paso a paso para hacer velas<\/a><\/strong><\/span> perfecto para principiantes<\/span><\/li>\n<\/ul>\n<p><span style=\"color: #0a0101\">Nos enorgullecemos de ofrecer <a href=\"https:\/\/cosyowl.com\/es\/candle-wicks\/wedo-lx-wick-raw\">calidad<\/a> ingredientes disponibles en el mercado para hacer las velas perfectas en casa. Nuestros kits son perfectos tanto para los que acaban de empezar como para los que ya dominan la t\u00e9cnica, as\u00ed que coge tu delantal y manos a la obra. Si quieres ser m\u00e1s creativo, compra un tinte de otro color y mezcla las cosas.<\/span><\/p>\n<h3>Informaci\u00f3n sobre fragancias<\/h3>\n<p>Nuestra <strong><span style=\"color: #ff6600\"><a style=\"color: #ff6600\" href=\"https:\/\/cosyowl.com\/es\/aceites-aromaticos\/especias-navidenas\/?wmc-currency=EUR\">Aceite con fragancia de especias navide\u00f1as <\/a><\/span><\/strong>se ha formulado especialmente para evocar la familiar <a href=\"https:\/\/cosyowl.com\/es\/candle-making-supplies\/fragrance-oils-for-candle-making\/all-fragrances\/tonka-bean-myrrh-fragrance-oil\">aroma intenso<\/a> de algunas de las especias m\u00e1s conocidas y utilizadas tanto en la comida como en las fragancias; algo que nunca est\u00e1 fuera de lugar en Navidad. Esta fragancia intensa y resonante desprende un olor fuerte y prominente asociado a<strong> bergamota, jengibre, c\u00e1scara de naranja y eucalipto<\/strong>. Este aroma inicial es el m\u00e1s pronunciado a medida que la vela comienza a arder, llenando la habitaci\u00f3n con un aroma que se ve realzado por ligeros matices a <strong>clavo y canela<\/strong>. En la formulaci\u00f3n de esta fragancia distintiva se ha incorporado una <a href=\"https:\/\/cosyowl.com\/es\/fragrance-oils\/strawberry-bon-bon\">delicioso<\/a> rastro de regusto a<strong> almizcle, cardamomo y vainilla<\/strong>.<\/p>\n<p><span style=\"color: #ff6600\"><a style=\"color: #ff6600\" href=\"https:\/\/cosyowl.com\/es\/fichas-tecnicas-de-fragancias-y-aceites-esenciales\/?wmc-currency=EUR\">(Fichas t\u00e9cnicas del aceite con fragancia Christmas Spice)<\/a><\/span><\/p>\n<h3>Informaci\u00f3n sobre nuestros productos<\/h3>\n<p><a href=\"https:\/\/cosyowl.com\/es\/shop\">Todos los productos<\/a> en este kit son de calidad profesional para crear velas de la m\u00e1s alta calidad que arder\u00e1n de forma bella y completa con un magn\u00edfico lanzamiento de fragancia. No ofrecemos kits de inicio con materiales m\u00e1s baratos o de iniciaci\u00f3n, ya que creemos que es mejor aprender utilizando materiales de la m\u00e1s alta calidad. Tambi\u00e9n nos enorgullecemos de abastecernos no s\u00f3lo de la mejor calidad, sino tambi\u00e9n de los materiales m\u00e1s \u00e9ticos y respetuosos con el medio ambiente. <a href=\"https:\/\/cosyowl.com\/es\/candle-wicks\/wedo-eco-wick-raw\">sostenible<\/a> materiales. Todos los materiales lo son:<\/p>\n<ul>\n<li>Origen sostenible<\/li>\n<li>Respetuoso con el medio ambiente<\/li>\n<li>Apto para veganos<\/li>\n<li>Sin crueldad<\/li>\n<li><a href=\"https:\/\/cosyowl.com\/es\/guides\/cmrs-and-phthalates-in-fragrance-oils\">Libre de<\/a> CMR y ftalato<\/li>\n<\/ul>\n<h3 data-start=\"2493\" data-end=\"2542\">Recursos \u00fatiles para fabricar velas con \u00e9xito<\/h3>\n<ul>\n<li><strong><span style=\"color: #ff6600\"><a style=\"color: #ff6600\" href=\"https:\/\/cosyowl.com\/es\/guias\/como-hacer-una-vela\/?wmc-currency=EUR\">C\u00f3mo hacer una vela\u00a0<\/a><\/span><\/strong><\/li>\n<li><strong><span style=\"color: #ff6600\"><a style=\"color: #ff6600\" href=\"https:\/\/cosyowl.com\/es\/guias\/guia-de-velas-contenedoras\/?wmc-currency=EUR\">Gu\u00eda para hacer velas en recipientes<\/a><\/span><\/strong><\/li>\n<li><strong><span style=\"color: #ff6600\"><a style=\"color: #ff6600\" href=\"https:\/\/cosyowl.com\/es\/guias\/guia-para-principiantes-sobre-la-fabricacion-de-velas\/?wmc-currency=EUR\">Gu\u00eda para principiantes sobre la fabricaci\u00f3n de velas<\/a><\/span><\/strong><\/li>\n<li class=\"entry-title\"><strong><span style=\"color: #ff6600\"><a style=\"color: #ff6600\" href=\"https:\/\/cosyowl.com\/es\/guias\/guia-de-uso-de-la-cera-colorante-bekro\/?wmc-currency=EUR\" rel=\"bookmark\">Gu\u00eda de uso de los tintes de cera Bekro<\/a><\/span><\/strong><\/li>\n<li class=\"entry-title\"><strong><span style=\"color: #ff6600\"><a style=\"color: #ff6600\" href=\"https:\/\/cosyowl.com\/es\/guias\/como-utilizar-los-aceites-aromaticos\/?wmc-currency=EUR\">C\u00f3mo utilizar los aceites arom\u00e1ticos<\/a><\/span><\/strong><\/li>\n<li><strong><span style=\"color: #ff6600\"><a style=\"color: #ff6600\" href=\"https:\/\/cosyowl.com\/es\/guias\/solucion-de-problemas\/?wmc-currency=EUR\">Soluci\u00f3n de problemas en la fabricaci\u00f3n de velas<\/a><\/span><\/strong><\/li>\n<li><strong><span style=\"color: #ff6600\"><a style=\"color: #ff6600\" href=\"https:\/\/cosyowl.com\/es\/guias\/faq\/?wmc-currency=EUR\">Preguntas frecuentes sobre la fabricaci\u00f3n de velas<\/a><\/span><\/strong><\/li>\n<li><strong><span style=\"color: #ff6600\"><a style=\"color: #ff6600\" href=\"https:\/\/cosyowl.com\/es\/guias\/?wmc-currency=EUR\">Gu\u00edas y recetas<\/a><\/span><\/strong><\/li>\n<\/ul>","protected":false},"excerpt":{"rendered":"<p>Our kits are perfect for anyone eager to get creative and dive into candle making. This Christmas Spice Candle Making Kit provides everything you need to craft up to five festive candles filled with the warm, comforting aroma of holiday spices.\u00a0Each candle features a rich seasonal rust orange colour, bringing the cosy spirit of the [&hellip;]<\/p>\n","protected":false},"featured_media":60392,"comment_status":"open","ping_status":"closed","template":"","meta":{"_acf_changed":false},"product_brand":[],"product_cat":[530,720,498],"product_tag":[917,1594],"class_list":{"0":"post-10852","1":"product","2":"type-product","3":"status-publish","4":"has-post-thumbnail","6":"product_cat-candle-making-kits","7":"product_cat-candle-making-kits-candle-making-supplies","8":"product_cat-christmas","9":"product_tag-candle-making-kit","10":"product_tag-christmas","11":"product_shipping_class-royal_mail_kits","13":"first","14":"instock","15":"taxable","16":"shipping-taxable","17":"purchasable","18":"product-type-simple"},"acf":[],"_links":{"self":[{"href":"https:\/\/cosyowl.com\/es\/wp-json\/wp\/v2\/product\/10852","targetHints":{"allow":["GET"]}}],"collection":[{"href":"https:\/\/cosyowl.com\/es\/wp-json\/wp\/v2\/product"}],"about":[{"href":"https:\/\/cosyowl.com\/es\/wp-json\/wp\/v2\/types\/product"}],"replies":[{"embeddable":true,"href":"https:\/\/cosyowl.com\/es\/wp-json\/wp\/v2\/comments?post=10852"}],"wp:featuredmedia":[{"embeddable":true,"href":"https:\/\/cosyowl.com\/es\/wp-json\/wp\/v2\/media\/60392"}],"wp:attachment":[{"href":"https:\/\/cosyowl.com\/es\/wp-json\/wp\/v2\/media?parent=10852"}],"wp:term":[{"taxonomy":"product_brand","embeddable":true,"href":"https:\/\/cosyowl.com\/es\/wp-json\/wp\/v2\/product_brand?post=10852"},{"taxonomy":"product_cat","embeddable":true,"href":"https:\/\/cosyowl.com\/es\/wp-json\/wp\/v2\/product_cat?post=10852"},{"taxonomy":"product_tag","embeddable":true,"href":"https:\/\/cosyowl.com\/es\/wp-json\/wp\/v2\/product_tag?post=10852"}],"curies":[{"name":"wp","href":"https:\/\/api.w.org\/{rel}","templated":true}]}}