{"id":10850,"date":"2021-10-01T06:08:00","date_gmt":"2021-10-01T05:08:00","guid":{"rendered":"https:\/\/cosyowl.com\/product\/uncategorized\/import-placeholder-for-tcdl-ccmk-bowl-nwpi-cscw-379"},"modified":"2026-04-27T21:59:31","modified_gmt":"2026-04-27T20:59:31","slug":"kit-para-hacer-velas-de-navidad-de-pino-invernal-de-cera-de-soja","status":"publish","type":"product","link":"https:\/\/cosyowl.com\/es\/candle-making-kits\/winter-pine-candle-making-kit","title":{"rendered":"Kit para hacer velas de Navidad de cera de soja y pino invernal"},"content":{"rendered":"<p data-start=\"133\" data-end=\"387\">Nuestros kits son ideales para cualquier persona dispuesta a explorar el arte del <a href=\"https:\/\/cosyowl.com\/es\/guides\/a-summers-beach-gel-votive-candle\">vela<\/a> tanto si acaba de empezar como si ya le gusta <a href=\"https:\/\/cosyowl.com\/es\/guides\/how-to-make-wax-melts-at-home\">artesan\u00eda<\/a>. Este <a href=\"https:\/\/cosyowl.com\/es\/candle-making-supplies\/fragrance-oils-for-candle-making\/all-fragrances\/winter-pine-fragrance-oil\">Pino de invierno<\/a> <a href=\"https:\/\/cosyowl.com\/es\/guides\/how-to-make-a-candle\">Fabricaci\u00f3n de velas<\/a> El kit incluye <strong data-start=\"308\" data-end=\"378\">todo lo necesario para crear hasta cinco velas perfumadas<\/strong> en casa. Disfrute del crujiente, <a href=\"https:\/\/cosyowl.com\/es\/candle-making-supplies\/essential-oils\/lemongrass-essential-oil\">aroma refrescante<\/a> de <strong data-start=\"426\" data-end=\"441\">Pino de invierno<\/strong>perfectamente combinada con un <a href=\"https:\/\/cosyowl.com\/es\/candle-making-supplies\/glitters\/fluorescent-green\">negrita<\/a>, <strong data-start=\"473\" data-end=\"497\">intenso <a href=\"https:\/\/cosyowl.com\/es\/fragrance-oils\/fresh-cut-grass\">verde<\/a> color<\/strong> que capta la esencia de la estaci\u00f3n. Es una forma divertida y creativa de crear algo personal, perfecto para regalar o para uno mismo.<\/p>\n<p data-start=\"715\" data-end=\"758\"><strong data-start=\"715\" data-end=\"756\">\u00bfQu\u00e9 contiene su kit de fabricaci\u00f3n de velas?<\/strong><\/p>\n<ul>\n<li><span style=\"color: #0a0101\"><a style=\"color: #0a0000\" href=\"https:\/\/cosyowl.com\/es\/suministros-para-la-fabricacion-de-velas\/cera-para-velas\/cera-de-soja\/cera-para-contenedores-kerasoy-4130\/?wmc-currency=EUR\">800 g de<\/a> <\/span><span style=\"color: #ff6600\"><strong><a style=\"color: #ff6600\" href=\"https:\/\/cosyowl.com\/es\/suministros-para-la-fabricacion-de-velas\/cera-para-velas\/cera-de-soja\/ceras-naturales-cera-para-envases-soyaluna\/?wmc-currency=EUR\">Cera de soja para contenedores<\/a><\/strong><\/span> <span style=\"color: #0a0000\"><a style=\"color: #0a0000\" href=\"https:\/\/cosyowl.com\/es\/suministros-para-la-fabricacion-de-velas\/cera-para-velas\/cera-de-soja\/cera-para-contenedores-kerasoy-4130\/?wmc-currency=EUR\">para una combusti\u00f3n limpia y uniforme<\/a><\/span><span style=\"color: #080101\"><br \/>\n<\/span><\/li>\n<li><span style=\"color: #080101\"><a style=\"color: #080101\" href=\"https:\/\/cosyowl.com\/es\/suministros-para-la-fabricacion-de-velas\/aceites-aromaticos-para-la-fabricacion-de-velas\/todas-las-fragancias\/aceite-con-fragancia-de-pino-de-invierno\/?wmc-currency=EUR\">50 ml<\/a><a style=\"color: #080101\" href=\"https:\/\/cosyowl.com\/es\/suministros-para-la-fabricacion-de-velas\/aceites-aromaticos-para-la-fabricacion-de-velas\/todas-las-fragancias\/aceite-con-fragancia-de-pino-de-invierno\/?wmc-currency=EUR\"> de<\/a><span style=\"color: #ff6600\"><strong><a style=\"color: #ff6600\" href=\"https:\/\/cosyowl.com\/es\/suministros-para-la-fabricacion-de-velas\/aceites-aromaticos-para-la-fabricacion-de-velas\/todas-las-fragancias\/aceite-con-fragancia-de-pino-de-invierno\/?wmc-currency=EUR\"> Aceite con fragancia Pino de invierno <\/a><\/strong><\/span><a style=\"color: #080101\" href=\"https:\/\/cosyowl.com\/es\/suministros-para-la-fabricacion-de-velas\/aceites-aromaticos-para-la-fabricacion-de-velas\/todas-las-fragancias\/aceite-con-fragancia-de-pino-de-invierno\/?wmc-currency=EUR\">(punto de inflamaci\u00f3n 93,3\u00b0C) que ofrece un aroma fresco que recuerda a los \u00e1rboles de hoja perenne y al aire fresco del invierno.<\/a><\/span><\/li>\n<li><span style=\"color: #080101\"><span style=\"color: #080000\">1g <\/span>de <a style=\"color: #080101\" href=\"https:\/\/cosyowl.com\/es\/tintes-para-velas\/bekro-71-917-tinte-verde-para-velas\/?wmc-currency=EUR\"><strong><span style=\"color: #ff6600\">Tinte Bekro Verde<\/span> <\/strong>(71\/917) para crear preciosas velas de color verde pino.<\/a><\/span><\/li>\n<li><span style=\"color: #0a0101\">5 <span style=\"color: #ff6600\"><strong><a style=\"color: #ff6600\" href=\"https:\/\/cosyowl.com\/es\/mechas-de-vela\/wedo-eco-mecha-120mm\/?wmc-currency=EUR\">Mechas ecol\u00f3gicas <\/a><\/strong><\/span><a style=\"color: #0a0101\" href=\"https:\/\/cosyowl.com\/es\/mechas-de-vela\/wedo-eco-mecha-120mm\/?wmc-currency=EUR\"><span style=\"color: #0a0000\">para un rendimiento \u00f3ptimo de la llama<\/span><\/a><\/span><\/li>\n<li><span style=\"color: #0a0101\">5 <strong><a style=\"color: #0a0101\" href=\"https:\/\/cosyowl.com\/es\/suministros-para-la-fabricacion-de-velas\/recipientes-para-velas\/vasos-para-velas\/recipiente-de-cristal-para-velas-20cl-karen-round\/?wmc-currency=EUR\"><span style=\"color: #ff6600\">20cl Karen Vasos Redondos Recipientes<\/span> <\/a><\/strong><a style=\"color: #0a0101\" href=\"https:\/\/cosyowl.com\/es\/suministros-para-la-fabricacion-de-velas\/recipientes-para-velas\/vasos-para-velas\/recipiente-de-cristal-para-velas-20cl-karen-round\/?wmc-currency=EUR\">perfecto para uso dom\u00e9stico o para regalar<\/a><\/span><\/li>\n<li><span style=\"color: #0a0000\">F\u00e1cil de seguir, <strong><a style=\"color: #0a0000\" href=\"https:\/\/cosyowl.com\/es\/guias\/como-hacer-una-vela\/?wmc-currency=EUR\"><span style=\"color: #ff6600\">Gu\u00eda paso a paso para hacer velas<\/span><\/a><\/strong> perfecto para principiantes<\/span><\/li>\n<\/ul>\n<p><span style=\"color: #0a0101\">Nos enorgullecemos de ofrecer <a href=\"https:\/\/cosyowl.com\/es\/candle-wicks\/wedo-lx-wick-raw\">calidad<\/a> ingredientes disponibles en el mercado para hacer las velas perfectas en casa. Nuestros kits son perfectos tanto para los que acaban de empezar como para los que ya dominan la t\u00e9cnica, as\u00ed que coge tu delantal y manos a la obra. Si quieres ser m\u00e1s creativo, compra un tinte de otro color y mezcla las cosas.<\/span><\/p>\n<h3>Informaci\u00f3n sobre fragancias<\/h3>\n<p>Nuestra <a href=\"https:\/\/cosyowl.com\/es\/suministros-para-la-fabricacion-de-velas\/aceites-aromaticos-para-la-fabricacion-de-velas\/todas-las-fragancias\/aceite-con-fragancia-de-pino-de-invierno\/?wmc-currency=EUR\"><span style=\"color: #ff6600\"><strong>Aceite con fragancia Pino de invierno<\/strong> <\/span><\/a>se ha formulado especialmente para evocar el conocido y querido <a href=\"https:\/\/cosyowl.com\/es\/candle-making-supplies\/essential-oils\/eucalyptus-globulus-essential-oil\">fresco<\/a> <a href=\"https:\/\/cosyowl.com\/es\/candle-making-supplies\/fragrance-oils-for-candle-making\/all-fragrances\/honey-fragrance-oil\">natural<\/a> aroma asociado a <a href=\"https:\/\/cosyowl.com\/es\/fragrance-oils\/winter-spruce\">Siempre verde<\/a> pino con\u00edfero y es sin duda un olor que nunca est\u00e1 de m\u00e1s en Navidad. Esta fragancia desprende inicialmente un olor fuerte y prominente asociado a<strong> bergamota, <a href=\"https:\/\/cosyowl.com\/es\/fragrance-oils\/lemon\">lim\u00f3n<\/a>menta blanca y pomelo<\/strong>. Este aroma es el m\u00e1s pronunciado a medida que la vela empieza a arder, llenando la habitaci\u00f3n con un aroma que luego se realza con ligeros matices de <strong>calone, hoja de clavo y tomillo<\/strong>. En la formulaci\u00f3n de esta fragancia distintiva se ha incorporado un delicioso regusto a trazas de <strong>maderas sutiles, pino, cedro, s\u00e1ndalo e hinojo<\/strong>.<\/p>\n<p><span style=\"color: #ff6600\"><a style=\"color: #ff6600\" href=\"https:\/\/cosyowl.com\/es\/fichas-tecnicas-de-fragancias-y-aceites-esenciales\/?wmc-currency=EUR\">(Fichas t\u00e9cnicas del aceite con fragancia Pino invernal)<\/a><\/span><\/p>\n<h3>Informaci\u00f3n sobre nuestros productos<\/h3>\n<p><a href=\"https:\/\/cosyowl.com\/es\/shop\">Todos los productos<\/a> en este kit son de calidad profesional para crear velas de la m\u00e1s alta calidad que arder\u00e1n de forma bella y completa con un magn\u00edfico lanzamiento de fragancia. No ofrecemos kits de inicio con materiales m\u00e1s baratos o de iniciaci\u00f3n, ya que creemos que es mejor aprender utilizando materiales de la m\u00e1s alta calidad. Tambi\u00e9n nos enorgullecemos de abastecernos no s\u00f3lo de la mejor calidad, sino tambi\u00e9n de los materiales m\u00e1s \u00e9ticos y respetuosos con el medio ambiente. <a href=\"https:\/\/cosyowl.com\/es\/candle-wicks\/wedo-eco-wick-raw\">sostenible<\/a> materiales. Todos los materiales lo son:<\/p>\n<ul>\n<li>Origen sostenible<\/li>\n<li>Respetuoso con el medio ambiente<\/li>\n<li>Apto para veganos<\/li>\n<li>Sin crueldad<\/li>\n<li><a href=\"https:\/\/cosyowl.com\/es\/guides\/cmrs-and-phthalates-in-fragrance-oils\">Libre de<\/a> CMR y ftalato<\/li>\n<\/ul>\n<h3 data-start=\"2493\" data-end=\"2542\">Recursos \u00fatiles para fabricar velas con \u00e9xito<\/h3>\n<ul>\n<li><strong><span style=\"color: #ff6600\"><a style=\"color: #ff6600\" href=\"https:\/\/cosyowl.com\/es\/guias\/como-hacer-una-vela\/?wmc-currency=EUR\">C\u00f3mo hacer una vela\u00a0<\/a><\/span><\/strong><\/li>\n<li><strong><span style=\"color: #ff6600\"><a style=\"color: #ff6600\" href=\"https:\/\/cosyowl.com\/es\/guias\/guia-de-velas-contenedoras\/?wmc-currency=EUR\">Gu\u00eda para hacer velas en recipientes<\/a><\/span><\/strong><\/li>\n<li><strong><span style=\"color: #ff6600\"><a style=\"color: #ff6600\" href=\"https:\/\/cosyowl.com\/es\/guias\/guia-para-principiantes-sobre-la-fabricacion-de-velas\/?wmc-currency=EUR\">Gu\u00eda para principiantes sobre la fabricaci\u00f3n de velas<\/a><\/span><\/strong><\/li>\n<li class=\"entry-title\"><strong><span style=\"color: #ff6600\"><a style=\"color: #ff6600\" href=\"https:\/\/cosyowl.com\/es\/guias\/guia-de-uso-de-la-cera-colorante-bekro\/?wmc-currency=EUR\" rel=\"bookmark\">Gu\u00eda de uso de los tintes de cera Bekro<\/a><\/span><\/strong><\/li>\n<li class=\"entry-title\"><strong><span style=\"color: #ff6600\"><a style=\"color: #ff6600\" href=\"https:\/\/cosyowl.com\/es\/guias\/como-utilizar-los-aceites-aromaticos\/?wmc-currency=EUR\">C\u00f3mo utilizar los aceites arom\u00e1ticos<\/a><\/span><\/strong><\/li>\n<li><strong><span style=\"color: #ff6600\"><a style=\"color: #ff6600\" href=\"https:\/\/cosyowl.com\/es\/guias\/solucion-de-problemas\/?wmc-currency=EUR\">Soluci\u00f3n de problemas en la fabricaci\u00f3n de velas<\/a><\/span><\/strong><\/li>\n<li><strong><span style=\"color: #ff6600\"><a style=\"color: #ff6600\" href=\"https:\/\/cosyowl.com\/es\/guias\/faq\/?wmc-currency=EUR\">Preguntas frecuentes sobre la fabricaci\u00f3n de velas<\/a><\/span><\/strong><\/li>\n<li><strong><span style=\"color: #ff6600\"><a style=\"color: #ff6600\" href=\"https:\/\/cosyowl.com\/es\/guias\/?wmc-currency=EUR\">Gu\u00edas y recetas<\/a><\/span><\/strong><\/li>\n<\/ul>","protected":false},"excerpt":{"rendered":"<p>Our kits are ideal for anyone ready to explore the art of candle making\u2014whether you\u2019re just starting out or already love to craft. This Winter Pine Candle Making Kit includes everything you need to make up to five beautifully scented candles at home.\u00a0Enjoy the crisp, refreshing aroma of Winter Pine, perfectly paired with a bold, [&hellip;]<\/p>\n","protected":false},"featured_media":60389,"comment_status":"open","ping_status":"closed","template":"","meta":{"_acf_changed":false},"product_brand":[],"product_cat":[530,720,498],"product_tag":[917,1594],"class_list":{"0":"post-10850","1":"product","2":"type-product","3":"status-publish","4":"has-post-thumbnail","6":"product_cat-candle-making-kits","7":"product_cat-candle-making-kits-candle-making-supplies","8":"product_cat-christmas","9":"product_tag-candle-making-kit","10":"product_tag-christmas","11":"product_shipping_class-royal_mail_kits","13":"first","14":"outofstock","15":"taxable","16":"shipping-taxable","17":"purchasable","18":"product-type-simple"},"acf":[],"_links":{"self":[{"href":"https:\/\/cosyowl.com\/es\/wp-json\/wp\/v2\/product\/10850","targetHints":{"allow":["GET"]}}],"collection":[{"href":"https:\/\/cosyowl.com\/es\/wp-json\/wp\/v2\/product"}],"about":[{"href":"https:\/\/cosyowl.com\/es\/wp-json\/wp\/v2\/types\/product"}],"replies":[{"embeddable":true,"href":"https:\/\/cosyowl.com\/es\/wp-json\/wp\/v2\/comments?post=10850"}],"wp:featuredmedia":[{"embeddable":true,"href":"https:\/\/cosyowl.com\/es\/wp-json\/wp\/v2\/media\/60389"}],"wp:attachment":[{"href":"https:\/\/cosyowl.com\/es\/wp-json\/wp\/v2\/media?parent=10850"}],"wp:term":[{"taxonomy":"product_brand","embeddable":true,"href":"https:\/\/cosyowl.com\/es\/wp-json\/wp\/v2\/product_brand?post=10850"},{"taxonomy":"product_cat","embeddable":true,"href":"https:\/\/cosyowl.com\/es\/wp-json\/wp\/v2\/product_cat?post=10850"},{"taxonomy":"product_tag","embeddable":true,"href":"https:\/\/cosyowl.com\/es\/wp-json\/wp\/v2\/product_tag?post=10850"}],"curies":[{"name":"wp","href":"https:\/\/api.w.org\/{rel}","templated":true}]}}