{"id":10822,"date":"2021-10-01T06:08:00","date_gmt":"2021-10-01T05:08:00","guid":{"rendered":"https:\/\/cosyowl.com\/product\/uncategorized\/import-placeholder-for-tcdl-ccmk-bowl-nmuw-cscw-376"},"modified":"2026-03-25T10:48:58","modified_gmt":"2026-03-25T10:48:58","slug":"kit-para-hacer-velas-de-navidad-de-cera-de-soja-y-vino-caliente","status":"publish","type":"product","link":"https:\/\/cosyowl.com\/es\/craft-kits\/candle-making-kits\/soy-wax-mulled-wine-christmas-candle-making-kit","title":{"rendered":"Kit para hacer velas de Navidad de cera de soja y vino caliente"},"content":{"rendered":"<p data-start=\"162\" data-end=\"418\">\u00bfBusca un proyecto acogedor y creativo? Nuestra <a href=\"https:\/\/cosyowl.com\/es\/guides\/how-to-make-a-candle\">fabricaci\u00f3n de velas<\/a> son perfectos para cualquier persona dispuesta a explorar el mundo del <a href=\"https:\/\/cosyowl.com\/es\/guides\/a-summers-beach-gel-votive-candle\">vela<\/a> artesanal. Este <strong data-start=\"298\" data-end=\"331\"><a href=\"https:\/\/cosyowl.com\/es\/candle-making-supplies\/fragrance-oils-for-candle-making\/all-fragrances\/mulled-wine-fragrance-oil\">Vino caliente<\/a> Kit de fabricaci\u00f3n de velas<\/strong> incluye todo lo necesario para crear <strong data-start=\"371\" data-end=\"403\">hasta cinco lujosas velas<\/strong> en casa. Cada vela est\u00e1 impregnada <strong data-start=\"452\" data-end=\"489\"><a href=\"https:\/\/cosyowl.com\/es\/candle-making-supplies\/fragrance-oils-for-candle-making\/all-fragrances\/honey-fragrance-oil\">caliente<\/a>aroma especiado de vino caliente<\/strong>, emparejado con un <strong data-start=\"505\" data-end=\"530\">color rojo intenso<\/strong> que evoca el coraz\u00f3n del <a href=\"https:\/\/cosyowl.com\/es\/candle-making-kits\/soy-wax-christmas-spice-candle-making-kit\">festivo<\/a> temporada. Ya sea para regalar, decorar o cuidarse un poco, este kit lleva el aroma y el esp\u00edritu del invierno directamente a tu espacio.<\/p>\n<h3><strong data-start=\"715\" data-end=\"756\">\u00bfQu\u00e9 contiene su kit de fabricaci\u00f3n de velas?<\/strong><\/h3>\n<ul>\n<li><span style=\"color: #0a0101\"><a style=\"color: #0a0000\" href=\"https:\/\/cosyowl.com\/es\/suministros-para-la-fabricacion-de-velas\/cera-para-velas\/cera-de-soja\/cera-para-contenedores-kerasoy-4130\/?wmc-currency=EUR\">800 g de<\/a> <\/span><span style=\"color: #ff6600\"><strong><a style=\"color: #ff6600\" href=\"https:\/\/cosyowl.com\/es\/suministros-para-la-fabricacion-de-velas\/cera-para-velas\/cera-de-soja\/ceras-naturales-cera-para-envases-soyaluna\/?wmc-currency=EUR\">Cera de soja para contenedores<\/a><\/strong><\/span> <span style=\"color: #0a0000\"><a style=\"color: #0a0000\" href=\"https:\/\/cosyowl.com\/es\/suministros-para-la-fabricacion-de-velas\/cera-para-velas\/cera-de-soja\/cera-para-contenedores-kerasoy-4130\/?wmc-currency=EUR\">para una combusti\u00f3n limpia y uniforme<\/a><\/span><span style=\"color: #0d0101\"><br \/>\n<\/span><\/li>\n<li><span style=\"color: #0d0101\"><a style=\"color: #0d0101\" href=\"https:\/\/cosyowl.com\/es\/suministros-para-la-fabricacion-de-velas\/aceites-aromaticos-para-la-fabricacion-de-velas\/todas-las-fragancias\/aceite-con-fragancia-de-vino-caliente\/?wmc-currency=EUR\">50 ml de<\/a><span style=\"color: #ff6600\"><strong><a style=\"color: #ff6600\" href=\"https:\/\/cosyowl.com\/es\/suministros-para-la-fabricacion-de-velas\/aceites-aromaticos-para-la-fabricacion-de-velas\/todas-las-fragancias\/aceite-con-fragancia-de-vino-caliente\/?wmc-currency=EUR\">\u00a0Aceite con fragancia de vino caliente <\/a><\/strong><\/span><a style=\"color: #0d0101\" href=\"https:\/\/cosyowl.com\/es\/suministros-para-la-fabricacion-de-velas\/aceites-aromaticos-para-la-fabricacion-de-velas\/todas-las-fragancias\/aceite-con-fragancia-de-vino-caliente\/?wmc-currency=EUR\">(Punto de inflamaci\u00f3n de 93,3\u00b0C) Aroma festivo con notas de vino tinto caliente, clavo, canela y naranja.<\/a><\/span><\/li>\n<li><span style=\"color: #0d0101\"><span style=\"color: #080000\">1g <\/span>de <span style=\"color: #ff6600\"><strong><a style=\"color: #ff6600\" href=\"https:\/\/cosyowl.com\/es\/tintes-para-velas\/bekro-6133-34-tinte-rojo-para-velas\/?wmc-currency=EUR\">Tinte Bekro Rojo Oscuro <\/a><\/strong><\/span><a style=\"color: #0d0101\" href=\"https:\/\/cosyowl.com\/es\/tintes-para-velas\/bekro-6133-34-tinte-rojo-para-velas\/?wmc-currency=EUR\">(6133\/34) Produce velas de color rojo intenso y elegante, perfectas para la decoraci\u00f3n navide\u00f1a<\/a><\/span><\/li>\n<li><span style=\"color: #0a0101\">5 <span style=\"color: #ff6600\"><strong><a style=\"color: #ff6600\" href=\"https:\/\/cosyowl.com\/es\/mechas-de-vela\/wedo-eco-mecha-120mm\/?wmc-currency=EUR\">Mechas ecol\u00f3gicas <\/a><\/strong><\/span><a style=\"color: #0a0101\" href=\"https:\/\/cosyowl.com\/es\/mechas-de-vela\/wedo-eco-mecha-120mm\/?wmc-currency=EUR\"><span style=\"color: #0a0000\">para un rendimiento \u00f3ptimo de la llama<\/span><\/a><\/span><\/li>\n<li><span style=\"color: #0a0101\">5 <strong><a style=\"color: #0a0101\" href=\"https:\/\/cosyowl.com\/es\/suministros-para-la-fabricacion-de-velas\/recipientes-para-velas\/vasos-para-velas\/recipiente-de-cristal-para-velas-20cl-karen-round\/?wmc-currency=EUR\">2<span style=\"color: #ff6600\">0cl Karen Vasos Redondos Recipientes <\/span><\/a><\/strong><a style=\"color: #0a0101\" href=\"https:\/\/cosyowl.com\/es\/suministros-para-la-fabricacion-de-velas\/recipientes-para-velas\/vasos-para-velas\/recipiente-de-cristal-para-velas-20cl-karen-round\/?wmc-currency=EUR\">perfecto para uso dom\u00e9stico o para regalar<\/a><\/span><\/li>\n<li><span style=\"color: #0a0000\">F\u00e1cil de seguir, <span style=\"color: #ff6600\"><strong><a style=\"color: #ff6600\" href=\"https:\/\/cosyowl.com\/es\/guias\/como-hacer-una-vela\/?wmc-currency=EUR\">Gu\u00eda paso a paso para hacer velas<\/a><\/strong><\/span> perfecto para principiantes<\/span><\/li>\n<\/ul>\n<p><span style=\"color: #0a0101\">Nos enorgullecemos de ofrecer <a href=\"https:\/\/cosyowl.com\/es\/candle-wicks\/wedo-lx-wick-raw\">calidad<\/a> ingredientes disponibles en el mercado para hacer las velas perfectas en casa. Nuestros kits son perfectos tanto para los que acaban de empezar como para los que ya dominan la t\u00e9cnica, as\u00ed que coge tu delantal y manos a la obra. Si quieres ser m\u00e1s creativo, compra un tinte de otro color y mezcla las cosas.<\/span><\/p>\n<h3>Informaci\u00f3n sobre fragancias<\/h3>\n<p>Nuestra <span style=\"color: #ff6600\"><strong><a style=\"color: #ff6600\" href=\"https:\/\/cosyowl.com\/es\/suministros-para-la-fabricacion-de-velas\/aceites-aromaticos-para-la-fabricacion-de-velas\/todas-las-fragancias\/aceite-con-fragancia-de-vino-caliente\/?wmc-currency=EUR\">Aceite con fragancia de vino caliente<\/a><\/strong>\u00a0<\/span>ha sido especialmente formulado para proporcionar <a href=\"https:\/\/cosyowl.com\/es\/fragrance-oils\/nutcracker\">picante<\/a> aroma asociado a esta popular bebida que evoca la alegr\u00eda de la Navidad. El aceite evoca este aroma com\u00fanmente apreciado y muy querido, en particular asociado a<strong> semilla de uva, ciruela y jengibre blanco<\/strong>. Este aroma inicial es el m\u00e1s pronunciado a medida que la vela comienza a arder, llenando la habitaci\u00f3n con un aroma que se ve realzado por ligeros matices a<strong> brote de clavo, mora y an\u00eds<\/strong>. En la formulaci\u00f3n de esta fragancia distintiva se ha incorporado una <a href=\"https:\/\/cosyowl.com\/es\/fragrance-oils\/strawberry-bon-bon\">delicioso<\/a> rastro de regusto a<strong> vaina de vainilla, almizcle y \u00e1mbar seco<\/strong>.<\/p>\n<p><span style=\"color: #ff6600\"><a style=\"color: #ff6600\" href=\"https:\/\/cosyowl.com\/es\/fichas-tecnicas-de-fragancias-y-aceites-esenciales\/?wmc-currency=EUR\">(Fichas t\u00e9cnicas del aceite con fragancia Mulled Wine)<\/a><\/span><\/p>\n<h3>Informaci\u00f3n sobre nuestros productos<\/h3>\n<p><a href=\"https:\/\/cosyowl.com\/es\/shop\">Todos los productos<\/a> en este kit son de calidad profesional para crear velas de la m\u00e1s alta calidad que arder\u00e1n de forma bella y completa con un magn\u00edfico lanzamiento de fragancia. No ofrecemos kits de inicio con materiales m\u00e1s baratos o de iniciaci\u00f3n, ya que creemos que es mejor aprender utilizando materiales de la m\u00e1s alta calidad. Tambi\u00e9n nos enorgullecemos de abastecernos no s\u00f3lo de la mejor calidad, sino tambi\u00e9n de los materiales m\u00e1s \u00e9ticos y respetuosos con el medio ambiente. <a href=\"https:\/\/cosyowl.com\/es\/candle-wicks\/wedo-eco-wick-raw\">sostenible<\/a> materiales. Todos los materiales lo son:<\/p>\n<ul>\n<li>Origen sostenible<\/li>\n<li>Respetuoso con el medio ambiente<\/li>\n<li>Apto para veganos<\/li>\n<li>Sin crueldad<\/li>\n<li><a href=\"https:\/\/cosyowl.com\/es\/guides\/cmrs-and-phthalates-in-fragrance-oils\">Libre de<\/a> CMR y ftalato<\/li>\n<\/ul>\n<h3 data-start=\"2493\" data-end=\"2542\">Recursos \u00fatiles para fabricar velas con \u00e9xito<\/h3>\n<ul>\n<li><strong><span style=\"color: #ff6600\"><a style=\"color: #ff6600\" href=\"https:\/\/cosyowl.com\/es\/guias\/como-hacer-una-vela\/?wmc-currency=EUR\">C\u00f3mo hacer una vela\u00a0<\/a><\/span><\/strong><\/li>\n<li><strong><span style=\"color: #ff6600\"><a style=\"color: #ff6600\" href=\"https:\/\/cosyowl.com\/es\/guias\/guia-de-velas-contenedoras\/?wmc-currency=EUR\">Gu\u00eda para hacer velas en recipientes<\/a><\/span><\/strong><\/li>\n<li><strong><span style=\"color: #ff6600\"><a style=\"color: #ff6600\" href=\"https:\/\/cosyowl.com\/es\/guias\/guia-para-principiantes-sobre-la-fabricacion-de-velas\/?wmc-currency=EUR\">Gu\u00eda para principiantes sobre la fabricaci\u00f3n de velas<\/a><\/span><\/strong><\/li>\n<li class=\"entry-title\"><strong><span style=\"color: #ff6600\"><a style=\"color: #ff6600\" href=\"https:\/\/cosyowl.com\/es\/guias\/guia-de-uso-de-la-cera-colorante-bekro\/?wmc-currency=EUR\" rel=\"bookmark\">Gu\u00eda de uso de los tintes de cera Bekro<\/a><\/span><\/strong><\/li>\n<li class=\"entry-title\"><strong><span style=\"color: #ff6600\"><a style=\"color: #ff6600\" href=\"https:\/\/cosyowl.com\/es\/guias\/como-utilizar-los-aceites-aromaticos\/?wmc-currency=EUR\">C\u00f3mo utilizar los aceites arom\u00e1ticos<\/a><\/span><\/strong><\/li>\n<li><strong><span style=\"color: #ff6600\"><a style=\"color: #ff6600\" href=\"https:\/\/cosyowl.com\/es\/guias\/solucion-de-problemas\/?wmc-currency=EUR\">Soluci\u00f3n de problemas en la fabricaci\u00f3n de velas<\/a><\/span><\/strong><\/li>\n<li><strong><span style=\"color: #ff6600\"><a style=\"color: #ff6600\" href=\"https:\/\/cosyowl.com\/es\/guias\/faq\/?wmc-currency=EUR\">Preguntas frecuentes sobre la fabricaci\u00f3n de velas<\/a><\/span><\/strong><\/li>\n<li><strong><span style=\"color: #ff6600\"><a style=\"color: #ff6600\" href=\"https:\/\/cosyowl.com\/es\/guias\/?wmc-currency=EUR\">Gu\u00edas y recetas<\/a><\/span><\/strong><\/li>\n<\/ul>","protected":false},"excerpt":{"rendered":"<p>Looking for a cosy, creative project? Our candle making kits are perfect for anyone ready to explore the world of candle crafting. This Mulled Wine Candle Making Kit includes everything you need to create up to five luxurious candles right at home.\u00a0Each candle is infused with the warm, spiced aroma of mulled wine, paired with [&hellip;]<\/p>\n","protected":false},"featured_media":60382,"comment_status":"open","ping_status":"closed","template":"","meta":{"_acf_changed":false},"product_brand":[],"product_cat":[530,720,498],"product_tag":[917,1594],"class_list":{"0":"post-10822","1":"product","2":"type-product","3":"status-publish","4":"has-post-thumbnail","6":"product_cat-candle-making-kits","7":"product_cat-candle-making-kits-candle-making-supplies","8":"product_cat-christmas","9":"product_tag-candle-making-kit","10":"product_tag-christmas","11":"product_shipping_class-royal_mail_kits","13":"first","14":"instock","15":"taxable","16":"shipping-taxable","17":"purchasable","18":"product-type-simple"},"acf":[],"_links":{"self":[{"href":"https:\/\/cosyowl.com\/es\/wp-json\/wp\/v2\/product\/10822","targetHints":{"allow":["GET"]}}],"collection":[{"href":"https:\/\/cosyowl.com\/es\/wp-json\/wp\/v2\/product"}],"about":[{"href":"https:\/\/cosyowl.com\/es\/wp-json\/wp\/v2\/types\/product"}],"replies":[{"embeddable":true,"href":"https:\/\/cosyowl.com\/es\/wp-json\/wp\/v2\/comments?post=10822"}],"wp:featuredmedia":[{"embeddable":true,"href":"https:\/\/cosyowl.com\/es\/wp-json\/wp\/v2\/media\/60382"}],"wp:attachment":[{"href":"https:\/\/cosyowl.com\/es\/wp-json\/wp\/v2\/media?parent=10822"}],"wp:term":[{"taxonomy":"product_brand","embeddable":true,"href":"https:\/\/cosyowl.com\/es\/wp-json\/wp\/v2\/product_brand?post=10822"},{"taxonomy":"product_cat","embeddable":true,"href":"https:\/\/cosyowl.com\/es\/wp-json\/wp\/v2\/product_cat?post=10822"},{"taxonomy":"product_tag","embeddable":true,"href":"https:\/\/cosyowl.com\/es\/wp-json\/wp\/v2\/product_tag?post=10822"}],"curies":[{"name":"wp","href":"https:\/\/api.w.org\/{rel}","templated":true}]}}