{"id":10820,"date":"2021-10-01T06:08:00","date_gmt":"2021-10-01T05:08:00","guid":{"rendered":"https:\/\/cosyowl.com\/product\/uncategorized\/import-placeholder-for-tcdl-ccmk-bowl-nblc-cscw-374"},"modified":"2026-05-08T15:24:21","modified_gmt":"2026-05-08T14:24:21","slug":"kit-de-cera-de-soja-para-hacer-velas-de-cereza-descarada","status":"publish","type":"product","link":"https:\/\/cosyowl.com\/es\/craft-kits\/candle-making-kits\/soy-wax-cheeky-cherry-candle-making-kit","title":{"rendered":"Kit de cera de soja para hacer velas de cereza descarada"},"content":{"rendered":"<p data-start=\"136\" data-end=\"407\">No busque m\u00e1s si lo que le apetece es una escapada creativa con un <a href=\"https:\/\/cosyowl.com\/es\/candle-making-supplies\/glitters\/fluorescent-green\">negrita<\/a>hermoso giro. El <strong>Cereza descarada<\/strong> <strong data-start=\"222\" data-end=\"258\"><a href=\"https:\/\/cosyowl.com\/es\/guides\/how-to-make-a-candle\">Fabricaci\u00f3n de velas<\/a> Kit<\/strong> incluye todo lo necesario para <a href=\"https:\/\/cosyowl.com\/es\/guides\/how-to-make-wax-melts-at-home\">artesan\u00eda<\/a> <strong data-start=\"297\" data-end=\"319\">hasta cinco velas<\/strong> rebosante de <strong data-start=\"336\" data-end=\"371\">apetitosa fragancia de cereza<\/strong> y un <strong data-start=\"378\" data-end=\"406\">rom\u00e1ntico color rojo intenso<\/strong>. Perfecto como regalo personal o para los amantes de las manualidades, este kit ofrece una experiencia pr\u00e1ctica y divertida que llenar\u00e1 su espacio de riqueza, <a href=\"https:\/\/cosyowl.com\/es\/all-fragrances\/sumptious-fruits-fragrance-oil\">aroma afrutado<\/a> y <a href=\"https:\/\/cosyowl.com\/es\/craft-supplies\/wax-melt-supplies\/mica-powder-glitter\/bright-peach-biodegradable-candle-glitter\">vibrante<\/a> color. Deja que brille tu creatividad <a href=\"https:\/\/cosyowl.com\/es\/guides\/a-summers-beach-gel-votive-candle\">vela<\/a> a la vez.<\/p>\n<h3>\u00bfQu\u00e9 contiene su kit de fabricaci\u00f3n de velas?<\/h3>\n<ul>\n<li><span style=\"color: #0a0101\"><a style=\"color: #0a0000\" href=\"https:\/\/cosyowl.com\/es\/suministros-para-la-fabricacion-de-velas\/cera-para-velas\/cera-de-soja\/cera-para-contenedores-kerasoy-4130\/?wmc-currency=EUR\">800 g de<\/a> <\/span><span style=\"color: #ff6600\"><strong><a style=\"color: #ff6600\" href=\"https:\/\/cosyowl.com\/es\/suministros-para-la-fabricacion-de-velas\/cera-para-velas\/cera-de-soja\/ceras-naturales-cera-para-envases-soyaluna\/?wmc-currency=EUR\">Cera de soja para contenedores<\/a><\/strong><\/span> <span style=\"color: #0a0000\"><a style=\"color: #0a0000\" href=\"https:\/\/cosyowl.com\/es\/suministros-para-la-fabricacion-de-velas\/cera-para-velas\/cera-de-soja\/cera-para-contenedores-kerasoy-4130\/?wmc-currency=EUR\">para una combusti\u00f3n limpia y uniforme<\/a><\/span><span style=\"color: #000000\"><br \/>\n<\/span><\/li>\n<li><span style=\"color: #000000\"><a style=\"color: #000000\" href=\"https:\/\/cosyowl.com\/es\/suministros-para-la-fabricacion-de-velas\/aceites-aromaticos-para-la-fabricacion-de-velas\/todas-las-fragancias\/aceite-con-fragancia-de-cereza-negra\/?wmc-currency=EUR\">50 ml de<span style=\"color: #ff6600\"><strong>\u00a0Aceite con fragancia de cereza negra <\/strong><\/span>(Punto de inflamaci\u00f3n de 76\u00b0C) Aroma dulce e intenso a cereza con profundidad afrutada.<\/a><\/span><\/li>\n<li><span style=\"color: #000000\"><span style=\"color: #080000\">1g <\/span>de <span style=\"color: #ff6600\"><strong><a style=\"color: #ff6600\" href=\"https:\/\/cosyowl.com\/es\/tintes-para-velas\/bekro-6133-34-tinte-rojo-para-velas\/?wmc-currency=EUR\">Tinte Bekro Rojo Oscuro <\/a><\/strong><\/span><a style=\"color: #000000\" href=\"https:\/\/cosyowl.com\/es\/tintes-para-velas\/bekro-6133-34-tinte-rojo-para-velas\/?wmc-currency=EUR\">(6133\/34) Produce velas de color rojo intenso perfectas para cualquier estaci\u00f3n<\/a><\/span><\/li>\n<li><span style=\"color: #0a0101\">5 <span style=\"color: #ff6600\"><strong><a style=\"color: #ff6600\" href=\"https:\/\/cosyowl.com\/es\/mechas-de-vela\/wedo-eco-mecha-120mm\/?wmc-currency=EUR\">Mechas ecol\u00f3gicas <\/a><\/strong><\/span><a style=\"color: #0a0101\" href=\"https:\/\/cosyowl.com\/es\/mechas-de-vela\/wedo-eco-mecha-120mm\/?wmc-currency=EUR\"><span style=\"color: #0a0000\">para un rendimiento \u00f3ptimo de la llama<\/span><\/a><\/span><\/li>\n<li><span style=\"color: #0a0101\">5<span style=\"color: #ff6600\"> <strong><a style=\"color: #ff6600\" href=\"https:\/\/cosyowl.com\/es\/suministros-para-la-fabricacion-de-velas\/recipientes-para-velas\/vasos-para-velas\/recipiente-de-cristal-para-velas-20cl-karen-round\/?wmc-currency=EUR\">20cl Karen Vasos Redondos Recipientes <\/a><\/strong><\/span><a style=\"color: #0a0101\" href=\"https:\/\/cosyowl.com\/es\/suministros-para-la-fabricacion-de-velas\/recipientes-para-velas\/vasos-para-velas\/recipiente-de-cristal-para-velas-20cl-karen-round\/?wmc-currency=EUR\">perfecto para uso dom\u00e9stico o para regalar<\/a><\/span><\/li>\n<li><span style=\"color: #0a0000\">F\u00e1cil de seguir, <strong><a style=\"color: #0a0000\" href=\"https:\/\/cosyowl.com\/es\/guias\/como-hacer-una-vela\/?wmc-currency=EUR\"><span style=\"color: #ff6600\">Gu\u00eda paso a paso para hacer velas<\/span><\/a><\/strong> perfecto para principiantes<\/span><\/li>\n<\/ul>\n<p>Nos enorgullecemos de ofrecer <a href=\"https:\/\/cosyowl.com\/es\/candle-wicks\/wedo-lx-wick-raw\">calidad<\/a> ingredientes disponibles en el mercado para hacer las velas perfectas en casa. Nuestros kits son perfectos tanto para los que acaban de empezar como para los que ya dominan la t\u00e9cnica, as\u00ed que coge tu delantal y manos a la obra.<\/p>\n<h3>Informaci\u00f3n sobre fragancias<\/h3>\n<p>Nuestra <span style=\"color: #ff6600\"><a style=\"color: #ff6600\" href=\"https:\/\/cosyowl.com\/es\/suministros-para-la-fabricacion-de-velas\/aceites-aromaticos-para-la-fabricacion-de-velas\/todas-las-fragancias\/aceite-con-fragancia-de-cereza-negra\/?wmc-currency=EUR\"><strong>Aceite con fragancia de cereza negra<\/strong> <\/a><\/span>se ha formulado especialmente para evocar el conocido y querido <a href=\"https:\/\/cosyowl.com\/es\/candle-making-supplies\/fragrance-oils-for-candle-making\/all-fragrances\/opium-fragrance-oil\">aroma intenso<\/a> asociado a esta rica fruta de gran cuerpo. La fragancia desprende inicialmente un olor fuerte y prominente asociado tanto a<strong> cereza y granada<\/strong>. Este aroma es el m\u00e1s pronunciado a medida que la vela empieza a arder, llenando la habitaci\u00f3n con un aroma que luego se realza con ligeros matices de<strong> ciruela azucarada, <a href=\"https:\/\/cosyowl.com\/es\/fragrance-oils\/raspberry\">frambuesa<\/a> y <a href=\"https:\/\/cosyowl.com\/es\/candle-making-supplies\/fragrance-oils-for-candle-making\/all-fragrances\/black-cherry-fragrance-oil\">cereza negra<\/a><\/strong>. En la formulaci\u00f3n de esta fragancia distintiva se ha incorporado una <a href=\"https:\/\/cosyowl.com\/es\/fragrance-oils\/strawberry-bon-bon\">delicioso<\/a> rastro de regusto a <strong>t\u00e9 negro, notas met\u00e1licas y almizcle de cachemira<\/strong>.<\/p>\n<p><span style=\"color: #ff6600\"><a style=\"color: #ff6600\" href=\"https:\/\/cosyowl.com\/es\/fichas-tecnicas-de-fragancias-y-aceites-esenciales\/?wmc-currency=EUR#NCNL\">(Fichas t\u00e9cnicas del aceite con fragancia de cereza negra)<\/a><\/span><\/p>\n<h3>Informaci\u00f3n sobre nuestros productos<\/h3>\n<p><a href=\"https:\/\/cosyowl.com\/es\/shop\">Todos los productos<\/a> en este kit son de calidad profesional para crear velas de la m\u00e1s alta calidad que arder\u00e1n de forma bella y completa con un magn\u00edfico lanzamiento de fragancia. No ofrecemos kits de inicio con materiales m\u00e1s baratos o de iniciaci\u00f3n, ya que creemos que es mejor aprender utilizando materiales de la m\u00e1s alta calidad. Tambi\u00e9n nos enorgullecemos de abastecernos no s\u00f3lo de la mejor calidad, sino tambi\u00e9n de los materiales m\u00e1s \u00e9ticos y respetuosos con el medio ambiente. <a href=\"https:\/\/cosyowl.com\/es\/candle-wicks\/wedo-eco-wick-raw\">sostenible<\/a> materiales. Todos los materiales lo son:<\/p>\n<ul>\n<li>Origen sostenible<\/li>\n<li>Respetuoso con el medio ambiente<\/li>\n<li>Apto para veganos<\/li>\n<li>Sin crueldad<\/li>\n<li><a href=\"https:\/\/cosyowl.com\/es\/guides\/cmrs-and-phthalates-in-fragrance-oils\">Libre de<\/a> CMR y ftalato<\/li>\n<\/ul>\n<h3 data-start=\"2493\" data-end=\"2542\">Recursos \u00fatiles para fabricar velas con \u00e9xito<\/h3>\n<ul>\n<li><strong><span style=\"color: #ff6600\"><a style=\"color: #ff6600\" href=\"https:\/\/cosyowl.com\/es\/guias\/como-hacer-una-vela\/?wmc-currency=EUR\">C\u00f3mo hacer una vela\u00a0<\/a><\/span><\/strong><\/li>\n<li><strong><span style=\"color: #ff6600\"><a style=\"color: #ff6600\" href=\"https:\/\/cosyowl.com\/es\/guias\/guia-de-velas-contenedoras\/?wmc-currency=EUR\">Gu\u00eda para hacer velas en recipientes<\/a><\/span><\/strong><\/li>\n<li><strong><span style=\"color: #ff6600\"><a style=\"color: #ff6600\" href=\"https:\/\/cosyowl.com\/es\/guias\/guia-para-principiantes-sobre-la-fabricacion-de-velas\/?wmc-currency=EUR\">Gu\u00eda para principiantes sobre la fabricaci\u00f3n de velas<\/a><\/span><\/strong><\/li>\n<li class=\"entry-title\"><strong><span style=\"color: #ff6600\"><a style=\"color: #ff6600\" href=\"https:\/\/cosyowl.com\/es\/guias\/guia-de-uso-de-la-cera-colorante-bekro\/?wmc-currency=EUR\" rel=\"bookmark\">Gu\u00eda de uso de los tintes de cera Bekro<\/a><\/span><\/strong><\/li>\n<li class=\"entry-title\"><strong><span style=\"color: #ff6600\"><a style=\"color: #ff6600\" href=\"https:\/\/cosyowl.com\/es\/guias\/como-utilizar-los-aceites-aromaticos\/?wmc-currency=EUR\">C\u00f3mo utilizar los aceites arom\u00e1ticos<\/a><\/span><\/strong><\/li>\n<li><strong><span style=\"color: #ff6600\"><a style=\"color: #ff6600\" href=\"https:\/\/cosyowl.com\/es\/guias\/solucion-de-problemas\/?wmc-currency=EUR\">Soluci\u00f3n de problemas en la fabricaci\u00f3n de velas<\/a><\/span><\/strong><\/li>\n<li><strong><span style=\"color: #ff6600\"><a style=\"color: #ff6600\" href=\"https:\/\/cosyowl.com\/es\/guias\/faq\/?wmc-currency=EUR\">Preguntas frecuentes sobre la fabricaci\u00f3n de velas<\/a><\/span><\/strong><\/li>\n<li><strong><span style=\"color: #ff6600\"><a style=\"color: #ff6600\" href=\"https:\/\/cosyowl.com\/es\/guias\/?wmc-currency=EUR\">Gu\u00edas y recetas<\/a><\/span><\/strong><\/li>\n<\/ul>","protected":false},"excerpt":{"rendered":"<p>Look no further if you&#8217;re craving a creative escape with a bold, beautiful twist. The Cheeky Cherry Candle Making Kit includes everything you need to craft up to five candles bursting with a mouth-watering cherry fragrance and a romantic deep red colour.\u00a0Perfect as a personal treat or a thoughtful gift for the craft lovers in [&hellip;]<\/p>\n","protected":false},"featured_media":60370,"comment_status":"open","ping_status":"closed","template":"","meta":{"_acf_changed":false},"product_brand":[],"product_cat":[530,720],"product_tag":[917],"class_list":{"0":"post-10820","1":"product","2":"type-product","3":"status-publish","4":"has-post-thumbnail","6":"product_cat-candle-making-kits","7":"product_cat-candle-making-kits-candle-making-supplies","8":"product_tag-candle-making-kit","9":"product_shipping_class-royal_mail_kits","11":"first","12":"instock","13":"taxable","14":"shipping-taxable","15":"purchasable","16":"product-type-simple"},"acf":[],"_links":{"self":[{"href":"https:\/\/cosyowl.com\/es\/wp-json\/wp\/v2\/product\/10820","targetHints":{"allow":["GET"]}}],"collection":[{"href":"https:\/\/cosyowl.com\/es\/wp-json\/wp\/v2\/product"}],"about":[{"href":"https:\/\/cosyowl.com\/es\/wp-json\/wp\/v2\/types\/product"}],"replies":[{"embeddable":true,"href":"https:\/\/cosyowl.com\/es\/wp-json\/wp\/v2\/comments?post=10820"}],"wp:featuredmedia":[{"embeddable":true,"href":"https:\/\/cosyowl.com\/es\/wp-json\/wp\/v2\/media\/60370"}],"wp:attachment":[{"href":"https:\/\/cosyowl.com\/es\/wp-json\/wp\/v2\/media?parent=10820"}],"wp:term":[{"taxonomy":"product_brand","embeddable":true,"href":"https:\/\/cosyowl.com\/es\/wp-json\/wp\/v2\/product_brand?post=10820"},{"taxonomy":"product_cat","embeddable":true,"href":"https:\/\/cosyowl.com\/es\/wp-json\/wp\/v2\/product_cat?post=10820"},{"taxonomy":"product_tag","embeddable":true,"href":"https:\/\/cosyowl.com\/es\/wp-json\/wp\/v2\/product_tag?post=10820"}],"curies":[{"name":"wp","href":"https:\/\/api.w.org\/{rel}","templated":true}]}}