{"id":10753,"date":"2021-01-10T06:08:00","date_gmt":"2021-01-10T06:08:00","guid":{"rendered":"https:\/\/cosyowl.com\/product\/uncategorized\/glass-container-100cl-classic-jar-with-lid"},"modified":"2026-03-03T13:44:46","modified_gmt":"2026-03-03T13:44:46","slug":"recipiente-de-vidrio-100cl-tarro-clasico-con-tapa","status":"publish","type":"product","link":"https:\/\/cosyowl.com\/es\/candle-making-supplies\/candle-containers\/candle-glasses\/glass-candle-container-100cl-classic-jar-with-lid","title":{"rendered":"Recipiente de cristal para velas - Tarro cl\u00e1sico de 100cl con tapa"},"content":{"rendered":"<p>\u2018<\/p>\n<p>Se trata de un tarro de cristal cl\u00e1sico que se completa con una tapa a juego y una junta de silicona para garantizar un ajuste herm\u00e9tico y un acabado de alta calidad.<\/p>\n<p>La estructura fuerte y resistente al calor del tarro lo hace perfecto para contener velas y este modelo puede contener 100 cl de cera y mide 100 mm de di\u00e1metro y 136 mm de altura.<\/p>\n<p>El tarro de cristal cl\u00e1sico de 100 cl contiene aproximadamente 800 g de cera*.<\/p>\n<h3>Recomendaciones para la mecha** (Se necesita mecha cruda debido a la altura del recipiente)<\/h3>\n<table class=\"notesTableBorder\">\n<tbody>\n<tr>\n<th>Cera Kerasoy (Soja)<\/th>\n<th>Kerawax (Parafina)<\/th>\n<th>Tanto soja como parafina<\/th>\n<th>Mecha m\u00faltiple <a href=\"https:\/\/cosyowl.com\/es\/guides\/using-cotton-wicks-with-soyaluna-container-wax-recommendations\">recomendaciones<\/a><\/th>\n<\/tr>\n<tr>\n<td>ECO N\/A<\/td>\n<td>LX N\/A<\/td>\n<td>TCR 36\/20<\/td>\n<td>2 x LX 4 (<a href=\"https:\/\/cosyowl.com\/es\/guides\/the-truth-about-paraffin-wax-being-vegan-friendly\">Cera de parafina<\/a>)<\/td>\n<\/tr>\n<tr>\n<td>ECO N\/A<\/td>\n<td>LX N\/A<\/td>\n<td>TCR 36\/22<\/td>\n<td>2 x ECO 16 o 2 x TCR 24\/12 (ambas ceras)<\/td>\n<\/tr>\n<\/tbody>\n<\/table>\n<p>*Tenga en cuenta que la cantidad de cera recomendada es orientativa y se basa en la capacidad m\u00e1xima del recipiente en cuesti\u00f3n. Por lo tanto, es posible utilizar menos cera, pero no recomendamos superar la capacidad m\u00e1xima. Aconsejamos utilizar las cantidades de cera indicadas s\u00f3lo como punto de partida y ajustar estas medidas seg\u00fan sus preferencias.<\/p>\n<p>**Tenga en cuenta que todas las recomendaciones de mechas se basan \u00fanicamente en el uso con nuestra cera. La m\u00e1s peque\u00f1a <a href=\"https:\/\/cosyowl.com\/es\/guides\/candle-wick-size-chart\">Tama\u00f1o de la mecha<\/a> recomendada es s\u00f3lo para uso con Cera. El tama\u00f1o de mecha m\u00e1s grande recomendado es para usar cuando <a href=\"https:\/\/cosyowl.com\/es\/candle-making-supplies\/fragrance-oils-for-candle-making\/premium-fragrance-oils\/cosy-owl-premium-1-million-type-fragrance-oil\">Aceite con fragancia<\/a> y\/o Tinte. Toda la informaci\u00f3n proporcionada debe ser utilizada s\u00f3lo como una gu\u00eda para ayudar a encontrar un punto de partida cuando se experimenta con mechas como las temperaturas variables y <a href=\"https:\/\/cosyowl.com\/es\/guides\/2023-spring-fragrance-oil-trends\">Aceites arom\u00e1ticos<\/a> influir\u00e1 en el \u00e9xito de una mecha.<\/p>","protected":false},"excerpt":{"rendered":"<p>&#8216; This is a classic glass jar that comes complete with a matching lid and silicone seal to ensure a tight fit and high-quality finish. The strong, heat resistant structure of the jar makes this perfect for containing candles and this model can hold 100cl of wax and measures 100mm in diameter and 136mm in [&hellip;]<\/p>\n","protected":false},"featured_media":96773,"comment_status":"open","ping_status":"closed","template":"","meta":{"_acf_changed":false},"product_brand":[],"product_cat":[527],"product_tag":[921],"class_list":{"0":"post-10753","1":"product","2":"type-product","3":"status-publish","4":"has-post-thumbnail","6":"product_cat-candle-glasses","7":"product_tag-glass-container","8":"product_shipping_class-royal_mail","10":"first","11":"instock","12":"taxable","13":"shipping-taxable","14":"purchasable","15":"product-type-simple"},"acf":[],"_links":{"self":[{"href":"https:\/\/cosyowl.com\/es\/wp-json\/wp\/v2\/product\/10753","targetHints":{"allow":["GET"]}}],"collection":[{"href":"https:\/\/cosyowl.com\/es\/wp-json\/wp\/v2\/product"}],"about":[{"href":"https:\/\/cosyowl.com\/es\/wp-json\/wp\/v2\/types\/product"}],"replies":[{"embeddable":true,"href":"https:\/\/cosyowl.com\/es\/wp-json\/wp\/v2\/comments?post=10753"}],"wp:featuredmedia":[{"embeddable":true,"href":"https:\/\/cosyowl.com\/es\/wp-json\/wp\/v2\/media\/96773"}],"wp:attachment":[{"href":"https:\/\/cosyowl.com\/es\/wp-json\/wp\/v2\/media?parent=10753"}],"wp:term":[{"taxonomy":"product_brand","embeddable":true,"href":"https:\/\/cosyowl.com\/es\/wp-json\/wp\/v2\/product_brand?post=10753"},{"taxonomy":"product_cat","embeddable":true,"href":"https:\/\/cosyowl.com\/es\/wp-json\/wp\/v2\/product_cat?post=10753"},{"taxonomy":"product_tag","embeddable":true,"href":"https:\/\/cosyowl.com\/es\/wp-json\/wp\/v2\/product_tag?post=10753"}],"curies":[{"name":"wp","href":"https:\/\/api.w.org\/{rel}","templated":true}]}}