{"id":10731,"date":"2021-10-01T06:08:00","date_gmt":"2021-10-01T05:08:00","guid":{"rendered":"https:\/\/cosyowl.com\/product\/uncategorized\/import-placeholder-for-tcdl-cfra-bowl-ncap-358"},"modified":"2026-04-30T16:22:57","modified_gmt":"2026-04-30T15:22:57","slug":"aceite-con-fragancia-cappuccino","status":"publish","type":"product","link":"https:\/\/cosyowl.com\/es\/candle-making-supplies\/fragrance-oils-for-candle-making\/all-fragrances\/cappuccino-fragrance-oil","title":{"rendered":"Aceite con fragancia Cappuccino"},"content":{"rendered":"<p><strong>Nota: los modelos de 10 kg y 25 kg <a href=\"https:\/\/cosyowl.com\/es\/guides\/2023-spring-fragrance-oil-trends\">aceites arom\u00e1ticos<\/a> tienen un plazo de entrega estimado de 2-3 semanas.<\/strong><\/p>\n<p>Fabricado con <a href=\"https:\/\/cosyowl.com\/es\/candle-making-supplies\/fragrance-oils-for-candle-making\/all-fragrances\/honey-fragrance-oil\">natural<\/a> ingredientes y aceites esenciales*.<\/p>\n<p>Nuestra <strong>Tipo Cappuccino <a href=\"https:\/\/cosyowl.com\/es\/candle-making-supplies\/fragrance-oils-for-candle-making\/premium-fragrance-oils\/cosy-owl-premium-1-million-type-fragrance-oil\">Aceite con fragancia<\/a><\/strong> ha sido especialmente formulado para liberar e inundar su habitaci\u00f3n con el indulgente aroma combinado del caf\u00e9 mezclado con muchos sabores complementarios, proporcionando un olor fuerte y prominente asociado con el<strong> grano de caf\u00e9, <a href=\"https:\/\/cosyowl.com\/es\/fragrance-oils\/coconut\">coco<\/a> y melocot\u00f3n blanco<\/strong>. Este aroma inicial es el m\u00e1s pronunciado a medida que su <a href=\"https:\/\/cosyowl.com\/es\/guides\/a-summers-beach-gel-votive-candle\">vela<\/a> comienza a arder, llenando la habitaci\u00f3n de un aroma que se intensifica con ligeros matices de <strong>notas l\u00e1cteas, tonka y canela espolvoreada<\/strong>. Incorporado en la formulaci\u00f3n de esta fragancia distintiva es un maravilloso rastro regusto de<strong> vainilla, almizcle y <a href=\"https:\/\/cosyowl.com\/es\/candle-making-supplies\/fragrance-oils-for-candle-making\/all-fragrances\/french-vanilla-fragrance-oil\">cremoso<\/a> \u00e1mbar<\/strong>.<\/p>\n<p>Todos nuestros aceites de fragancia son exclusivos de <a href=\"https:\/\/cosyowl.com\/es\/\">B\u00faho acogedor<\/a> y han sido desarrollados por nuestros expertos para obtener un aroma superior en una vela y se han optimizado para su uso con nuestra cera. Nuestros aceites est\u00e1n concentrados 100% y son totalmente compatibles con todas nuestras ceras.<\/p>\n<p><strong>\u00bfCu\u00e1nta fragancia debo a\u00f1adir?<\/strong><\/p>\n<p>Todas nuestras fragancias son de alta <a href=\"https:\/\/cosyowl.com\/es\/candle-wicks\/wedo-lx-wick-raw\">calidad<\/a> y dise\u00f1ado espec\u00edficamente para un excelente lanzamiento del aroma, lo que significa que, en t\u00e9rminos generales, menos es m\u00e1s. La cantidad a a\u00f1adir es un poco compleja y hemos desarrollado una <a href=\"https:\/\/cosyowl.com\/es\/guides\/a-guide-to-creating-your-own-soap-products\">gu\u00eda<\/a> para darle m\u00e1s detalles. En general, empezar con entre 5-8% es una buena idea y hasta 10% para fragancias menos fuertes deber\u00eda darte m\u00e1s que suficiente aroma. Siempre es mejor experimentar con cada combinaci\u00f3n de fragancia y cera, empezar con poca cantidad e ir aumentando. Si sigues la gu\u00eda y tienes en cuenta el punto de inflamaci\u00f3n, conseguir\u00e1s velas con un buen aroma con un poco de pr\u00e1ctica. En t\u00e9rminos generales, nunca debe poner m\u00e1s de 12% de fragancia, ya que la vela empezar\u00e1 literalmente a sudar o a filtrar la fragancia.<\/p>\n<p>Todos los aceites con fragancia tienen lo que se denomina punto de inflamaci\u00f3n, es decir, la temperatura a la que el aceite empieza a combustionar y se libera la fragancia.<\/p>\n<p>En <strong>el punto de inflamaci\u00f3n del Cappuccino es de 93,33\u00b0C<\/strong>Si desea m\u00e1s informaci\u00f3n sobre los Flash Points, siga este enlace <a href=\"https:\/\/cosyowl.com\/es\/guias\/como-utilizar-los-aceites-aromaticos\/?wmc-currency=EUR\">https:\/\/www.cosyowl.com\/guides\/how-to-use-fragrance-oils\/<\/a><\/p>\n<p><strong>El uso de esta fragancia en un <a href=\"https:\/\/cosyowl.com\/es\/guides\/making-a-reed-diffuser\">difusor carrizo<\/a>?<\/strong><\/p>\n<p>Todas nuestras fragancias se han dise\u00f1ado para funcionar en <a href=\"https:\/\/cosyowl.com\/es\/guides\/a-beginners-guide-to-making-reed-diffusers\">difusores carrizo<\/a> cuando se mezcla con un <a href=\"\/es\/difusores-carrizo\/reed-diffusol-base-oil\/?wmc-currency=EUR\">aceite base para difusor disponible aqu\u00ed<\/a>. Utilice hasta 25% de fragancia mezclada con el aceite base en funci\u00f3n de la intensidad de fragancia requerida.<\/p>\n<p><strong>\u00bfUsa esta fragancia en un jab\u00f3n?<\/strong><\/p>\n<p>Todas nuestras fragancias tambi\u00e9n est\u00e1n especialmente formuladas para funcionar en jabones s\u00f3lidos; consulte la ficha de datos de seguridad para obtener informaci\u00f3n sobre el % m\u00e1ximo de cada fragancia que se puede utilizar en <a href=\"https:\/\/cosyowl.com\/es\/guides\/a-beginners-guide-to-soap-making\">fabricaci\u00f3n de jab\u00f3n<\/a> aplicaciones.<\/p>\n<p>Consulte tambi\u00e9n nuestra nota informativa CLP sobre el uso de aceites con fragancia en velas antes de comprar. Esta informaci\u00f3n se refiere a la composici\u00f3n qu\u00edmica del aceite y a las advertencias sobre posibles reacciones al\u00e9rgicas.<\/p>\n<p><strong>Sin crueldad<\/strong><\/p>\n<p>El abastecimiento \u00e9tico de los productos es de suma importancia para nosotros y estamos muy orgullosos de decir que todos los Aceites de Fragancia suministrados por Cosy Owl, y su <a href=\"https:\/\/cosyowl.com\/es\/candle-wicks\/tcr-series-wick-raw\">en bruto<\/a> est\u00e1n libres de crueldad y no se realizan pruebas en animales ni en seres humanos. No obstante, entendemos que pueda haber cierta confusi\u00f3n en cuanto a la seguridad de los productos. <a href=\"https:\/\/cosyowl.com\/es\/data-sheets\">Fichas t\u00e9cnicas<\/a> (FDS) contienen valores de toxicidad para rata y conejo. Esta secci\u00f3n en particular se refiere a la DL50 (toxicidad) de determinados ingredientes que son necesarios para otras industrias (como para su uso en alimentos) y es obligatorio que los incluyamos cuando existan. Todos los datos de pruebas con animales se basan en pruebas que no fueron realizadas o sancionadas por nosotros o nuestros proveedores, en algunos casos, estas pruebas fueron ordenadas por una agencia gubernamental o realizadas hace d\u00e9cadas y categ\u00f3ricamente no se realizaron pruebas para el uso de estos ingredientes en los productos que suministramos.<\/p>\n<p><strong> Aconsejamos a todos los clientes que prueben las fragancias con nuestros frascos de prueba de 10 ml antes de realizar pedidos de mayor tama\u00f1o o cantidad, en el improbable caso de que no queden satisfechos con un aceite con fragancia. Consulte nuestra <a href=\"\/es\/shippinginfo\/?wmc-currency=EUR\" target=\"_blank\" rel=\"noopener\">Entregas y devoluciones<\/a> p\u00e1gina para <a href=\"https:\/\/cosyowl.com\/es\/privacy\">t\u00e9rminos<\/a> y condiciones.<\/strong><\/p>\n<p>*Esta fragancia contiene elementos naturales (<a href=\"https:\/\/cosyowl.com\/es\/guides\/essential-oil-benefits\">aceites esenciales<\/a>(extractos, resinas, aislados), pero no es totalmente natural. Nuestros aceites de fragancia han sido dise\u00f1ados para ser tan simples, <a href=\"https:\/\/cosyowl.com\/es\/candle-making-supplies\/glitters\/pure-white-biodegradable\">limpiar<\/a> y natural posible, ofreciendo al mismo tiempo la mejor difusi\u00f3n y la mejor gama de notas olfativas. Los compuestos que no proceden directamente de la naturaleza son qu\u00edmicamente id\u00e9nticos a los naturales, se crean artificialmente o se modifican ligeramente, por lo general para conseguir un aroma m\u00e1s intenso. En ocasiones, se utilizan fragancias que no se encuentran en la naturaleza para dar el aroma distintivo que requieren algunas fragancias de tipo m\u00e1s artificial. Esto es lo mismo que ocurre con todos los aceites con fragancia del mercado actual.<\/p>\n<p>Los aceites con fragancia suelen tener una caducidad de un a\u00f1o a partir de la fecha de fabricaci\u00f3n; sin embargo, muchos aceites con fragancia pueden durar meses o incluso a\u00f1os despu\u00e9s de esta fecha si se almacenan correctamente. Se pueden realizar pruebas (no ofrecemos este servicio) en los aceites de fragancia para determinar su idoneidad m\u00e1s all\u00e1 de su fecha de caducidad.<\/p>\n<p>Los documentos actuales de la IFRA (versi\u00f3n 48 de la IFRA) son pertinentes y aplicables a todas nuestras fragancias hasta febrero de 2022, cuando entren en vigor las nuevas clasificaciones para los productos existentes, es decir, las fragancias que ya est\u00e1n en el mercado. Todas las fragancias nuevas ya est\u00e1n sujetas a las clasificaciones IFRA 49. En las pr\u00f3ximas semanas, a medida que vayamos recibiendo la informaci\u00f3n pertinente, iremos actualizando e introduciendo los cambios necesarios en nuestro sitio web.<\/p>","protected":false},"excerpt":{"rendered":"<p>Please note \u2013 The 10kg and 25kg fragrance oils have an estimated lead time of 2-3 weeks for delivery. Made with natural ingredients and essential oils*. Our Cappuccino Type Fragrance Oil has been specially formulated to release and flood your room with the combined indulgent scent of coffee mixed with many complimentary flavours, providing a [&hellip;]<\/p>\n","protected":false},"featured_media":11836,"comment_status":"open","ping_status":"closed","template":"","meta":{"_acf_changed":false},"product_brand":[],"product_cat":[517,504,516,526],"product_tag":[908],"class_list":{"0":"post-10731","1":"product","2":"type-product","3":"status-publish","4":"has-post-thumbnail","6":"product_cat-fragrance-oils-cravings","7":"product_cat-fragrance-oils-all-fragrances","8":"product_cat-fragrance-oils-sweet","9":"product_cat-fragrance-oils-vanilla","10":"product_tag-fragrance-oil","12":"first","13":"instock","14":"taxable","15":"shipping-taxable","16":"purchasable","17":"product-type-variable"},"acf":[],"_links":{"self":[{"href":"https:\/\/cosyowl.com\/es\/wp-json\/wp\/v2\/product\/10731","targetHints":{"allow":["GET"]}}],"collection":[{"href":"https:\/\/cosyowl.com\/es\/wp-json\/wp\/v2\/product"}],"about":[{"href":"https:\/\/cosyowl.com\/es\/wp-json\/wp\/v2\/types\/product"}],"replies":[{"embeddable":true,"href":"https:\/\/cosyowl.com\/es\/wp-json\/wp\/v2\/comments?post=10731"}],"wp:featuredmedia":[{"embeddable":true,"href":"https:\/\/cosyowl.com\/es\/wp-json\/wp\/v2\/media\/11836"}],"wp:attachment":[{"href":"https:\/\/cosyowl.com\/es\/wp-json\/wp\/v2\/media?parent=10731"}],"wp:term":[{"taxonomy":"product_brand","embeddable":true,"href":"https:\/\/cosyowl.com\/es\/wp-json\/wp\/v2\/product_brand?post=10731"},{"taxonomy":"product_cat","embeddable":true,"href":"https:\/\/cosyowl.com\/es\/wp-json\/wp\/v2\/product_cat?post=10731"},{"taxonomy":"product_tag","embeddable":true,"href":"https:\/\/cosyowl.com\/es\/wp-json\/wp\/v2\/product_tag?post=10731"}],"curies":[{"name":"wp","href":"https:\/\/api.w.org\/{rel}","templated":true}]}}