{"id":10702,"date":"2021-10-01T06:07:00","date_gmt":"2021-10-01T05:07:00","guid":{"rendered":"https:\/\/cosyowl.com\/product\/uncategorized\/import-placeholder-for-tcdl-cfra-bowl-nped-355"},"modified":"2026-04-30T16:23:34","modified_gmt":"2026-04-30T15:23:34","slug":"aceite-con-fragancia-de-pera","status":"publish","type":"product","link":"https:\/\/cosyowl.com\/es\/fragrance-oils\/pear-drop","title":{"rendered":"Aceite con fragancia Gota de pera"},"content":{"rendered":"<p><strong>Ca\u00edda de pera de 5 kg, 10 kg y 25 kg <a href=\"https:\/\/cosyowl.com\/es\/candle-making-supplies\/fragrance-oils-for-candle-making\/premium-fragrance-oils\/cosy-owl-premium-1-million-type-fragrance-oil\">Aceite con fragancia<\/a><\/strong><strong>s se env\u00edan desde almac\u00e9n y est\u00e1n disponibles en los plazos de env\u00edo est\u00e1ndar.<\/strong><\/p>\n<p>Fabricado con <a href=\"https:\/\/cosyowl.com\/es\/candle-making-supplies\/fragrance-oils-for-candle-making\/all-fragrances\/honey-fragrance-oil\">natural<\/a> ingredientes y aceites esenciales*.<\/p>\n<p>Nuestra <strong>Aceite con fragancia tipo gota de pera<\/strong> ha sido especialmente formulado para liberar un conocido aroma a base de frutas y perfumes -quiz\u00e1s para algunos muy recordado de su infancia. El aroma proporciona inicialmente un olor fuerte y prominente asociado con<strong> <a href=\"https:\/\/cosyowl.com\/es\/fragrance-oils\/fresh-cut-grass\">verde<\/a> manzana, lirio blanco y osmanthus<\/strong>. Este aroma es el m\u00e1s pronunciado a medida que su <a href=\"https:\/\/cosyowl.com\/es\/guides\/a-summers-beach-gel-votive-candle\">vela<\/a> comienza a arder, llenando la habitaci\u00f3n de un aroma que se intensifica con ligeros matices de <strong>medianoche <a href=\"https:\/\/cosyowl.com\/es\/candle-making-supplies\/fragrance-oils-for-candle-making\/all-fragrances\/jasmine-fragrance-oil\">jazm\u00edn<\/a> y pera nashi<\/strong>. Incorporado en la formulaci\u00f3n de esta fragancia distintiva es un maravilloso rastro regusto de <strong>tonka, davana, canela, nata montada, vainilla y miel de cardo<\/strong>.<\/p>\n<p>Todos nuestros <a href=\"https:\/\/cosyowl.com\/es\/guides\/2023-spring-fragrance-oil-trends\">aceites arom\u00e1ticos<\/a> son exclusivos de <a href=\"https:\/\/cosyowl.com\/es\/\">B\u00faho acogedor<\/a> y han sido desarrollados por nuestros expertos para obtener un aroma superior en una vela y se han optimizado para su uso con nuestra cera. Nuestros aceites est\u00e1n concentrados 100% y son totalmente compatibles con todas nuestras ceras.<\/p>\n<p><strong>\u00bfCu\u00e1nta fragancia debo a\u00f1adir?<\/strong><\/p>\n<p>Todas nuestras fragancias son de alta <a href=\"https:\/\/cosyowl.com\/es\/candle-wicks\/wedo-lx-wick-raw\">calidad<\/a> y dise\u00f1ado espec\u00edficamente para un excelente lanzamiento del aroma, lo que significa que, en t\u00e9rminos generales, menos es m\u00e1s. La cantidad a a\u00f1adir es un poco compleja y hemos desarrollado una <a href=\"https:\/\/cosyowl.com\/es\/guides\/a-guide-to-creating-your-own-soap-products\">gu\u00eda<\/a> para darle m\u00e1s detalles. En general, empezar con entre 5-8% es una buena idea y hasta 10% para fragancias menos fuertes deber\u00eda darte m\u00e1s que suficiente aroma. Siempre es mejor experimentar con cada combinaci\u00f3n de fragancia y cera, empezar con poca cantidad e ir aumentando. Si sigues la gu\u00eda y tienes en cuenta el punto de inflamaci\u00f3n, conseguir\u00e1s velas con un buen aroma con un poco de pr\u00e1ctica. En t\u00e9rminos generales, nunca debe poner m\u00e1s de 12% de fragancia, ya que la vela empezar\u00e1 literalmente a sudar o a filtrar la fragancia.<\/p>\n<p>Todos los aceites con fragancia tienen lo que se denomina punto de inflamaci\u00f3n, es decir, la temperatura a la que el aceite empieza a combustionar y se libera la fragancia.<\/p>\n<p>En <strong>El punto de inflamaci\u00f3n de la gota de pera es de 65\u00b0C<\/strong>Si desea m\u00e1s informaci\u00f3n sobre los Flash Points, siga este enlace <a href=\"https:\/\/cosyowl.com\/es\/guias\/como-utilizar-los-aceites-aromaticos\/?wmc-currency=EUR\">https:\/\/www.cosyowl.com\/guides\/how-to-use-fragrance-oils\/<\/a><\/p>\n<p>Consulte tambi\u00e9n nuestra nota informativa CLP sobre el uso de aceites con fragancia en velas antes de comprar. Esta informaci\u00f3n se refiere a la composici\u00f3n qu\u00edmica del aceite y a las advertencias sobre posibles reacciones al\u00e9rgicas.<\/p>\n<p><strong> Aconsejamos a todos los clientes que prueben las fragancias con nuestros frascos de prueba de 10 ml antes de realizar pedidos de mayor tama\u00f1o o cantidad, en el improbable caso de que no queden satisfechos con un aceite con fragancia. Consulte nuestra <a href=\"\/es\/shippinginfo\/?wmc-currency=EUR\" target=\"_blank\" rel=\"noopener\">Entregas y devoluciones<\/a> p\u00e1gina para <a href=\"https:\/\/cosyowl.com\/es\/privacy\">t\u00e9rminos<\/a> y condiciones.<\/strong><\/p>\n<p>*Esta fragancia contiene elementos naturales (<a href=\"https:\/\/cosyowl.com\/es\/guides\/essential-oil-benefits\">aceites esenciales<\/a>(extractos, resinas, aislados), pero no es totalmente natural. Nuestros aceites de fragancia han sido dise\u00f1ados para ser tan simples, <a href=\"https:\/\/cosyowl.com\/es\/candle-making-supplies\/glitters\/pure-white-biodegradable\">limpiar<\/a> y natural posible, ofreciendo al mismo tiempo la mejor difusi\u00f3n y la mejor gama de notas olfativas. Los compuestos que no proceden directamente de la naturaleza son qu\u00edmicamente id\u00e9nticos a los naturales, se crean artificialmente o se modifican ligeramente, por lo general para conseguir un aroma m\u00e1s intenso. En ocasiones, se utilizan fragancias que no se encuentran en la naturaleza para dar el aroma distintivo que requieren algunas fragancias de tipo m\u00e1s artificial. Esto es lo mismo que ocurre con todos los aceites con fragancia del mercado actual.<\/p>\n<p>Los aceites con fragancia suelen tener una caducidad de un a\u00f1o a partir de la fecha de fabricaci\u00f3n; sin embargo, muchos aceites con fragancia pueden durar meses o incluso a\u00f1os despu\u00e9s de esta fecha si se almacenan correctamente. Se pueden realizar pruebas (no ofrecemos este servicio) en los aceites de fragancia para determinar su idoneidad m\u00e1s all\u00e1 de su fecha de caducidad.<\/p>","protected":false},"excerpt":{"rendered":"<p>5kg, 10kg and 25kg Pear Drop Fragrance Oils are despatched from stock and are available on standard shipping times. Made with natural ingredients and essential oils*. Our Pear Drop Type Fragrance Oil has been specially formulated to release a well known fruit and perfume based scent &#8211; perhaps for some very memorable from their childhood. [&hellip;]<\/p>\n","protected":false},"featured_media":11877,"comment_status":"open","ping_status":"closed","template":"","meta":{"_acf_changed":false},"product_brand":[],"product_cat":[504,753,636,586,509,512,511,698,717,516],"product_tag":[909,908],"class_list":{"0":"post-10702","1":"product","2":"type-product","3":"status-publish","4":"has-post-thumbnail","6":"product_cat-fragrance-oils-all-fragrances","7":"product_cat-sale-fragrance-oils","8":"product_cat-body-care-fragrance-oils","9":"product_cat-hair-care-fragrance-oils","10":"product_cat-soap-making-supplies-fragrances","11":"product_cat-wax-melts-fragrances","12":"product_cat-beard-oil-fragrances","13":"product_cat-fruit-fragrance-oils","14":"product_cat-sale","15":"product_cat-fragrance-oils-sweet","16":"product_tag-black-friday","17":"product_tag-fragrance-oil","18":"pa_bottle-size-100ml","19":"pa_bottle-size-10kg-2","20":"pa_bottle-size-250ml","21":"pa_bottle-size-25kg-2","22":"pa_bottle-size-500ml","23":"pa_bottle-size-50ml","24":"pa_bottle-size-950ml","25":"pa_bottle-size-sample","27":"first","28":"instock","29":"sale","30":"taxable","31":"shipping-taxable","32":"purchasable","33":"product-type-variable"},"acf":[],"_links":{"self":[{"href":"https:\/\/cosyowl.com\/es\/wp-json\/wp\/v2\/product\/10702","targetHints":{"allow":["GET"]}}],"collection":[{"href":"https:\/\/cosyowl.com\/es\/wp-json\/wp\/v2\/product"}],"about":[{"href":"https:\/\/cosyowl.com\/es\/wp-json\/wp\/v2\/types\/product"}],"replies":[{"embeddable":true,"href":"https:\/\/cosyowl.com\/es\/wp-json\/wp\/v2\/comments?post=10702"}],"wp:featuredmedia":[{"embeddable":true,"href":"https:\/\/cosyowl.com\/es\/wp-json\/wp\/v2\/media\/11877"}],"wp:attachment":[{"href":"https:\/\/cosyowl.com\/es\/wp-json\/wp\/v2\/media?parent=10702"}],"wp:term":[{"taxonomy":"product_brand","embeddable":true,"href":"https:\/\/cosyowl.com\/es\/wp-json\/wp\/v2\/product_brand?post=10702"},{"taxonomy":"product_cat","embeddable":true,"href":"https:\/\/cosyowl.com\/es\/wp-json\/wp\/v2\/product_cat?post=10702"},{"taxonomy":"product_tag","embeddable":true,"href":"https:\/\/cosyowl.com\/es\/wp-json\/wp\/v2\/product_tag?post=10702"}],"curies":[{"name":"wp","href":"https:\/\/api.w.org\/{rel}","templated":true}]}}