{"id":10670,"date":"2021-10-01T06:07:00","date_gmt":"2021-10-01T05:07:00","guid":{"rendered":"https:\/\/cosyowl.com\/product\/uncategorized\/import-placeholder-for-tcdl-cfra-bowl-nmpa-349"},"modified":"2026-03-24T16:27:35","modified_gmt":"2026-03-24T16:27:35","slug":"aceite-con-fragancia-de-mango-y-maracuya","status":"publish","type":"product","link":"https:\/\/cosyowl.com\/es\/fragrance-oils\/mango-amp-passionfruit","title":{"rendered":"Aceite con fragancia de Mango y Maracuy\u00e1"},"content":{"rendered":"<p><strong>Nota: los modelos de 10 kg y 25 kg <a href=\"https:\/\/cosyowl.com\/es\/guides\/2023-spring-fragrance-oil-trends\">aceites arom\u00e1ticos<\/a> tienen un plazo de entrega estimado de 2-3 semanas.<\/strong><\/p>\n<p>Fabricado con <a href=\"https:\/\/cosyowl.com\/es\/candle-making-supplies\/fragrance-oils-for-candle-making\/all-fragrances\/honey-fragrance-oil\">natural<\/a> ingredientes y aceites esenciales*.<\/p>\n<p>Nuestra <strong>Tipo Mango y Maracuy\u00e1 <a href=\"https:\/\/cosyowl.com\/es\/candle-making-supplies\/fragrance-oils-for-candle-making\/premium-fragrance-oils\/cosy-owl-premium-1-million-type-fragrance-oil\">Aceite con fragancia<\/a><\/strong> ha sido especialmente formulado para liberar el encantador aroma de este <a href=\"https:\/\/cosyowl.com\/es\/candle-making-supplies\/fragrance-oils-for-candle-making\/all-fragrances\/black-coconut-fragrance-oil\">tropical<\/a> combinaci\u00f3n afrutada y proporciona inicialmente un olor fuerte y prominente asociado a<strong> mango dulce y jugoso y <a href=\"https:\/\/cosyowl.com\/es\/candle-making-supplies\/glitters\/lake-blue-biodegradable\">genial<\/a> deliciosa papaya<\/strong>. Este aroma es el m\u00e1s pronunciado a medida que su <a href=\"https:\/\/cosyowl.com\/es\/guides\/a-summers-beach-gel-votive-candle\">vela<\/a> comienza a arder, llenando la habitaci\u00f3n de un aroma que se intensifica con ligeros matices de <strong><a href=\"https:\/\/cosyowl.com\/es\/candle-making-supplies\/essential-oils\/eucalyptus-globulus-essential-oil\">fresco<\/a> maracuy\u00e1, mel\u00f3n dulce y melocot\u00f3n<\/strong>. Incorporado en la formulaci\u00f3n de esta fragancia distintiva es un maravilloso rastro regusto de <strong>almizcle<\/strong>.<\/p>\n<p>Todos nuestros aceites de fragancia son exclusivos de <a href=\"https:\/\/cosyowl.com\/es\/\">B\u00faho acogedor<\/a> y han sido desarrollados por nuestros expertos para obtener un aroma superior en una vela y se han optimizado para su uso con nuestra cera. Nuestros aceites est\u00e1n concentrados 100% y son totalmente compatibles con todas nuestras ceras.<\/p>\n<p>Todas nuestras fragancias son de alta <a href=\"https:\/\/cosyowl.com\/es\/candle-wicks\/wedo-lx-wick-raw\">calidad<\/a> y dise\u00f1ado espec\u00edficamente para un excelente lanzamiento del aroma, lo que significa que, en t\u00e9rminos generales, menos es m\u00e1s. La cantidad a a\u00f1adir es un poco compleja y hemos desarrollado una <a href=\"https:\/\/cosyowl.com\/es\/guides\/a-guide-to-creating-your-own-soap-products\">gu\u00eda<\/a> para darle m\u00e1s detalles. En general, empezar con entre 5-8% es una buena idea y hasta 10% para fragancias menos fuertes deber\u00eda darte m\u00e1s que suficiente aroma. Siempre es mejor experimentar con cada combinaci\u00f3n de fragancia y cera, empezar con poca cantidad e ir aumentando. Si sigues la gu\u00eda y tienes en cuenta el punto de inflamaci\u00f3n, conseguir\u00e1s velas con un buen aroma con un poco de pr\u00e1ctica. En t\u00e9rminos generales, nunca debe poner m\u00e1s de 12% de fragancia, ya que la vela empezar\u00e1 literalmente a sudar o a filtrar la fragancia.<\/p>\n<p>Todas nuestras fragancias tambi\u00e9n est\u00e1n especialmente formuladas para funcionar en jabones s\u00f3lidos; consulte la ficha de datos de seguridad* para obtener informaci\u00f3n sobre el % m\u00e1ximo de cada fragancia que puede utilizarse en <a href=\"https:\/\/cosyowl.com\/es\/guides\/a-beginners-guide-to-soap-making\">fabricaci\u00f3n de jab\u00f3n<\/a> aplicaciones.<\/p>\n<p>Consulte tambi\u00e9n nuestra Nota informativa CLP* sobre el uso de aceites con fragancia en velas antes de comprar. Esta informaci\u00f3n se refiere a la composici\u00f3n qu\u00edmica del aceite y a las advertencias sobre posibles reacciones al\u00e9rgicas.<\/p>\n<p>* Lo sentimos, pero la ficha de datos de seguridad y el aviso CLP no est\u00e1n disponibles para esta fragancia en este momento, pero se a\u00f1adir\u00e1n muy pronto.<\/p>\n<p><strong> Aconsejamos a todos los clientes que prueben las fragancias con nuestros frascos de prueba de 10 ml antes de realizar pedidos de mayor tama\u00f1o o cantidad, en el improbable caso de que no queden satisfechos con un aceite con fragancia. Consulte nuestra <a href=\"\/es\/shippinginfo\/?wmc-currency=EUR\" target=\"_blank\" rel=\"noopener\">Entregas y devoluciones<\/a> p\u00e1gina para <a href=\"https:\/\/cosyowl.com\/es\/privacy\">t\u00e9rminos<\/a> y condiciones.<\/strong><\/p>\n<p>*Esta fragancia contiene elementos naturales (<a href=\"https:\/\/cosyowl.com\/es\/guides\/essential-oil-benefits\">aceites esenciales<\/a>(extractos, resinas, aislados), pero no es totalmente natural. Nuestros aceites de fragancia han sido dise\u00f1ados para ser tan simples, <a href=\"https:\/\/cosyowl.com\/es\/candle-making-supplies\/glitters\/pure-white-biodegradable\">limpiar<\/a> y natural posible, ofreciendo al mismo tiempo la mejor difusi\u00f3n y la mejor gama de notas olfativas. Los compuestos que no proceden directamente de la naturaleza son qu\u00edmicamente id\u00e9nticos a los naturales, se crean artificialmente o se modifican ligeramente, por lo general para conseguir un aroma m\u00e1s intenso. En ocasiones, se utilizan fragancias que no se encuentran en la naturaleza para dar el aroma distintivo que requieren algunas fragancias de tipo m\u00e1s artificial. Esto es lo mismo que ocurre con todos los aceites con fragancia del mercado actual.<\/p>\n<p>Los aceites con fragancia suelen tener una caducidad de un a\u00f1o a partir de la fecha de fabricaci\u00f3n; sin embargo, muchos aceites con fragancia pueden durar meses o incluso a\u00f1os despu\u00e9s de esta fecha si se almacenan correctamente. Se pueden realizar pruebas (no ofrecemos este servicio) en los aceites de fragancia para determinar su idoneidad m\u00e1s all\u00e1 de su fecha de caducidad.<\/p>","protected":false},"excerpt":{"rendered":"<p>Please note \u2013 The 10kg and 25kg fragrance oils have an estimated lead time of 2-3 weeks for delivery. Made with natural ingredients and essential oils*. Our Mango &amp; Passionfruit Type Fragrance Oil has been specially formulated to release the lovely scent of this tropical fruity combination and initially provides a strong and prominent smell [&hellip;]<\/p>\n","protected":false},"featured_media":11823,"comment_status":"open","ping_status":"closed","template":"","meta":{"_acf_changed":false},"product_brand":[],"product_cat":[788,504,518,698,1590,516,524],"product_tag":[908,1598,1597],"class_list":{"0":"post-10670","1":"product","2":"type-product","3":"status-publish","4":"has-post-thumbnail","6":"product_cat-spring","7":"product_cat-fragrance-oils-all-fragrances","8":"product_cat-fragrance-oils-fresh","9":"product_cat-fruit-fragrance-oils","10":"product_cat-summer-fragrances","11":"product_cat-fragrance-oils-sweet","12":"product_cat-fragrance-oils-tropical","13":"product_tag-fragrance-oil","14":"product_tag-spring","15":"product_tag-summer","16":"pa_bottle-size-100ml","17":"pa_bottle-size-10kg","18":"pa_bottle-size-250ml","19":"pa_bottle-size-25kg","20":"pa_bottle-size-500ml","21":"pa_bottle-size-50ml","22":"pa_bottle-size-950ml","23":"pa_bottle-size-sample","25":"first","26":"instock","27":"taxable","28":"shipping-taxable","29":"purchasable","30":"product-type-variable"},"acf":[],"_links":{"self":[{"href":"https:\/\/cosyowl.com\/es\/wp-json\/wp\/v2\/product\/10670","targetHints":{"allow":["GET"]}}],"collection":[{"href":"https:\/\/cosyowl.com\/es\/wp-json\/wp\/v2\/product"}],"about":[{"href":"https:\/\/cosyowl.com\/es\/wp-json\/wp\/v2\/types\/product"}],"replies":[{"embeddable":true,"href":"https:\/\/cosyowl.com\/es\/wp-json\/wp\/v2\/comments?post=10670"}],"wp:featuredmedia":[{"embeddable":true,"href":"https:\/\/cosyowl.com\/es\/wp-json\/wp\/v2\/media\/11823"}],"wp:attachment":[{"href":"https:\/\/cosyowl.com\/es\/wp-json\/wp\/v2\/media?parent=10670"}],"wp:term":[{"taxonomy":"product_brand","embeddable":true,"href":"https:\/\/cosyowl.com\/es\/wp-json\/wp\/v2\/product_brand?post=10670"},{"taxonomy":"product_cat","embeddable":true,"href":"https:\/\/cosyowl.com\/es\/wp-json\/wp\/v2\/product_cat?post=10670"},{"taxonomy":"product_tag","embeddable":true,"href":"https:\/\/cosyowl.com\/es\/wp-json\/wp\/v2\/product_tag?post=10670"}],"curies":[{"name":"wp","href":"https:\/\/api.w.org\/{rel}","templated":true}]}}