{"id":10610,"date":"2021-10-01T06:06:00","date_gmt":"2021-10-01T05:06:00","guid":{"rendered":"https:\/\/cosyowl.com\/product\/uncategorized\/import-placeholder-for-tcdl-cfra-bowl-nswf-342"},"modified":"2026-03-24T16:27:36","modified_gmt":"2026-03-24T16:27:36","slug":"aceite-con-fragancia-de-higo-dulce","status":"publish","type":"product","link":"https:\/\/cosyowl.com\/es\/fragrance-oils\/sweet-fig","title":{"rendered":"Aceite con fragancia de higo dulce"},"content":{"rendered":"<p><strong>Nota: todos los modelos de 5, 10 y 25 kg. <a href=\"https:\/\/cosyowl.com\/es\/guides\/2023-spring-fragrance-oil-trends\">Aceites arom\u00e1ticos<\/a> son art\u00edculos hechos a medida y tienen un plazo de entrega de hasta 6 semanas que no se refleja en las opciones de env\u00edo presentadas en <a href=\"https:\/\/cosyowl.com\/es\/checkout\">checkout<\/a>. Si su <a href=\"https:\/\/cosyowl.com\/es\/basket\">pedir<\/a> incluye cualquier Aceite con Fragancia de 5kg, 10kg o 25kg, el plazo de entrega para la totalidad del pedido ser\u00e1 de hasta 6 semanas. Los aceites con fragancia de 5 kg, 10 kg o 25 kg hechos a medida tampoco son reembolsables.<\/strong><\/p>\n<p>Elaborado con ingredientes naturales y aceites esenciales*.<\/p>\n<p>Nuestra <strong>Tipo de higo dulce <a href=\"https:\/\/cosyowl.com\/es\/candle-making-supplies\/fragrance-oils-for-candle-making\/premium-fragrance-oils\/cosy-owl-premium-1-million-type-fragrance-oil\">Aceite con fragancia<\/a><\/strong> ha sido especialmente formulado para desprender un fuerte olor asociado a este fruto del ficus, perteneciente a la familia de las moreras. Los higos tienen ese sabor \u00fanico y dulce, texturas suaves y masticables y esta fragancia proporciona un olor fuerte y prominente asociado a<strong> uva blanca y dulce higo negro y bergamota<\/strong>. Este aroma inicial es el m\u00e1s pronunciado a medida que su <a href=\"https:\/\/cosyowl.com\/es\/guides\/a-summers-beach-gel-votive-candle\">vela<\/a> comienza a arder, llenando la habitaci\u00f3n de un aroma que se intensifica con ligeros matices de <strong>brote de clavo, mora y flor blanca<\/strong>. Incorporado en la formulaci\u00f3n de esta fragancia distintiva es un maravilloso rastro regusto de <strong>vetiver, canela, vainilla, absenta y cedro<\/strong>.<\/p>\n<p>Todos nuestros aceites de fragancia son exclusivos de <a href=\"https:\/\/cosyowl.com\/es\/\">B\u00faho acogedor<\/a> y han sido desarrollados por nuestros expertos para obtener un aroma superior en una vela y se han optimizado para su uso con nuestra cera. Nuestros aceites est\u00e1n concentrados 100% y son totalmente compatibles con todas nuestras ceras.<\/p>\n<p><strong>\u00bfCu\u00e1nta fragancia debo a\u00f1adir?<\/strong><\/p>\n<p>Todas nuestras fragancias son de alta calidad y est\u00e1n dise\u00f1adas espec\u00edficamente para conseguir una excelente difusi\u00f3n del aroma, lo que significa que, en t\u00e9rminos generales, menos es m\u00e1s. La cantidad a a\u00f1adir es un poco compleja y hemos desarrollado una <a href=\"https:\/\/cosyowl.com\/es\/guides\/a-guide-to-creating-your-own-soap-products\">gu\u00eda<\/a> para darle m\u00e1s detalles. En general, empezar con entre 5-8% es una buena idea y hasta 10% para fragancias menos fuertes deber\u00eda darte m\u00e1s que suficiente aroma. Siempre es mejor experimentar con cada combinaci\u00f3n de fragancia y cera, empezar con poca cantidad e ir aumentando. Si sigues la gu\u00eda y tienes en cuenta el punto de inflamaci\u00f3n, conseguir\u00e1s velas con un buen aroma con un poco de pr\u00e1ctica. En t\u00e9rminos generales, nunca debe poner m\u00e1s de 12% de fragancia, ya que la vela empezar\u00e1 literalmente a sudar o a filtrar la fragancia.<\/p>\n<p>Todos los aceites con fragancia tienen lo que se denomina punto de inflamaci\u00f3n, es decir, la temperatura a la que el aceite empieza a combustionar y se libera la fragancia.<\/p>\n<p>En <strong>el punto de inflamaci\u00f3n de Sweet Fig es de 93,33\u00b0C<\/strong>Si desea m\u00e1s informaci\u00f3n sobre los Flash Points, siga este enlace <a href=\"https:\/\/cosyowl.com\/es\/guias\/como-utilizar-los-aceites-aromaticos\/?wmc-currency=EUR\">https:\/\/www.cosyowl.com\/guides\/how-to-use-fragrance-oils\/<\/a><\/p>\n<p>Consulte tambi\u00e9n nuestra nota informativa CLP sobre el uso de aceites con fragancia en velas antes de comprar. Esta informaci\u00f3n se refiere a la composici\u00f3n qu\u00edmica del aceite y a las advertencias sobre posibles reacciones al\u00e9rgicas.<\/p>\n<p><strong> Aconsejamos a todos los clientes que prueben las fragancias con nuestros frascos de prueba de 10 ml antes de realizar pedidos de mayor tama\u00f1o o cantidad, en el improbable caso de que no queden satisfechos con un aceite con fragancia. Consulte nuestra <a href=\"\/es\/shippinginfo\/?wmc-currency=EUR\" target=\"_blank\" rel=\"noopener\">Entregas y devoluciones<\/a> p\u00e1gina para <a href=\"https:\/\/cosyowl.com\/es\/privacy\">t\u00e9rminos<\/a> y condiciones.<\/strong><\/p>\n<p>*Esta fragancia contiene elementos naturales (<a href=\"https:\/\/cosyowl.com\/es\/guides\/essential-oil-benefits\">aceites esenciales<\/a>(extractos, resinas, aislados), pero no es totalmente natural. Nuestros aceites de fragancia han sido dise\u00f1ados para ser tan simples, <a href=\"https:\/\/cosyowl.com\/es\/candle-making-supplies\/glitters\/pure-white-biodegradable\">limpiar<\/a> y natural posible, ofreciendo al mismo tiempo la mejor difusi\u00f3n y la mejor gama de notas olfativas. Los compuestos que no proceden directamente de la naturaleza son qu\u00edmicamente id\u00e9nticos a los naturales, se crean artificialmente o se modifican ligeramente, por lo general para conseguir un aroma m\u00e1s intenso. En ocasiones, se utilizan fragancias que no se encuentran en la naturaleza para dar el aroma distintivo que requieren algunas fragancias de tipo m\u00e1s artificial. Esto es lo mismo que ocurre con todos los aceites con fragancia del mercado actual.<\/p>\n<p>Los aceites con fragancia suelen tener una caducidad de un a\u00f1o a partir de la fecha de fabricaci\u00f3n; sin embargo, muchos aceites con fragancia pueden durar meses o incluso a\u00f1os despu\u00e9s de esta fecha si se almacenan correctamente. Se pueden realizar pruebas (no ofrecemos este servicio) en los aceites de fragancia para determinar su idoneidad m\u00e1s all\u00e1 de su fecha de caducidad.<\/p>","protected":false},"excerpt":{"rendered":"<p>Please note &#8211; all 5kg, 10kg and 25kg Fragrance Oils are bespoke made-to-order items and have an up to 6-week delivery lead time which isn\u2019t reflected in the shipping options presented at checkout. If your order includes any 5kg, 10kg or 25kg Fragrance Oils, lead time for the entirety of the order will be up [&hellip;]<\/p>\n","protected":false},"featured_media":11873,"comment_status":"open","ping_status":"closed","template":"","meta":{"_acf_changed":false},"product_brand":[],"product_cat":[504,765,636,586,509,512,511,730,698,516],"product_tag":[1599,909,908],"class_list":{"0":"post-10610","1":"product","2":"type-product","3":"status-publish","4":"has-post-thumbnail","6":"product_cat-fragrance-oils-all-fragrances","7":"product_cat-autumnal-fragrance-oils","8":"product_cat-body-care-fragrance-oils","9":"product_cat-hair-care-fragrance-oils","10":"product_cat-soap-making-supplies-fragrances","11":"product_cat-wax-melts-fragrances","12":"product_cat-beard-oil-fragrances","13":"product_cat-fragrances-for-reed-diffusers","14":"product_cat-fruit-fragrance-oils","15":"product_cat-fragrance-oils-sweet","16":"product_tag-autumn","17":"product_tag-black-friday","18":"product_tag-fragrance-oil","19":"pa_bottle-size-100ml","20":"pa_bottle-size-10kg","21":"pa_bottle-size-250ml","22":"pa_bottle-size-25kg","23":"pa_bottle-size-500ml","24":"pa_bottle-size-50ml","25":"pa_bottle-size-5kg","26":"pa_bottle-size-950ml","27":"pa_bottle-size-sample","29":"first","30":"instock","31":"taxable","32":"shipping-taxable","33":"purchasable","34":"product-type-variable"},"acf":[],"_links":{"self":[{"href":"https:\/\/cosyowl.com\/es\/wp-json\/wp\/v2\/product\/10610","targetHints":{"allow":["GET"]}}],"collection":[{"href":"https:\/\/cosyowl.com\/es\/wp-json\/wp\/v2\/product"}],"about":[{"href":"https:\/\/cosyowl.com\/es\/wp-json\/wp\/v2\/types\/product"}],"replies":[{"embeddable":true,"href":"https:\/\/cosyowl.com\/es\/wp-json\/wp\/v2\/comments?post=10610"}],"wp:featuredmedia":[{"embeddable":true,"href":"https:\/\/cosyowl.com\/es\/wp-json\/wp\/v2\/media\/11873"}],"wp:attachment":[{"href":"https:\/\/cosyowl.com\/es\/wp-json\/wp\/v2\/media?parent=10610"}],"wp:term":[{"taxonomy":"product_brand","embeddable":true,"href":"https:\/\/cosyowl.com\/es\/wp-json\/wp\/v2\/product_brand?post=10610"},{"taxonomy":"product_cat","embeddable":true,"href":"https:\/\/cosyowl.com\/es\/wp-json\/wp\/v2\/product_cat?post=10610"},{"taxonomy":"product_tag","embeddable":true,"href":"https:\/\/cosyowl.com\/es\/wp-json\/wp\/v2\/product_tag?post=10610"}],"curies":[{"name":"wp","href":"https:\/\/api.w.org\/{rel}","templated":true}]}}