{"id":10518,"date":"2021-01-07T06:06:00","date_gmt":"2021-01-07T06:06:00","guid":{"rendered":"https:\/\/cosyowl.com\/product\/uncategorized\/import-placeholder-for-tcdl-ccon-bowl-ctin18-325"},"modified":"2026-04-30T16:22:50","modified_gmt":"2026-04-30T15:22:50","slug":"plata-redonda-sin-soldadura-vela-estano-250ml","status":"publish","type":"product","link":"https:\/\/cosyowl.com\/es\/candle-containers\/candle-tins\/silver-round-seamless-candle-tin-250ml","title":{"rendered":"Lata redonda plateada para velas sin costura - 250ml"},"content":{"rendered":"<p>Este producto es un redondo acabado en plata mate <a href=\"https:\/\/cosyowl.com\/es\/guides\/a-summers-beach-gel-votive-candle\">vela<\/a> con bordes plateados brillantes en la base y alrededor de la parte superior e inferior de la tapa. Esta lata para velas no tiene base escalonada (como otros modelos) y tiene una tapa un poco menos recargada. Nuestras latas para velas tienen un precio muy competitivo y realmente pueden aportar un toque de clase a cualquier habitaci\u00f3n.<\/p>\n<p>Nuestra <a href=\"https:\/\/cosyowl.com\/es\/\">B\u00faho acogedor<\/a> Las latas para velas est\u00e1n disponibles en varios tama\u00f1os y tambi\u00e9n en blanco y rosa con bordes dorados.<\/p>\n<p>Tama\u00f1o y volumen:<\/p>\n<ul>\n<li style=\"list-style-type: none\">\n<ul>\n<li>Esta lata de 250 ml contiene aproximadamente 200 g de cera*.<\/li>\n<li>Tama\u00f1o: 98 mm (di\u00e1metro) x 40 mm (altura)<\/li>\n<\/ul>\n<\/li>\n<\/ul>\n<h3>Recomendaciones de mechas**<\/h3>\n<p><strong>Haga clic en el siguiente enlace para explorar nuestra mecha <a href=\"https:\/\/cosyowl.com\/es\/guides\/using-cotton-wicks-with-soyaluna-container-wax-recommendations\">recomendaciones<\/a> a la medida de sus necesidades de fabricaci\u00f3n de velas.<\/strong><\/p>\n<p><a href=\"https:\/\/cosyowl.com\/es\/guias\/porcentajes-y-medidas\/?wmc-currency=EUR\">Recomendaciones para mechas de b\u00faho<\/a><\/p>\n<p>*Tenga en cuenta que la cantidad de cera recomendada es una <a href=\"https:\/\/cosyowl.com\/es\/guides\/a-guide-to-creating-your-own-soap-products\">gu\u00eda<\/a> y se basa en la capacidad m\u00e1xima de ese recipiente espec\u00edfico. Por lo tanto, es posible utilizar menos cera, pero no recomendamos superar la capacidad m\u00e1xima. Aconsejamos utilizar las cantidades de cera indicadas s\u00f3lo como punto de partida y ajustarlas en funci\u00f3n de las necesidades. <a href=\"https:\/\/cosyowl.com\/es\/guides\/weighing-fragrance\">medidas<\/a> seg\u00fan sus preferencias.<\/p>\n<p>**Tenga en cuenta que todas las recomendaciones de mechas se basan \u00fanicamente en el uso con nuestra cera. La m\u00e1s peque\u00f1a <a href=\"https:\/\/cosyowl.com\/es\/guides\/candle-wick-size-chart\">Tama\u00f1o de la mecha<\/a> recomendada es s\u00f3lo para uso con Cera. El tama\u00f1o de mecha m\u00e1s grande recomendado es para usar cuando <a href=\"https:\/\/cosyowl.com\/es\/candle-making-supplies\/fragrance-oils-for-candle-making\/premium-fragrance-oils\/cosy-owl-premium-1-million-type-fragrance-oil\">Aceite con fragancia<\/a> y\/o Tinte. Toda la informaci\u00f3n proporcionada debe ser utilizada s\u00f3lo como una gu\u00eda para ayudar a encontrar un punto de partida cuando se experimenta con mechas como las temperaturas variables y <a href=\"https:\/\/cosyowl.com\/es\/guides\/2023-spring-fragrance-oil-trends\">Aceites arom\u00e1ticos<\/a> influir\u00e1 en el \u00e9xito de una mecha.<\/p>","protected":false},"excerpt":{"rendered":"<p>This product is a round matt silver finished candle tin featuring shiny silver coloured rims at the base and around the top and bottom of the lid. This candle tin has no stepped base (as with other models) and a slightly less fussy lid. Our candle tins are very competitively priced and really can bring [&hellip;]<\/p>\n","protected":false},"featured_media":11975,"comment_status":"open","ping_status":"closed","template":"","meta":{"_acf_changed":false},"product_brand":[],"product_cat":[501,639,752,717],"product_tag":[918],"class_list":{"0":"post-10518","1":"product","2":"type-product","3":"status-publish","4":"has-post-thumbnail","6":"product_cat-metal-containers","7":"product_cat-body-care-containers","8":"product_cat-sale-containers","9":"product_cat-sale","10":"product_tag-candle-tin","12":"first","13":"instock","14":"sale","15":"taxable","16":"shipping-taxable","17":"purchasable","18":"product-type-variable"},"acf":[],"_links":{"self":[{"href":"https:\/\/cosyowl.com\/es\/wp-json\/wp\/v2\/product\/10518","targetHints":{"allow":["GET"]}}],"collection":[{"href":"https:\/\/cosyowl.com\/es\/wp-json\/wp\/v2\/product"}],"about":[{"href":"https:\/\/cosyowl.com\/es\/wp-json\/wp\/v2\/types\/product"}],"replies":[{"embeddable":true,"href":"https:\/\/cosyowl.com\/es\/wp-json\/wp\/v2\/comments?post=10518"}],"wp:featuredmedia":[{"embeddable":true,"href":"https:\/\/cosyowl.com\/es\/wp-json\/wp\/v2\/media\/11975"}],"wp:attachment":[{"href":"https:\/\/cosyowl.com\/es\/wp-json\/wp\/v2\/media?parent=10518"}],"wp:term":[{"taxonomy":"product_brand","embeddable":true,"href":"https:\/\/cosyowl.com\/es\/wp-json\/wp\/v2\/product_brand?post=10518"},{"taxonomy":"product_cat","embeddable":true,"href":"https:\/\/cosyowl.com\/es\/wp-json\/wp\/v2\/product_cat?post=10518"},{"taxonomy":"product_tag","embeddable":true,"href":"https:\/\/cosyowl.com\/es\/wp-json\/wp\/v2\/product_tag?post=10518"}],"curies":[{"name":"wp","href":"https:\/\/api.w.org\/{rel}","templated":true}]}}