{"id":10462,"date":"2021-07-01T06:05:00","date_gmt":"2021-07-01T05:05:00","guid":{"rendered":"https:\/\/cosyowl.com\/product\/uncategorized\/import-placeholder-for-tcdl-ccon-bowl-ctin5-313"},"modified":"2026-04-30T16:22:50","modified_gmt":"2026-04-30T15:22:50","slug":"vela-corazon-plata-estano-20ml","status":"publish","type":"product","link":"https:\/\/cosyowl.com\/es\/candle-making-supplies\/candle-containers\/metal-containers\/silver-heart-candle-tin-20ml","title":{"rendered":"Lata de Velas Coraz\u00f3n de Plata - 20ml"},"content":{"rendered":"<p>Este producto es un rom\u00e1ntico coraz\u00f3n acabado en plata mate <a href=\"https:\/\/cosyowl.com\/es\/guides\/a-summers-beach-gel-votive-candle\">vela<\/a> con un borde plateado brillante alrededor de la tapa. La tapa tiene un \u00e9nfasis de color plateado oscuro para diferenciarla de otras latas de velas m\u00e1s tradicionales. Todas nuestras latas de velas tienen un precio muy competitivo y realmente pueden aportar un toque de clase a cualquier habitaci\u00f3n.<\/p>\n<p>Nuestra <a href=\"https:\/\/cosyowl.com\/es\/\">B\u00faho acogedor<\/a> Las latas para velas est\u00e1n disponibles en varios tama\u00f1os y tambi\u00e9n en blanco y rosa con bordes dorados.<\/p>\n<p>Tama\u00f1o y volumen:<\/p>\n<ul>\n<li style=\"list-style-type: none\">\n<ul>\n<li>Esta lata de 20 ml contiene aproximadamente 16 g de cera*.<\/li>\n<li>Tama\u00f1o: 45 mm (largo) x 45 mm (ancho) x 20 mm (alto)<\/li>\n<\/ul>\n<\/li>\n<\/ul>\n<h3>Recomendaciones de mechas**<\/h3>\n<p><strong>Haga clic en el siguiente enlace para explorar nuestra mecha <a href=\"https:\/\/cosyowl.com\/es\/guides\/using-cotton-wicks-with-soyaluna-container-wax-recommendations\">recomendaciones<\/a> a la medida de sus necesidades de fabricaci\u00f3n de velas.<\/strong><\/p>\n<p><a href=\"https:\/\/cosyowl.com\/es\/guias\/porcentajes-y-medidas\/?wmc-currency=EUR\">Recomendaciones para mechas de b\u00faho<\/a><\/p>\n<p>*Tenga en cuenta que la cantidad de cera recomendada es una <a href=\"https:\/\/cosyowl.com\/es\/guides\/a-guide-to-creating-your-own-soap-products\">gu\u00eda<\/a> y se basa en la capacidad m\u00e1xima de ese recipiente espec\u00edfico. Por lo tanto, es posible utilizar menos cera, pero no recomendamos superar la capacidad m\u00e1xima. Aconsejamos utilizar las cantidades de cera indicadas s\u00f3lo como punto de partida y ajustarlas en funci\u00f3n de las necesidades. <a href=\"https:\/\/cosyowl.com\/es\/guides\/weighing-fragrance\">medidas<\/a> seg\u00fan sus preferencias.<\/p>\n<p>**Tenga en cuenta que todas las recomendaciones de mechas se basan \u00fanicamente en el uso con nuestra cera. La m\u00e1s peque\u00f1a <a href=\"https:\/\/cosyowl.com\/es\/guides\/candle-wick-size-chart\">Tama\u00f1o de la mecha<\/a> recomendada es s\u00f3lo para uso con Cera. El tama\u00f1o de mecha m\u00e1s grande recomendado es para usar cuando <a href=\"https:\/\/cosyowl.com\/es\/candle-making-supplies\/fragrance-oils-for-candle-making\/premium-fragrance-oils\/cosy-owl-premium-1-million-type-fragrance-oil\">Aceite con fragancia<\/a> y\/o Tinte. Toda la informaci\u00f3n proporcionada debe ser utilizada s\u00f3lo como una gu\u00eda para ayudar a encontrar un punto de partida cuando se experimenta con mechas como las temperaturas variables y <a href=\"https:\/\/cosyowl.com\/es\/guides\/2023-spring-fragrance-oil-trends\">Aceites arom\u00e1ticos<\/a> influir\u00e1 en el \u00e9xito de una mecha.<\/p>","protected":false},"excerpt":{"rendered":"<p>This product is a romantically heart shaped matt silver finished candle tin featuring a shiny silver coloured rim around the top of the lid. The lid has a dark silver coloured emphasis to set it apart from other more traditional candle tins. All of our candle tins are very competively priced and really can bring [&hellip;]<\/p>\n","protected":false},"featured_media":11964,"comment_status":"open","ping_status":"closed","template":"","meta":{"_acf_changed":false},"product_brand":[],"product_cat":[501,639,752,642,584,717,750],"product_tag":[918,1596],"class_list":{"0":"post-10462","1":"product","2":"type-product","3":"status-publish","4":"has-post-thumbnail","6":"product_cat-metal-containers","7":"product_cat-body-care-containers","8":"product_cat-sale-containers","9":"product_cat-hair-care-containers","10":"product_cat-lip-balm-containers","11":"product_cat-sale","12":"product_cat-valentines-day","13":"product_tag-candle-tin","14":"product_tag-valentines","16":"first","17":"instock","18":"sale","19":"taxable","20":"shipping-taxable","21":"purchasable","22":"product-type-variable"},"acf":[],"_links":{"self":[{"href":"https:\/\/cosyowl.com\/es\/wp-json\/wp\/v2\/product\/10462","targetHints":{"allow":["GET"]}}],"collection":[{"href":"https:\/\/cosyowl.com\/es\/wp-json\/wp\/v2\/product"}],"about":[{"href":"https:\/\/cosyowl.com\/es\/wp-json\/wp\/v2\/types\/product"}],"replies":[{"embeddable":true,"href":"https:\/\/cosyowl.com\/es\/wp-json\/wp\/v2\/comments?post=10462"}],"wp:featuredmedia":[{"embeddable":true,"href":"https:\/\/cosyowl.com\/es\/wp-json\/wp\/v2\/media\/11964"}],"wp:attachment":[{"href":"https:\/\/cosyowl.com\/es\/wp-json\/wp\/v2\/media?parent=10462"}],"wp:term":[{"taxonomy":"product_brand","embeddable":true,"href":"https:\/\/cosyowl.com\/es\/wp-json\/wp\/v2\/product_brand?post=10462"},{"taxonomy":"product_cat","embeddable":true,"href":"https:\/\/cosyowl.com\/es\/wp-json\/wp\/v2\/product_cat?post=10462"},{"taxonomy":"product_tag","embeddable":true,"href":"https:\/\/cosyowl.com\/es\/wp-json\/wp\/v2\/product_tag?post=10462"}],"curies":[{"name":"wp","href":"https:\/\/api.w.org\/{rel}","templated":true}]}}