{"id":10439,"date":"2021-01-10T06:05:00","date_gmt":"2021-01-10T06:05:00","guid":{"rendered":"https:\/\/cosyowl.com\/product\/uncategorized\/glass-container-55cl-round-flat-dish"},"modified":"2026-03-09T10:40:49","modified_gmt":"2026-03-09T10:40:49","slug":"recipiente-de-vidrio-55cl-plato-plano-redondo","status":"publish","type":"product","link":"https:\/\/cosyowl.com\/es\/candle-making-supplies\/candle-containers\/candle-glasses\/glass-candle-container-55cl-round-flat-dish","title":{"rendered":"Recipiente de cristal para velas - Plato plano redondo 55cl"},"content":{"rendered":"<p>\u2018<\/p>\n<p>Se trata de un <a href=\"https:\/\/cosyowl.com\/es\/craft-supplies\/reed-diffuser-supplies\/reed-diffuser-bottles\/glass-container-200ml-karen-diffuser-bottle\">recipiente de vidrio<\/a> adecuado para hacer velas de tama\u00f1o medio. Utilice nuestro <a href=\"https:\/\/cosyowl.com\/es\/guides\/2023-spring-fragrance-oil-trends\">aceites arom\u00e1ticos<\/a> para crear un tremendo aroma que aumente la sensaci\u00f3n.<\/p>\n<p><strong>Tama\u00f1o - <\/strong> Di\u00e1metro: 125 mm Altura: 70 mm<\/p>\n<p>El plato plano redondo de 55 cl contiene aproximadamente 440 g de cera*.<\/p>\n<p>Tenga en cuenta que el precalentamiento del recipiente de vidrio a unos 45\u00b0C puede ayudar a reducir la posibilidad de que se formen defectos en el vidrio. <a href=\"https:\/\/cosyowl.com\/es\/guides\/a-summers-beach-gel-votive-candle\">vela<\/a> mientras se solidifica.<\/p>\n<h3>Recomendaciones de mechas**<\/h3>\n<table class=\"notesTableBorder\">\n<tbody>\n<tr>\n<th>Cera Kerasoy (Soja)<\/th>\n<th>Kerawax (Parafina)<\/th>\n<th>Tanto soja como parafina<\/th>\n<th>Mecha m\u00faltiple <a href=\"https:\/\/cosyowl.com\/es\/guides\/using-cotton-wicks-with-soyaluna-container-wax-recommendations\">recomendaciones<\/a><\/th>\n<\/tr>\n<tr>\n<td>ECO N\/A<\/td>\n<td>LX N\/A<\/td>\n<td>TCR N\/A<\/td>\n<td>2 x LX 8 o <a href=\"https:\/\/cosyowl.com\/es\/candle-making-supplies\/candle-containers\/other-containers\/wax-melt-christmas-tree-mould-3\">3<\/a> x LX 2 (<a href=\"https:\/\/cosyowl.com\/es\/guides\/the-truth-about-paraffin-wax-being-vegan-friendly\">Cera de parafina<\/a>)<\/td>\n<\/tr>\n<tr>\n<td>ECO N\/A<\/td>\n<td>LX N\/A<\/td>\n<td>TCR N\/A<\/td>\n<td>2 x ECO 18 o 2 x TCR 27\/16 o 3 x ECO 12 o 3 x TCR 21\/12 (ambas ceras)<\/td>\n<\/tr>\n<\/tbody>\n<\/table>\n<p>*Tenga en cuenta que la cantidad de cera recomendada es una <a href=\"https:\/\/cosyowl.com\/es\/guides\/a-guide-to-creating-your-own-soap-products\">gu\u00eda<\/a> y se basa en la capacidad m\u00e1xima de ese recipiente espec\u00edfico. Por lo tanto, es posible utilizar menos cera, pero no recomendamos superar la capacidad m\u00e1xima. Aconsejamos utilizar las cantidades de cera indicadas s\u00f3lo como punto de partida y ajustarlas en funci\u00f3n de las necesidades. <a href=\"https:\/\/cosyowl.com\/es\/guides\/weighing-fragrance\">medidas<\/a> seg\u00fan sus preferencias.<\/p>\n<p>**Tenga en cuenta que todas las recomendaciones de mechas se basan \u00fanicamente en el uso con nuestra cera. La m\u00e1s peque\u00f1a <a href=\"https:\/\/cosyowl.com\/es\/guides\/candle-wick-size-chart\">Tama\u00f1o de la mecha<\/a> recomendada es s\u00f3lo para uso con Cera. El tama\u00f1o de mecha m\u00e1s grande recomendado es para usar cuando <a href=\"https:\/\/cosyowl.com\/es\/candle-making-supplies\/fragrance-oils-for-candle-making\/premium-fragrance-oils\/cosy-owl-premium-1-million-type-fragrance-oil\">Aceite con fragancia<\/a> y\/o colorante. Toda la informaci\u00f3n proporcionada debe utilizarse \u00fanicamente como gu\u00eda para ayudar a encontrar un punto de partida al experimentar con mechas, ya que las diferentes temperaturas y aceites de fragancia influir\u00e1n en el \u00e9xito de una mecha.<\/p>","protected":false},"excerpt":{"rendered":"<p>&#8216; This is a strong heat-resistant glass container suitable for making medium sized candles. Make use of our fragrance oils to create a tremendous aroma to augment the sensation. Size &#8211; Diameter: 125mm Height: 70mm The 55Cl Round Flat Dish will hold approx. 440g of wax* Note, pre-heating your glass container to about 45\u00b0C can [&hellip;]<\/p>\n","protected":false},"featured_media":96775,"comment_status":"open","ping_status":"closed","template":"","meta":{"_acf_changed":false},"product_brand":[],"product_cat":[527,750],"product_tag":[921,1596],"class_list":{"0":"post-10439","1":"product","2":"type-product","3":"status-publish","4":"has-post-thumbnail","6":"product_cat-candle-glasses","7":"product_cat-valentines-day","8":"product_tag-glass-container","9":"product_tag-valentines","10":"product_shipping_class-royal_mail","12":"first","13":"instock","14":"taxable","15":"shipping-taxable","16":"purchasable","17":"product-type-simple"},"acf":[],"_links":{"self":[{"href":"https:\/\/cosyowl.com\/es\/wp-json\/wp\/v2\/product\/10439","targetHints":{"allow":["GET"]}}],"collection":[{"href":"https:\/\/cosyowl.com\/es\/wp-json\/wp\/v2\/product"}],"about":[{"href":"https:\/\/cosyowl.com\/es\/wp-json\/wp\/v2\/types\/product"}],"replies":[{"embeddable":true,"href":"https:\/\/cosyowl.com\/es\/wp-json\/wp\/v2\/comments?post=10439"}],"wp:featuredmedia":[{"embeddable":true,"href":"https:\/\/cosyowl.com\/es\/wp-json\/wp\/v2\/media\/96775"}],"wp:attachment":[{"href":"https:\/\/cosyowl.com\/es\/wp-json\/wp\/v2\/media?parent=10439"}],"wp:term":[{"taxonomy":"product_brand","embeddable":true,"href":"https:\/\/cosyowl.com\/es\/wp-json\/wp\/v2\/product_brand?post=10439"},{"taxonomy":"product_cat","embeddable":true,"href":"https:\/\/cosyowl.com\/es\/wp-json\/wp\/v2\/product_cat?post=10439"},{"taxonomy":"product_tag","embeddable":true,"href":"https:\/\/cosyowl.com\/es\/wp-json\/wp\/v2\/product_tag?post=10439"}],"curies":[{"name":"wp","href":"https:\/\/api.w.org\/{rel}","templated":true}]}}