{"id":10437,"date":"2021-01-10T06:05:00","date_gmt":"2021-01-10T06:05:00","guid":{"rendered":"https:\/\/cosyowl.com\/product\/uncategorized\/metal-shelled-diffuser-cap-gloss-gold"},"modified":"2026-03-03T13:44:30","modified_gmt":"2026-03-03T13:44:30","slug":"tapa-difusora-de-concha-metalica-oro-brillante","status":"publish","type":"product","link":"https:\/\/cosyowl.com\/es\/craft-supplies\/reed-diffuser-supplies\/reed-diffuser-bottles\/metal-shelled-diffuser-cap-gloss-gold","title":{"rendered":"Tapa difusora con carcasa met\u00e1lica - Oro brillante"},"content":{"rendered":"<p>\u2018<\/p>\n<p>Este oro brillante <a href=\"https:\/\/cosyowl.com\/es\/craft-supplies\/reed-diffuser-supplies\/reed-diffuser-bottles\/metal-shelled-diffuser-cap-gloss-silver\">Tapa difusora con carcasa met\u00e1lica<\/a> puede colocarse encima del contenedor para darle un aspecto m\u00e1s est\u00e9tico. El sitio <a href=\"https:\/\/cosyowl.com\/es\/guides\/a-beginners-guide-to-making-reed-diffusers\">difusores carrizo<\/a> simplemente sobresalen de la botella y salen por el orificio del tap\u00f3n.<\/p>\n<p>Tenga en cuenta que los tapones para botellas difusoras se venden por separado.<\/p>","protected":false},"excerpt":{"rendered":"<p>\u2018 Este tap\u00f3n difusor de concha met\u00e1lica dorada brillante puede colocarse en la parte superior del recipiente para darle un aspecto m\u00e1s est\u00e9tico. Los difusores de l\u00e1minas simplemente sobresalen de la botella y salen por el orificio de la tapa. Tenga en cuenta que los tapones para botellas difusoras se venden por separado.<\/p>","protected":false},"featured_media":11954,"comment_status":"open","ping_status":"closed","template":"","meta":{"_acf_changed":false},"product_brand":[],"product_cat":[650],"product_tag":[920],"class_list":{"0":"post-10437","1":"product","2":"type-product","3":"status-publish","4":"has-post-thumbnail","6":"product_cat-reed-diffusers-bottles","7":"product_tag-cap","8":"product_shipping_class-royal_mail","10":"first","11":"instock","12":"taxable","13":"shipping-taxable","14":"purchasable","15":"product-type-simple"},"acf":[],"_links":{"self":[{"href":"https:\/\/cosyowl.com\/es\/wp-json\/wp\/v2\/product\/10437","targetHints":{"allow":["GET"]}}],"collection":[{"href":"https:\/\/cosyowl.com\/es\/wp-json\/wp\/v2\/product"}],"about":[{"href":"https:\/\/cosyowl.com\/es\/wp-json\/wp\/v2\/types\/product"}],"replies":[{"embeddable":true,"href":"https:\/\/cosyowl.com\/es\/wp-json\/wp\/v2\/comments?post=10437"}],"wp:featuredmedia":[{"embeddable":true,"href":"https:\/\/cosyowl.com\/es\/wp-json\/wp\/v2\/media\/11954"}],"wp:attachment":[{"href":"https:\/\/cosyowl.com\/es\/wp-json\/wp\/v2\/media?parent=10437"}],"wp:term":[{"taxonomy":"product_brand","embeddable":true,"href":"https:\/\/cosyowl.com\/es\/wp-json\/wp\/v2\/product_brand?post=10437"},{"taxonomy":"product_cat","embeddable":true,"href":"https:\/\/cosyowl.com\/es\/wp-json\/wp\/v2\/product_cat?post=10437"},{"taxonomy":"product_tag","embeddable":true,"href":"https:\/\/cosyowl.com\/es\/wp-json\/wp\/v2\/product_tag?post=10437"}],"curies":[{"name":"wp","href":"https:\/\/api.w.org\/{rel}","templated":true}]}}