{"id":10435,"date":"2021-01-10T06:05:00","date_gmt":"2021-01-10T06:05:00","guid":{"rendered":"https:\/\/cosyowl.com\/product\/uncategorized\/wooden-diffuser-cap"},"modified":"2026-05-01T13:08:29","modified_gmt":"2026-05-01T12:08:29","slug":"tapa-difusora-de-madera","status":"publish","type":"product","link":"https:\/\/cosyowl.com\/es\/craft-supplies\/reed-diffuser-supplies\/reed-diffuser-bottles\/wooden-diffuser-cap","title":{"rendered":"Tapa difusora de madera"},"content":{"rendered":"<p>\u2018<\/p>\n<p>Este tap\u00f3n difusor de madera puede colocarse en la parte superior del recipiente para proporcionar un aspecto m\u00e1s <a href=\"https:\/\/cosyowl.com\/es\/candle-making-supplies\/fragrance-oils-for-candle-making\/all-fragrances\/honey-fragrance-oil\">natural<\/a> est\u00e9ticamente agradable. El sitio <a href=\"https:\/\/cosyowl.com\/es\/guides\/a-beginners-guide-to-making-reed-diffusers\">difusores carrizo<\/a> simplemente sobresalen de la botella y salen por el orificio del tap\u00f3n.<\/p>\n<p>Tenga en cuenta que los tapones para botellas difusoras se venden por separado.<\/p>","protected":false},"excerpt":{"rendered":"<p>\u2018 Esta tapa difusora de madera puede colocarse en la parte superior del recipiente para proporcionar un aspecto est\u00e9tico m\u00e1s natural. Los difusores de l\u00e1minas simplemente sobresalen de la botella y salen por el orificio de la tapa. Tenga en cuenta que los tapones para botellas difusoras se venden por separado.<\/p>","protected":false},"featured_media":11952,"comment_status":"open","ping_status":"closed","template":"","meta":{"_acf_changed":false},"product_brand":[],"product_cat":[650],"product_tag":[920],"class_list":{"0":"post-10435","1":"product","2":"type-product","3":"status-publish","4":"has-post-thumbnail","6":"product_cat-reed-diffusers-bottles","7":"product_tag-cap","8":"product_shipping_class-royal_mail_letter","10":"first","11":"instock","12":"taxable","13":"shipping-taxable","14":"purchasable","15":"product-type-simple"},"acf":[],"_links":{"self":[{"href":"https:\/\/cosyowl.com\/es\/wp-json\/wp\/v2\/product\/10435","targetHints":{"allow":["GET"]}}],"collection":[{"href":"https:\/\/cosyowl.com\/es\/wp-json\/wp\/v2\/product"}],"about":[{"href":"https:\/\/cosyowl.com\/es\/wp-json\/wp\/v2\/types\/product"}],"replies":[{"embeddable":true,"href":"https:\/\/cosyowl.com\/es\/wp-json\/wp\/v2\/comments?post=10435"}],"wp:featuredmedia":[{"embeddable":true,"href":"https:\/\/cosyowl.com\/es\/wp-json\/wp\/v2\/media\/11952"}],"wp:attachment":[{"href":"https:\/\/cosyowl.com\/es\/wp-json\/wp\/v2\/media?parent=10435"}],"wp:term":[{"taxonomy":"product_brand","embeddable":true,"href":"https:\/\/cosyowl.com\/es\/wp-json\/wp\/v2\/product_brand?post=10435"},{"taxonomy":"product_cat","embeddable":true,"href":"https:\/\/cosyowl.com\/es\/wp-json\/wp\/v2\/product_cat?post=10435"},{"taxonomy":"product_tag","embeddable":true,"href":"https:\/\/cosyowl.com\/es\/wp-json\/wp\/v2\/product_tag?post=10435"}],"curies":[{"name":"wp","href":"https:\/\/api.w.org\/{rel}","templated":true}]}}