{"id":10428,"date":"2021-01-10T06:05:00","date_gmt":"2021-01-10T06:05:00","guid":{"rendered":"https:\/\/cosyowl.com\/product\/uncategorized\/import-placeholder-for-tcdl-csus-bwed-c15x6-288"},"modified":"2026-03-03T13:44:31","modified_gmt":"2026-03-03T13:44:31","slug":"sostenedores-de-mecha-15mm-base-6mm-altura","status":"publish","type":"product","link":"https:\/\/cosyowl.com\/es\/candle-wicks\/wick-sustainers-15m-base-6mm-height","title":{"rendered":"Sujetavelas - Base 15mm - Altura 6mm"},"content":{"rendered":"<p>Los Sostenedores de Mecha (tambi\u00e9n llamados Leng\u00fcetas Met\u00e1licas) son necesarios para mantener la mecha en su lugar en el fondo del recipiente resistente al calor y evita que la mecha simplemente flote en la superficie del recipiente. <a href=\"https:\/\/cosyowl.com\/es\/guides\/a-summers-beach-gel-votive-candle\">vela<\/a> al verter la cera fundida. Para utilizarla, engarce la mecha y col\u00f3quela en el orificio del soporte; si le resulta dif\u00edcil, utilice peque\u00f1os alicates. Puede utilizar una peque\u00f1a cantidad de pegamento colocado en el agujero de antemano y luego dejar que se fije con la mecha en su lugar.<\/p>\n<p>Cuando coloque el soporte en el fondo del recipiente, si tiene Blu Tac a mano, un peque\u00f1o truco es poner una peque\u00f1a cantidad debajo del soporte y pegarlo al fondo del recipiente. Tambi\u00e9n puede utilizar un papel adhesivo de doble cara, disponible en papeler\u00edas y tiendas de alimentaci\u00f3n.<\/p>\n<p>Este soporte tiene una anchura de 15 mm, es adecuado para contenedores de tama\u00f1o peque\u00f1o a mediano y est\u00e1 fabricado en acero dulce. Si utiliza un contenedor relativamente grande, seleccione la opci\u00f3n de 20 mm. La altura del soporte se puede seleccionar en el cuadro desplegable de arriba. Si no est\u00e1 acostumbrado a utilizar soportes, el m\u00e1s grande de los dos (6 mm) puede facilitar un poco la sujeci\u00f3n de la mecha.<\/p>","protected":false},"excerpt":{"rendered":"<p>Wick Sustainers (also referred to as Metal Tabs) are required to hold your wick in place at the bottom of the heat resistant container and stops the wick from simply floating to the surface of the candle when you pour in the molten wax. To use, crimp the wick and place into the hole in [&hellip;]<\/p>\n","protected":false},"featured_media":11945,"comment_status":"open","ping_status":"closed","template":"","meta":{"_acf_changed":false},"product_brand":[],"product_cat":[499],"product_tag":[941],"class_list":{"0":"post-10428","1":"product","2":"type-product","3":"status-publish","4":"has-post-thumbnail","6":"product_cat-candle-wicks","7":"product_tag-wick-sustainers","9":"first","10":"instock","11":"taxable","12":"shipping-taxable","13":"purchasable","14":"product-type-variable"},"acf":[],"_links":{"self":[{"href":"https:\/\/cosyowl.com\/es\/wp-json\/wp\/v2\/product\/10428","targetHints":{"allow":["GET"]}}],"collection":[{"href":"https:\/\/cosyowl.com\/es\/wp-json\/wp\/v2\/product"}],"about":[{"href":"https:\/\/cosyowl.com\/es\/wp-json\/wp\/v2\/types\/product"}],"replies":[{"embeddable":true,"href":"https:\/\/cosyowl.com\/es\/wp-json\/wp\/v2\/comments?post=10428"}],"wp:featuredmedia":[{"embeddable":true,"href":"https:\/\/cosyowl.com\/es\/wp-json\/wp\/v2\/media\/11945"}],"wp:attachment":[{"href":"https:\/\/cosyowl.com\/es\/wp-json\/wp\/v2\/media?parent=10428"}],"wp:term":[{"taxonomy":"product_brand","embeddable":true,"href":"https:\/\/cosyowl.com\/es\/wp-json\/wp\/v2\/product_brand?post=10428"},{"taxonomy":"product_cat","embeddable":true,"href":"https:\/\/cosyowl.com\/es\/wp-json\/wp\/v2\/product_cat?post=10428"},{"taxonomy":"product_tag","embeddable":true,"href":"https:\/\/cosyowl.com\/es\/wp-json\/wp\/v2\/product_tag?post=10428"}],"curies":[{"name":"wp","href":"https:\/\/api.w.org\/{rel}","templated":true}]}}