{"id":10423,"date":"2021-01-10T06:04:00","date_gmt":"2021-01-10T06:04:00","guid":{"rendered":"https:\/\/cosyowl.com\/product\/uncategorized\/glass-container-5cl-gabrielle"},"modified":"2026-03-03T13:44:29","modified_gmt":"2026-03-03T13:44:29","slug":"recipiente-de-vidrio-5cl-gabrielle","status":"publish","type":"product","link":"https:\/\/cosyowl.com\/es\/candle-making-supplies\/candle-containers\/candle-glasses\/glass-candle-container-5cl-gabrielle","title":{"rendered":"Recipiente de cristal para velas - 5cl Gabrielle"},"content":{"rendered":"<p>\u2018<\/p>\n<p>Se trata de un <a href=\"https:\/\/cosyowl.com\/es\/craft-supplies\/reed-diffuser-supplies\/reed-diffuser-bottles\/glass-container-200ml-karen-diffuser-bottle\">recipiente de vidrio<\/a> adecuado para hacer velas de peque\u00f1o tama\u00f1o. Como se puede ver por su aspecto tiene un <a href=\"https:\/\/cosyowl.com\/es\/candle-tins\/silver-round-candle-tin-with-window-lid-50ml\">petite<\/a> forma redonda. Utilice nuestro <a href=\"https:\/\/cosyowl.com\/es\/guides\/2023-spring-fragrance-oil-trends\">aceites arom\u00e1ticos<\/a> para crear un tremendo aroma que aumente la sensaci\u00f3n.<\/p>\n<p><strong>Tama\u00f1o - <\/strong> Di\u00e1metro m\u00e1ximo: 45 mm Altura: 53 mm<\/p>\n<p>El Gabrielle 5Cl contiene aproximadamente 40 g de cera*.<\/p>\n<p>Tenga en cuenta que el precalentamiento del recipiente de vidrio a unos 45\u00b0C puede ayudar a reducir la posibilidad de que se formen defectos en el vidrio. <a href=\"https:\/\/cosyowl.com\/es\/guides\/a-summers-beach-gel-votive-candle\">vela<\/a> mientras se solidifica.<\/p>\n<h3>Recomendaciones de mechas**<\/h3>\n<table class=\"notesTableBorder\">\n<tbody>\n<tr>\n<th>Cera Kerasoy (Soja)<\/th>\n<th>Kerawax (Parafina)<\/th>\n<th>Tanto soja como parafina<\/th>\n<th>Mecha m\u00faltiple <a href=\"https:\/\/cosyowl.com\/es\/guides\/using-cotton-wicks-with-soyaluna-container-wax-recommendations\">recomendaciones<\/a><\/th>\n<\/tr>\n<tr>\n<td>ECO 0,5<\/td>\n<td>LX 10<\/td>\n<td>TCR 21\/12<\/td>\n<td>N\/A<\/td>\n<\/tr>\n<tr>\n<td>ECO 0,75<\/td>\n<td>LX 12<\/td>\n<td>TCR 24\/12<\/td>\n<td>N\/A<\/td>\n<\/tr>\n<\/tbody>\n<\/table>\n<p>*Tenga en cuenta que la cantidad de cera recomendada es una <a href=\"https:\/\/cosyowl.com\/es\/guides\/a-guide-to-creating-your-own-soap-products\">gu\u00eda<\/a> y se basa en la capacidad m\u00e1xima de ese recipiente espec\u00edfico. Por lo tanto, es posible utilizar menos cera, pero no recomendamos superar la capacidad m\u00e1xima. Aconsejamos utilizar las cantidades de cera indicadas s\u00f3lo como punto de partida y ajustarlas en funci\u00f3n de las necesidades. <a href=\"https:\/\/cosyowl.com\/es\/guides\/weighing-fragrance\">medidas<\/a> seg\u00fan sus preferencias.<\/p>\n<p>**Tenga en cuenta que todas las recomendaciones de mechas se basan \u00fanicamente en el uso con nuestra cera. La m\u00e1s peque\u00f1a <a href=\"https:\/\/cosyowl.com\/es\/guides\/candle-wick-size-chart\">Tama\u00f1o de la mecha<\/a> recomendada es s\u00f3lo para uso con Cera. El tama\u00f1o de mecha m\u00e1s grande recomendado es para usar cuando <a href=\"https:\/\/cosyowl.com\/es\/candle-making-supplies\/fragrance-oils-for-candle-making\/premium-fragrance-oils\/cosy-owl-premium-1-million-type-fragrance-oil\">Aceite con fragancia<\/a> y\/o colorante. Toda la informaci\u00f3n proporcionada debe utilizarse \u00fanicamente como gu\u00eda para ayudar a encontrar un punto de partida al experimentar con mechas, ya que las diferentes temperaturas y aceites de fragancia influir\u00e1n en el \u00e9xito de una mecha.<\/p>","protected":false},"excerpt":{"rendered":"<p>&#8216; This is a strong heat-resistant glass container suitable for making small sized candles. As you can see from its appearance it has a petite round shape. Make use of our fragrance oils to create a tremendous aroma to augment the sensation. Size &#8211; Diameter at its widest: 45mm Height: 53mm The 5Cl Gabrielle will [&hellip;]<\/p>\n","protected":false},"featured_media":96521,"comment_status":"open","ping_status":"closed","template":"","meta":{"_acf_changed":false},"product_brand":[],"product_cat":[527],"product_tag":[921],"class_list":{"0":"post-10423","1":"product","2":"type-product","3":"status-publish","4":"has-post-thumbnail","6":"product_cat-candle-glasses","7":"product_tag-glass-container","8":"product_shipping_class-royal_mail","10":"first","11":"instock","12":"taxable","13":"shipping-taxable","14":"purchasable","15":"product-type-simple"},"acf":[],"_links":{"self":[{"href":"https:\/\/cosyowl.com\/es\/wp-json\/wp\/v2\/product\/10423","targetHints":{"allow":["GET"]}}],"collection":[{"href":"https:\/\/cosyowl.com\/es\/wp-json\/wp\/v2\/product"}],"about":[{"href":"https:\/\/cosyowl.com\/es\/wp-json\/wp\/v2\/types\/product"}],"replies":[{"embeddable":true,"href":"https:\/\/cosyowl.com\/es\/wp-json\/wp\/v2\/comments?post=10423"}],"wp:featuredmedia":[{"embeddable":true,"href":"https:\/\/cosyowl.com\/es\/wp-json\/wp\/v2\/media\/96521"}],"wp:attachment":[{"href":"https:\/\/cosyowl.com\/es\/wp-json\/wp\/v2\/media?parent=10423"}],"wp:term":[{"taxonomy":"product_brand","embeddable":true,"href":"https:\/\/cosyowl.com\/es\/wp-json\/wp\/v2\/product_brand?post=10423"},{"taxonomy":"product_cat","embeddable":true,"href":"https:\/\/cosyowl.com\/es\/wp-json\/wp\/v2\/product_cat?post=10423"},{"taxonomy":"product_tag","embeddable":true,"href":"https:\/\/cosyowl.com\/es\/wp-json\/wp\/v2\/product_tag?post=10423"}],"curies":[{"name":"wp","href":"https:\/\/api.w.org\/{rel}","templated":true}]}}