{"id":10413,"date":"2021-01-10T06:04:00","date_gmt":"2021-01-10T06:04:00","guid":{"rendered":"https:\/\/cosyowl.com\/product\/uncategorized\/kerasoy-4120-pillar-wax"},"modified":"2026-04-30T16:17:32","modified_gmt":"2026-04-30T15:17:32","slug":"cera-para-pilares-kerasoy-4120","status":"publish","type":"product","link":"https:\/\/cosyowl.com\/es\/candle-making-supplies\/candle-wax\/soy-wax\/kerasoy-4120-pillar-wax","title":{"rendered":"Cera para pilares KeraSoy 4120"},"content":{"rendered":"<p>Esta cera de soja 100% producida en el Reino Unido tiene una textura y un aspecto tremendamente suaves; es <a href=\"https:\/\/cosyowl.com\/es\/candle-making-supplies\/glitters\/apple-green-biodegradable\">biodegradable<\/a> y vegana, y esta f\u00f3rmula se ha desarrollado espec\u00edficamente para la fabricaci\u00f3n de velas de cera. Esta cera de soja no necesita aditivos, salvo la fragancia y el color, que pueden adquirirse por separado en <a href=\"https:\/\/cosyowl.com\/es\/\">B\u00faho acogedor<\/a>. Cuando compre mechas para sus velas pilares de cera de soja, tenga en cuenta que como parte del grupo de <a href=\"https:\/\/cosyowl.com\/es\/candle-making-supplies\/fragrance-oils-for-candle-making\/all-fragrances\/honey-fragrance-oil\">Natural<\/a> ceras disponibles en el mercado, se necesita una mecha ligeramente m\u00e1s grande que la que se utilizar\u00eda con <a href=\"https:\/\/cosyowl.com\/es\/guides\/the-truth-about-paraffin-wax-being-vegan-friendly\">parafina<\/a>. La cera de pilares KeraSoy ha sido dise\u00f1ada para fragancias con niveles entre 5 - 10%.<\/p>\n<p>Al fundir cera de soja, el proceso permite una mayor flexibilidad que con otras ceras. Las altas temperaturas temporales (hasta 90\u00b0C) no tienen efectos adversos siempre que la cera se enfr\u00ede r\u00e1pidamente. Sin embargo, las temperaturas m\u00e1s altas pueden provocar la decoloraci\u00f3n de la cera. Deje que la cera <a href=\"https:\/\/cosyowl.com\/es\/candle-making-supplies\/glitters\/lake-blue-biodegradable\">genial<\/a> a la temperatura de vertido deseada, a\u00f1ada la fragancia y mezcle bien. Aseg\u00farese de remover y mezclar la cera mientras se derrite. Si utiliza moldes met\u00e1licos, evite los que contengan cobre y zinc, ya que pueden acelerar la decoloraci\u00f3n.<br \/>\nA diferencia de otras ceras, la cera para pilares KeraSoy est\u00e1 formulada para requerir una sola aplicaci\u00f3n, aunque en el caso de pilares de gran tama\u00f1o puede ser necesario un peque\u00f1o relleno para obtener el mejor resultado. <a href=\"https:\/\/cosyowl.com\/es\/guides\/a-summers-beach-gel-votive-candle\">vela<\/a> superficie. Se puede utilizar una peque\u00f1a cantidad de cera de soja a una temperatura ligeramente superior a la temperatura a la que se ha vertido la vela para rellenarla antes de que se enfr\u00ede por completo (verter la cera una vez que la vela se haya enfriado por completo puede reducir la adherencia al pilar).<\/p>\n<p>La soja utilizada en las ceras Kerasoy procede de Norteam\u00e9rica y Brasil de fuentes puramente \u00e9ticas y no modificadas gen\u00e9ticamente. Se ha llevado a cabo una auditor\u00eda completa de la cadena de suministro y s\u00f3lo se han elegido proveedores \u00e9ticos que no contribuyen a la deforestaci\u00f3n.<\/p>\n<p>El constituyente primario de esta cera es la soja, pero para obtener las grandes caracter\u00edsticas de rendimiento se mezcla con aditivos potenciadores del rendimiento procedentes principalmente de materiales vegetales, pero con la adici\u00f3n de \u00e1cido est\u00e9rico. Si el producto fuera cera de soja 100%, no tendr\u00eda un buen rendimiento para <a href=\"https:\/\/cosyowl.com\/es\/guides\/how-to-make-a-candle\">fabricaci\u00f3n de velas<\/a>.<\/p>\n<p>Los productos elaborados con este producto pueden describirse como seguros para la piel, dermatol\u00f3gicamente probados y cl\u00ednicamente testados, siempre que cualquier aditivo cumpla tambi\u00e9n estos criterios.<\/p>","protected":false},"excerpt":{"rendered":"<p>This UK produced 100% soy wax is tremendously smooth in texture and appearance; is biodegradable and vegan friendly and this formulation is specifically developed for making pillar wax candles. This Soy Wax does not require additives, other than fragrance and colour which can be purchased separately on Cosy Owl. When purchasing wicks for your soy [&hellip;]<\/p>\n","protected":false},"featured_media":53315,"comment_status":"open","ping_status":"closed","template":"","meta":{"_acf_changed":false},"product_brand":[],"product_cat":[528,495],"product_tag":[928],"class_list":{"0":"post-10413","1":"product","2":"type-product","3":"status-publish","4":"has-post-thumbnail","6":"product_cat-soy-wax","7":"product_cat-wax-melts-wax","8":"product_tag-wax","10":"first","11":"instock","12":"taxable","13":"shipping-taxable","14":"purchasable","15":"product-type-variable"},"acf":[],"_links":{"self":[{"href":"https:\/\/cosyowl.com\/es\/wp-json\/wp\/v2\/product\/10413","targetHints":{"allow":["GET"]}}],"collection":[{"href":"https:\/\/cosyowl.com\/es\/wp-json\/wp\/v2\/product"}],"about":[{"href":"https:\/\/cosyowl.com\/es\/wp-json\/wp\/v2\/types\/product"}],"replies":[{"embeddable":true,"href":"https:\/\/cosyowl.com\/es\/wp-json\/wp\/v2\/comments?post=10413"}],"wp:featuredmedia":[{"embeddable":true,"href":"https:\/\/cosyowl.com\/es\/wp-json\/wp\/v2\/media\/53315"}],"wp:attachment":[{"href":"https:\/\/cosyowl.com\/es\/wp-json\/wp\/v2\/media?parent=10413"}],"wp:term":[{"taxonomy":"product_brand","embeddable":true,"href":"https:\/\/cosyowl.com\/es\/wp-json\/wp\/v2\/product_brand?post=10413"},{"taxonomy":"product_cat","embeddable":true,"href":"https:\/\/cosyowl.com\/es\/wp-json\/wp\/v2\/product_cat?post=10413"},{"taxonomy":"product_tag","embeddable":true,"href":"https:\/\/cosyowl.com\/es\/wp-json\/wp\/v2\/product_tag?post=10413"}],"curies":[{"name":"wp","href":"https:\/\/api.w.org\/{rel}","templated":true}]}}