{"id":10404,"date":"2021-01-10T06:04:00","date_gmt":"2021-01-10T06:04:00","guid":{"rendered":"https:\/\/cosyowl.com\/product\/uncategorized\/glass-container-20cl-karen-round"},"modified":"2026-03-03T13:44:27","modified_gmt":"2026-03-03T13:44:27","slug":"recipiente-de-vidrio-20cl-karen-round","status":"publish","type":"product","link":"https:\/\/cosyowl.com\/es\/candle-making-supplies\/candle-containers\/candle-glasses\/glass-candle-container-20cl-karen-round","title":{"rendered":"Recipiente de cristal para velas - 20cl Karen Round"},"content":{"rendered":"<p>Se trata de un <a href=\"https:\/\/cosyowl.com\/es\/craft-supplies\/reed-diffuser-supplies\/reed-diffuser-bottles\/glass-container-200ml-karen-diffuser-bottle\">recipiente de vidrio<\/a> adecuado para hacer velas de tama\u00f1o medio. Utilice nuestro <a href=\"https:\/\/cosyowl.com\/es\/guides\/2023-spring-fragrance-oil-trends\">aceites arom\u00e1ticos<\/a> para crear un tremendo aroma que aumente la sensaci\u00f3n. En este recipiente de cristal caben <a href=\"https:\/\/cosyowl.com\/es\/candle-making-supplies\/candle-containers\/candle-glasses\/glass-candle-containers-20cl-karen-round-pack-of-12\">20 cl<\/a> de <a href=\"https:\/\/cosyowl.com\/es\/guides\/a-summers-beach-gel-votive-candle\">vela<\/a> cera.<\/p>\n<p><strong>Tama\u00f1o - <\/strong> Di\u00e1metro: 70 mm Altura: 84 mm<\/p>\n<p>El 20Cl Karen contiene aproximadamente 160g de cera*.<\/p>\n<p>Tenga en cuenta que precalentar el recipiente de vidrio a unos 45\u00b0C puede ayudar a reducir la posibilidad de que se formen defectos en la vela al solidificarse.<\/p>\n<h3>Recomendaciones de mechas**<\/h3>\n<p><strong>Haga clic en el siguiente enlace para explorar nuestra mecha <a href=\"https:\/\/cosyowl.com\/es\/guides\/using-cotton-wicks-with-soyaluna-container-wax-recommendations\">recomendaciones<\/a> a la medida de sus necesidades de fabricaci\u00f3n de velas.<\/strong><\/p>\n<p><a href=\"https:\/\/cosyowl.com\/es\/guias\/porcentajes-y-medidas\/?wmc-currency=EUR\">Recomendaciones para mechas de b\u00faho<\/a><\/p>\n<p>*Tenga en cuenta que la cantidad de cera recomendada es una <a href=\"https:\/\/cosyowl.com\/es\/guides\/a-guide-to-creating-your-own-soap-products\">gu\u00eda<\/a> y se basa en la capacidad m\u00e1xima de ese recipiente espec\u00edfico. Por lo tanto, es posible utilizar menos cera, pero no recomendamos superar la capacidad m\u00e1xima. Aconsejamos utilizar las cantidades de cera indicadas s\u00f3lo como punto de partida y ajustarlas en funci\u00f3n de las necesidades. <a href=\"https:\/\/cosyowl.com\/es\/guides\/weighing-fragrance\">medidas<\/a> seg\u00fan sus preferencias.<\/p>\n<p>**Tenga en cuenta que todas las recomendaciones de mechas se basan \u00fanicamente en el uso con nuestra cera. La m\u00e1s peque\u00f1a <a href=\"https:\/\/cosyowl.com\/es\/guides\/candle-wick-size-chart\">Tama\u00f1o de la mecha<\/a> recomendada es s\u00f3lo para uso con Cera. El tama\u00f1o de mecha m\u00e1s grande recomendado es para usar cuando <a href=\"https:\/\/cosyowl.com\/es\/candle-making-supplies\/fragrance-oils-for-candle-making\/premium-fragrance-oils\/cosy-owl-premium-1-million-type-fragrance-oil\">Aceite con fragancia<\/a> y\/o colorante. Toda la informaci\u00f3n proporcionada debe utilizarse \u00fanicamente como gu\u00eda para ayudar a encontrar un punto de partida al experimentar con mechas, ya que las diferentes temperaturas y aceites de fragancia influir\u00e1n en el \u00e9xito de una mecha.<\/p>","protected":false},"excerpt":{"rendered":"<p>This is a strong heat-resistant glass container suitable for making medium sized candles. Make use of our fragrance oils to create a tremendous aroma to augment the sensation. This glass container will accommodate 20cl of candle wax. Size &#8211; Diameter: 70mm Height: 84mm The 20Cl Karen will hold approx. 160g of wax* Note, pre-heating your [&hellip;]<\/p>\n","protected":false},"featured_media":96509,"comment_status":"open","ping_status":"closed","template":"","meta":{"_acf_changed":false},"product_brand":[],"product_cat":[527],"product_tag":[921],"class_list":{"0":"post-10404","1":"product","2":"type-product","3":"status-publish","4":"has-post-thumbnail","6":"product_cat-candle-glasses","7":"product_tag-glass-container","8":"product_shipping_class-royal_mail","10":"first","11":"instock","12":"sold-individually","13":"taxable","14":"shipping-taxable","15":"purchasable","16":"product-type-simple"},"acf":[],"_links":{"self":[{"href":"https:\/\/cosyowl.com\/es\/wp-json\/wp\/v2\/product\/10404","targetHints":{"allow":["GET"]}}],"collection":[{"href":"https:\/\/cosyowl.com\/es\/wp-json\/wp\/v2\/product"}],"about":[{"href":"https:\/\/cosyowl.com\/es\/wp-json\/wp\/v2\/types\/product"}],"replies":[{"embeddable":true,"href":"https:\/\/cosyowl.com\/es\/wp-json\/wp\/v2\/comments?post=10404"}],"wp:featuredmedia":[{"embeddable":true,"href":"https:\/\/cosyowl.com\/es\/wp-json\/wp\/v2\/media\/96509"}],"wp:attachment":[{"href":"https:\/\/cosyowl.com\/es\/wp-json\/wp\/v2\/media?parent=10404"}],"wp:term":[{"taxonomy":"product_brand","embeddable":true,"href":"https:\/\/cosyowl.com\/es\/wp-json\/wp\/v2\/product_brand?post=10404"},{"taxonomy":"product_cat","embeddable":true,"href":"https:\/\/cosyowl.com\/es\/wp-json\/wp\/v2\/product_cat?post=10404"},{"taxonomy":"product_tag","embeddable":true,"href":"https:\/\/cosyowl.com\/es\/wp-json\/wp\/v2\/product_tag?post=10404"}],"curies":[{"name":"wp","href":"https:\/\/api.w.org\/{rel}","templated":true}]}}