{"id":10386,"date":"2021-01-10T06:04:00","date_gmt":"2021-01-10T06:04:00","guid":{"rendered":"https:\/\/cosyowl.com\/product\/uncategorized\/import-placeholder-for-tcdl-cwax-bker-n4130-cscp-271"},"modified":"2026-03-12T10:38:34","modified_gmt":"2026-03-12T10:38:34","slug":"cera-para-contenedores-kerasoy-4130","status":"publish","type":"product","link":"https:\/\/cosyowl.com\/es\/candle-making-supplies\/candle-wax\/soy-wax\/kerasoy-4130-container-wax","title":{"rendered":"Cera para contenedores KeraSoy 4130"},"content":{"rendered":"<p>Esta cera de soja 100% producida en el Reino Unido tiene una textura y un aspecto tremendamente suaves; es <a href=\"https:\/\/cosyowl.com\/es\/candle-making-supplies\/glitters\/apple-green-biodegradable\">biodegradable<\/a> y vegana, y esta formulaci\u00f3n se ha desarrollado espec\u00edficamente para la fabricaci\u00f3n de velas de cera en recipientes. Esta cera de soja no necesita aditivos, salvo la fragancia y el color, que pueden adquirirse por separado en <a href=\"https:\/\/cosyowl.com\/es\/\">B\u00faho acogedor<\/a>. Al comprar mechas para sus velas contenedoras de cera de soja, tenga en cuenta que como parte del grupo de <a href=\"https:\/\/cosyowl.com\/es\/candle-making-supplies\/fragrance-oils-for-candle-making\/all-fragrances\/honey-fragrance-oil\">Natural<\/a> ceras disponibles en el mercado, se necesita una mecha ligeramente m\u00e1s grande que la que se utilizar\u00eda con <a href=\"https:\/\/cosyowl.com\/es\/guides\/the-truth-about-paraffin-wax-being-vegan-friendly\">parafina<\/a>. La cera para envases KeraSoy ha sido dise\u00f1ada para fragancias a niveles entre 10 - 12%.<\/p>\n<p>Las temperaturas de vertido de la cera de soja para recipientes pueden variar en funci\u00f3n del tipo y el tama\u00f1o del molde, la fragancia y el colorante utilizados y los efectos deseados. Se puede conseguir una mayor adherencia a los recipientes vertiendo a una temperatura cercana al punto de fusi\u00f3n (aproximadamente 45 - 55\u00b0C). Siempre que sea posible, la fragancia debe a\u00f1adirse y mezclarse inmediatamente antes del vertido. Si experimenta dificultades con la temperatura de vertido, pruebe con una temperatura m\u00e1s baja o m\u00e1s alta en incrementos de 5 - 10\u00b0C. Considere la posibilidad de verter en moldes precalentados para una mejor adherencia a los recipientes de vidrio.<br \/>\nA diferencia de otras ceras, la cera para envases KeraSoy est\u00e1 formulada para requerir un solo vertido, aunque para algunos envases m\u00e1s grandes puede ser necesario un peque\u00f1o relleno para conseguir el mejor resultado. <a href=\"https:\/\/cosyowl.com\/es\/guides\/a-summers-beach-gel-votive-candle\">vela<\/a> superficie. Se puede utilizar una peque\u00f1a cantidad de cera de soja a una temperatura ligeramente superior a la temperatura a la que se ha vertido la vela para rellenarla antes de que est\u00e9 completamente seca. <a href=\"https:\/\/cosyowl.com\/es\/candle-making-supplies\/glitters\/lake-blue-biodegradable\">genial<\/a> (verter el relleno una vez que la vela est\u00e9 completamente fr\u00eda puede provocar una reducci\u00f3n de la adherencia al recipiente).<\/p>\n<p>La soja utilizada en las ceras Kerasoy procede de Norteam\u00e9rica y Brasil de fuentes puramente \u00e9ticas y no modificadas gen\u00e9ticamente. Se ha llevado a cabo una auditor\u00eda completa de la cadena de suministro y s\u00f3lo se han elegido proveedores \u00e9ticos que no contribuyen a la deforestaci\u00f3n.<\/p>\n<p>El constituyente primario de esta cera es la soja, pero para obtener las excelentes caracter\u00edsticas de rendimiento se mezcla con aditivos potenciadores del rendimiento procedentes principalmente de materiales vegetales, pero con la adici\u00f3n de \u00e1cido est\u00e9rico. Si el producto fuera cera de soja 100%, no tendr\u00eda un buen rendimiento para <a href=\"https:\/\/cosyowl.com\/es\/guides\/how-to-make-a-candle\">fabricaci\u00f3n de velas<\/a>.<\/p>\n<p>Los productos elaborados con este producto pueden describirse como seguros para la piel, dermatol\u00f3gicamente probados y cl\u00ednicamente testados, siempre que cualquier aditivo cumpla tambi\u00e9n estos criterios.<\/p>","protected":false},"excerpt":{"rendered":"<p>This UK produced 100% soy wax is tremendously smooth in texture and appearance; is biodegradable and vegan friendly and this formulation is specifically developed for making container wax candles. This Soy Wax does not require additives, other than fragrance and colour which can be purchased separately on Cosy Owl. When purchasing wicks for your soy [&hellip;]<\/p>\n","protected":false},"featured_media":53316,"comment_status":"open","ping_status":"closed","template":"","meta":{"_acf_changed":false},"product_brand":[],"product_cat":[528],"product_tag":[928],"class_list":{"0":"post-10386","1":"product","2":"type-product","3":"status-publish","4":"has-post-thumbnail","6":"product_cat-soy-wax","7":"product_tag-wax","9":"first","10":"instock","11":"taxable","12":"shipping-taxable","13":"purchasable","14":"product-type-variable"},"acf":[],"_links":{"self":[{"href":"https:\/\/cosyowl.com\/es\/wp-json\/wp\/v2\/product\/10386","targetHints":{"allow":["GET"]}}],"collection":[{"href":"https:\/\/cosyowl.com\/es\/wp-json\/wp\/v2\/product"}],"about":[{"href":"https:\/\/cosyowl.com\/es\/wp-json\/wp\/v2\/types\/product"}],"replies":[{"embeddable":true,"href":"https:\/\/cosyowl.com\/es\/wp-json\/wp\/v2\/comments?post=10386"}],"wp:featuredmedia":[{"embeddable":true,"href":"https:\/\/cosyowl.com\/es\/wp-json\/wp\/v2\/media\/53316"}],"wp:attachment":[{"href":"https:\/\/cosyowl.com\/es\/wp-json\/wp\/v2\/media?parent=10386"}],"wp:term":[{"taxonomy":"product_brand","embeddable":true,"href":"https:\/\/cosyowl.com\/es\/wp-json\/wp\/v2\/product_brand?post=10386"},{"taxonomy":"product_cat","embeddable":true,"href":"https:\/\/cosyowl.com\/es\/wp-json\/wp\/v2\/product_cat?post=10386"},{"taxonomy":"product_tag","embeddable":true,"href":"https:\/\/cosyowl.com\/es\/wp-json\/wp\/v2\/product_tag?post=10386"}],"curies":[{"name":"wp","href":"https:\/\/api.w.org\/{rel}","templated":true}]}}