{"id":10384,"date":"2021-01-10T06:04:00","date_gmt":"2021-01-10T06:04:00","guid":{"rendered":"https:\/\/cosyowl.com\/product\/uncategorized\/import-placeholder-for-tcdl-cfra-bowl-nvac-263"},"modified":"2026-04-30T16:22:59","modified_gmt":"2026-04-30T15:22:59","slug":"aceite-con-fragancia-de-crema-de-caramelo","status":"publish","type":"product","link":"https:\/\/cosyowl.com\/es\/fragrance-oils\/creme-caramel","title":{"rendered":"Aceite con fragancia Cr\u00e8me Caramel"},"content":{"rendered":"<p><strong>Nota: todos los modelos de 5, 10 y 25 kg. <a href=\"https:\/\/cosyowl.com\/es\/guides\/2023-spring-fragrance-oil-trends\">Aceites arom\u00e1ticos<\/a> son art\u00edculos hechos a medida y tienen un plazo de entrega de hasta 6 semanas que no se refleja en las opciones de env\u00edo presentadas en <a href=\"https:\/\/cosyowl.com\/es\/checkout\">checkout<\/a>. Si su <a href=\"https:\/\/cosyowl.com\/es\/basket\">pedir<\/a> incluye cualquier Aceite con Fragancia de 5kg, 10kg o 25kg, el plazo de entrega para la totalidad del pedido ser\u00e1 de hasta 6 semanas. Los aceites con fragancia de 5 kg, 10 kg o 25 kg hechos a medida tampoco son reembolsables.<\/strong><\/p>\n<p>Fabricado con <a href=\"https:\/\/cosyowl.com\/es\/candle-making-supplies\/fragrance-oils-for-candle-making\/all-fragrances\/honey-fragrance-oil\">natural<\/a> ingredientes y aceites esenciales*.<\/p>\n<p>Nuestra <strong>Crema de caramelo <a href=\"https:\/\/cosyowl.com\/es\/candle-making-supplies\/fragrance-oils-for-candle-making\/premium-fragrance-oils\/cosy-owl-premium-1-million-type-fragrance-oil\">Aceite con fragancia<\/a><\/strong> se ha formulado especialmente para evocar los olores familiares asociados a las t\u00edpicas natillas <a href=\"https:\/\/cosyowl.com\/es\/candle-making-supplies\/fragrance-oils-for-candle-making\/all-fragrances\/fudge-fragrance-oil\">postre<\/a> elaborado con nata montada y huevos y cubierto de caramelo. El aceite desprende un olor fuerte y prominente asociado a<strong> bergamota y az\u00facar<\/strong>. Este aroma inicial es el m\u00e1s pronunciado a medida que su <a href=\"https:\/\/cosyowl.com\/es\/guides\/a-summers-beach-gel-votive-candle\">vela<\/a> comienza a arder, llenando la habitaci\u00f3n de un aroma que se intensifica con ligeros matices de<strong> caramelo, pimienta de Jamaica y trufa<\/strong>. En la formulaci\u00f3n de esta fragancia distintiva se ha incorporado una <a href=\"https:\/\/cosyowl.com\/es\/fragrance-oils\/strawberry-bon-bon\">delicioso<\/a> rastro de regusto a<strong> vainilla, nata y \u00e1mbar<\/strong>.<\/p>\n<p>Todos nuestros aceites de fragancia son exclusivos de <a href=\"https:\/\/cosyowl.com\/es\/\">B\u00faho acogedor<\/a> y han sido desarrollados por nuestros expertos para obtener un aroma superior en una vela y se han optimizado para su uso con nuestra cera. Nuestros aceites est\u00e1n concentrados 100% y son totalmente compatibles con todas nuestras ceras.<\/p>\n<p><strong>\u00bfCu\u00e1nta fragancia debo a\u00f1adir?<\/strong><\/p>\n<p>Todas nuestras fragancias son de alta <a href=\"https:\/\/cosyowl.com\/es\/candle-wicks\/wedo-lx-wick-raw\">calidad<\/a> y dise\u00f1ado espec\u00edficamente para un excelente lanzamiento del aroma, lo que significa que, en t\u00e9rminos generales, menos es m\u00e1s. La cantidad a a\u00f1adir es un poco compleja y hemos desarrollado una <a href=\"https:\/\/cosyowl.com\/es\/guides\/a-guide-to-creating-your-own-soap-products\">gu\u00eda<\/a> para darle m\u00e1s detalles. En general, empezar con entre 5-8% es una buena idea y hasta 10% para fragancias menos fuertes deber\u00eda darte m\u00e1s que suficiente aroma. Siempre es mejor experimentar con cada combinaci\u00f3n de fragancia y cera, empezar con poca cantidad e ir aumentando. Si sigues la gu\u00eda y tienes en cuenta el punto de inflamaci\u00f3n, conseguir\u00e1s velas con un buen aroma con un poco de pr\u00e1ctica. En t\u00e9rminos generales, nunca debe poner m\u00e1s de 12% de fragancia, ya que la vela empezar\u00e1 literalmente a sudar o a filtrar la fragancia.<\/p>\n<p>Todos los aceites con fragancia tienen lo que se denomina punto de inflamaci\u00f3n, es decir, la temperatura a la que el aceite empieza a combustionar y se libera la fragancia.<\/p>\n<p>En <strong>el punto de inflamaci\u00f3n de la crema de caramelo es de 93,3\u00b0C<\/strong>Si desea m\u00e1s informaci\u00f3n sobre los Flash Points, siga este enlace <a href=\"https:\/\/cosyowl.com\/es\/guias\/como-utilizar-los-aceites-aromaticos\/?wmc-currency=EUR\">https:\/\/www.cosyowl.com\/guides\/how-to-use-fragrance-oils\/<\/a><\/p>\n<p><strong>El uso de esta fragancia en un <a href=\"https:\/\/cosyowl.com\/es\/guides\/making-a-reed-diffuser\">difusor carrizo<\/a>?<\/strong><\/p>\n<p><em>Este aceite con fragancia se est\u00e1 reformulando actualmente; le informaremos cuando est\u00e9 listo para volver a utilizarse en difusores.<\/em><\/p>\n<p><strong>\u00bfUsa esta fragancia en un jab\u00f3n?<\/strong><\/p>\n<p>Todas nuestras fragancias tambi\u00e9n est\u00e1n especialmente formuladas para funcionar en jabones s\u00f3lidos; consulte la ficha de datos de seguridad para obtener informaci\u00f3n sobre el % m\u00e1ximo de cada fragancia que se puede utilizar en <a href=\"https:\/\/cosyowl.com\/es\/guides\/a-beginners-guide-to-soap-making\">fabricaci\u00f3n de jab\u00f3n<\/a> aplicaciones.<\/p>\n<p>Consulte tambi\u00e9n nuestra nota informativa CLP sobre el uso de aceites con fragancia en velas antes de comprar. Esta informaci\u00f3n se refiere a la composici\u00f3n qu\u00edmica del aceite y a las advertencias sobre posibles reacciones al\u00e9rgicas.<\/p>\n<p><strong> Aconsejamos a todos los clientes que prueben las fragancias con nuestros frascos de prueba de 10 ml antes de realizar pedidos de mayor tama\u00f1o o cantidad, en el improbable caso de que no queden satisfechos con un aceite con fragancia. Consulte nuestra <a href=\"\/es\/shippinginfo\/?wmc-currency=EUR\" target=\"_blank\" rel=\"noopener\">Entregas y devoluciones<\/a> p\u00e1gina para <a href=\"https:\/\/cosyowl.com\/es\/privacy\">t\u00e9rminos<\/a> y condiciones.<\/strong><\/p>\n<p>*Esta fragancia contiene elementos naturales (<a href=\"https:\/\/cosyowl.com\/es\/guides\/essential-oil-benefits\">aceites esenciales<\/a>(extractos, resinas, aislados), pero no es totalmente natural. Nuestros aceites de fragancia han sido dise\u00f1ados para ser tan simples, <a href=\"https:\/\/cosyowl.com\/es\/candle-making-supplies\/glitters\/pure-white-biodegradable\">limpiar<\/a> y natural posible, ofreciendo al mismo tiempo la mejor difusi\u00f3n y la mejor gama de notas olfativas. Los compuestos que no proceden directamente de la naturaleza son qu\u00edmicamente id\u00e9nticos a los naturales, se crean artificialmente o se modifican ligeramente, por lo general para conseguir un aroma m\u00e1s intenso. En ocasiones, se utilizan fragancias que no se encuentran en la naturaleza para dar el aroma distintivo que requieren algunas fragancias de tipo m\u00e1s artificial. Esto es lo mismo que ocurre con todos los aceites con fragancia del mercado actual.<\/p>\n<p>Los aceites con fragancia suelen tener una caducidad de un a\u00f1o a partir de la fecha de fabricaci\u00f3n; sin embargo, muchos aceites con fragancia pueden durar meses o incluso a\u00f1os despu\u00e9s de esta fecha si se almacenan correctamente. Se pueden realizar pruebas (no ofrecemos este servicio) en los aceites de fragancia para determinar su idoneidad m\u00e1s all\u00e1 de su fecha de caducidad.<\/p>\n<p>Los documentos actuales de la IFRA (versi\u00f3n 48 de la IFRA) son pertinentes y aplicables a todas nuestras fragancias hasta febrero de 2022, cuando entren en vigor las nuevas clasificaciones para los productos existentes, es decir, las fragancias que ya est\u00e1n en el mercado. Todas las fragancias nuevas ya est\u00e1n sujetas a las clasificaciones IFRA 49. En las pr\u00f3ximas semanas, a medida que vayamos recibiendo la informaci\u00f3n pertinente, iremos actualizando e introduciendo los cambios necesarios en nuestro sitio web.<\/p>","protected":false},"excerpt":{"rendered":"<p>Please note &#8211; all 5kg, 10kg and 25kg Fragrance Oils are bespoke made-to-order items and have an up to 6-week delivery lead time which isn\u2019t reflected in the shipping options presented at checkout. If your order includes any 5kg, 10kg or 25kg Fragrance Oils, lead time for the entirety of the order will be up [&hellip;]<\/p>\n","protected":false},"featured_media":11867,"comment_status":"open","ping_status":"closed","template":"","meta":{"_acf_changed":false},"product_brand":[],"product_cat":[517,504,516],"product_tag":[908],"class_list":{"0":"post-10384","1":"product","2":"type-product","3":"status-publish","4":"has-post-thumbnail","6":"product_cat-fragrance-oils-cravings","7":"product_cat-fragrance-oils-all-fragrances","8":"product_cat-fragrance-oils-sweet","9":"product_tag-fragrance-oil","10":"pa_bottle-size-100ml","11":"pa_bottle-size-10kg","12":"pa_bottle-size-250ml","13":"pa_bottle-size-25kg","14":"pa_bottle-size-500ml","15":"pa_bottle-size-50ml","16":"pa_bottle-size-950ml","17":"pa_bottle-size-sample","19":"first","20":"instock","21":"taxable","22":"shipping-taxable","23":"purchasable","24":"product-type-variable"},"acf":[],"_links":{"self":[{"href":"https:\/\/cosyowl.com\/es\/wp-json\/wp\/v2\/product\/10384","targetHints":{"allow":["GET"]}}],"collection":[{"href":"https:\/\/cosyowl.com\/es\/wp-json\/wp\/v2\/product"}],"about":[{"href":"https:\/\/cosyowl.com\/es\/wp-json\/wp\/v2\/types\/product"}],"replies":[{"embeddable":true,"href":"https:\/\/cosyowl.com\/es\/wp-json\/wp\/v2\/comments?post=10384"}],"wp:featuredmedia":[{"embeddable":true,"href":"https:\/\/cosyowl.com\/es\/wp-json\/wp\/v2\/media\/11867"}],"wp:attachment":[{"href":"https:\/\/cosyowl.com\/es\/wp-json\/wp\/v2\/media?parent=10384"}],"wp:term":[{"taxonomy":"product_brand","embeddable":true,"href":"https:\/\/cosyowl.com\/es\/wp-json\/wp\/v2\/product_brand?post=10384"},{"taxonomy":"product_cat","embeddable":true,"href":"https:\/\/cosyowl.com\/es\/wp-json\/wp\/v2\/product_cat?post=10384"},{"taxonomy":"product_tag","embeddable":true,"href":"https:\/\/cosyowl.com\/es\/wp-json\/wp\/v2\/product_tag?post=10384"}],"curies":[{"name":"wp","href":"https:\/\/api.w.org\/{rel}","templated":true}]}}