{"id":10024,"date":"2021-01-10T06:00:00","date_gmt":"2021-01-10T06:00:00","guid":{"rendered":"https:\/\/cosyowl.com\/product\/uncategorized\/import-placeholder-for-tcdl-cwik-bwed-ctl-212"},"modified":"2026-05-01T13:08:49","modified_gmt":"2026-05-01T12:08:49","slug":"mecha-de-vela-de-te-tl15-40mm-de-largo","status":"publish","type":"product","link":"https:\/\/cosyowl.com\/es\/candle-wicks\/tealight-wick-tl15","title":{"rendered":"Mecha para velas de t\u00e9 (TL15) - 40 mm de largo"},"content":{"rendered":"<p><a href=\"https:\/\/cosyowl.com\/es\/\">B\u00faho acogedor<\/a> suministra la mecha Wedo (incorporada en los sostenedores) para su uso en la fabricaci\u00f3n de candelitas. La serie TL est\u00e1 dise\u00f1ada espec\u00edficamente para este fin. Las mechas tienen una construcci\u00f3n sin n\u00facleo con hilos de estabilidad para proporcionar el alto nivel de resistencia estructural necesario tanto durante la fabricaci\u00f3n de la candelita como durante su combusti\u00f3n. Adem\u00e1s de la t\u00e9cnica de trenzado, se utilizan algunos de los hilos de algod\u00f3n de alta calidad m\u00e1s finos disponibles, para ayudar a nuestros clientes a alcanzar los niveles de consistencia y precisi\u00f3n en la fabricaci\u00f3n de velas de t\u00e9. <a href=\"https:\/\/cosyowl.com\/es\/privacy\">t\u00e9rminos<\/a> de consumos y tama\u00f1os de llama, etc. que exige el mercado actual de las candelitas.<\/p>\n<p>Esta mecha T-Light tiene 40 mm de longitud y es adecuada para recipientes de hasta 38 mm de ancho. Las mechas Wedo combinan los materiales de mecha de la m\u00e1s alta calidad, la tecnolog\u00eda m\u00e1s avanzada de trenzado y enrollado, as\u00ed como las t\u00e9cnicas m\u00e1s probadas. <a href=\"https:\/\/cosyowl.com\/es\/finance-accepted\">aprobado<\/a> tratamientos qu\u00edmicos para proporcionar una combusti\u00f3n lo m\u00e1s limpia y segura posible de los materiales en cuesti\u00f3n. Los materiales y procesos tambi\u00e9n garantizan un producto homog\u00e9neo <a href=\"https:\/\/cosyowl.com\/es\/candle-wicks\/wedo-lx-wick-raw\">calidad<\/a> de principio a fin y de lote a lote. La posici\u00f3n de la mecha de recorte autom\u00e1tico minimiza o elimina la formaci\u00f3n de dep\u00f3sitos de carbono y reduce en gran medida el resplandor posterior.<\/p>\n<p>Como proveedor acreditado, Wedo s\u00f3lo fabrica mechas que cumplen los estrictos requisitos del sello de calidad europeo RAL GZ 041. Wedo cuenta con la certificaci\u00f3n EN ISO 9001:2008.<\/p>","protected":false},"excerpt":{"rendered":"<p>Cosy Owl supplies Wedo wick (incorporated into sustainers) for use with the making of tealights. The TL series is designed specifically for this purpose. The wicks have a coreless construction with stability threads to provide the high level of structural strength required both during tealight manufacture and burning. In addition to the braiding technique, some [&hellip;]<\/p>\n","protected":false},"featured_media":11930,"comment_status":"open","ping_status":"closed","template":"","meta":{"_acf_changed":false},"product_brand":[],"product_cat":[499],"product_tag":[946],"class_list":{"0":"post-10024","1":"product","2":"type-product","3":"status-publish","4":"has-post-thumbnail","6":"product_cat-candle-wicks","7":"product_tag-tea-light-wicks","9":"first","10":"instock","11":"taxable","12":"shipping-taxable","13":"purchasable","14":"product-type-variable"},"acf":[],"_links":{"self":[{"href":"https:\/\/cosyowl.com\/es\/wp-json\/wp\/v2\/product\/10024","targetHints":{"allow":["GET"]}}],"collection":[{"href":"https:\/\/cosyowl.com\/es\/wp-json\/wp\/v2\/product"}],"about":[{"href":"https:\/\/cosyowl.com\/es\/wp-json\/wp\/v2\/types\/product"}],"replies":[{"embeddable":true,"href":"https:\/\/cosyowl.com\/es\/wp-json\/wp\/v2\/comments?post=10024"}],"wp:featuredmedia":[{"embeddable":true,"href":"https:\/\/cosyowl.com\/es\/wp-json\/wp\/v2\/media\/11930"}],"wp:attachment":[{"href":"https:\/\/cosyowl.com\/es\/wp-json\/wp\/v2\/media?parent=10024"}],"wp:term":[{"taxonomy":"product_brand","embeddable":true,"href":"https:\/\/cosyowl.com\/es\/wp-json\/wp\/v2\/product_brand?post=10024"},{"taxonomy":"product_cat","embeddable":true,"href":"https:\/\/cosyowl.com\/es\/wp-json\/wp\/v2\/product_cat?post=10024"},{"taxonomy":"product_tag","embeddable":true,"href":"https:\/\/cosyowl.com\/es\/wp-json\/wp\/v2\/product_tag?post=10024"}],"curies":[{"name":"wp","href":"https:\/\/api.w.org\/{rel}","templated":true}]}}