{"id":90,"date":"2020-11-11T12:50:31","date_gmt":"2020-11-11T12:50:31","guid":{"rendered":"https:\/\/cosyowl.com\/?page_id=90"},"modified":"2025-11-25T15:07:50","modified_gmt":"2025-11-25T15:07:50","slug":"welcome-to-cosy-owl-candle-suppliers-please-make-yourself-at-home","status":"publish","type":"page","link":"https:\/\/cosyowl.com\/es\/","title":{"rendered":"Bienvenido a Cosy Owl Candle Suppliers, si\u00e9ntase como en casa..."},"content":{"rendered":"<h2>Bienvenido a Cosy Owl Candle supplies, si\u00e9ntase como en su casa...<\/h2>\n<p>En Cosy Owl nos enorgullecemos de la variedad y calidad de nuestros productos. <a href=\"https:\/\/cosyowl.com\/es\/candle-wicks\/wedo-lx-wick-raw\">calidad<\/a> de los suministros para fabricar velas. Tanto si es la primera vez que se adentra en esta afici\u00f3n como si ya es todo un experto. <a href=\"https:\/\/cosyowl.com\/es\/guides\/a-summers-beach-gel-votive-candle\">vela<\/a> Cosy Owl tiene una gran selecci\u00f3n de productos para satisfacer sus necesidades.<\/p>\n<p>De una variedad de <a href=\"https:\/\/cosyowl.com\/es\/candle-making-supplies\/fragrance-oils-for-candle-making\/all-fragrances\/honey-fragrance-oil\">natural<\/a> y ceras minerales hasta mechas personalizadas y una enorme colecci\u00f3n de aceites perfumados y tintes de colores, Cosy Owl tiene todo lo que necesitas para hacer una vela, ya sea la m\u00e1s peque\u00f1a de las velas de t\u00e9 o el mayor de los centros de mesa. Adem\u00e1s del equipo y los materiales que necesitas para hacer velas, Cosy Owl tambi\u00e9n tiene una amplia gama de recipientes para tus velas, incluyendo latas, tarros, vasos y tazas de aluminio, con una variedad igualmente grande de colores y formas para elegir.<\/p>\n<p>S\u00f3lo adquirimos nuestros materiales y productos a fabricantes de calidad, incluidos algunos de los m\u00e1s renombrados coloristas de cera y productores de mechas, y tambi\u00e9n hacemos todo lo posible para garantizar que todo lo que vendemos es seguro y no t\u00f3xico.<\/p>","protected":false},"excerpt":{"rendered":"<p>Welcome to Cosy Owl Candle supplies, please make yourself at home\u2026 Here at Cosy Owl we take great pride in the variety and quality of the supplies for making candles. Whether you&#8217;re making your first furrows into the hobby or are a fully-fledged candle producing business, Cosy Owl has a huge selection of products to [&hellip;]<\/p>\n","protected":false},"author":3,"featured_media":0,"parent":0,"menu_order":0,"comment_status":"closed","ping_status":"closed","template":"template-canvas.php","meta":{"_acf_changed":false,"footnotes":""},"class_list":["post-90","page","type-page","status-publish","hentry"],"acf":[],"_links":{"self":[{"href":"https:\/\/cosyowl.com\/es\/wp-json\/wp\/v2\/pages\/90","targetHints":{"allow":["GET"]}}],"collection":[{"href":"https:\/\/cosyowl.com\/es\/wp-json\/wp\/v2\/pages"}],"about":[{"href":"https:\/\/cosyowl.com\/es\/wp-json\/wp\/v2\/types\/page"}],"author":[{"embeddable":true,"href":"https:\/\/cosyowl.com\/es\/wp-json\/wp\/v2\/users\/3"}],"replies":[{"embeddable":true,"href":"https:\/\/cosyowl.com\/es\/wp-json\/wp\/v2\/comments?post=90"}],"version-history":[{"count":0,"href":"https:\/\/cosyowl.com\/es\/wp-json\/wp\/v2\/pages\/90\/revisions"}],"wp:attachment":[{"href":"https:\/\/cosyowl.com\/es\/wp-json\/wp\/v2\/media?parent=90"}],"curies":[{"name":"wp","href":"https:\/\/api.w.org\/{rel}","templated":true}]}}