{"id":67939,"date":"2023-11-07T10:50:34","date_gmt":"2023-11-07T10:50:34","guid":{"rendered":"https:\/\/cosyowl.com\/?page_id=67939"},"modified":"2023-11-28T10:58:46","modified_gmt":"2023-11-28T10:58:46","slug":"sorteo-de-12-dias-de-adviento","status":"publish","type":"page","link":"https:\/\/cosyowl.com\/es\/12-day-advent-giveaway","title":{"rendered":"Regalo de 12 d\u00edas de Adviento"},"content":{"rendered":"<p><img loading=\"lazy\" decoding=\"async\" class=\"alignnone wp-image-67940\" src=\"https:\/\/cosyowl.com\/wp-content\/uploads\/2023\/11\/Pink-Green-Modern-Animated-Newsletter-Sign-up-Facebook-Post.png\" alt=\"\" width=\"637\" height=\"534\" title=\"\" srcset=\"https:\/\/cosyowl.com\/wp-content\/uploads\/2023\/11\/Pink-Green-Modern-Animated-Newsletter-Sign-up-Facebook-Post.png 940w, https:\/\/cosyowl.com\/wp-content\/uploads\/2023\/11\/Pink-Green-Modern-Animated-Newsletter-Sign-up-Facebook-Post-300x251.png 300w, https:\/\/cosyowl.com\/wp-content\/uploads\/2023\/11\/Pink-Green-Modern-Animated-Newsletter-Sign-up-Facebook-Post-768x644.png 768w, https:\/\/cosyowl.com\/wp-content\/uploads\/2023\/11\/Pink-Green-Modern-Animated-Newsletter-Sign-up-Facebook-Post-200x168.png 200w, https:\/\/cosyowl.com\/wp-content\/uploads\/2023\/11\/Pink-Green-Modern-Animated-Newsletter-Sign-up-Facebook-Post-400x335.png 400w, https:\/\/cosyowl.com\/wp-content\/uploads\/2023\/11\/Pink-Green-Modern-Animated-Newsletter-Sign-up-Facebook-Post-600x503.png 600w, https:\/\/cosyowl.com\/wp-content\/uploads\/2023\/11\/Pink-Green-Modern-Animated-Newsletter-Sign-up-Facebook-Post-800x671.png 800w, https:\/\/cosyowl.com\/wp-content\/uploads\/2023\/11\/Pink-Green-Modern-Animated-Newsletter-Sign-up-Facebook-Post-500x419.png 500w, https:\/\/cosyowl.com\/wp-content\/uploads\/2023\/11\/Pink-Green-Modern-Animated-Newsletter-Sign-up-Facebook-Post-700x587.png 700w, https:\/\/cosyowl.com\/wp-content\/uploads\/2023\/11\/Pink-Green-Modern-Animated-Newsletter-Sign-up-Facebook-Post-64x54.png 64w\" sizes=\"auto, (max-width: 637px) 100vw, 637px\" \/><\/p>\n<p>Prep\u00e1rate para ganar un premio cada d\u00eda durante 12 d\u00edas en v\u00edsperas de Navidad, con premios de maravillosas empresas de todo el Reino Unido.<\/p>\n<p>Suscr\u00edbase a nuestro <a href=\"https:\/\/cosyowl.com\/es\/guides\/food-lovers-cravings-competition\">sorteo<\/a> Cada d\u00eda recibir\u00e1s una notificaci\u00f3n con los detalles del maravilloso premio y te avisaremos en cuanto puedas participar.<\/p>\n<p>*El sorteo se publicar\u00e1 en nuestras p\u00e1ginas de Facebook e Instagram.<\/p>\n<p>&nbsp;<\/p>\n<p>T's&amp;C's: Las entradas se pueden hacer en nuestro Instagram y Facebook post. Debes vivir en el Reino Unido para poder ganar y recibir este premio. Giveaway cierra: El ganador se elegir\u00e1 al azar y se anunciar\u00e1 en nuestro blog de regalos de adviento. Este <a href=\"https:\/\/cosyowl.com\/es\/guides\/2k-followers-celebratory-giveaway-competition\">concurso<\/a> no est\u00e1 afiliada a Facebook ni a Instagram, y los ganadores ser\u00e1n anunciados por <a href=\"https:\/\/cosyowl.com\/es\/\">B\u00faho acogedor<\/a> SOLO.<\/p>","protected":false},"excerpt":{"rendered":"<p>Get ready to win a prize everyday for 12 days in the lead up to Christmas, with prizes from wonderful companies from around the UK. Signing up to our giveaway emails will mean you will be notified with the wonderful prize details each day and we will let you know as soon as you can [&hellip;]<\/p>\n","protected":false},"author":111220,"featured_media":0,"parent":0,"menu_order":0,"comment_status":"closed","ping_status":"closed","template":"","meta":{"_acf_changed":false,"footnotes":""},"class_list":["post-67939","page","type-page","status-publish","hentry"],"acf":[],"_links":{"self":[{"href":"https:\/\/cosyowl.com\/es\/wp-json\/wp\/v2\/pages\/67939","targetHints":{"allow":["GET"]}}],"collection":[{"href":"https:\/\/cosyowl.com\/es\/wp-json\/wp\/v2\/pages"}],"about":[{"href":"https:\/\/cosyowl.com\/es\/wp-json\/wp\/v2\/types\/page"}],"author":[{"embeddable":true,"href":"https:\/\/cosyowl.com\/es\/wp-json\/wp\/v2\/users\/111220"}],"replies":[{"embeddable":true,"href":"https:\/\/cosyowl.com\/es\/wp-json\/wp\/v2\/comments?post=67939"}],"version-history":[{"count":0,"href":"https:\/\/cosyowl.com\/es\/wp-json\/wp\/v2\/pages\/67939\/revisions"}],"wp:attachment":[{"href":"https:\/\/cosyowl.com\/es\/wp-json\/wp\/v2\/media?parent=67939"}],"curies":[{"name":"wp","href":"https:\/\/api.w.org\/{rel}","templated":true}]}}