{"id":66431,"date":"2023-10-12T14:48:26","date_gmt":"2023-10-12T13:48:26","guid":{"rendered":"https:\/\/cosyowl.com\/?page_id=66431"},"modified":"2024-05-15T23:36:19","modified_gmt":"2024-05-15T22:36:19","slug":"buscando-un-nuevo-proveedor-de-materiales-para-la-fabricacion-de-velas","status":"publish","type":"page","link":"https:\/\/cosyowl.com\/es\/looking-for-a-new-supplier-of-candle-making-materials","title":{"rendered":"\u00bfBusca un nuevo proveedor de materiales para la fabricaci\u00f3n de velas?"},"content":{"rendered":"<style type=\"text\/css\">\r\nh1 {\r\n\ttext-align: center;\r\n}\r\nh2 {\r\n\tfont-size: calc(20px + (40 - 20) * ((100vw - 320px) \/ (1600 - 320))); \r\n\tline-height: 1.2; \r\n\tmargin: 1em 0; \r\n\tborder: 0 !important; \r\n\ttext-align: center;\r\n}\r\nh3 {\r\n\tfont-size: calc(14px + (18 - 14) * ((100vw - 320px) \/ (1600 - 320))); \r\n\tline-height: 1.2; \r\n\tmargin: 1em 0;\r\n}\r\n.section-icons {\r\n\tpadding: 10px 0 50px;\r\n}\r\n.section-icons ul {\r\n\tlist-style: none; \r\n\tmargin: 0; \r\n\tpadding: 0; \r\n\tdisplay: flex; \r\n\tflex-wrap: wrap;\r\n}\r\n.section-icons li {\r\n\twidth: 25%; \r\n\tlist-style: none; \r\n\tmargin: 0; \r\n\tpadding: 120px 3% 30px; \r\n\ttext-align: center; \r\n}\r\n.section-icons li.item1 {\r\n\tbackground: url(\"\/wp-content\/uploads\/design\/discount-icon2.webp\") no-repeat center top #fff; \r\n\tbackground-size: 100px 100px;\r\n}\r\n.section-icons li.item2 {\r\n\tbackground: url(\"\/wp-content\/uploads\/design\/no-risk-icon.webp\") no-repeat center top #fff; \r\n\tbackground-size: 100px 100px;\r\n}\r\n.section-icons li.item3 {\r\n\tbackground: url(\"\/wp-content\/uploads\/design\/trusted-icon.webp\") no-repeat center top #fff; \r\n\tbackground-size: 100px 100px;\r\n}\r\n.section-icons li.item4 {\r\n\tbackground: url(\"\/wp-content\/uploads\/design\/wholesale-icon.webp\") no-repeat center top #fff; \r\n\tbackground-size: 100px 100px;\r\n}\r\n.section-icons li.item5 {\r\n\tbackground: url(\"\/wp-content\/uploads\/design\/quality-icon.webp\") no-repeat center top #fff; \r\n\tbackground-size: 100px 100px;\r\n}\r\n.section-icons li.item6 {\r\n\tbackground: url(\"\/wp-content\/uploads\/design\/ethical-icon.webp\") no-repeat center top #fff; \r\n\tbackground-size: 100px 100px;\r\n}\r\n.section-icons li.item7 {\r\n\tbackground: url(\"\/wp-content\/uploads\/design\/service-icon.webp\") no-repeat center top #fff; \r\n\tbackground-size: 100px 100px;\r\n}\r\n.section-icons li.item8 {\r\n\tbackground: url(\"\/wp-content\/uploads\/design\/owl-icon.webp\") no-repeat center top #fff; \r\n\tbackground-size: 100px 100px;\r\n}\r\n.section-categories {\r\n\tmargin: 30px auto 50px;\r\n}\r\n.section-categories ul {\r\n\tpadding: 0;\r\n\tmargin: 0;\r\n\tlist-style: none;\r\n\tdisplay: flex;\r\n\tjustify-content: space-between;\r\n\tflex-wrap: wrap;\r\n}\r\n.section-categories li {\r\n\twidth: 11%;\r\n\tmargin: 0 0 10px;\r\n\tlist-style: none;\r\n\ttext-align: center;\r\n}\r\n.section-categories li a {\r\n\tdisplay: block;\r\n\ttext-decoration: none;\r\n\tcolor: #333;\t\r\n}\r\n.section-gallery {\r\n\tmargin: 30px auto 50px;\r\n}\r\n.section-gallery ul {\r\n\tpadding: 0;\r\n\tmargin: 0;\r\n\tlist-style: none;\r\n\tdisplay: flex;\r\n\tflex-wrap: wrap;\r\n}\r\n.section-gallery li {\r\n\twidth: 33.333%;\r\n\tmargin: 0 0 10px;\r\n\tlist-style: none;\r\n\ttext-align: center;\r\n}\r\n.section-button {\r\n\tmargin: 50px auto;\r\n\ttext-align: center;\r\n}\r\n.section-button a {\r\n\tbackground-color: #f16629;\r\n\tpadding: 12px 50px;\r\n\tcolor: #fff;\r\n\ttext-decoration: none;\r\n\tborder-radius: 4px;\r\n\tfont-weight: 600;\r\n}\r\n\r\n@media (max-width: 992px) {\r\n\t.section-categories li {\r\n\t\twidth: 24%;\r\n\t}\r\n}\r\n@media (max-width:767px) {\r\n\t.section-icons li {\r\n\t\twidth: 50%;\r\n\t}\r\n\t.section-gallery li {\r\n\t\twidth: 50%;\r\n\t}\t\r\n}\t\r\n@media (max-width:480px) {\r\n\t.section-icons li {\r\n\t\twidth: 100%;\r\n\t}\r\n\t.section-categories li {\r\n\t\twidth: 49%;\r\n\t}\r\n\t.section-gallery li {\r\n\t\twidth: 100%;\r\n\t}\t\r\n}\t\r\n<\/style>\r\n\r\n<p>Si est\u00e1 pensando en probar un nuevo proveedor mayorista de <a href=\"https:\/\/cosyowl.com\/es\/guides\/how-to-make-a-candle\">fabricaci\u00f3n de velas<\/a> hay muchas buenas razones para probar Cosy Owl. Descubra usted mismo por qu\u00e9 miles de clientes cada a\u00f1o cambian a Cosy Owl como su mayorista preferido de <a href=\"https:\/\/cosyowl.com\/es\/guides\/a-summers-beach-gel-votive-candle\">vela<\/a> materiales de fabricaci\u00f3n.<\/p>\r\n\r\n<h2>7 razones para probar Cosy Owl<\/h2>\r\n\r\n<div class=\"section-icons\">\r\n\t<ul>\r\n\t\t<li class=\"item1\"><strong>1)<\/strong> Ofrecemos un <strong>10% primero <a href=\"https:\/\/cosyowl.com\/es\/basket\">pedir<\/a> descuento<\/strong> para probar nuestros productos y servicios - s\u00f3lo tiene que utilizar el c\u00f3digo \"Bienvenido\" en <a href=\"https:\/\/cosyowl.com\/es\/checkout\">checkout<\/a>.<\/li>\r\n\t\t<li class=\"item2\"><strong>2)<\/strong> Ofrecemos un <strong>Garant\u00eda SIN RIESGO<\/strong> para los primeros pedidos de prueba de los clientes: si no le gusta el producto, le devolveremos el valor de ese producto en su totalidad, no <a href=\"https:\/\/cosyowl.com\/es\/guides\/faq\">preguntas<\/a> as\u00ed que no hay ning\u00fan riesgo en probarnos.<\/li>\r\n\t\t<li class=\"item3\"><strong><a href=\"https:\/\/cosyowl.com\/es\/candle-making-supplies\/candle-containers\/other-containers\/wax-melt-christmas-tree-mould-3\">3<\/a>)<\/strong> <strong>Empresa de confianza<\/strong> - hemos estado en el negocio desde 2011 y hemos crecido por deleitar constantemente a los clientes. Somos una empresa consolidada en la que conf\u00edan m\u00e1s de 60.000 fabricantes de velas del Reino Unido y Europa.<\/li>\r\n\t\t<li class=\"item4\"><strong>4)<\/strong> Somos el \u00fanico proveedor de velas que ofrece verdaderos <strong>precios al por mayor<\/strong> - s\u00f3lo tiene que solicitar una cuenta de mayorista despu\u00e9s de haber realizado algunos pedidos y obtendr\u00e1 precios personalizados para toda nuestra gama en todos los pedidos y para todas las cantidades.<\/li>\r\n\t\t<li class=\"item5\"><strong>5)<\/strong> <strong>Premium <a href=\"https:\/\/cosyowl.com\/es\/candle-wicks\/wedo-lx-wick-raw\">calidad<\/a> y productos exclusivos<\/strong> - nos centramos en la calidad del producto y ofrecemos art\u00edculos exclusivos para fabricantes de velas que no son de f\u00e1brica. Nuestras fragancias superan al mercado, ofreciendo un <a href=\"https:\/\/cosyowl.com\/es\/fragrance-oils\/strawberry-bon-bon\">delicioso<\/a> experiencia olfativa. Nuestro exclusivo <a href=\"https:\/\/cosyowl.com\/es\/guides\/how-to-jasmine-candle-using-soyaluna-container-wax\">Cera SoyaLuna<\/a> consigue resultados consistentes para resultados suaves y sin escarcha cada vez - hay que probarlo para creerlo.<\/li>\r\n\t\t<li class=\"item6\"><strong>6)<\/strong> <strong>Productos de origen \u00e9tico<\/strong> - Nuestros productos proceden de fuentes \u00e9ticas, tenemos mucho cuidado a la hora de elegir a nuestros proveedores y auditamos toda la cadena de suministro. Somos transparentes, mostramos claramente qu\u00e9 contiene cada producto y qu\u00e9 normas \u00e9ticas se cumplen, lo que le permite tomar decisiones informadas que se ajustan a la \u00e9tica de su marca.<\/li>\r\n\t\t<li class=\"item7\"><strong>7)<\/strong> Ofrecemos <strong>un servicio inigualable<\/strong> - env\u00edo en el mismo d\u00eda el <a href=\"https:\/\/cosyowl.com\/es\/shop\">todos los productos<\/a> hasta las 12 del mediod\u00eda todos los d\u00edas de la semana. Nuestro <a href=\"https:\/\/cosyowl.com\/es\/contact-us\">atenci\u00f3n al cliente<\/a> Nuestro equipo est\u00e1 a su disposici\u00f3n para ayudarle durante todo el proceso y nos enorgullece ayudar a nuestros clientes a superar sus expectativas. Constantemente recibimos excelentes calificaciones en nuestras rese\u00f1as y puntuamos de clase mundial en nuestro <a href=\"https:\/\/cosyowl.com\/es\/communication-preferences\">Cliente<\/a> Encuestas de satisfacci\u00f3n.<\/li>\r\n\t\t<li class=\"item8\">Nos encantar\u00eda <a href=\"https:\/\/cosyowl.com\/es\/\">bienvenido<\/a> a la familia Cosy Owl, es <a href=\"https:\/\/cosyowl.com\/es\/craft-kits\/candle-making-kits\/soy-wax-mulled-wine-christmas-candle-making-kit\">caliente<\/a> y acogedor aqu\u00ed. <br\/><br\/><br\/>*La garant\u00eda SIN RIESGO s\u00f3lo cubre el tama\u00f1o de envase m\u00e1s peque\u00f1o disponible y \u00fanicamente en los primeros pedidos del cliente.<\/li>\r\n\t<\/ul>\r\n<\/div>\r\n\r\n\r\n<div class=\"section-categories\">\r\n\t<ul>\r\n\t\t<li>\r\n\t\t\t<a href=\"\/es\/aceites-aromaticos\/?wmc-currency=EUR\">\r\n\t\t\t\t<img decoding=\"async\" src=\"https:\/\/cosyowl.com\/wp-content\/uploads\/design\/fragrances-cat-circle.jpg\" alt=\"Fragancias\" title=\"\">\r\n\t\t\t\t<span>Fragancias<\/span>\r\n\t\t\t<\/a>\r\n\t\t<\/li>\r\n\t\t<li>\r\n\t\t\t<a href=\"\/es\/suministros-para-la-fabricacion-de-velas\/?wmc-currency=EUR\">\r\n\t\t\t\t<img decoding=\"async\" src=\"https:\/\/cosyowl.com\/wp-content\/uploads\/design\/candle-supplies-cat-circle.jpg\" alt=\"Suministros para velas\" title=\"\">\r\n\t\t\t\t<span>Suministros para velas<\/span>\r\n\t\t\t<\/a>\r\n\t\t<\/li>\r\n\t\t<li>\r\n\t\t\t<a href=\"\/es\/cera-fundida\/?wmc-currency=EUR\">\r\n\t\t\t\t<img decoding=\"async\" src=\"https:\/\/cosyowl.com\/wp-content\/uploads\/design\/wax-melt-supplies-cat-circle.jpg\" alt=\"Materiales para fundir cera\" title=\"\">\r\n\t\t\t\t<span>Materiales para fundir cera<\/span>\r\n\t\t\t<\/a>\r\n\t\t<\/li>\r\n\t\t<li>\r\n\t\t\t<a href=\"\/es\/difusores-carrizo\/?wmc-currency=EUR\">\r\n\t\t\t\t<img decoding=\"async\" src=\"https:\/\/cosyowl.com\/wp-content\/uploads\/design\/diffuser-supplies-cat-circle.jpg\" alt=\"Difusores\" title=\"\">\r\n\t\t\t\t<span>Difusores<\/span>\r\n\t\t\t<\/a>\r\n\t\t<\/li>\r\n\t\t<li>\r\n\t\t\t<a href=\"\/es\/materiales-para-la-fabricacion-de-jabon\/?wmc-currency=EUR\">\r\n\t\t\t\t<img decoding=\"async\" src=\"https:\/\/cosyowl.com\/wp-content\/uploads\/design\/soap-supplies-cat-circle.jpg\" alt=\"Jabones\" title=\"\">\r\n\t\t\t\t<span>Jabones<\/span>\r\n\t\t\t<\/a>\r\n\t\t<\/li>\r\n\t\t<li>\r\n\t\t\t<a href=\"\/es\/productos-de-higiene-corporal\/?wmc-currency=EUR\">\r\n\t\t\t\t<img decoding=\"async\" src=\"https:\/\/cosyowl.com\/wp-content\/uploads\/design\/cosmetic-supplies-cat-circle.jpg\" alt=\"Productos cosm\u00e9ticos\" title=\"\">\r\n\t\t\t\t<span>Productos cosm\u00e9ticos<\/span>\r\n\t\t\t<\/a>\r\n\t\t<\/li>\r\n\t\t<li>\r\n\t\t\t<a href=\"\/es\/kits-de-manualidades\/?wmc-currency=EUR\">\r\n\t\t\t\t<img decoding=\"async\" src=\"https:\/\/cosyowl.com\/wp-content\/uploads\/design\/kits-cat-circle.jpg\" alt=\"Kits de manualidades\" title=\"\">\r\n\t\t\t\t<span>Kits de manualidades<\/span>\r\n\t\t\t<\/a>\r\n\t\t<\/li>\r\n\t\t<li>\r\n\t\t\t<a href=\"\/es\/paquetes\/?wmc-currency=EUR\">\r\n\t\t\t\t<img decoding=\"async\" src=\"https:\/\/cosyowl.com\/wp-content\/uploads\/design\/bundles-cat-circle.jpg\" alt=\"Paquetes de artesan\u00eda\" title=\"\">\r\n\t\t\t\t<span>Paquetes de artesan\u00eda<\/span>\r\n\t\t\t<\/a>\r\n\t\t<\/li>\r\n\t<\/ul>\r\n<\/div>\r\n\r\n\r\n<h2>Reg\u00edstrese hoy mismo para obtener una cuenta de mayorista.<\/h2>\r\n\r\n<div class=\"section-button\">\r\n\t<a href=\"\/es\/cuenta\/?wmc-currency=EUR\">Reg\u00edstrese ahora<\/a>\r\n<\/div>\r\n\r\n<div class=\"section-gallery\">\r\n\t<ul>\r\n\t\t<li>\r\n\t\t\t<img decoding=\"async\" src=\"https:\/\/cosyowl.com\/wp-content\/uploads\/2023\/10\/1.png\" alt=\"Fragancias\" title=\"\">\r\n\t\t<\/li>\r\n\t\t<li>\r\n\t\t\t<img decoding=\"async\" src=\"https:\/\/cosyowl.com\/wp-content\/uploads\/2023\/10\/3-1.png\" alt=\"Suministros para velas\" title=\"\">\r\n\t\t<\/li>\r\n\t\t<li>\r\n\t\t\t<img decoding=\"async\" src=\"https:\/\/cosyowl.com\/wp-content\/uploads\/2023\/10\/5.png\" alt=\"Suministros para velas\" title=\"\">\r\n\t\t<\/li>\t\r\n\t\t<li>\r\n\t\t\t<img decoding=\"async\" src=\"https:\/\/cosyowl.com\/wp-content\/uploads\/2023\/10\/4.png\" alt=\"Fragancias\" title=\"\">\r\n\t\t<\/li>\r\n\t\t<li>\r\n\t\t\t<img decoding=\"async\" src=\"https:\/\/cosyowl.com\/wp-content\/uploads\/2023\/10\/2-1.png\" alt=\"Suministros para velas\" title=\"\">\r\n\t\t<\/li>\r\n\t\t<li>\r\n\t\t\t<img decoding=\"async\" src=\"https:\/\/cosyowl.com\/wp-content\/uploads\/2023\/10\/7.png\" alt=\"Suministros para velas\" title=\"\">\r\n\t\t<\/li>\r\n\t<\/ul>\r\n<\/div>","protected":false},"excerpt":{"rendered":"<p>If you are thinking about trialling a new wholesale supplier of candle making goods, there are many good reasons to give Cosy Owl a try. Discover for yourself why thousands of customers each year switch to Cosy Owl as their preferred wholesaler of candle making materials. 7 Reason&#8217;s to try Cosy Owl 1) We offer [&hellip;]<\/p>\n","protected":false},"author":111220,"featured_media":0,"parent":0,"menu_order":0,"comment_status":"closed","ping_status":"closed","template":"template-fullwidth.php","meta":{"_acf_changed":false,"footnotes":""},"class_list":["post-66431","page","type-page","status-publish","hentry"],"acf":[],"_links":{"self":[{"href":"https:\/\/cosyowl.com\/es\/wp-json\/wp\/v2\/pages\/66431","targetHints":{"allow":["GET"]}}],"collection":[{"href":"https:\/\/cosyowl.com\/es\/wp-json\/wp\/v2\/pages"}],"about":[{"href":"https:\/\/cosyowl.com\/es\/wp-json\/wp\/v2\/types\/page"}],"author":[{"embeddable":true,"href":"https:\/\/cosyowl.com\/es\/wp-json\/wp\/v2\/users\/111220"}],"replies":[{"embeddable":true,"href":"https:\/\/cosyowl.com\/es\/wp-json\/wp\/v2\/comments?post=66431"}],"version-history":[{"count":0,"href":"https:\/\/cosyowl.com\/es\/wp-json\/wp\/v2\/pages\/66431\/revisions"}],"wp:attachment":[{"href":"https:\/\/cosyowl.com\/es\/wp-json\/wp\/v2\/media?parent=66431"}],"curies":[{"name":"wp","href":"https:\/\/api.w.org\/{rel}","templated":true}]}}